{"id":3,"date":"2022-11-17T08:45:19","date_gmt":"2022-11-17T08:45:19","guid":{"rendered":"https:\/\/www.marodadesign.es\/miralles\/?page_id=3"},"modified":"2023-05-04T17:09:43","modified_gmt":"2023-05-04T15:09:43","slug":"politica-privacidad","status":"publish","type":"page","link":"https:\/\/www.marodadesign.es\/miralles\/politica-privacidad\/","title":{"rendered":"Pol\u00edtica de privacidad"},"content":{"rendered":"[vc_row type=\u00bbin_container\u00bb full_screen_row_position=\u00bbmiddle\u00bb column_margin=\u00bbdefault\u00bb column_direction=\u00bbdefault\u00bb column_direction_tablet=\u00bbdefault\u00bb column_direction_phone=\u00bbdefault\u00bb scene_position=\u00bbcenter\u00bb top_margin=\u00bb70&#8243; bottom_margin=\u00bb70&#8243; text_color=\u00bbdark\u00bb text_align=\u00bbleft\u00bb row_border_radius=\u00bbnone\u00bb row_border_radius_applies=\u00bbbg\u00bb overflow=\u00bbvisible\u00bb overlay_strength=\u00bb0.3&#8243; gradient_direction=\u00bbleft_to_right\u00bb shape_divider_position=\u00bbbottom\u00bb bg_image_animation=\u00bbnone\u00bb gradient_type=\u00bbdefault\u00bb shape_type=\u00bb\u00bb][vc_column column_padding=\u00bbno-extra-padding\u00bb column_padding_tablet=\u00bbinherit\u00bb column_padding_phone=\u00bbinherit\u00bb column_padding_position=\u00bball\u00bb column_element_direction_desktop=\u00bbdefault\u00bb column_element_spacing=\u00bbdefault\u00bb desktop_text_alignment=\u00bbdefault\u00bb tablet_text_alignment=\u00bbdefault\u00bb phone_text_alignment=\u00bbdefault\u00bb background_color_opacity=\u00bb1&#8243; background_hover_color_opacity=\u00bb1&#8243; column_backdrop_filter=\u00bbnone\u00bb column_shadow=\u00bbnone\u00bb column_border_radius=\u00bbnone\u00bb column_link_target=\u00bb_self\u00bb column_position=\u00bbdefault\u00bb gradient_direction=\u00bbleft_to_right\u00bb overlay_strength=\u00bb0.3&#8243; width=\u00bb1\/1&#8243; tablet_width_inherit=\u00bbdefault\u00bb animation_type=\u00bbdefault\u00bb bg_image_animation=\u00bbnone\u00bb border_type=\u00bbsimple\u00bb column_border_width=\u00bbnone\u00bb column_border_style=\u00bbsolid\u00bb][vc_column_text]\r\n<p style=\"font-weight: 400;\">La visita a este sitio Web no implica que el usuario est\u00e9 obligado a facilitar ninguna informaci\u00f3n. En el caso de que el usuario facilite alguna informaci\u00f3n de car\u00e1cter personal, los datos recogidos en este sitio web ser\u00e1n tratados de forma leal y l\u00edcita con sujeci\u00f3n en todo momento a los principios y derechos recogidos en el Reglamento (UE) 2016\/679, de 27 de abril, General de Protecci\u00f3n de Datos (RGPD) y dem\u00e1s normativa aplicable.<\/p>\r\n<p style=\"font-weight: 400;\">En cumplimiento de lo dispuesto en el art\u00edculo 13 del RGPD te informamos de lo siguiente:<\/p>\r\n<p style=\"font-weight: 400;\">Responsable<\/p>\r\n<p style=\"font-weight: 400;\">GUILLERMO CABRERA S.L. (en adelante, ELEVEN VALENCIA)<\/p>\r\n<p style=\"font-weight: 400;\">Domicilio Social: C\/ Barcelonina 3, 46001 Valencia \u2013 Espa\u00f1a<\/p>\r\n<p style=\"font-weight: 400;\">NIF\/CIF: B &#8211; 46297990<\/p>\r\n<p style=\"font-weight: 400;\">Tel\u00e9fono: 963 518 679<\/p>\r\n<p style=\"font-weight: 400;\">\u00bfQu\u00e9 hacemos con tus datos?<\/p>\r\n<p style=\"font-weight: 400;\">&#8211; Apartado\u00a0<strong style=\"font-weight: 600;\">\u00abNuevo Cliente\u00bb<\/strong><br \/>La principal finalidad de dicho tratamiento es la gesti\u00f3n de los usuarios registrados en nuestra web, as\u00ed como el env\u00edo de publicidad relativa a los productos y servicios comercializados por ELEVEN VALENCIA o para el env\u00edo de publicidad, descuentos y promociones de productos y servicios de otras entidades.<br \/>ELEVEN VALENCIA asegura la confidencialidad de los datos aportados y garantiza que, en ning\u00fan caso, ser\u00e1n cedidos para ning\u00fan otro uso sin mediar consentimiento previo y expreso de nuestros usuarios. S\u00f3lo le pediremos aquellos datos necesarios para la prestaci\u00f3n del servicio requerido y \u00fanicamente ser\u00e1n empleados para este fin.<\/p>\r\n<p style=\"font-weight: 400;\">&#8211; Apartado\u00a0<strong style=\"font-weight: 600;\">\u00abRealizar Compra\u00bb<\/strong><br \/>La principal finalidad de dicho tratamiento es mantener la relaci\u00f3n contractual con nuestros clientes, facilitar la tramitaci\u00f3n de los pedidos, la realizaci\u00f3n de estudios estad\u00edsticos, as\u00ed como el env\u00edo de publicidad relativa a los productos y servicios comercializados por ELEVEN VALENCIA o para el env\u00edo de publicidad, descuentos y promociones de productos y servicios de otras entidades.<\/p>\r\n<p style=\"font-weight: 400;\">&#8211; Apartado\u00a0<strong style=\"font-weight: 600;\">\u00abNewsletter\u00bb<\/strong><br \/>El e-mail facilitado ser\u00e1 objeto de tratamiento por parte de ELEVEN VALENCIA con la finalidad de enviar el bolet\u00edn de ofertas. Este Bolet\u00edn tiene car\u00e1cter exclusivamente informativo.<\/p>\r\n<p style=\"font-weight: 400;\">&#8211;\u00a0<strong style=\"font-weight: 600;\">Acciones de Marketing<\/strong>.<br \/>ELEVEN VALENCIA podr\u00e1 utilizar dichos datos para informar sobre futuras promociones, ofertas y otras acciones comerciales en los casos en los que Vd. sea ya cliente o si no lo es, cuando Vd. nos haya proporcionado su consentimiento en el correspondiente apartado.<\/p>\r\n<p style=\"font-weight: 400;\">&#8211; Apartado\u00a0<strong style=\"font-weight: 600;\">\u00abFormulario de Contacto y Chat de NOMBRE EMPRESA \u00ab<\/strong><br \/>Recogeremos datos con el fin de gestionar tus dudas e informaciones sobre ELEVEN VALENCIA.<\/p>\r\n<p style=\"font-weight: 400;\">Base jur\u00eddica de los tratamientos<\/p>\r\n<p style=\"font-weight: 400;\">Para el registro, compra y la gesti\u00f3n de las garant\u00edas basaremos el tratamiento de los datos en la ejecuci\u00f3n del contrato de compra o en el marco de la relaci\u00f3n precontractual.<\/p>\r\n<p style=\"font-weight: 400;\">Para el env\u00edo de informaci\u00f3n comercial basaremos el tratamiento en su consentimiento, aunque si Vd. ya es cliente podremos enviarle informaci\u00f3n sobre productos similares proporcion\u00e1ndole siempre un medio sencillo y gratuito para darse de baja.<\/p>\r\n<p style=\"font-weight: 400;\">El consentimiento aqu\u00ed prestado por el Titular para comunicaci\u00f3n de datos a terceros tiene car\u00e1cter revocable en todo momento, sin efectos retroactivos.<\/p>\r\n<p style=\"font-weight: 400;\">Destinatarios<\/p>\r\n<p style=\"font-weight: 400;\">Con motivo de la compra sus datos pueden ser comunicados a los siguientes destinatarios:<\/p>\r\n<ul style=\"font-weight: 400;\">\r\n<li>Entidades bancarias para el pago las compras mediante tarjeta.<\/li>\r\n<li>A la Oficina de consumidores y usuarios en caso de existir alguna reclamaci\u00f3n.<\/li>\r\n<li>A los fabricantes, Servicios t\u00e9cnicos y\/o mayoristas en el caso de garant\u00edas o reparaciones. A aquellas empresas transportistas que puedan tener encargado el env\u00edo a los clientes de los pedidos correspondientes. Estos destinatarios pueden estar ubicados dentro del territorio espa\u00f1ol como en fuera del mismo, en funci\u00f3n del producto y\/o servicio adquirido.<\/li>\r\n<li>Empresas encargadas de la gesti\u00f3n del marketing de la p\u00e1gina web alananitanana.com<\/li>\r\n<li>En los supuestos legalmente establecidos, como es el caso de las Fuerzas y Cuerpos de Seguridad.<\/li>\r\n<li>A las administraciones p\u00fablicas a las que tengamos que facilitar informaci\u00f3n con motivo del cumplimiento de nuestras obligaciones legales.<\/li>\r\n<\/ul>\r\n<p style=\"font-weight: 400;\">Para el env\u00edo de newsletters o boletines de noticias es posible que utilicemos dos herramientas: Mailchimp, que pertenece a la compa\u00f1\u00eda estadounidense The Rocket Science Group, LLC; y SendinBlue que pertenece a la compa\u00f1\u00eda francesa SendinBlue SAS. Por lo tanto, estar\u00edamos ante una transferencia internacional de sus datos para prestar \u00fanicamente este servicio. Puedes encontrar informaci\u00f3n sobre estas compa\u00f1\u00edas y su pol\u00edtica de privacidad en\u00a0<a href=\"https:\/\/es.sendinblue.com\/legal\/privacypolicy\/\">SendinBlue<\/a>\u00a0y\u00a0<a href=\"https:\/\/mailchimp.com\/legal\/privacy\/\">Mailchimp<\/a>.<\/p>\r\n<p style=\"font-weight: 400;\">En su condici\u00f3n de cliente activo de miralles-src.addisnetwork.es, usted recibir\u00e1 por correo electr\u00f3nico de forma peri\u00f3dica recomendaciones de productos, con independencia de si se ha suscrito a nuestra Newsletter. De esta forma queremos proporcionarle informaci\u00f3n sobre los productos de nuestro cat\u00e1logo que pensamos que podr\u00edan interesarle seg\u00fan sus \u00faltimas compras realizadas.<\/p>\r\n<p style=\"font-weight: 400;\">Obviamente, usted puede darse de baja de nuestra Newsletter en cualquier momento mediante el mecanismo de cancelaci\u00f3n de suscripci\u00f3n que se incluye en todos los correos electr\u00f3nicos enviados por miralles-src.addisnetwork.es, y especific\u00e1ndolo a trav\u00e9s del correo hello@miralles-src.addisnetwork.es<\/p>\r\n<p style=\"font-weight: 400;\">Derechos de los interesados<\/p>\r\n<p style=\"font-weight: 400;\">El interesado tiene los siguientes derechos:<\/p>\r\n<ul style=\"font-weight: 400;\">\r\n<li>Podr\u00e1 solicitar informaci\u00f3n sobre los datos de car\u00e1cter personal almacenados que le conciernan (acceso)<\/li>\r\n<li>Podr\u00e1 solicitar que se corrija la inexactitud de sus datos personales. (rectificaci\u00f3n)<\/li>\r\n<li>Podr\u00e1 solicitar la eliminaci\u00f3n o limitaci\u00f3n del tratamiento de sus datos personales y (supresi\u00f3n y limitaci\u00f3n)<\/li>\r\n<li>Tambi\u00e9n podr\u00e1 solicitar que se le pongan a disposici\u00f3n sus datos personales en un formato estructurado, corriente y de lectura mec\u00e1nica.(portabilidad)<\/li>\r\n<\/ul>\r\n<p style=\"font-weight: 400;\">Para ello deber\u00e1 dirigirse por escrito adjuntando una copia del DNI o documento que le identifique a trav\u00e9s de nuestro formulario o al correo electr\u00f3nico contact@miralles-src.addisnetwork.es.<\/p>\r\n<p style=\"font-weight: 400;\">El interesado tambi\u00e9n tiene derecho a presentar una reclamaci\u00f3n ante las autoridades de protecci\u00f3n de datos (Agencia Espa\u00f1ola de Protecci\u00f3n de Datos). No obstante, cualquier cuesti\u00f3n relacionada con los datos le invitamos a contactar con nosotros para solucionarla.<\/p>\r\n<p style=\"font-weight: 400;\">Delegado de protecci\u00f3n de datos<\/p>\r\n<p style=\"font-weight: 400;\">Hemos designado un delegado de protecci\u00f3n de datos (DPO) para cualquier cuesti\u00f3n relacionada con sus datos personales. Puede contactar con \u00e9l a trav\u00e9s de la direcci\u00f3n contact@miralles-src.addisnetwork.es<\/p>\r\n<p style=\"font-weight: 400;\">Calidad de los datos<\/p>\r\n<p style=\"font-weight: 400;\">Los usuarios deber\u00e1n garantizar la veracidad, exactitud, autenticidad y vigencia de los datos de car\u00e1cter personal que les hayan sido recogidos.<\/p>\r\n<p style=\"font-weight: 400;\">Protecci\u00f3n de los menores<\/p>\r\n<p style=\"font-weight: 400;\">No recogemos datos personales de menores. Es responsabilidad del padre\/madre\/tutor legal velar por para la privacidad de los menores, haciendo todo lo posible para asegurar que han autorizado la recogida y el uso de los datos personales del menor.<\/p>\r\n<p style=\"font-weight: 400;\">Redes Sociales<\/p>\r\n<p style=\"font-weight: 400;\">A trav\u00e9s de nuestra p\u00e1gina web puede acceder a las redes sociales Facebook, Twitter, Instagram o Youtube de acceso abierto a todos los usuarios. Se trata de sitios web donde el usuario puede registrase y seguirnos gratuitamente. En estas redes sociales los usuarios podr\u00e1n conocer de nuestras actividades, opiniones, acceder a las fotos y v\u00eddeos. Los usuarios de estas redes sociales deben ser conscientes de que este lugar es independiente de la web www.miralles-src.addisnetwork.es y est\u00e1 abierto, es decir, es visible para todos sus usuarios, y las pol\u00edticas de privacidad a aplicar a estos contenidos son las fijadas por Facebook, Twitter, Instagram o Youtube. ELEVEN VALENCIA no es titular de las redes sociales.<\/p>\r\n[\/vc_column_text][\/vc_column][\/vc_row]","protected":false},"excerpt":{"rendered":"<p>[vc_row type=\u00bbin_container\u00bb full_screen_row_position=\u00bbmiddle\u00bb column_margin=\u00bbdefault\u00bb column_direction=\u00bbdefault\u00bb column_direction_tablet=\u00bbdefault\u00bb column_direction_phone=\u00bbdefault\u00bb scene_position=\u00bbcenter\u00bb top_margin=\u00bb70&#8243; bottom_margin=\u00bb70&#8243; text_color=\u00bbdark\u00bb text_align=\u00bbleft\u00bb row_border_radius=\u00bbnone\u00bb row_border_radius_applies=\u00bbbg\u00bb overflow=\u00bbvisible\u00bb overlay_strength=\u00bb0.3&#8243; gradient_direction=\u00bbleft_to_right\u00bb shape_divider_position=\u00bbbottom\u00bb bg_image_animation=\u00bbnone\u00bb gradient_type=\u00bbdefault\u00bb shape_type=\u00bb\u00bb][vc_column column_padding=\u00bbno-extra-padding\u00bb column_padding_tablet=\u00bbinherit\u00bb column_padding_phone=\u00bbinherit\u00bb column_padding_position=\u00bball\u00bb&#8230;<\/p>\n","protected":false},"author":1,"featured_media":0,"parent":0,"menu_order":0,"comment_status":"closed","ping_status":"closed","template":"","meta":{"footnotes":""},"class_list":["post-3","page","type-page","status-publish"],"yoast_head":"<!-- This site is optimized with the Yoast SEO plugin v27.5 - https:\/\/yoast.com\/product\/yoast-seo-wordpress\/ -->\n<title>Pol\u00edtica de privacidad - ELEVEN<\/title>\n<meta name=\"robots\" content=\"noindex, follow, max-snippet:-1, max-image-preview:large, max-video-preview:-1\" \/>\n<meta property=\"og:locale\" content=\"es_ES\" \/>\n<meta property=\"og:type\" content=\"article\" \/>\n<meta property=\"og:title\" content=\"Pol\u00edtica de privacidad - ELEVEN\" \/>\n<meta property=\"og:description\" content=\"[vc_row type=\u00bbin_container\u00bb full_screen_row_position=\u00bbmiddle\u00bb column_margin=\u00bbdefault\u00bb column_direction=\u00bbdefault\u00bb column_direction_tablet=\u00bbdefault\u00bb column_direction_phone=\u00bbdefault\u00bb scene_position=\u00bbcenter\u00bb top_margin=\u00bb70&#8243; bottom_margin=\u00bb70&#8243; text_color=\u00bbdark\u00bb text_align=\u00bbleft\u00bb row_border_radius=\u00bbnone\u00bb row_border_radius_applies=\u00bbbg\u00bb overflow=\u00bbvisible\u00bb overlay_strength=\u00bb0.3&#8243; gradient_direction=\u00bbleft_to_right\u00bb shape_divider_position=\u00bbbottom\u00bb bg_image_animation=\u00bbnone\u00bb gradient_type=\u00bbdefault\u00bb shape_type=\u00bb\u00bb][vc_column column_padding=\u00bbno-extra-padding\u00bb column_padding_tablet=\u00bbinherit\u00bb column_padding_phone=\u00bbinherit\u00bb column_padding_position=\u00bball\u00bb...\" \/>\n<meta property=\"og:url\" content=\"https:\/\/www.marodadesign.es\/miralles\/politica-privacidad\/\" \/>\n<meta property=\"og:site_name\" content=\"ELEVEN\" \/>\n<meta property=\"article:modified_time\" content=\"2023-05-04T15:09:43+00:00\" \/>\n<meta name=\"twitter:card\" content=\"summary_large_image\" \/>\n<meta name=\"twitter:label1\" content=\"Tiempo de lectura\" \/>\n\t<meta name=\"twitter:data1\" content=\"7 minutos\" \/>\n<script type=\"application\/ld+json\" class=\"yoast-schema-graph\">{\"@context\":\"https:\\\/\\\/schema.org\",\"@graph\":[{\"@type\":\"WebPage\",\"@id\":\"https:\\\/\\\/www.marodadesign.es\\\/miralles\\\/politica-privacidad\\\/\",\"url\":\"https:\\\/\\\/www.marodadesign.es\\\/miralles\\\/politica-privacidad\\\/\",\"name\":\"Pol\u00edtica de privacidad - ELEVEN\",\"isPartOf\":{\"@id\":\"https:\\\/\\\/www.marodadesign.es\\\/miralles\\\/#website\"},\"datePublished\":\"2022-11-17T08:45:19+00:00\",\"dateModified\":\"2023-05-04T15:09:43+00:00\",\"breadcrumb\":{\"@id\":\"https:\\\/\\\/www.marodadesign.es\\\/miralles\\\/politica-privacidad\\\/#breadcrumb\"},\"inLanguage\":\"es\",\"potentialAction\":[{\"@type\":\"ReadAction\",\"target\":[\"https:\\\/\\\/www.marodadesign.es\\\/miralles\\\/politica-privacidad\\\/\"]}]},{\"@type\":\"BreadcrumbList\",\"@id\":\"https:\\\/\\\/www.marodadesign.es\\\/miralles\\\/politica-privacidad\\\/#breadcrumb\",\"itemListElement\":[{\"@type\":\"ListItem\",\"position\":1,\"name\":\"Portada\",\"item\":\"https:\\\/\\\/www.marodadesign.es\\\/miralles\\\/\"},{\"@type\":\"ListItem\",\"position\":2,\"name\":\"Pol\u00edtica de privacidad\"}]},{\"@type\":\"WebSite\",\"@id\":\"https:\\\/\\\/www.marodadesign.es\\\/miralles\\\/#website\",\"url\":\"https:\\\/\\\/www.marodadesign.es\\\/miralles\\\/\",\"name\":\"ELEVEN\",\"description\":\"Moda para hombre en Valencia\",\"publisher\":{\"@id\":\"https:\\\/\\\/www.marodadesign.es\\\/miralles\\\/#organization\"},\"potentialAction\":[{\"@type\":\"SearchAction\",\"target\":{\"@type\":\"EntryPoint\",\"urlTemplate\":\"https:\\\/\\\/www.marodadesign.es\\\/miralles\\\/?s={search_term_string}\"},\"query-input\":{\"@type\":\"PropertyValueSpecification\",\"valueRequired\":true,\"valueName\":\"search_term_string\"}}],\"inLanguage\":\"es\"},{\"@type\":\"Organization\",\"@id\":\"https:\\\/\\\/www.marodadesign.es\\\/miralles\\\/#organization\",\"name\":\"Eleven Valencia\",\"alternateName\":\"Eleven\",\"url\":\"https:\\\/\\\/www.marodadesign.es\\\/miralles\\\/\",\"logo\":{\"@type\":\"ImageObject\",\"inLanguage\":\"es\",\"@id\":\"https:\\\/\\\/www.marodadesign.es\\\/miralles\\\/#\\\/schema\\\/logo\\\/image\\\/\",\"url\":\"https:\\\/\\\/www.marodadesign.es\\\/miralles\\\/wp-content\\\/uploads\\\/2023\\\/05\\\/Simbolo-Eleven-Valencia.jpg\",\"contentUrl\":\"https:\\\/\\\/www.marodadesign.es\\\/miralles\\\/wp-content\\\/uploads\\\/2023\\\/05\\\/Simbolo-Eleven-Valencia.jpg\",\"width\":600,\"height\":600,\"caption\":\"Eleven Valencia\"},\"image\":{\"@id\":\"https:\\\/\\\/www.marodadesign.es\\\/miralles\\\/#\\\/schema\\\/logo\\\/image\\\/\"}}]}<\/script>\n<!-- \/ Yoast SEO plugin. -->","yoast_head_json":{"title":"Pol\u00edtica de privacidad - ELEVEN","robots":{"index":"noindex","follow":"follow","max-snippet":"max-snippet:-1","max-image-preview":"max-image-preview:large","max-video-preview":"max-video-preview:-1"},"og_locale":"es_ES","og_type":"article","og_title":"Pol\u00edtica de privacidad - ELEVEN","og_description":"[vc_row type=\u00bbin_container\u00bb full_screen_row_position=\u00bbmiddle\u00bb column_margin=\u00bbdefault\u00bb column_direction=\u00bbdefault\u00bb column_direction_tablet=\u00bbdefault\u00bb column_direction_phone=\u00bbdefault\u00bb scene_position=\u00bbcenter\u00bb top_margin=\u00bb70&#8243; bottom_margin=\u00bb70&#8243; text_color=\u00bbdark\u00bb text_align=\u00bbleft\u00bb row_border_radius=\u00bbnone\u00bb row_border_radius_applies=\u00bbbg\u00bb overflow=\u00bbvisible\u00bb overlay_strength=\u00bb0.3&#8243; gradient_direction=\u00bbleft_to_right\u00bb shape_divider_position=\u00bbbottom\u00bb bg_image_animation=\u00bbnone\u00bb gradient_type=\u00bbdefault\u00bb shape_type=\u00bb\u00bb][vc_column column_padding=\u00bbno-extra-padding\u00bb column_padding_tablet=\u00bbinherit\u00bb column_padding_phone=\u00bbinherit\u00bb column_padding_position=\u00bball\u00bb...","og_url":"https:\/\/www.marodadesign.es\/miralles\/politica-privacidad\/","og_site_name":"ELEVEN","article_modified_time":"2023-05-04T15:09:43+00:00","twitter_card":"summary_large_image","twitter_misc":{"Tiempo de lectura":"7 minutos"},"schema":{"@context":"https:\/\/schema.org","@graph":[{"@type":"WebPage","@id":"https:\/\/www.marodadesign.es\/miralles\/politica-privacidad\/","url":"https:\/\/www.marodadesign.es\/miralles\/politica-privacidad\/","name":"Pol\u00edtica de privacidad - ELEVEN","isPartOf":{"@id":"https:\/\/www.marodadesign.es\/miralles\/#website"},"datePublished":"2022-11-17T08:45:19+00:00","dateModified":"2023-05-04T15:09:43+00:00","breadcrumb":{"@id":"https:\/\/www.marodadesign.es\/miralles\/politica-privacidad\/#breadcrumb"},"inLanguage":"es","potentialAction":[{"@type":"ReadAction","target":["https:\/\/www.marodadesign.es\/miralles\/politica-privacidad\/"]}]},{"@type":"BreadcrumbList","@id":"https:\/\/www.marodadesign.es\/miralles\/politica-privacidad\/#breadcrumb","itemListElement":[{"@type":"ListItem","position":1,"name":"Portada","item":"https:\/\/www.marodadesign.es\/miralles\/"},{"@type":"ListItem","position":2,"name":"Pol\u00edtica de privacidad"}]},{"@type":"WebSite","@id":"https:\/\/www.marodadesign.es\/miralles\/#website","url":"https:\/\/www.marodadesign.es\/miralles\/","name":"ELEVEN","description":"Moda para hombre en Valencia","publisher":{"@id":"https:\/\/www.marodadesign.es\/miralles\/#organization"},"potentialAction":[{"@type":"SearchAction","target":{"@type":"EntryPoint","urlTemplate":"https:\/\/www.marodadesign.es\/miralles\/?s={search_term_string}"},"query-input":{"@type":"PropertyValueSpecification","valueRequired":true,"valueName":"search_term_string"}}],"inLanguage":"es"},{"@type":"Organization","@id":"https:\/\/www.marodadesign.es\/miralles\/#organization","name":"Eleven Valencia","alternateName":"Eleven","url":"https:\/\/www.marodadesign.es\/miralles\/","logo":{"@type":"ImageObject","inLanguage":"es","@id":"https:\/\/www.marodadesign.es\/miralles\/#\/schema\/logo\/image\/","url":"https:\/\/www.marodadesign.es\/miralles\/wp-content\/uploads\/2023\/05\/Simbolo-Eleven-Valencia.jpg","contentUrl":"https:\/\/www.marodadesign.es\/miralles\/wp-content\/uploads\/2023\/05\/Simbolo-Eleven-Valencia.jpg","width":600,"height":600,"caption":"Eleven Valencia"},"image":{"@id":"https:\/\/www.marodadesign.es\/miralles\/#\/schema\/logo\/image\/"}}]}},"_links":{"self":[{"href":"https:\/\/www.marodadesign.es\/miralles\/wp-json\/wp\/v2\/pages\/3","targetHints":{"allow":["GET"]}}],"collection":[{"href":"https:\/\/www.marodadesign.es\/miralles\/wp-json\/wp\/v2\/pages"}],"about":[{"href":"https:\/\/www.marodadesign.es\/miralles\/wp-json\/wp\/v2\/types\/page"}],"author":[{"embeddable":true,"href":"https:\/\/www.marodadesign.es\/miralles\/wp-json\/wp\/v2\/users\/1"}],"replies":[{"embeddable":true,"href":"https:\/\/www.marodadesign.es\/miralles\/wp-json\/wp\/v2\/comments?post=3"}],"version-history":[{"count":1,"href":"https:\/\/www.marodadesign.es\/miralles\/wp-json\/wp\/v2\/pages\/3\/revisions"}],"predecessor-version":[{"id":4868,"href":"https:\/\/www.marodadesign.es\/miralles\/wp-json\/wp\/v2\/pages\/3\/revisions\/4868"}],"wp:attachment":[{"href":"https:\/\/www.marodadesign.es\/miralles\/wp-json\/wp\/v2\/media?parent=3"}],"curies":[{"name":"wp","href":"https:\/\/api.w.org\/{rel}","templated":true}]}}