{"id":4869,"date":"2023-05-04T17:10:29","date_gmt":"2023-05-04T15:10:29","guid":{"rendered":"https:\/\/www.marodadesign.es\/miralles\/?page_id=4869"},"modified":"2023-05-04T17:14:33","modified_gmt":"2023-05-04T15:14:33","slug":"politica-de-cookies","status":"publish","type":"page","link":"https:\/\/www.marodadesign.es\/miralles\/politica-de-cookies\/","title":{"rendered":"Pol\u00edtica de Cookies"},"content":{"rendered":"[vc_row type=\u00bbin_container\u00bb full_screen_row_position=\u00bbmiddle\u00bb column_margin=\u00bbdefault\u00bb column_direction=\u00bbdefault\u00bb column_direction_tablet=\u00bbdefault\u00bb column_direction_phone=\u00bbdefault\u00bb scene_position=\u00bbcenter\u00bb top_margin=\u00bb70&#8243; bottom_margin=\u00bb70&#8243; text_color=\u00bbdark\u00bb text_align=\u00bbleft\u00bb row_border_radius=\u00bbnone\u00bb row_border_radius_applies=\u00bbbg\u00bb overflow=\u00bbvisible\u00bb overlay_strength=\u00bb0.3&#8243; gradient_direction=\u00bbleft_to_right\u00bb shape_divider_position=\u00bbbottom\u00bb bg_image_animation=\u00bbnone\u00bb gradient_type=\u00bbdefault\u00bb shape_type=\u00bb\u00bb][vc_column column_padding=\u00bbno-extra-padding\u00bb column_padding_tablet=\u00bbinherit\u00bb column_padding_phone=\u00bbinherit\u00bb column_padding_position=\u00bball\u00bb column_element_direction_desktop=\u00bbdefault\u00bb column_element_spacing=\u00bbdefault\u00bb desktop_text_alignment=\u00bbdefault\u00bb tablet_text_alignment=\u00bbdefault\u00bb phone_text_alignment=\u00bbdefault\u00bb background_color_opacity=\u00bb1&#8243; background_hover_color_opacity=\u00bb1&#8243; column_backdrop_filter=\u00bbnone\u00bb column_shadow=\u00bbnone\u00bb column_border_radius=\u00bbnone\u00bb column_link_target=\u00bb_self\u00bb column_position=\u00bbdefault\u00bb gradient_direction=\u00bbleft_to_right\u00bb overlay_strength=\u00bb0.3&#8243; width=\u00bb1\/1&#8243; tablet_width_inherit=\u00bbdefault\u00bb animation_type=\u00bbdefault\u00bb bg_image_animation=\u00bbnone\u00bb border_type=\u00bbsimple\u00bb column_border_width=\u00bbnone\u00bb column_border_style=\u00bbsolid\u00bb][vc_column_text]\n<h3 style=\"font-weight: 600;\"><strong style=\"font-weight: 600;\">1. \u00bfQu\u00e9 son las Cookies?<\/strong><\/h3>\n<p style=\"font-weight: 400;\">La Web\u00a0<a href=\"https:\/\/www.marodadesign.es\/miralles\">https:\/\/www.marodadesign.es\/miralles<\/a> propiedad de GUILLERMO CABRERA S.L. utiliza Cookies. Las Cookies son ficheros enviados a un navegador por medio de un servidor web para registrar las actividades del Usuario en una web determinada. La primera finalidad de las Cookies es la de facilitar al usuario un acceso m\u00e1s r\u00e1pido a los servicios seleccionados. Adem\u00e1s, las Cookies personalizan los servicios que ofrece la Web, facilitando y ofreciendo a cada usuario informaci\u00f3n que es de su inter\u00e9s o que puede ser de su inter\u00e9s, en atenci\u00f3n al uso que realiza de los Servicios.<\/p>\n<p style=\"font-weight: 400;\">La Web utiliza Cookies para personalizar y facilitar al m\u00e1ximo la navegaci\u00f3n del usuario. Las Cookies se asocian \u00fanicamente a un usuario an\u00f3nimo y su ordenador y no proporcionan referencias que permitan deducir datos personales del usuario. El usuario podr\u00e1 configurar su navegador para que notifique y rechace la instalaci\u00f3n las Cookies enviadas por la Web, sin que ello perjudique la posibilidad del usuario de acceder a los contenidos de dicha web. Sin embargo, le hacemos notar que, en todo caso, la calidad de funcionamiento de la p\u00e1gina Web puede disminuir.<\/p>\n<p style=\"font-weight: 400;\">Los usuarios registrados, que se registren o que hayan iniciado sesi\u00f3n, podr\u00e1n beneficiarse de unos servicios m\u00e1s personalizados y orientados a su perfil, gracias a la combinaci\u00f3n de los datos almacenados en las cookies con los datos personales utilizados en el momento de su registro. Dichos usuarios autorizan expresamente el uso de esta informaci\u00f3n con la finalidad indicada, sin perjuicio de su derecho a rechazar o deshabilitar el uso de cookies.<\/p>\n<p style=\"font-weight: 400;\">Asimismo, la Web podr\u00e1 saber todos los servicios solicitados por los usuarios, de forma que podr\u00e1n facilitar u ofrecer informaci\u00f3n adecuada a los gustos y preferencias de cada usuario.<\/p>\n<h3 style=\"font-weight: 600;\"><strong style=\"font-weight: 600;\">2. \u00bfQu\u00e9 tipo de Cookies existen?<\/strong><\/h3>\n<p style=\"font-weight: 400;\">Las Cookies, en funci\u00f3n de su\u00a0<strong style=\"font-weight: 600;\">Permanencia<\/strong>, pueden dividirse en:<\/p>\n<ul style=\"font-weight: 400;\">\n<li>\u00a0\u00a0\u201c<strong style=\"font-weight: 600;\">Cookies de sesi\u00f3n<\/strong>\u201d: Las primeras expiran cuando el usuario cierra el navegador.<\/li>\n<\/ul>\n<ul style=\"font-weight: 400;\">\n<li>\u00a0\u00a0<strong style=\"font-weight: 600;\">\u201cCookies persistentes<\/strong>\u201d. Las segundas expiran en funci\u00f3n de cuando se cumpla el objetivo para el que sirven (por ejemplo, para que el usuario se mantenga identificado en los Servicios) o bien cuando se borran manualmente.<\/li>\n<\/ul>\n<p style=\"font-weight: 400;\">Adicionalmente, en funci\u00f3n de su<strong style=\"font-weight: 600;\">\u00a0Objetivo<\/strong>, las Cookies pueden clasificarse de la siguiente forma:<\/p>\n<ul style=\"font-weight: 400;\">\n<li>\u00a0\u00a0<em><strong style=\"font-weight: 600;\">Cookies\u00a0<\/strong><\/em><strong style=\"font-weight: 600;\">de rendimiento:<\/strong>\u00a0Este tipo de Cookie recuerda sus preferencias para las herramientas que se encuentran en los servicios, por lo que no tiene que volver a configurar el servicio cada vez que usted visita.<\/li>\n<\/ul>\n<ul style=\"font-weight: 400;\">\n<li>\u00a0\u00a0<em><strong style=\"font-weight: 600;\">Cookies\u00a0<\/strong><\/em><strong style=\"font-weight: 600;\">de geo-localizaci\u00f3n<\/strong><em><strong style=\"font-weight: 600;\">:<\/strong><\/em>\u00a0Estas Cookies son utilizadas para averiguar en qu\u00e9 pa\u00eds se encuentra cuando se solicita un servicio. Esta Cookie es totalmente an\u00f3nima, y s\u00f3lo se utiliza para ayudar a orientar el contenido a su ubicaci\u00f3n.<\/li>\n<\/ul>\n<ul style=\"font-weight: 400;\">\n<li>\u00a0<em><strong style=\"font-weight: 600;\">Cookies\u00a0<\/strong><\/em><strong style=\"font-weight: 600;\">de registro:<\/strong>\u00a0Las Cookies de registro se generan una vez que el usuario se ha registrado o posteriormente ha abierto su sesi\u00f3n, y se utilizan para identificarle en los servicios con los siguientes objetivos:\n<ul>\n<li>Mantener al usuario identificado de forma que, si cierra un servicio, el navegador o el ordenador y en otro momento u otro d\u00eda vuelve a entrar en dicho servicio, seguir\u00e1 identificado, facilitando as\u00ed su navegaci\u00f3n sin tener que volver a identificarse. Esta funcionalidad se puede suprimir si el usuario pulsa la funcionalidad \u201ccerrar sesi\u00f3n\u201d, de forma que\u00a0esta Cookie se elimina y la pr\u00f3xima vez que entre en el servicio el usuario tendr\u00e1 que iniciar sesi\u00f3n para estar identificado.<\/li>\n<li>Comprobar si el usuario est\u00e1 autorizado para acceder a ciertos servicios, por ejemplo, para participar en un concurso.<\/li>\n<\/ul>\n<\/li>\n<\/ul>\n<ul style=\"font-weight: 400;\">\n<li><em><strong style=\"font-weight: 600;\">Cookies\u00a0<\/strong><\/em><strong style=\"font-weight: 600;\">anal\u00edticas:<\/strong>\u00a0Cada vez que un Usuario visita un servicio, una herramienta de un proveedor externo\u00a0\u00a0genera una Cookie anal\u00edtica en el ordenador del usuario. Esta Cookie que s\u00f3lo se genera en la visita, servir\u00e1 en pr\u00f3ximas visitas a los Servicios de la Web para identificar de forma an\u00f3nima al visitante. Los objetivos principales que se persiguen son:\n<ul>\n<li>Permitir la identificaci\u00f3n an\u00f3nima de los usuarios navegantes a trav\u00e9s de la \u201c<em>Cookie<\/em>\u201d (identifica navegadores y dispositivos, no personas) y por lo tanto la contabilizaci\u00f3n aproximada del n\u00famero de visitantes y su tendencia en el tiempo.<\/li>\n<li>Identificar de forma an\u00f3nima los contenidos m\u00e1s visitados y por lo tanto m\u00e1s atractivos para los usuarios.<\/li>\n<li>Saber si el usuario que est\u00e1 accediendo es nuevo o repite visita.<\/li>\n<li>Importante: Salvo que el usuario decida registrarse en un servicio de la Web<strong style=\"font-weight: 600;\">,<\/strong>\u00a0la \u201c<em>Cookie<\/em>\u201d nunca ir\u00e1 asociada a ning\u00fan dato de car\u00e1cter personal que pueda identificarle. Dichas Cookies s\u00f3lo ser\u00e1n utilizadas con prop\u00f3sitos estad\u00edsticos que ayuden a la optimizaci\u00f3n de la experiencia de los Usuarios en el sitio.<\/li>\n<\/ul>\n<\/li>\n<\/ul>\n<ul style=\"font-weight: 400;\">\n<li><em><strong style=\"font-weight: 600;\">Cookies\u00a0<\/strong><\/em><strong style=\"font-weight: 600;\">de publicidad comportamental<\/strong>: Este tipo de \u201c<em>Cookies<\/em>\u201d permite ampliar la informaci\u00f3n de los anuncios mostrados a cada usuario an\u00f3nimo en los Servicios de la Web<strong style=\"font-weight: 600;\">.<\/strong>\u00a0Entre otros, se almacena la duraci\u00f3n o frecuencia de visualizaci\u00f3n de posiciones publicitarias, la interacci\u00f3n con las mismas, o los patrones de navegaci\u00f3n y\/o compartimientos del usuario ya que ayudan a conformar un perfil de inter\u00e9s publicitario. De este modo, permiten ofrecer publicidad af\u00edn a los intereses del usuario.<\/li>\n<\/ul>\n<ul style=\"font-weight: 400;\">\n<li><em><strong style=\"font-weight: 600;\">Cookies<\/strong><\/em><strong style=\"font-weight: 600;\">\u00a0publicitarias de terceros:<\/strong>\u00a0Adem\u00e1s de la publicidad gestionada por la Web en sus Servicios, la Web ofrece a sus anunciantes la opci\u00f3n de servir anuncios a trav\u00e9s de terceros (\u201cAdServers\u201d). De este modo, estos terceros pueden almacenar\u00a0<em>Cookies<\/em>\u00a0enviadas desde los Servicios de la Web procedentes de los navegadores de los Usuarios, as\u00ed como acceder a los datos que en ellas se guardan.<\/li>\n<\/ul>\n<h3 style=\"font-weight: 600;\"><strong style=\"font-weight: 600;\">3. \u00bfQu\u00e9 Cookies utilizamos?<\/strong><\/h3>\n<p style=\"font-weight: 400;\">Las cookies que utilizamos en nuestra p\u00e1gina web son:<strong style=\"font-weight: 600;\">\u00a0<\/strong><\/p>\n<p style=\"font-weight: 400;\">&#8211;\u00a0\u00a0<strong style=\"font-weight: 600;\">Propias:<\/strong>\u00a0Son aqu\u00e9llas que se env\u00edan al equipo terminal del usuario desde un equipo o dominio gestionado por el propio editor y desde el que se presta el servicio solicitado por el usuario.<\/p>\n<p style=\"font-weight: 400;\">&#8211;\u00a0\u00a0<strong style=\"font-weight: 600;\">De terceros:\u00a0<\/strong>Son aqu\u00e9llas que se env\u00edan al equipo terminal del usuario desde un equipo o dominio que no es gestionado por el editor, sino por otra entidad que trata los datos obtenidos trav\u00e9s de las cookies.<\/p>\n<ul style=\"font-weight: 400;\">\n<li>Cookies de redes sociales:\u00a0la web utiliza cookies de Facebook, Twitter, Linkedin y Google Plus para que el usuario pueda compartir contenidos de la Web en las citadas redes sociales, o bien para facilitar el registro en la Web, de forma que con los datos de los usuarios han facilitado las redes sociales puedan cumplimentar directamente los campos del formulario de registro en la Web.<\/li>\n<\/ul>\n<ul style=\"font-weight: 400;\">\n<li>Cookies de seguimiento: la web utiliza\u00a0cookies de seguimiento de\u00a0Facebook\u00a0para realizar mediciones de conversiones realizadas a trav\u00e9s de esta red social. Estas cookies se utilizan para hacer un seguimiento de clientes que son usuarios de esas redes sociales a los efectos del an\u00e1lisis de datos de estudios de mercado.\u00a0Tambi\u00e9n se utilizan para mostrarle productos o servicios en los que se ha mostrado interesado.\u00a0<a href=\"https:\/\/www.facebook.com\/policies\/cookies\/\">https:\/\/www.facebook.com\/policies\/cookies<\/a>\/<\/li>\n<\/ul>\n<ul style=\"font-weight: 400;\">\n<li>Cookies para la medici\u00f3n del tr\u00e1fico en los Portales:\u00a0la web utiliza cookies de Google Analitycs para recopilar datos estad\u00edsticos de la actividad de los usuarios en el sitio Web y, de este modo, poder mejorar los servicios prestados a los usuarios. Estas cookies permiten analizar el tr\u00e1fico de usuarios generando un ID de usuario an\u00f3nimo que se utiliza para medir cu\u00e1ntas veces visita el Sitio un usuario. Asimismo, registra cu\u00e1ndo fue la primera y \u00faltima vez que visit\u00f3 la Web, cu\u00e1ndo se ha terminado una sesi\u00f3n y el origen del usuario.\u00a0<a href=\"https:\/\/support.google.com\/analytics\/answer\/6004245?hl=es\">https:\/\/support.google.com\/analytics\/answer\/6004245?hl=es<\/a><\/li>\n<\/ul>\n<ul style=\"font-weight: 400;\">\n<li>Cookies publicitarias:\u00a0la web utiliza cookies almacenadas por terceras empresas que gestionan los espacios que sirven publicidad. Estas cookies permiten medir la efectividad de nuestras campa\u00f1as online, proporcionar informaci\u00f3n de tu inter\u00e9s y ofrecerte contenidos publicitarios de tu preferencia.\u00a0<a href=\"https:\/\/support.google.com\/adsense\/answer\/2839090?hl=es\">https:\/\/support.google.com\/adsense\/answer\/2839090?hl=es<\/a><\/li>\n<\/ul>\n<ul style=\"font-weight: 400;\">\n<li>Cookies t\u00e9cnicas: utilizamos Zopim\u00a0un servicio de chat (de terceros) que nos permite conversar con nuestros clientes en tiempo real. Este instala dos cookies en tu ordenador, \u00e9stas nos sirven para poder prestarte un mejor servicio ya que nos permite recuperar conversaciones anteriores, as\u00ed como recordar tus preferencias (no volver a mostrarte el chat si lo has minimizado). Para m\u00e1s informaci\u00f3n visita\u00a0<a href=\"https:\/\/www.zopim.com\/privacy\">https:\/\/www.zopim.com\/privacy<\/a>.<\/li>\n<\/ul>\n<h3 style=\"font-weight: 600;\"><strong style=\"font-weight: 600;\">4. \u00bfC\u00f3mo deshabilitar las Cookies?\u00a0<\/strong><\/h3>\n<p style=\"font-weight: 400;\">Normalmente es posible dejar de aceptar las Cookies del navegador, o dejar de aceptar las Cookies de un Servicio en particular.<\/p>\n<p style=\"font-weight: 400;\">Todos los navegadores modernos permiten cambiar la configuraci\u00f3n de Cookies. Estos ajustes normalmente se encuentran en las \u00a8opciones\u00a8 o \u00a8preferencias\u00a8 del men\u00fa de su navegador. Asimismo, puede configurar su navegador o su gestor de correo electr\u00f3nico, as\u00ed como instalar complementos gratuitos para evitar que se descarguen los Web\u00a0<em>Bugs<\/em>\u00a0al abrir un email.<\/p>\n<p style=\"font-weight: 400;\">La Web ofrece orientaci\u00f3n al Usuario sobre los pasos para\u00a0 acceder al men\u00fa de configuraci\u00f3n de las\u00a0<em>cookies<\/em>\u00a0y, en su caso, de la navegaci\u00f3n privada en cada uno de los navegadores principales:<\/p>\n<ul style=\"font-weight: 400;\">\n<li>Internet Explorer: Herramientas &#8211; &gt; Opciones de Internet &#8211; &gt; Privacidad &#8211; &gt;\u00a0 Configuraci\u00f3n.\u00a0Para m\u00e1s informaci\u00f3n, puede consultar el soporte de Microsoft o la Ayuda del navegador.<\/li>\n<li>Firefox: Herramientas &#8211; &gt; Opciones &#8211; &gt; Privacidad &#8211; &gt; Historial &#8211; &gt; Configuraci\u00f3n personalizada.<\/li>\n<li>Chrome: Configuraci\u00f3n &#8211; &gt; Mostrar opciones avanzadas &#8211; &gt; Privacidad &#8211; &gt; Configuraci\u00f3n de contenido.<\/li>\n<li>Safari: Preferencias &#8211; &gt; Seguridad.\u00a0Para m\u00e1s informaci\u00f3n, puede consultar el soporte de Apple o la Ayuda del navegador.<\/li>\n<\/ul>\n<h3 style=\"font-weight: 600;\"><strong style=\"font-weight: 600;\">5. Modificaci\u00f3n de la Pol\u00edtica de Cookies<\/strong><\/h3>\n<p style=\"font-weight: 400;\">La Web puede modificar esta Pol\u00edtica de Cookies en funci\u00f3n de las exigencias legislativas, reglamentarias, o con la finalidad de adaptar dicha pol\u00edtica a las instrucciones dictadas por la Agencia Espa\u00f1ola de Protecci\u00f3n de Datos, por ello se aconseja a los usuarios que la visiten peri\u00f3dicamente.<\/p>\n<p style=\"font-weight: 400;\">Cuando se produzcan cambios significativos en esta Pol\u00edtica de Cookies se comunicar\u00e1 al usuario (bien mediante un aviso informativo en la p\u00e1gina web del editor bien a trav\u00e9s de correo electr\u00f3nico para los usuarios registrados).<\/p>\n[\/vc_column_text][\/vc_column][\/vc_row]\n","protected":false},"excerpt":{"rendered":"<p>[vc_row type=\u00bbin_container\u00bb full_screen_row_position=\u00bbmiddle\u00bb column_margin=\u00bbdefault\u00bb column_direction=\u00bbdefault\u00bb column_direction_tablet=\u00bbdefault\u00bb column_direction_phone=\u00bbdefault\u00bb scene_position=\u00bbcenter\u00bb top_margin=\u00bb70&#8243; bottom_margin=\u00bb70&#8243; text_color=\u00bbdark\u00bb text_align=\u00bbleft\u00bb row_border_radius=\u00bbnone\u00bb row_border_radius_applies=\u00bbbg\u00bb overflow=\u00bbvisible\u00bb overlay_strength=\u00bb0.3&#8243; gradient_direction=\u00bbleft_to_right\u00bb shape_divider_position=\u00bbbottom\u00bb bg_image_animation=\u00bbnone\u00bb gradient_type=\u00bbdefault\u00bb shape_type=\u00bb\u00bb][vc_column column_padding=\u00bbno-extra-padding\u00bb column_padding_tablet=\u00bbinherit\u00bb column_padding_phone=\u00bbinherit\u00bb column_padding_position=\u00bball\u00bb&#8230;<\/p>\n","protected":false},"author":1,"featured_media":0,"parent":0,"menu_order":0,"comment_status":"closed","ping_status":"closed","template":"","meta":{"footnotes":""},"class_list":["post-4869","page","type-page","status-publish"],"yoast_head":"<!-- This site is optimized with the Yoast SEO plugin v27.5 - https:\/\/yoast.com\/product\/yoast-seo-wordpress\/ -->\n<title>Pol\u00edtica de Cookies - ELEVEN<\/title>\n<meta name=\"robots\" content=\"noindex, follow, max-snippet:-1, max-image-preview:large, max-video-preview:-1\" \/>\n<meta property=\"og:locale\" content=\"es_ES\" \/>\n<meta property=\"og:type\" content=\"article\" \/>\n<meta property=\"og:title\" content=\"Pol\u00edtica de Cookies - ELEVEN\" \/>\n<meta property=\"og:description\" content=\"[vc_row type=\u00bbin_container\u00bb full_screen_row_position=\u00bbmiddle\u00bb column_margin=\u00bbdefault\u00bb column_direction=\u00bbdefault\u00bb column_direction_tablet=\u00bbdefault\u00bb column_direction_phone=\u00bbdefault\u00bb scene_position=\u00bbcenter\u00bb top_margin=\u00bb70&#8243; bottom_margin=\u00bb70&#8243; text_color=\u00bbdark\u00bb text_align=\u00bbleft\u00bb row_border_radius=\u00bbnone\u00bb row_border_radius_applies=\u00bbbg\u00bb overflow=\u00bbvisible\u00bb overlay_strength=\u00bb0.3&#8243; gradient_direction=\u00bbleft_to_right\u00bb shape_divider_position=\u00bbbottom\u00bb bg_image_animation=\u00bbnone\u00bb gradient_type=\u00bbdefault\u00bb shape_type=\u00bb\u00bb][vc_column column_padding=\u00bbno-extra-padding\u00bb column_padding_tablet=\u00bbinherit\u00bb column_padding_phone=\u00bbinherit\u00bb column_padding_position=\u00bball\u00bb...\" \/>\n<meta property=\"og:url\" content=\"https:\/\/www.marodadesign.es\/miralles\/politica-de-cookies\/\" \/>\n<meta property=\"og:site_name\" content=\"ELEVEN\" \/>\n<meta property=\"article:modified_time\" content=\"2023-05-04T15:14:33+00:00\" \/>\n<meta name=\"twitter:card\" content=\"summary_large_image\" \/>\n<meta name=\"twitter:label1\" content=\"Tiempo de lectura\" \/>\n\t<meta name=\"twitter:data1\" content=\"9 minutos\" \/>\n<script type=\"application\/ld+json\" class=\"yoast-schema-graph\">{\"@context\":\"https:\\\/\\\/schema.org\",\"@graph\":[{\"@type\":\"WebPage\",\"@id\":\"https:\\\/\\\/www.marodadesign.es\\\/miralles\\\/politica-de-cookies\\\/\",\"url\":\"https:\\\/\\\/www.marodadesign.es\\\/miralles\\\/politica-de-cookies\\\/\",\"name\":\"Pol\u00edtica de Cookies - ELEVEN\",\"isPartOf\":{\"@id\":\"https:\\\/\\\/www.marodadesign.es\\\/miralles\\\/#website\"},\"datePublished\":\"2023-05-04T15:10:29+00:00\",\"dateModified\":\"2023-05-04T15:14:33+00:00\",\"breadcrumb\":{\"@id\":\"https:\\\/\\\/www.marodadesign.es\\\/miralles\\\/politica-de-cookies\\\/#breadcrumb\"},\"inLanguage\":\"es\",\"potentialAction\":[{\"@type\":\"ReadAction\",\"target\":[\"https:\\\/\\\/www.marodadesign.es\\\/miralles\\\/politica-de-cookies\\\/\"]}]},{\"@type\":\"BreadcrumbList\",\"@id\":\"https:\\\/\\\/www.marodadesign.es\\\/miralles\\\/politica-de-cookies\\\/#breadcrumb\",\"itemListElement\":[{\"@type\":\"ListItem\",\"position\":1,\"name\":\"Portada\",\"item\":\"https:\\\/\\\/www.marodadesign.es\\\/miralles\\\/\"},{\"@type\":\"ListItem\",\"position\":2,\"name\":\"Pol\u00edtica de Cookies\"}]},{\"@type\":\"WebSite\",\"@id\":\"https:\\\/\\\/www.marodadesign.es\\\/miralles\\\/#website\",\"url\":\"https:\\\/\\\/www.marodadesign.es\\\/miralles\\\/\",\"name\":\"ELEVEN\",\"description\":\"Moda para hombre en Valencia\",\"publisher\":{\"@id\":\"https:\\\/\\\/www.marodadesign.es\\\/miralles\\\/#organization\"},\"potentialAction\":[{\"@type\":\"SearchAction\",\"target\":{\"@type\":\"EntryPoint\",\"urlTemplate\":\"https:\\\/\\\/www.marodadesign.es\\\/miralles\\\/?s={search_term_string}\"},\"query-input\":{\"@type\":\"PropertyValueSpecification\",\"valueRequired\":true,\"valueName\":\"search_term_string\"}}],\"inLanguage\":\"es\"},{\"@type\":\"Organization\",\"@id\":\"https:\\\/\\\/www.marodadesign.es\\\/miralles\\\/#organization\",\"name\":\"Eleven Valencia\",\"alternateName\":\"Eleven\",\"url\":\"https:\\\/\\\/www.marodadesign.es\\\/miralles\\\/\",\"logo\":{\"@type\":\"ImageObject\",\"inLanguage\":\"es\",\"@id\":\"https:\\\/\\\/www.marodadesign.es\\\/miralles\\\/#\\\/schema\\\/logo\\\/image\\\/\",\"url\":\"https:\\\/\\\/www.marodadesign.es\\\/miralles\\\/wp-content\\\/uploads\\\/2023\\\/05\\\/Simbolo-Eleven-Valencia.jpg\",\"contentUrl\":\"https:\\\/\\\/www.marodadesign.es\\\/miralles\\\/wp-content\\\/uploads\\\/2023\\\/05\\\/Simbolo-Eleven-Valencia.jpg\",\"width\":600,\"height\":600,\"caption\":\"Eleven Valencia\"},\"image\":{\"@id\":\"https:\\\/\\\/www.marodadesign.es\\\/miralles\\\/#\\\/schema\\\/logo\\\/image\\\/\"}}]}<\/script>\n<!-- \/ Yoast SEO plugin. -->","yoast_head_json":{"title":"Pol\u00edtica de Cookies - ELEVEN","robots":{"index":"noindex","follow":"follow","max-snippet":"max-snippet:-1","max-image-preview":"max-image-preview:large","max-video-preview":"max-video-preview:-1"},"og_locale":"es_ES","og_type":"article","og_title":"Pol\u00edtica de Cookies - ELEVEN","og_description":"[vc_row type=\u00bbin_container\u00bb full_screen_row_position=\u00bbmiddle\u00bb column_margin=\u00bbdefault\u00bb column_direction=\u00bbdefault\u00bb column_direction_tablet=\u00bbdefault\u00bb column_direction_phone=\u00bbdefault\u00bb scene_position=\u00bbcenter\u00bb top_margin=\u00bb70&#8243; bottom_margin=\u00bb70&#8243; text_color=\u00bbdark\u00bb text_align=\u00bbleft\u00bb row_border_radius=\u00bbnone\u00bb row_border_radius_applies=\u00bbbg\u00bb overflow=\u00bbvisible\u00bb overlay_strength=\u00bb0.3&#8243; gradient_direction=\u00bbleft_to_right\u00bb shape_divider_position=\u00bbbottom\u00bb bg_image_animation=\u00bbnone\u00bb gradient_type=\u00bbdefault\u00bb shape_type=\u00bb\u00bb][vc_column column_padding=\u00bbno-extra-padding\u00bb column_padding_tablet=\u00bbinherit\u00bb column_padding_phone=\u00bbinherit\u00bb column_padding_position=\u00bball\u00bb...","og_url":"https:\/\/www.marodadesign.es\/miralles\/politica-de-cookies\/","og_site_name":"ELEVEN","article_modified_time":"2023-05-04T15:14:33+00:00","twitter_card":"summary_large_image","twitter_misc":{"Tiempo de lectura":"9 minutos"},"schema":{"@context":"https:\/\/schema.org","@graph":[{"@type":"WebPage","@id":"https:\/\/www.marodadesign.es\/miralles\/politica-de-cookies\/","url":"https:\/\/www.marodadesign.es\/miralles\/politica-de-cookies\/","name":"Pol\u00edtica de Cookies - ELEVEN","isPartOf":{"@id":"https:\/\/www.marodadesign.es\/miralles\/#website"},"datePublished":"2023-05-04T15:10:29+00:00","dateModified":"2023-05-04T15:14:33+00:00","breadcrumb":{"@id":"https:\/\/www.marodadesign.es\/miralles\/politica-de-cookies\/#breadcrumb"},"inLanguage":"es","potentialAction":[{"@type":"ReadAction","target":["https:\/\/www.marodadesign.es\/miralles\/politica-de-cookies\/"]}]},{"@type":"BreadcrumbList","@id":"https:\/\/www.marodadesign.es\/miralles\/politica-de-cookies\/#breadcrumb","itemListElement":[{"@type":"ListItem","position":1,"name":"Portada","item":"https:\/\/www.marodadesign.es\/miralles\/"},{"@type":"ListItem","position":2,"name":"Pol\u00edtica de Cookies"}]},{"@type":"WebSite","@id":"https:\/\/www.marodadesign.es\/miralles\/#website","url":"https:\/\/www.marodadesign.es\/miralles\/","name":"ELEVEN","description":"Moda para hombre en Valencia","publisher":{"@id":"https:\/\/www.marodadesign.es\/miralles\/#organization"},"potentialAction":[{"@type":"SearchAction","target":{"@type":"EntryPoint","urlTemplate":"https:\/\/www.marodadesign.es\/miralles\/?s={search_term_string}"},"query-input":{"@type":"PropertyValueSpecification","valueRequired":true,"valueName":"search_term_string"}}],"inLanguage":"es"},{"@type":"Organization","@id":"https:\/\/www.marodadesign.es\/miralles\/#organization","name":"Eleven Valencia","alternateName":"Eleven","url":"https:\/\/www.marodadesign.es\/miralles\/","logo":{"@type":"ImageObject","inLanguage":"es","@id":"https:\/\/www.marodadesign.es\/miralles\/#\/schema\/logo\/image\/","url":"https:\/\/www.marodadesign.es\/miralles\/wp-content\/uploads\/2023\/05\/Simbolo-Eleven-Valencia.jpg","contentUrl":"https:\/\/www.marodadesign.es\/miralles\/wp-content\/uploads\/2023\/05\/Simbolo-Eleven-Valencia.jpg","width":600,"height":600,"caption":"Eleven Valencia"},"image":{"@id":"https:\/\/www.marodadesign.es\/miralles\/#\/schema\/logo\/image\/"}}]}},"_links":{"self":[{"href":"https:\/\/www.marodadesign.es\/miralles\/wp-json\/wp\/v2\/pages\/4869","targetHints":{"allow":["GET"]}}],"collection":[{"href":"https:\/\/www.marodadesign.es\/miralles\/wp-json\/wp\/v2\/pages"}],"about":[{"href":"https:\/\/www.marodadesign.es\/miralles\/wp-json\/wp\/v2\/types\/page"}],"author":[{"embeddable":true,"href":"https:\/\/www.marodadesign.es\/miralles\/wp-json\/wp\/v2\/users\/1"}],"replies":[{"embeddable":true,"href":"https:\/\/www.marodadesign.es\/miralles\/wp-json\/wp\/v2\/comments?post=4869"}],"version-history":[{"count":4,"href":"https:\/\/www.marodadesign.es\/miralles\/wp-json\/wp\/v2\/pages\/4869\/revisions"}],"predecessor-version":[{"id":4873,"href":"https:\/\/www.marodadesign.es\/miralles\/wp-json\/wp\/v2\/pages\/4869\/revisions\/4873"}],"wp:attachment":[{"href":"https:\/\/www.marodadesign.es\/miralles\/wp-json\/wp\/v2\/media?parent=4869"}],"curies":[{"name":"wp","href":"https:\/\/api.w.org\/{rel}","templated":true}]}}