{"id":3128,"date":"2023-03-27T18:53:35","date_gmt":"2023-03-27T18:53:35","guid":{"rendered":"https:\/\/www.marodadesign.es\/miralles\/?post_type=product&#038;p=3128"},"modified":"2023-11-27T13:56:50","modified_gmt":"2023-11-27T12:56:50","slug":"parka-azul-stone-island","status":"publish","type":"product","link":"https:\/\/www.marodadesign.es\/miralles\/producto\/parka-azul-stone-island\/","title":{"rendered":"PARKA AZUL STONE ISLAND"},"content":{"rendered":"<p>MICRO REPS CON TECNOLOG\u00cdA DE AISLAMIENTO <a href=\"https:\/\/primaloft.com\/es\/\" target=\"_blank\" rel=\"noopener\">PRIMALOFT\u00ae<\/a>: Parka azul <a href=\"https:\/\/www.marodadesign.es\/miralles\/marca\/stone-island\/\">Stone Island<\/a> en una especificaci\u00f3n militar de poli\u00e9ster \/ nylon Rep. Los hilos de trama, de di\u00e1metro m\u00e1s delgado en comparaci\u00f3n con los hilos de urdimbre, permiten que la tela se teja firmemente para obtener una tela compacta resistente al viento. La prenda est\u00e1 acolchada con una capa PrimaLoft\u00ae, una mezcla exclusiva de fibras ultrafinas, que proporciona una capacidad aislante excepcional. <a href=\"https:\/\/primaloft.com\/es\/\">PrimaLoft\u00ae<\/a> est\u00e1 desarrollado para mantenerse seco incluso en condiciones h\u00famedas. Ofrece la mayor relaci\u00f3n calor-peso de todos los aislamientos sint\u00e9ticos. Un agente especial rociado sobre el art\u00edculo terminado hace que la pieza sea antica\u00edda, haciendo de la Parka azul de <a href=\"https:\/\/www.marodadesign.es\/miralles\/marca\/stone-island\/\">Stone Island<\/a> un producto indispensable.<\/p>\n","protected":false},"excerpt":{"rendered":"<p>Parka STONE ISLAND en estilo militar de poli\u00e9ster \/ nylon Rep con tecnolog\u00eda de aislamiento PRIMALOFT\u00ae<\/p>\n","protected":false},"featured_media":3391,"template":"","meta":[],"pwb-brand":[165],"product_brand":[],"product_cat":[167,168],"product_tag":[174,176,177,179,180,182,183],"class_list":{"0":"post-3128","1":"product","2":"type-product","3":"status-publish","4":"has-post-thumbnail","6":"pwb-brand-stone-island","7":"product_cat-chaquetas","8":"product_cat-ropa","9":"product_tag-militar","10":"product_tag-nailon","11":"product_tag-negra","12":"product_tag-parka","13":"product_tag-poliester","14":"product_tag-primaloft","15":"product_tag-stone-island","17":"first","18":"instock","19":"sold-individually","20":"taxable","21":"shipping-taxable","22":"purchasable","23":"product-type-variable"},"yoast_head":"<!-- This site is optimized with the Yoast SEO plugin v27.5 - https:\/\/yoast.com\/product\/yoast-seo-wordpress\/ -->\n<title>PARKA AZUL STONE ISLAND - ELEVEN<\/title>\n<meta name=\"description\" content=\"Parka azul Stone Island en una especificaci\u00f3n militar de poli\u00e9ster \/ nylon Rep. La prenda est\u00e1 acolchada con una capa PrimaLoft.\" \/>\n<meta name=\"robots\" content=\"noindex, follow, max-snippet:-1, max-image-preview:large, max-video-preview:-1\" \/>\n<meta property=\"og:locale\" content=\"es_ES\" \/>\n<meta property=\"og:type\" content=\"article\" \/>\n<meta property=\"og:title\" content=\"PARKA AZUL STONE ISLAND - ELEVEN\" \/>\n<meta property=\"og:description\" content=\"Parka azul Stone Island en una especificaci\u00f3n militar de poli\u00e9ster \/ nylon Rep. La prenda est\u00e1 acolchada con una capa PrimaLoft.\" \/>\n<meta property=\"og:url\" content=\"https:\/\/www.marodadesign.es\/miralles\/producto\/parka-azul-stone-island\/\" \/>\n<meta property=\"og:site_name\" content=\"ELEVEN\" \/>\n<meta property=\"article:modified_time\" content=\"2023-11-27T12:56:50+00:00\" \/>\n<meta property=\"og:image\" content=\"https:\/\/www.marodadesign.es\/miralles\/wp-content\/uploads\/2023\/03\/PRIMALOFT-PARKA-NEGRA-STONE-ISLAND-2.jpg\" \/>\n\t<meta property=\"og:image:width\" content=\"1300\" \/>\n\t<meta property=\"og:image:height\" content=\"1300\" \/>\n\t<meta property=\"og:image:type\" content=\"image\/jpeg\" \/>\n<meta name=\"twitter:card\" content=\"summary_large_image\" \/>\n<meta name=\"twitter:label1\" content=\"Tiempo de lectura\" \/>\n\t<meta name=\"twitter:data1\" content=\"1 minuto\" \/>\n<script type=\"application\/ld+json\" class=\"yoast-schema-graph\">{\"@context\":\"https:\\\/\\\/schema.org\",\"@graph\":[{\"@type\":\"WebPage\",\"@id\":\"https:\\\/\\\/www.marodadesign.es\\\/miralles\\\/producto\\\/parka-azul-stone-island\\\/\",\"url\":\"https:\\\/\\\/www.marodadesign.es\\\/miralles\\\/producto\\\/parka-azul-stone-island\\\/\",\"name\":\"PARKA AZUL STONE ISLAND - ELEVEN\",\"isPartOf\":{\"@id\":\"https:\\\/\\\/www.marodadesign.es\\\/miralles\\\/#website\"},\"primaryImageOfPage\":{\"@id\":\"https:\\\/\\\/www.marodadesign.es\\\/miralles\\\/producto\\\/parka-azul-stone-island\\\/#primaryimage\"},\"image\":{\"@id\":\"https:\\\/\\\/www.marodadesign.es\\\/miralles\\\/producto\\\/parka-azul-stone-island\\\/#primaryimage\"},\"thumbnailUrl\":\"https:\\\/\\\/www.marodadesign.es\\\/miralles\\\/wp-content\\\/uploads\\\/2023\\\/03\\\/PRIMALOFT-PARKA-NEGRA-STONE-ISLAND-2.jpg\",\"datePublished\":\"2023-03-27T18:53:35+00:00\",\"dateModified\":\"2023-11-27T12:56:50+00:00\",\"description\":\"Parka azul Stone Island en una especificaci\u00f3n militar de poli\u00e9ster \\\/ nylon Rep. La prenda est\u00e1 acolchada con una capa PrimaLoft.\",\"breadcrumb\":{\"@id\":\"https:\\\/\\\/www.marodadesign.es\\\/miralles\\\/producto\\\/parka-azul-stone-island\\\/#breadcrumb\"},\"inLanguage\":\"es\",\"potentialAction\":[{\"@type\":\"ReadAction\",\"target\":[\"https:\\\/\\\/www.marodadesign.es\\\/miralles\\\/producto\\\/parka-azul-stone-island\\\/\"]}]},{\"@type\":\"ImageObject\",\"inLanguage\":\"es\",\"@id\":\"https:\\\/\\\/www.marodadesign.es\\\/miralles\\\/producto\\\/parka-azul-stone-island\\\/#primaryimage\",\"url\":\"https:\\\/\\\/www.marodadesign.es\\\/miralles\\\/wp-content\\\/uploads\\\/2023\\\/03\\\/PRIMALOFT-PARKA-NEGRA-STONE-ISLAND-2.jpg\",\"contentUrl\":\"https:\\\/\\\/www.marodadesign.es\\\/miralles\\\/wp-content\\\/uploads\\\/2023\\\/03\\\/PRIMALOFT-PARKA-NEGRA-STONE-ISLAND-2.jpg\",\"width\":1300,\"height\":1300,\"caption\":\"PARKA AZUL STONE ISLAND\"},{\"@type\":\"BreadcrumbList\",\"@id\":\"https:\\\/\\\/www.marodadesign.es\\\/miralles\\\/producto\\\/parka-azul-stone-island\\\/#breadcrumb\",\"itemListElement\":[{\"@type\":\"ListItem\",\"position\":1,\"name\":\"Portada\",\"item\":\"https:\\\/\\\/www.marodadesign.es\\\/miralles\\\/\"},{\"@type\":\"ListItem\",\"position\":2,\"name\":\"Tienda\",\"item\":\"https:\\\/\\\/www.marodadesign.es\\\/miralles\\\/tienda\\\/\"},{\"@type\":\"ListItem\",\"position\":3,\"name\":\"PARKA AZUL STONE ISLAND\"}]},{\"@type\":\"WebSite\",\"@id\":\"https:\\\/\\\/www.marodadesign.es\\\/miralles\\\/#website\",\"url\":\"https:\\\/\\\/www.marodadesign.es\\\/miralles\\\/\",\"name\":\"ELEVEN\",\"description\":\"Moda para hombre en Valencia\",\"publisher\":{\"@id\":\"https:\\\/\\\/www.marodadesign.es\\\/miralles\\\/#organization\"},\"potentialAction\":[{\"@type\":\"SearchAction\",\"target\":{\"@type\":\"EntryPoint\",\"urlTemplate\":\"https:\\\/\\\/www.marodadesign.es\\\/miralles\\\/?s={search_term_string}\"},\"query-input\":{\"@type\":\"PropertyValueSpecification\",\"valueRequired\":true,\"valueName\":\"search_term_string\"}}],\"inLanguage\":\"es\"},{\"@type\":\"Organization\",\"@id\":\"https:\\\/\\\/www.marodadesign.es\\\/miralles\\\/#organization\",\"name\":\"Eleven Valencia\",\"alternateName\":\"Eleven\",\"url\":\"https:\\\/\\\/www.marodadesign.es\\\/miralles\\\/\",\"logo\":{\"@type\":\"ImageObject\",\"inLanguage\":\"es\",\"@id\":\"https:\\\/\\\/www.marodadesign.es\\\/miralles\\\/#\\\/schema\\\/logo\\\/image\\\/\",\"url\":\"https:\\\/\\\/www.marodadesign.es\\\/miralles\\\/wp-content\\\/uploads\\\/2023\\\/05\\\/Simbolo-Eleven-Valencia.jpg\",\"contentUrl\":\"https:\\\/\\\/www.marodadesign.es\\\/miralles\\\/wp-content\\\/uploads\\\/2023\\\/05\\\/Simbolo-Eleven-Valencia.jpg\",\"width\":600,\"height\":600,\"caption\":\"Eleven Valencia\"},\"image\":{\"@id\":\"https:\\\/\\\/www.marodadesign.es\\\/miralles\\\/#\\\/schema\\\/logo\\\/image\\\/\"}}]}<\/script>\n<!-- \/ Yoast SEO plugin. -->","yoast_head_json":{"title":"PARKA AZUL STONE ISLAND - ELEVEN","description":"Parka azul Stone Island en una especificaci\u00f3n militar de poli\u00e9ster \/ nylon Rep. La prenda est\u00e1 acolchada con una capa PrimaLoft.","robots":{"index":"noindex","follow":"follow","max-snippet":"max-snippet:-1","max-image-preview":"max-image-preview:large","max-video-preview":"max-video-preview:-1"},"og_locale":"es_ES","og_type":"article","og_title":"PARKA AZUL STONE ISLAND - ELEVEN","og_description":"Parka azul Stone Island en una especificaci\u00f3n militar de poli\u00e9ster \/ nylon Rep. La prenda est\u00e1 acolchada con una capa PrimaLoft.","og_url":"https:\/\/www.marodadesign.es\/miralles\/producto\/parka-azul-stone-island\/","og_site_name":"ELEVEN","article_modified_time":"2023-11-27T12:56:50+00:00","og_image":[{"width":1300,"height":1300,"url":"https:\/\/www.marodadesign.es\/miralles\/wp-content\/uploads\/2023\/03\/PRIMALOFT-PARKA-NEGRA-STONE-ISLAND-2.jpg","type":"image\/jpeg"}],"twitter_card":"summary_large_image","twitter_misc":{"Tiempo de lectura":"1 minuto"},"schema":{"@context":"https:\/\/schema.org","@graph":[{"@type":"WebPage","@id":"https:\/\/www.marodadesign.es\/miralles\/producto\/parka-azul-stone-island\/","url":"https:\/\/www.marodadesign.es\/miralles\/producto\/parka-azul-stone-island\/","name":"PARKA AZUL STONE ISLAND - ELEVEN","isPartOf":{"@id":"https:\/\/www.marodadesign.es\/miralles\/#website"},"primaryImageOfPage":{"@id":"https:\/\/www.marodadesign.es\/miralles\/producto\/parka-azul-stone-island\/#primaryimage"},"image":{"@id":"https:\/\/www.marodadesign.es\/miralles\/producto\/parka-azul-stone-island\/#primaryimage"},"thumbnailUrl":"https:\/\/www.marodadesign.es\/miralles\/wp-content\/uploads\/2023\/03\/PRIMALOFT-PARKA-NEGRA-STONE-ISLAND-2.jpg","datePublished":"2023-03-27T18:53:35+00:00","dateModified":"2023-11-27T12:56:50+00:00","description":"Parka azul Stone Island en una especificaci\u00f3n militar de poli\u00e9ster \/ nylon Rep. La prenda est\u00e1 acolchada con una capa PrimaLoft.","breadcrumb":{"@id":"https:\/\/www.marodadesign.es\/miralles\/producto\/parka-azul-stone-island\/#breadcrumb"},"inLanguage":"es","potentialAction":[{"@type":"ReadAction","target":["https:\/\/www.marodadesign.es\/miralles\/producto\/parka-azul-stone-island\/"]}]},{"@type":"ImageObject","inLanguage":"es","@id":"https:\/\/www.marodadesign.es\/miralles\/producto\/parka-azul-stone-island\/#primaryimage","url":"https:\/\/www.marodadesign.es\/miralles\/wp-content\/uploads\/2023\/03\/PRIMALOFT-PARKA-NEGRA-STONE-ISLAND-2.jpg","contentUrl":"https:\/\/www.marodadesign.es\/miralles\/wp-content\/uploads\/2023\/03\/PRIMALOFT-PARKA-NEGRA-STONE-ISLAND-2.jpg","width":1300,"height":1300,"caption":"PARKA AZUL STONE ISLAND"},{"@type":"BreadcrumbList","@id":"https:\/\/www.marodadesign.es\/miralles\/producto\/parka-azul-stone-island\/#breadcrumb","itemListElement":[{"@type":"ListItem","position":1,"name":"Portada","item":"https:\/\/www.marodadesign.es\/miralles\/"},{"@type":"ListItem","position":2,"name":"Tienda","item":"https:\/\/www.marodadesign.es\/miralles\/tienda\/"},{"@type":"ListItem","position":3,"name":"PARKA AZUL STONE ISLAND"}]},{"@type":"WebSite","@id":"https:\/\/www.marodadesign.es\/miralles\/#website","url":"https:\/\/www.marodadesign.es\/miralles\/","name":"ELEVEN","description":"Moda para hombre en Valencia","publisher":{"@id":"https:\/\/www.marodadesign.es\/miralles\/#organization"},"potentialAction":[{"@type":"SearchAction","target":{"@type":"EntryPoint","urlTemplate":"https:\/\/www.marodadesign.es\/miralles\/?s={search_term_string}"},"query-input":{"@type":"PropertyValueSpecification","valueRequired":true,"valueName":"search_term_string"}}],"inLanguage":"es"},{"@type":"Organization","@id":"https:\/\/www.marodadesign.es\/miralles\/#organization","name":"Eleven Valencia","alternateName":"Eleven","url":"https:\/\/www.marodadesign.es\/miralles\/","logo":{"@type":"ImageObject","inLanguage":"es","@id":"https:\/\/www.marodadesign.es\/miralles\/#\/schema\/logo\/image\/","url":"https:\/\/www.marodadesign.es\/miralles\/wp-content\/uploads\/2023\/05\/Simbolo-Eleven-Valencia.jpg","contentUrl":"https:\/\/www.marodadesign.es\/miralles\/wp-content\/uploads\/2023\/05\/Simbolo-Eleven-Valencia.jpg","width":600,"height":600,"caption":"Eleven Valencia"},"image":{"@id":"https:\/\/www.marodadesign.es\/miralles\/#\/schema\/logo\/image\/"}}]}},"brands":[{"id":165,"name":"Stone Island","slug":"stone-island"}],"_links":{"self":[{"href":"https:\/\/www.marodadesign.es\/miralles\/wp-json\/wp\/v2\/product\/3128","targetHints":{"allow":["GET"]}}],"collection":[{"href":"https:\/\/www.marodadesign.es\/miralles\/wp-json\/wp\/v2\/product"}],"about":[{"href":"https:\/\/www.marodadesign.es\/miralles\/wp-json\/wp\/v2\/types\/product"}],"wp:featuredmedia":[{"embeddable":true,"href":"https:\/\/www.marodadesign.es\/miralles\/wp-json\/wp\/v2\/media\/3391"}],"wp:attachment":[{"href":"https:\/\/www.marodadesign.es\/miralles\/wp-json\/wp\/v2\/media?parent=3128"}],"wp:term":[{"taxonomy":"pwb-brand","embeddable":true,"href":"https:\/\/www.marodadesign.es\/miralles\/wp-json\/wp\/v2\/pwb-brand?post=3128"},{"taxonomy":"product_brand","embeddable":true,"href":"https:\/\/www.marodadesign.es\/miralles\/wp-json\/wp\/v2\/product_brand?post=3128"},{"taxonomy":"product_cat","embeddable":true,"href":"https:\/\/www.marodadesign.es\/miralles\/wp-json\/wp\/v2\/product_cat?post=3128"},{"taxonomy":"product_tag","embeddable":true,"href":"https:\/\/www.marodadesign.es\/miralles\/wp-json\/wp\/v2\/product_tag?post=3128"}],"curies":[{"name":"wp","href":"https:\/\/api.w.org\/{rel}","templated":true}]}}