{"id":3140,"date":"2023-03-27T18:53:37","date_gmt":"2023-03-27T18:53:37","guid":{"rendered":"https:\/\/www.marodadesign.es\/miralles\/?post_type=product&#038;p=3140"},"modified":"2023-05-08T17:15:26","modified_gmt":"2023-05-08T15:15:26","slug":"soft-shell-negra-con-tecnologia-r-e-dye-stone-island","status":"publish","type":"product","link":"https:\/\/www.marodadesign.es\/miralles\/producto\/soft-shell-negra-con-tecnologia-r-e-dye-stone-island\/","title":{"rendered":"SOFT SHELL NEGRA CON TECNOLOG\u00cdA R E.DYE\u00ae STONE ISLAND"},"content":{"rendered":"<p>Chaqueta negra de estilo militar de STONE ISLAND &#8216;Soft Shell R E.DYE\u00ae&#8217;. incluye una capucha de protecci\u00f3n con visera forrada en Nylon Metal y cord\u00f3n de ajuste horizontal. Adem\u00e1s posee dos bolsillos en el pecho, uno con cremallera oculta y otro de solapa. Incluye a su vez dos bolsillos en los laterales que cierran\u00a0de bot\u00f3n a presi\u00f3n y un cierre principal con cremallera de doble sentido.\u00a0Etiqueta Stone Island en uno de los hombros. Ideal para el fr\u00edo y el viento,\u00a0se trata de una prenda muy especial confeccionada en material de alto rendimiento de dos capas, capaz de resistir cantidades de hasta 8000 mm de agua sobre su superficie, laminada con unan cara interior transpirable, hidr\u00f3fuga y cortavientos. El tejido de la pieza proporciona gran confort en su uso, y una gran flexibilidad.\u00a0 COMPOSICI\u00d3N: Exterior: 92% Poli\u00e9ster 8% Elastano Membrana: 100% Resina poliuret\u00e1nica Interior: 100% Poli\u00e9ster<\/p>\n","protected":false},"excerpt":{"rendered":"<p>Chaqueta negra de STONE ISLAND &#8216;Soft Shell&#8217; R E.DYE \u00ae \u00a0&#8216;. Se trata de una prenda con capucha fabricada con un tejido especial de alto rendimiento de 3 capas resistente a cantidades de agua de 8000 mm. La capa externa del tejido de poli\u00e9ster el\u00e1stico ha sido tratada con hilos mediante la tecnolog\u00eda e.dye\u00ae Waterless Color System\u2122.<\/p>\n","protected":false},"featured_media":3202,"template":"","meta":[],"pwb-brand":[165],"product_brand":[],"product_cat":[167,168],"product_tag":[170,171,254,257,188,177,192,180,259,183],"class_list":{"0":"post-3140","1":"product","2":"type-product","3":"status-publish","4":"has-post-thumbnail","6":"pwb-brand-stone-island","7":"product_cat-chaquetas","8":"product_cat-ropa","9":"product_tag-capucha","10":"product_tag-chaqueta","11":"product_tag-cortavientos","12":"product_tag-impermeable","13":"product_tag-invierno","14":"product_tag-negra","15":"product_tag-otono","16":"product_tag-poliester","17":"product_tag-r-e-dye-2","18":"product_tag-stone-island","20":"first","21":"instock","22":"featured","23":"sold-individually","24":"taxable","25":"shipping-taxable","26":"purchasable","27":"product-type-variable"},"yoast_head":"<!-- This site is optimized with the Yoast SEO plugin v27.5 - https:\/\/yoast.com\/product\/yoast-seo-wordpress\/ -->\n<title>SOFT SHELL NEGRA CON TECNOLOG\u00cdA R E.DYE\u00ae STONE ISLAND - ELEVEN<\/title>\n<meta name=\"robots\" content=\"noindex, follow, max-snippet:-1, max-image-preview:large, max-video-preview:-1\" \/>\n<meta property=\"og:locale\" content=\"es_ES\" \/>\n<meta property=\"og:type\" content=\"article\" \/>\n<meta property=\"og:title\" content=\"SOFT SHELL NEGRA CON TECNOLOG\u00cdA R E.DYE\u00ae STONE ISLAND - ELEVEN\" \/>\n<meta property=\"og:description\" content=\"Chaqueta negra de STONE ISLAND &#039;Soft Shell&#039; R E.DYE \u00ae \u00a0&#039;. Se trata de una prenda con capucha fabricada con un tejido especial de alto rendimiento de 3 capas resistente a cantidades de agua de 8000 mm. La capa externa del tejido de poli\u00e9ster el\u00e1stico ha sido tratada con hilos mediante la tecnolog\u00eda e.dye\u00ae Waterless Color System\u2122.\" \/>\n<meta property=\"og:url\" content=\"https:\/\/www.marodadesign.es\/miralles\/producto\/soft-shell-negra-con-tecnologia-r-e-dye-stone-island\/\" \/>\n<meta property=\"og:site_name\" content=\"ELEVEN\" \/>\n<meta property=\"article:modified_time\" content=\"2023-05-08T15:15:26+00:00\" \/>\n<meta property=\"og:image\" content=\"https:\/\/www.marodadesign.es\/miralles\/wp-content\/uploads\/2023\/03\/soft-shell-negra-con-tecnologia-r-edye\u00ae-stone-island.jpg\" \/>\n\t<meta property=\"og:image:width\" content=\"1300\" \/>\n\t<meta property=\"og:image:height\" content=\"1300\" \/>\n\t<meta property=\"og:image:type\" content=\"image\/jpeg\" \/>\n<meta name=\"twitter:card\" content=\"summary_large_image\" \/>\n<meta name=\"twitter:label1\" content=\"Tiempo de lectura\" \/>\n\t<meta name=\"twitter:data1\" content=\"1 minuto\" \/>\n<script type=\"application\/ld+json\" class=\"yoast-schema-graph\">{\"@context\":\"https:\\\/\\\/schema.org\",\"@graph\":[{\"@type\":\"WebPage\",\"@id\":\"https:\\\/\\\/www.marodadesign.es\\\/miralles\\\/producto\\\/soft-shell-negra-con-tecnologia-r-e-dye-stone-island\\\/\",\"url\":\"https:\\\/\\\/www.marodadesign.es\\\/miralles\\\/producto\\\/soft-shell-negra-con-tecnologia-r-e-dye-stone-island\\\/\",\"name\":\"SOFT SHELL NEGRA CON TECNOLOG\u00cdA R E.DYE\u00ae STONE ISLAND - ELEVEN\",\"isPartOf\":{\"@id\":\"https:\\\/\\\/www.marodadesign.es\\\/miralles\\\/#website\"},\"primaryImageOfPage\":{\"@id\":\"https:\\\/\\\/www.marodadesign.es\\\/miralles\\\/producto\\\/soft-shell-negra-con-tecnologia-r-e-dye-stone-island\\\/#primaryimage\"},\"image\":{\"@id\":\"https:\\\/\\\/www.marodadesign.es\\\/miralles\\\/producto\\\/soft-shell-negra-con-tecnologia-r-e-dye-stone-island\\\/#primaryimage\"},\"thumbnailUrl\":\"https:\\\/\\\/www.marodadesign.es\\\/miralles\\\/wp-content\\\/uploads\\\/2023\\\/03\\\/soft-shell-negra-con-tecnologia-r-edye\u00ae-stone-island.jpg\",\"datePublished\":\"2023-03-27T18:53:37+00:00\",\"dateModified\":\"2023-05-08T15:15:26+00:00\",\"breadcrumb\":{\"@id\":\"https:\\\/\\\/www.marodadesign.es\\\/miralles\\\/producto\\\/soft-shell-negra-con-tecnologia-r-e-dye-stone-island\\\/#breadcrumb\"},\"inLanguage\":\"es\",\"potentialAction\":[{\"@type\":\"ReadAction\",\"target\":[\"https:\\\/\\\/www.marodadesign.es\\\/miralles\\\/producto\\\/soft-shell-negra-con-tecnologia-r-e-dye-stone-island\\\/\"]}]},{\"@type\":\"ImageObject\",\"inLanguage\":\"es\",\"@id\":\"https:\\\/\\\/www.marodadesign.es\\\/miralles\\\/producto\\\/soft-shell-negra-con-tecnologia-r-e-dye-stone-island\\\/#primaryimage\",\"url\":\"https:\\\/\\\/www.marodadesign.es\\\/miralles\\\/wp-content\\\/uploads\\\/2023\\\/03\\\/soft-shell-negra-con-tecnologia-r-edye\u00ae-stone-island.jpg\",\"contentUrl\":\"https:\\\/\\\/www.marodadesign.es\\\/miralles\\\/wp-content\\\/uploads\\\/2023\\\/03\\\/soft-shell-negra-con-tecnologia-r-edye\u00ae-stone-island.jpg\",\"width\":1300,\"height\":1300},{\"@type\":\"BreadcrumbList\",\"@id\":\"https:\\\/\\\/www.marodadesign.es\\\/miralles\\\/producto\\\/soft-shell-negra-con-tecnologia-r-e-dye-stone-island\\\/#breadcrumb\",\"itemListElement\":[{\"@type\":\"ListItem\",\"position\":1,\"name\":\"Portada\",\"item\":\"https:\\\/\\\/www.marodadesign.es\\\/miralles\\\/\"},{\"@type\":\"ListItem\",\"position\":2,\"name\":\"Tienda\",\"item\":\"https:\\\/\\\/www.marodadesign.es\\\/miralles\\\/tienda\\\/\"},{\"@type\":\"ListItem\",\"position\":3,\"name\":\"SOFT SHELL NEGRA CON TECNOLOG\u00cdA R E.DYE\u00ae STONE ISLAND\"}]},{\"@type\":\"WebSite\",\"@id\":\"https:\\\/\\\/www.marodadesign.es\\\/miralles\\\/#website\",\"url\":\"https:\\\/\\\/www.marodadesign.es\\\/miralles\\\/\",\"name\":\"ELEVEN\",\"description\":\"Moda para hombre en Valencia\",\"publisher\":{\"@id\":\"https:\\\/\\\/www.marodadesign.es\\\/miralles\\\/#organization\"},\"potentialAction\":[{\"@type\":\"SearchAction\",\"target\":{\"@type\":\"EntryPoint\",\"urlTemplate\":\"https:\\\/\\\/www.marodadesign.es\\\/miralles\\\/?s={search_term_string}\"},\"query-input\":{\"@type\":\"PropertyValueSpecification\",\"valueRequired\":true,\"valueName\":\"search_term_string\"}}],\"inLanguage\":\"es\"},{\"@type\":\"Organization\",\"@id\":\"https:\\\/\\\/www.marodadesign.es\\\/miralles\\\/#organization\",\"name\":\"Eleven Valencia\",\"alternateName\":\"Eleven\",\"url\":\"https:\\\/\\\/www.marodadesign.es\\\/miralles\\\/\",\"logo\":{\"@type\":\"ImageObject\",\"inLanguage\":\"es\",\"@id\":\"https:\\\/\\\/www.marodadesign.es\\\/miralles\\\/#\\\/schema\\\/logo\\\/image\\\/\",\"url\":\"https:\\\/\\\/www.marodadesign.es\\\/miralles\\\/wp-content\\\/uploads\\\/2023\\\/05\\\/Simbolo-Eleven-Valencia.jpg\",\"contentUrl\":\"https:\\\/\\\/www.marodadesign.es\\\/miralles\\\/wp-content\\\/uploads\\\/2023\\\/05\\\/Simbolo-Eleven-Valencia.jpg\",\"width\":600,\"height\":600,\"caption\":\"Eleven Valencia\"},\"image\":{\"@id\":\"https:\\\/\\\/www.marodadesign.es\\\/miralles\\\/#\\\/schema\\\/logo\\\/image\\\/\"}}]}<\/script>\n<!-- \/ Yoast SEO plugin. -->","yoast_head_json":{"title":"SOFT SHELL NEGRA CON TECNOLOG\u00cdA R E.DYE\u00ae STONE ISLAND - ELEVEN","robots":{"index":"noindex","follow":"follow","max-snippet":"max-snippet:-1","max-image-preview":"max-image-preview:large","max-video-preview":"max-video-preview:-1"},"og_locale":"es_ES","og_type":"article","og_title":"SOFT SHELL NEGRA CON TECNOLOG\u00cdA R E.DYE\u00ae STONE ISLAND - ELEVEN","og_description":"Chaqueta negra de STONE ISLAND 'Soft Shell' R E.DYE \u00ae \u00a0'. Se trata de una prenda con capucha fabricada con un tejido especial de alto rendimiento de 3 capas resistente a cantidades de agua de 8000 mm. La capa externa del tejido de poli\u00e9ster el\u00e1stico ha sido tratada con hilos mediante la tecnolog\u00eda e.dye\u00ae Waterless Color System\u2122.","og_url":"https:\/\/www.marodadesign.es\/miralles\/producto\/soft-shell-negra-con-tecnologia-r-e-dye-stone-island\/","og_site_name":"ELEVEN","article_modified_time":"2023-05-08T15:15:26+00:00","og_image":[{"width":1300,"height":1300,"url":"https:\/\/www.marodadesign.es\/miralles\/wp-content\/uploads\/2023\/03\/soft-shell-negra-con-tecnologia-r-edye\u00ae-stone-island.jpg","type":"image\/jpeg"}],"twitter_card":"summary_large_image","twitter_misc":{"Tiempo de lectura":"1 minuto"},"schema":{"@context":"https:\/\/schema.org","@graph":[{"@type":"WebPage","@id":"https:\/\/www.marodadesign.es\/miralles\/producto\/soft-shell-negra-con-tecnologia-r-e-dye-stone-island\/","url":"https:\/\/www.marodadesign.es\/miralles\/producto\/soft-shell-negra-con-tecnologia-r-e-dye-stone-island\/","name":"SOFT SHELL NEGRA CON TECNOLOG\u00cdA R E.DYE\u00ae STONE ISLAND - ELEVEN","isPartOf":{"@id":"https:\/\/www.marodadesign.es\/miralles\/#website"},"primaryImageOfPage":{"@id":"https:\/\/www.marodadesign.es\/miralles\/producto\/soft-shell-negra-con-tecnologia-r-e-dye-stone-island\/#primaryimage"},"image":{"@id":"https:\/\/www.marodadesign.es\/miralles\/producto\/soft-shell-negra-con-tecnologia-r-e-dye-stone-island\/#primaryimage"},"thumbnailUrl":"https:\/\/www.marodadesign.es\/miralles\/wp-content\/uploads\/2023\/03\/soft-shell-negra-con-tecnologia-r-edye\u00ae-stone-island.jpg","datePublished":"2023-03-27T18:53:37+00:00","dateModified":"2023-05-08T15:15:26+00:00","breadcrumb":{"@id":"https:\/\/www.marodadesign.es\/miralles\/producto\/soft-shell-negra-con-tecnologia-r-e-dye-stone-island\/#breadcrumb"},"inLanguage":"es","potentialAction":[{"@type":"ReadAction","target":["https:\/\/www.marodadesign.es\/miralles\/producto\/soft-shell-negra-con-tecnologia-r-e-dye-stone-island\/"]}]},{"@type":"ImageObject","inLanguage":"es","@id":"https:\/\/www.marodadesign.es\/miralles\/producto\/soft-shell-negra-con-tecnologia-r-e-dye-stone-island\/#primaryimage","url":"https:\/\/www.marodadesign.es\/miralles\/wp-content\/uploads\/2023\/03\/soft-shell-negra-con-tecnologia-r-edye\u00ae-stone-island.jpg","contentUrl":"https:\/\/www.marodadesign.es\/miralles\/wp-content\/uploads\/2023\/03\/soft-shell-negra-con-tecnologia-r-edye\u00ae-stone-island.jpg","width":1300,"height":1300},{"@type":"BreadcrumbList","@id":"https:\/\/www.marodadesign.es\/miralles\/producto\/soft-shell-negra-con-tecnologia-r-e-dye-stone-island\/#breadcrumb","itemListElement":[{"@type":"ListItem","position":1,"name":"Portada","item":"https:\/\/www.marodadesign.es\/miralles\/"},{"@type":"ListItem","position":2,"name":"Tienda","item":"https:\/\/www.marodadesign.es\/miralles\/tienda\/"},{"@type":"ListItem","position":3,"name":"SOFT SHELL NEGRA CON TECNOLOG\u00cdA R E.DYE\u00ae STONE ISLAND"}]},{"@type":"WebSite","@id":"https:\/\/www.marodadesign.es\/miralles\/#website","url":"https:\/\/www.marodadesign.es\/miralles\/","name":"ELEVEN","description":"Moda para hombre en Valencia","publisher":{"@id":"https:\/\/www.marodadesign.es\/miralles\/#organization"},"potentialAction":[{"@type":"SearchAction","target":{"@type":"EntryPoint","urlTemplate":"https:\/\/www.marodadesign.es\/miralles\/?s={search_term_string}"},"query-input":{"@type":"PropertyValueSpecification","valueRequired":true,"valueName":"search_term_string"}}],"inLanguage":"es"},{"@type":"Organization","@id":"https:\/\/www.marodadesign.es\/miralles\/#organization","name":"Eleven Valencia","alternateName":"Eleven","url":"https:\/\/www.marodadesign.es\/miralles\/","logo":{"@type":"ImageObject","inLanguage":"es","@id":"https:\/\/www.marodadesign.es\/miralles\/#\/schema\/logo\/image\/","url":"https:\/\/www.marodadesign.es\/miralles\/wp-content\/uploads\/2023\/05\/Simbolo-Eleven-Valencia.jpg","contentUrl":"https:\/\/www.marodadesign.es\/miralles\/wp-content\/uploads\/2023\/05\/Simbolo-Eleven-Valencia.jpg","width":600,"height":600,"caption":"Eleven Valencia"},"image":{"@id":"https:\/\/www.marodadesign.es\/miralles\/#\/schema\/logo\/image\/"}}]}},"brands":[{"id":165,"name":"Stone Island","slug":"stone-island"}],"_links":{"self":[{"href":"https:\/\/www.marodadesign.es\/miralles\/wp-json\/wp\/v2\/product\/3140","targetHints":{"allow":["GET"]}}],"collection":[{"href":"https:\/\/www.marodadesign.es\/miralles\/wp-json\/wp\/v2\/product"}],"about":[{"href":"https:\/\/www.marodadesign.es\/miralles\/wp-json\/wp\/v2\/types\/product"}],"wp:featuredmedia":[{"embeddable":true,"href":"https:\/\/www.marodadesign.es\/miralles\/wp-json\/wp\/v2\/media\/3202"}],"wp:attachment":[{"href":"https:\/\/www.marodadesign.es\/miralles\/wp-json\/wp\/v2\/media?parent=3140"}],"wp:term":[{"taxonomy":"pwb-brand","embeddable":true,"href":"https:\/\/www.marodadesign.es\/miralles\/wp-json\/wp\/v2\/pwb-brand?post=3140"},{"taxonomy":"product_brand","embeddable":true,"href":"https:\/\/www.marodadesign.es\/miralles\/wp-json\/wp\/v2\/product_brand?post=3140"},{"taxonomy":"product_cat","embeddable":true,"href":"https:\/\/www.marodadesign.es\/miralles\/wp-json\/wp\/v2\/product_cat?post=3140"},{"taxonomy":"product_tag","embeddable":true,"href":"https:\/\/www.marodadesign.es\/miralles\/wp-json\/wp\/v2\/product_tag?post=3140"}],"curies":[{"name":"wp","href":"https:\/\/api.w.org\/{rel}","templated":true}]}}