{"id":3143,"date":"2023-03-27T18:53:38","date_gmt":"2023-03-27T18:53:38","guid":{"rendered":"https:\/\/www.marodadesign.es\/miralles\/?post_type=product&#038;p=3143"},"modified":"2023-05-08T17:14:32","modified_gmt":"2023-05-08T15:14:32","slug":"sudadera-rosa-de-algodon-con-capucha-stone-island","status":"publish","type":"product","link":"https:\/\/www.marodadesign.es\/miralles\/producto\/sudadera-rosa-de-algodon-con-capucha-stone-island\/","title":{"rendered":"SUDADERA ROSA DE ALGOD\u00d3N CON CAPUCHA STONE ISLAND"},"content":{"rendered":"<p>Sudadera gris antracita con capucha de Stone Island para la temporada Oto\u00f1o-Invierno 2022. Esta prenda destaca por su funcionalidad en los meses de invierno gracias a su capucha con cord\u00f3n regulable y el bolsillo de canguro delantero con aberturas en diagonal. Incluye adem\u00e1s costuras overlock, y el interior est\u00e1 forrado con costuras redondeadas en la nuca. El pu\u00f1o y los bajos son acanalados y muestra tambi\u00e9n un logotipo de Stone Island bordado en la manga izquierda.<\/p>\n","protected":false},"excerpt":{"rendered":"<p>Sudadera gris antracita con capucha\u00a0de STONE ISLAND para la temporada Oto\u00f1o-Invierno 2022. Esta prenda ha sido sometida a un proceso de te\u00f1ido, e incluye un cord\u00f3n de ajuste en la capucha, as\u00ed como un bolsillo de canguro funcional en lna zona delantera. Tanto el bajo como los pu\u00f1os han sido acabados en canal\u00e9. Es unan prenda muy suave al tacto, confeccionada con algod\u00f3n perchado de calidad 100%.<\/p>\n","protected":false},"featured_media":3212,"template":"","meta":[],"pwb-brand":[165],"product_brand":[],"product_cat":[168,238],"product_tag":[245,210,170,231,266,206,183,239],"class_list":{"0":"post-3143","1":"product","2":"type-product","3":"status-publish","4":"has-post-thumbnail","6":"pwb-brand-stone-island","7":"product_cat-ropa","8":"product_cat-sudaderas","9":"product_tag-245","10":"product_tag-algodon","11":"product_tag-capucha","12":"product_tag-otono-invierno","13":"product_tag-rosa","14":"product_tag-spring","15":"product_tag-stone-island","16":"product_tag-sudadera","18":"first","19":"outofstock","20":"featured","21":"sold-individually","22":"taxable","23":"shipping-taxable","24":"purchasable","25":"product-type-variable"},"yoast_head":"<!-- This site is optimized with the Yoast SEO plugin v27.5 - https:\/\/yoast.com\/product\/yoast-seo-wordpress\/ -->\n<title>SUDADERA ROSA DE ALGOD\u00d3N CON CAPUCHA STONE ISLAND - ELEVEN<\/title>\n<meta name=\"robots\" content=\"noindex, follow, max-snippet:-1, max-image-preview:large, max-video-preview:-1\" \/>\n<meta property=\"og:locale\" content=\"es_ES\" \/>\n<meta property=\"og:type\" content=\"article\" \/>\n<meta property=\"og:title\" content=\"SUDADERA ROSA DE ALGOD\u00d3N CON CAPUCHA STONE ISLAND - ELEVEN\" \/>\n<meta property=\"og:description\" content=\"Sudadera gris antracita con capucha\u00a0de STONE ISLAND para la temporada Oto\u00f1o-Invierno 2022. Esta prenda ha sido sometida a un proceso de te\u00f1ido, e incluye un cord\u00f3n de ajuste en la capucha, as\u00ed como un bolsillo de canguro funcional en lna zona delantera. Tanto el bajo como los pu\u00f1os han sido acabados en canal\u00e9. Es unan prenda muy suave al tacto, confeccionada con algod\u00f3n perchado de calidad 100%.\" \/>\n<meta property=\"og:url\" content=\"https:\/\/www.marodadesign.es\/miralles\/producto\/sudadera-rosa-de-algodon-con-capucha-stone-island\/\" \/>\n<meta property=\"og:site_name\" content=\"ELEVEN\" \/>\n<meta property=\"article:modified_time\" content=\"2023-05-08T15:14:32+00:00\" \/>\n<meta property=\"og:image\" content=\"https:\/\/www.marodadesign.es\/miralles\/wp-content\/uploads\/2023\/03\/sudadera-rosa-de-algodon-con-capucha-stone-island_3.jpg\" \/>\n\t<meta property=\"og:image:width\" content=\"1300\" \/>\n\t<meta property=\"og:image:height\" content=\"1300\" \/>\n\t<meta property=\"og:image:type\" content=\"image\/jpeg\" \/>\n<meta name=\"twitter:card\" content=\"summary_large_image\" \/>\n<script type=\"application\/ld+json\" class=\"yoast-schema-graph\">{\"@context\":\"https:\\\/\\\/schema.org\",\"@graph\":[{\"@type\":\"WebPage\",\"@id\":\"https:\\\/\\\/www.marodadesign.es\\\/miralles\\\/producto\\\/sudadera-rosa-de-algodon-con-capucha-stone-island\\\/\",\"url\":\"https:\\\/\\\/www.marodadesign.es\\\/miralles\\\/producto\\\/sudadera-rosa-de-algodon-con-capucha-stone-island\\\/\",\"name\":\"SUDADERA ROSA DE ALGOD\u00d3N CON CAPUCHA STONE ISLAND - ELEVEN\",\"isPartOf\":{\"@id\":\"https:\\\/\\\/www.marodadesign.es\\\/miralles\\\/#website\"},\"primaryImageOfPage\":{\"@id\":\"https:\\\/\\\/www.marodadesign.es\\\/miralles\\\/producto\\\/sudadera-rosa-de-algodon-con-capucha-stone-island\\\/#primaryimage\"},\"image\":{\"@id\":\"https:\\\/\\\/www.marodadesign.es\\\/miralles\\\/producto\\\/sudadera-rosa-de-algodon-con-capucha-stone-island\\\/#primaryimage\"},\"thumbnailUrl\":\"https:\\\/\\\/www.marodadesign.es\\\/miralles\\\/wp-content\\\/uploads\\\/2023\\\/03\\\/sudadera-rosa-de-algodon-con-capucha-stone-island_3.jpg\",\"datePublished\":\"2023-03-27T18:53:38+00:00\",\"dateModified\":\"2023-05-08T15:14:32+00:00\",\"breadcrumb\":{\"@id\":\"https:\\\/\\\/www.marodadesign.es\\\/miralles\\\/producto\\\/sudadera-rosa-de-algodon-con-capucha-stone-island\\\/#breadcrumb\"},\"inLanguage\":\"es\",\"potentialAction\":[{\"@type\":\"ReadAction\",\"target\":[\"https:\\\/\\\/www.marodadesign.es\\\/miralles\\\/producto\\\/sudadera-rosa-de-algodon-con-capucha-stone-island\\\/\"]}]},{\"@type\":\"ImageObject\",\"inLanguage\":\"es\",\"@id\":\"https:\\\/\\\/www.marodadesign.es\\\/miralles\\\/producto\\\/sudadera-rosa-de-algodon-con-capucha-stone-island\\\/#primaryimage\",\"url\":\"https:\\\/\\\/www.marodadesign.es\\\/miralles\\\/wp-content\\\/uploads\\\/2023\\\/03\\\/sudadera-rosa-de-algodon-con-capucha-stone-island_3.jpg\",\"contentUrl\":\"https:\\\/\\\/www.marodadesign.es\\\/miralles\\\/wp-content\\\/uploads\\\/2023\\\/03\\\/sudadera-rosa-de-algodon-con-capucha-stone-island_3.jpg\",\"width\":1300,\"height\":1300},{\"@type\":\"BreadcrumbList\",\"@id\":\"https:\\\/\\\/www.marodadesign.es\\\/miralles\\\/producto\\\/sudadera-rosa-de-algodon-con-capucha-stone-island\\\/#breadcrumb\",\"itemListElement\":[{\"@type\":\"ListItem\",\"position\":1,\"name\":\"Portada\",\"item\":\"https:\\\/\\\/www.marodadesign.es\\\/miralles\\\/\"},{\"@type\":\"ListItem\",\"position\":2,\"name\":\"Tienda\",\"item\":\"https:\\\/\\\/www.marodadesign.es\\\/miralles\\\/tienda\\\/\"},{\"@type\":\"ListItem\",\"position\":3,\"name\":\"SUDADERA ROSA DE ALGOD\u00d3N CON CAPUCHA STONE ISLAND\"}]},{\"@type\":\"WebSite\",\"@id\":\"https:\\\/\\\/www.marodadesign.es\\\/miralles\\\/#website\",\"url\":\"https:\\\/\\\/www.marodadesign.es\\\/miralles\\\/\",\"name\":\"ELEVEN\",\"description\":\"Moda para hombre en Valencia\",\"publisher\":{\"@id\":\"https:\\\/\\\/www.marodadesign.es\\\/miralles\\\/#organization\"},\"potentialAction\":[{\"@type\":\"SearchAction\",\"target\":{\"@type\":\"EntryPoint\",\"urlTemplate\":\"https:\\\/\\\/www.marodadesign.es\\\/miralles\\\/?s={search_term_string}\"},\"query-input\":{\"@type\":\"PropertyValueSpecification\",\"valueRequired\":true,\"valueName\":\"search_term_string\"}}],\"inLanguage\":\"es\"},{\"@type\":\"Organization\",\"@id\":\"https:\\\/\\\/www.marodadesign.es\\\/miralles\\\/#organization\",\"name\":\"Eleven Valencia\",\"alternateName\":\"Eleven\",\"url\":\"https:\\\/\\\/www.marodadesign.es\\\/miralles\\\/\",\"logo\":{\"@type\":\"ImageObject\",\"inLanguage\":\"es\",\"@id\":\"https:\\\/\\\/www.marodadesign.es\\\/miralles\\\/#\\\/schema\\\/logo\\\/image\\\/\",\"url\":\"https:\\\/\\\/www.marodadesign.es\\\/miralles\\\/wp-content\\\/uploads\\\/2023\\\/05\\\/Simbolo-Eleven-Valencia.jpg\",\"contentUrl\":\"https:\\\/\\\/www.marodadesign.es\\\/miralles\\\/wp-content\\\/uploads\\\/2023\\\/05\\\/Simbolo-Eleven-Valencia.jpg\",\"width\":600,\"height\":600,\"caption\":\"Eleven Valencia\"},\"image\":{\"@id\":\"https:\\\/\\\/www.marodadesign.es\\\/miralles\\\/#\\\/schema\\\/logo\\\/image\\\/\"}}]}<\/script>\n<!-- \/ Yoast SEO plugin. -->","yoast_head_json":{"title":"SUDADERA ROSA DE ALGOD\u00d3N CON CAPUCHA STONE ISLAND - ELEVEN","robots":{"index":"noindex","follow":"follow","max-snippet":"max-snippet:-1","max-image-preview":"max-image-preview:large","max-video-preview":"max-video-preview:-1"},"og_locale":"es_ES","og_type":"article","og_title":"SUDADERA ROSA DE ALGOD\u00d3N CON CAPUCHA STONE ISLAND - ELEVEN","og_description":"Sudadera gris antracita con capucha\u00a0de STONE ISLAND para la temporada Oto\u00f1o-Invierno 2022. Esta prenda ha sido sometida a un proceso de te\u00f1ido, e incluye un cord\u00f3n de ajuste en la capucha, as\u00ed como un bolsillo de canguro funcional en lna zona delantera. Tanto el bajo como los pu\u00f1os han sido acabados en canal\u00e9. Es unan prenda muy suave al tacto, confeccionada con algod\u00f3n perchado de calidad 100%.","og_url":"https:\/\/www.marodadesign.es\/miralles\/producto\/sudadera-rosa-de-algodon-con-capucha-stone-island\/","og_site_name":"ELEVEN","article_modified_time":"2023-05-08T15:14:32+00:00","og_image":[{"width":1300,"height":1300,"url":"https:\/\/www.marodadesign.es\/miralles\/wp-content\/uploads\/2023\/03\/sudadera-rosa-de-algodon-con-capucha-stone-island_3.jpg","type":"image\/jpeg"}],"twitter_card":"summary_large_image","schema":{"@context":"https:\/\/schema.org","@graph":[{"@type":"WebPage","@id":"https:\/\/www.marodadesign.es\/miralles\/producto\/sudadera-rosa-de-algodon-con-capucha-stone-island\/","url":"https:\/\/www.marodadesign.es\/miralles\/producto\/sudadera-rosa-de-algodon-con-capucha-stone-island\/","name":"SUDADERA ROSA DE ALGOD\u00d3N CON CAPUCHA STONE ISLAND - ELEVEN","isPartOf":{"@id":"https:\/\/www.marodadesign.es\/miralles\/#website"},"primaryImageOfPage":{"@id":"https:\/\/www.marodadesign.es\/miralles\/producto\/sudadera-rosa-de-algodon-con-capucha-stone-island\/#primaryimage"},"image":{"@id":"https:\/\/www.marodadesign.es\/miralles\/producto\/sudadera-rosa-de-algodon-con-capucha-stone-island\/#primaryimage"},"thumbnailUrl":"https:\/\/www.marodadesign.es\/miralles\/wp-content\/uploads\/2023\/03\/sudadera-rosa-de-algodon-con-capucha-stone-island_3.jpg","datePublished":"2023-03-27T18:53:38+00:00","dateModified":"2023-05-08T15:14:32+00:00","breadcrumb":{"@id":"https:\/\/www.marodadesign.es\/miralles\/producto\/sudadera-rosa-de-algodon-con-capucha-stone-island\/#breadcrumb"},"inLanguage":"es","potentialAction":[{"@type":"ReadAction","target":["https:\/\/www.marodadesign.es\/miralles\/producto\/sudadera-rosa-de-algodon-con-capucha-stone-island\/"]}]},{"@type":"ImageObject","inLanguage":"es","@id":"https:\/\/www.marodadesign.es\/miralles\/producto\/sudadera-rosa-de-algodon-con-capucha-stone-island\/#primaryimage","url":"https:\/\/www.marodadesign.es\/miralles\/wp-content\/uploads\/2023\/03\/sudadera-rosa-de-algodon-con-capucha-stone-island_3.jpg","contentUrl":"https:\/\/www.marodadesign.es\/miralles\/wp-content\/uploads\/2023\/03\/sudadera-rosa-de-algodon-con-capucha-stone-island_3.jpg","width":1300,"height":1300},{"@type":"BreadcrumbList","@id":"https:\/\/www.marodadesign.es\/miralles\/producto\/sudadera-rosa-de-algodon-con-capucha-stone-island\/#breadcrumb","itemListElement":[{"@type":"ListItem","position":1,"name":"Portada","item":"https:\/\/www.marodadesign.es\/miralles\/"},{"@type":"ListItem","position":2,"name":"Tienda","item":"https:\/\/www.marodadesign.es\/miralles\/tienda\/"},{"@type":"ListItem","position":3,"name":"SUDADERA ROSA DE ALGOD\u00d3N CON CAPUCHA STONE ISLAND"}]},{"@type":"WebSite","@id":"https:\/\/www.marodadesign.es\/miralles\/#website","url":"https:\/\/www.marodadesign.es\/miralles\/","name":"ELEVEN","description":"Moda para hombre en Valencia","publisher":{"@id":"https:\/\/www.marodadesign.es\/miralles\/#organization"},"potentialAction":[{"@type":"SearchAction","target":{"@type":"EntryPoint","urlTemplate":"https:\/\/www.marodadesign.es\/miralles\/?s={search_term_string}"},"query-input":{"@type":"PropertyValueSpecification","valueRequired":true,"valueName":"search_term_string"}}],"inLanguage":"es"},{"@type":"Organization","@id":"https:\/\/www.marodadesign.es\/miralles\/#organization","name":"Eleven Valencia","alternateName":"Eleven","url":"https:\/\/www.marodadesign.es\/miralles\/","logo":{"@type":"ImageObject","inLanguage":"es","@id":"https:\/\/www.marodadesign.es\/miralles\/#\/schema\/logo\/image\/","url":"https:\/\/www.marodadesign.es\/miralles\/wp-content\/uploads\/2023\/05\/Simbolo-Eleven-Valencia.jpg","contentUrl":"https:\/\/www.marodadesign.es\/miralles\/wp-content\/uploads\/2023\/05\/Simbolo-Eleven-Valencia.jpg","width":600,"height":600,"caption":"Eleven Valencia"},"image":{"@id":"https:\/\/www.marodadesign.es\/miralles\/#\/schema\/logo\/image\/"}}]}},"brands":[{"id":165,"name":"Stone Island","slug":"stone-island"}],"_links":{"self":[{"href":"https:\/\/www.marodadesign.es\/miralles\/wp-json\/wp\/v2\/product\/3143","targetHints":{"allow":["GET"]}}],"collection":[{"href":"https:\/\/www.marodadesign.es\/miralles\/wp-json\/wp\/v2\/product"}],"about":[{"href":"https:\/\/www.marodadesign.es\/miralles\/wp-json\/wp\/v2\/types\/product"}],"wp:featuredmedia":[{"embeddable":true,"href":"https:\/\/www.marodadesign.es\/miralles\/wp-json\/wp\/v2\/media\/3212"}],"wp:attachment":[{"href":"https:\/\/www.marodadesign.es\/miralles\/wp-json\/wp\/v2\/media?parent=3143"}],"wp:term":[{"taxonomy":"pwb-brand","embeddable":true,"href":"https:\/\/www.marodadesign.es\/miralles\/wp-json\/wp\/v2\/pwb-brand?post=3143"},{"taxonomy":"product_brand","embeddable":true,"href":"https:\/\/www.marodadesign.es\/miralles\/wp-json\/wp\/v2\/product_brand?post=3143"},{"taxonomy":"product_cat","embeddable":true,"href":"https:\/\/www.marodadesign.es\/miralles\/wp-json\/wp\/v2\/product_cat?post=3143"},{"taxonomy":"product_tag","embeddable":true,"href":"https:\/\/www.marodadesign.es\/miralles\/wp-json\/wp\/v2\/product_tag?post=3143"}],"curies":[{"name":"wp","href":"https:\/\/api.w.org\/{rel}","templated":true}]}}