{"id":3144,"date":"2023-03-27T18:53:38","date_gmt":"2023-03-27T18:53:38","guid":{"rendered":"https:\/\/www.marodadesign.es\/miralles\/?post_type=product&#038;p=3144"},"modified":"2023-05-08T17:14:15","modified_gmt":"2023-05-08T15:14:15","slug":"abrigo-azul-tela-militar-lineas-reflectantes-stone-island","status":"publish","type":"product","link":"https:\/\/www.marodadesign.es\/miralles\/producto\/abrigo-azul-tela-militar-lineas-reflectantes-stone-island\/","title":{"rendered":"ABRIGO AZUL TELA MILITAR + L\u00cdNEAS REFLECTANTES STONE ISLAND"},"content":{"rendered":"<p>Chaqueta azul de tela militar y l\u00edneas reflectantes de Stone Island para la temporada Oto\u00f1o-Invierno 2022. Posee un cuello forrado con gabardina de algod\u00f3n en interior, y tiene una tira de cierre con bot\u00f3n. Los bolsillos diagonales del pecho tienen cierre de cremallera oculta, mientras que los bolsillos diagonales de las manos est\u00e1n confeccionados en estilo solapa. Incluye un logo de Stone Island bordado en la manga izquierda. La parte baja incluye un pliegue vuelto, con cierre de tira abotonada oculta. COMPOSICI\u00d3N: Tejido principal: 78% Lana virgen 22% Poliamida &#8211; No incluye decoraci\u00f3n Tejido secundario: 100% Algod\u00f3n<\/p>\n","protected":false},"excerpt":{"rendered":"<p>Chaqueta azul\u00a0de estilo militar y l\u00edneas reflectantes de STONE ISLAND para la temporada Oto\u00f1o-Invierno 2022. Se trata de una chaquet\u00f3n de estilo cruzado y fabricado en lana y nailon perchado. El estilo recuerda a las mantas militares del mismo tejido, con una composici\u00f3n en trama de hilos reflectantes. Tiene una composici\u00f3n de rayas paralelas dispuestas en distintas zonas de la prenda.<\/p>\n","protected":false},"featured_media":3217,"template":"","meta":[],"pwb-brand":[165],"product_brand":[],"product_cat":[167,168],"product_tag":[245,241,171,188,192,183],"class_list":{"0":"post-3144","1":"product","2":"type-product","3":"status-publish","4":"has-post-thumbnail","6":"pwb-brand-stone-island","7":"product_cat-chaquetas","8":"product_cat-ropa","9":"product_tag-245","10":"product_tag-azul","11":"product_tag-chaqueta","12":"product_tag-invierno","13":"product_tag-otono","14":"product_tag-stone-island","16":"first","17":"instock","18":"sold-individually","19":"taxable","20":"shipping-taxable","21":"purchasable","22":"product-type-variable"},"yoast_head":"<!-- This site is optimized with the Yoast SEO plugin v27.5 - https:\/\/yoast.com\/product\/yoast-seo-wordpress\/ -->\n<title>ABRIGO AZUL TELA MILITAR + L\u00cdNEAS REFLECTANTES STONE ISLAND - ELEVEN<\/title>\n<meta name=\"robots\" content=\"noindex, follow, max-snippet:-1, max-image-preview:large, max-video-preview:-1\" \/>\n<meta property=\"og:locale\" content=\"es_ES\" \/>\n<meta property=\"og:type\" content=\"article\" \/>\n<meta property=\"og:title\" content=\"ABRIGO AZUL TELA MILITAR + L\u00cdNEAS REFLECTANTES STONE ISLAND - ELEVEN\" \/>\n<meta property=\"og:description\" content=\"Chaqueta azul\u00a0de estilo militar y l\u00edneas reflectantes de STONE ISLAND para la temporada Oto\u00f1o-Invierno 2022. Se trata de una chaquet\u00f3n de estilo cruzado y fabricado en lana y nailon perchado. El estilo recuerda a las mantas militares del mismo tejido, con una composici\u00f3n en trama de hilos reflectantes. Tiene una composici\u00f3n de rayas paralelas dispuestas en distintas zonas de la prenda.\" \/>\n<meta property=\"og:url\" content=\"https:\/\/www.marodadesign.es\/miralles\/producto\/abrigo-azul-tela-militar-lineas-reflectantes-stone-island\/\" \/>\n<meta property=\"og:site_name\" content=\"ELEVEN\" \/>\n<meta property=\"article:modified_time\" content=\"2023-05-08T15:14:15+00:00\" \/>\n<meta property=\"og:image\" content=\"https:\/\/www.marodadesign.es\/miralles\/wp-content\/uploads\/2023\/03\/abrigo-azul-tela-militar-lineas-reflectantes-stone-island_2.jpg\" \/>\n\t<meta property=\"og:image:width\" content=\"1300\" \/>\n\t<meta property=\"og:image:height\" content=\"1300\" \/>\n\t<meta property=\"og:image:type\" content=\"image\/jpeg\" \/>\n<meta name=\"twitter:card\" content=\"summary_large_image\" \/>\n<meta name=\"twitter:label1\" content=\"Tiempo de lectura\" \/>\n\t<meta name=\"twitter:data1\" content=\"1 minuto\" \/>\n<script type=\"application\/ld+json\" class=\"yoast-schema-graph\">{\"@context\":\"https:\\\/\\\/schema.org\",\"@graph\":[{\"@type\":\"WebPage\",\"@id\":\"https:\\\/\\\/www.marodadesign.es\\\/miralles\\\/producto\\\/abrigo-azul-tela-militar-lineas-reflectantes-stone-island\\\/\",\"url\":\"https:\\\/\\\/www.marodadesign.es\\\/miralles\\\/producto\\\/abrigo-azul-tela-militar-lineas-reflectantes-stone-island\\\/\",\"name\":\"ABRIGO AZUL TELA MILITAR + L\u00cdNEAS REFLECTANTES STONE ISLAND - ELEVEN\",\"isPartOf\":{\"@id\":\"https:\\\/\\\/www.marodadesign.es\\\/miralles\\\/#website\"},\"primaryImageOfPage\":{\"@id\":\"https:\\\/\\\/www.marodadesign.es\\\/miralles\\\/producto\\\/abrigo-azul-tela-militar-lineas-reflectantes-stone-island\\\/#primaryimage\"},\"image\":{\"@id\":\"https:\\\/\\\/www.marodadesign.es\\\/miralles\\\/producto\\\/abrigo-azul-tela-militar-lineas-reflectantes-stone-island\\\/#primaryimage\"},\"thumbnailUrl\":\"https:\\\/\\\/www.marodadesign.es\\\/miralles\\\/wp-content\\\/uploads\\\/2023\\\/03\\\/abrigo-azul-tela-militar-lineas-reflectantes-stone-island_2.jpg\",\"datePublished\":\"2023-03-27T18:53:38+00:00\",\"dateModified\":\"2023-05-08T15:14:15+00:00\",\"breadcrumb\":{\"@id\":\"https:\\\/\\\/www.marodadesign.es\\\/miralles\\\/producto\\\/abrigo-azul-tela-militar-lineas-reflectantes-stone-island\\\/#breadcrumb\"},\"inLanguage\":\"es\",\"potentialAction\":[{\"@type\":\"ReadAction\",\"target\":[\"https:\\\/\\\/www.marodadesign.es\\\/miralles\\\/producto\\\/abrigo-azul-tela-militar-lineas-reflectantes-stone-island\\\/\"]}]},{\"@type\":\"ImageObject\",\"inLanguage\":\"es\",\"@id\":\"https:\\\/\\\/www.marodadesign.es\\\/miralles\\\/producto\\\/abrigo-azul-tela-militar-lineas-reflectantes-stone-island\\\/#primaryimage\",\"url\":\"https:\\\/\\\/www.marodadesign.es\\\/miralles\\\/wp-content\\\/uploads\\\/2023\\\/03\\\/abrigo-azul-tela-militar-lineas-reflectantes-stone-island_2.jpg\",\"contentUrl\":\"https:\\\/\\\/www.marodadesign.es\\\/miralles\\\/wp-content\\\/uploads\\\/2023\\\/03\\\/abrigo-azul-tela-militar-lineas-reflectantes-stone-island_2.jpg\",\"width\":1300,\"height\":1300},{\"@type\":\"BreadcrumbList\",\"@id\":\"https:\\\/\\\/www.marodadesign.es\\\/miralles\\\/producto\\\/abrigo-azul-tela-militar-lineas-reflectantes-stone-island\\\/#breadcrumb\",\"itemListElement\":[{\"@type\":\"ListItem\",\"position\":1,\"name\":\"Portada\",\"item\":\"https:\\\/\\\/www.marodadesign.es\\\/miralles\\\/\"},{\"@type\":\"ListItem\",\"position\":2,\"name\":\"Tienda\",\"item\":\"https:\\\/\\\/www.marodadesign.es\\\/miralles\\\/tienda\\\/\"},{\"@type\":\"ListItem\",\"position\":3,\"name\":\"ABRIGO AZUL TELA MILITAR + L\u00cdNEAS REFLECTANTES STONE ISLAND\"}]},{\"@type\":\"WebSite\",\"@id\":\"https:\\\/\\\/www.marodadesign.es\\\/miralles\\\/#website\",\"url\":\"https:\\\/\\\/www.marodadesign.es\\\/miralles\\\/\",\"name\":\"ELEVEN\",\"description\":\"Moda para hombre en Valencia\",\"publisher\":{\"@id\":\"https:\\\/\\\/www.marodadesign.es\\\/miralles\\\/#organization\"},\"potentialAction\":[{\"@type\":\"SearchAction\",\"target\":{\"@type\":\"EntryPoint\",\"urlTemplate\":\"https:\\\/\\\/www.marodadesign.es\\\/miralles\\\/?s={search_term_string}\"},\"query-input\":{\"@type\":\"PropertyValueSpecification\",\"valueRequired\":true,\"valueName\":\"search_term_string\"}}],\"inLanguage\":\"es\"},{\"@type\":\"Organization\",\"@id\":\"https:\\\/\\\/www.marodadesign.es\\\/miralles\\\/#organization\",\"name\":\"Eleven Valencia\",\"alternateName\":\"Eleven\",\"url\":\"https:\\\/\\\/www.marodadesign.es\\\/miralles\\\/\",\"logo\":{\"@type\":\"ImageObject\",\"inLanguage\":\"es\",\"@id\":\"https:\\\/\\\/www.marodadesign.es\\\/miralles\\\/#\\\/schema\\\/logo\\\/image\\\/\",\"url\":\"https:\\\/\\\/www.marodadesign.es\\\/miralles\\\/wp-content\\\/uploads\\\/2023\\\/05\\\/Simbolo-Eleven-Valencia.jpg\",\"contentUrl\":\"https:\\\/\\\/www.marodadesign.es\\\/miralles\\\/wp-content\\\/uploads\\\/2023\\\/05\\\/Simbolo-Eleven-Valencia.jpg\",\"width\":600,\"height\":600,\"caption\":\"Eleven Valencia\"},\"image\":{\"@id\":\"https:\\\/\\\/www.marodadesign.es\\\/miralles\\\/#\\\/schema\\\/logo\\\/image\\\/\"}}]}<\/script>\n<!-- \/ Yoast SEO plugin. -->","yoast_head_json":{"title":"ABRIGO AZUL TELA MILITAR + L\u00cdNEAS REFLECTANTES STONE ISLAND - ELEVEN","robots":{"index":"noindex","follow":"follow","max-snippet":"max-snippet:-1","max-image-preview":"max-image-preview:large","max-video-preview":"max-video-preview:-1"},"og_locale":"es_ES","og_type":"article","og_title":"ABRIGO AZUL TELA MILITAR + L\u00cdNEAS REFLECTANTES STONE ISLAND - ELEVEN","og_description":"Chaqueta azul\u00a0de estilo militar y l\u00edneas reflectantes de STONE ISLAND para la temporada Oto\u00f1o-Invierno 2022. Se trata de una chaquet\u00f3n de estilo cruzado y fabricado en lana y nailon perchado. El estilo recuerda a las mantas militares del mismo tejido, con una composici\u00f3n en trama de hilos reflectantes. Tiene una composici\u00f3n de rayas paralelas dispuestas en distintas zonas de la prenda.","og_url":"https:\/\/www.marodadesign.es\/miralles\/producto\/abrigo-azul-tela-militar-lineas-reflectantes-stone-island\/","og_site_name":"ELEVEN","article_modified_time":"2023-05-08T15:14:15+00:00","og_image":[{"width":1300,"height":1300,"url":"https:\/\/www.marodadesign.es\/miralles\/wp-content\/uploads\/2023\/03\/abrigo-azul-tela-militar-lineas-reflectantes-stone-island_2.jpg","type":"image\/jpeg"}],"twitter_card":"summary_large_image","twitter_misc":{"Tiempo de lectura":"1 minuto"},"schema":{"@context":"https:\/\/schema.org","@graph":[{"@type":"WebPage","@id":"https:\/\/www.marodadesign.es\/miralles\/producto\/abrigo-azul-tela-militar-lineas-reflectantes-stone-island\/","url":"https:\/\/www.marodadesign.es\/miralles\/producto\/abrigo-azul-tela-militar-lineas-reflectantes-stone-island\/","name":"ABRIGO AZUL TELA MILITAR + L\u00cdNEAS REFLECTANTES STONE ISLAND - ELEVEN","isPartOf":{"@id":"https:\/\/www.marodadesign.es\/miralles\/#website"},"primaryImageOfPage":{"@id":"https:\/\/www.marodadesign.es\/miralles\/producto\/abrigo-azul-tela-militar-lineas-reflectantes-stone-island\/#primaryimage"},"image":{"@id":"https:\/\/www.marodadesign.es\/miralles\/producto\/abrigo-azul-tela-militar-lineas-reflectantes-stone-island\/#primaryimage"},"thumbnailUrl":"https:\/\/www.marodadesign.es\/miralles\/wp-content\/uploads\/2023\/03\/abrigo-azul-tela-militar-lineas-reflectantes-stone-island_2.jpg","datePublished":"2023-03-27T18:53:38+00:00","dateModified":"2023-05-08T15:14:15+00:00","breadcrumb":{"@id":"https:\/\/www.marodadesign.es\/miralles\/producto\/abrigo-azul-tela-militar-lineas-reflectantes-stone-island\/#breadcrumb"},"inLanguage":"es","potentialAction":[{"@type":"ReadAction","target":["https:\/\/www.marodadesign.es\/miralles\/producto\/abrigo-azul-tela-militar-lineas-reflectantes-stone-island\/"]}]},{"@type":"ImageObject","inLanguage":"es","@id":"https:\/\/www.marodadesign.es\/miralles\/producto\/abrigo-azul-tela-militar-lineas-reflectantes-stone-island\/#primaryimage","url":"https:\/\/www.marodadesign.es\/miralles\/wp-content\/uploads\/2023\/03\/abrigo-azul-tela-militar-lineas-reflectantes-stone-island_2.jpg","contentUrl":"https:\/\/www.marodadesign.es\/miralles\/wp-content\/uploads\/2023\/03\/abrigo-azul-tela-militar-lineas-reflectantes-stone-island_2.jpg","width":1300,"height":1300},{"@type":"BreadcrumbList","@id":"https:\/\/www.marodadesign.es\/miralles\/producto\/abrigo-azul-tela-militar-lineas-reflectantes-stone-island\/#breadcrumb","itemListElement":[{"@type":"ListItem","position":1,"name":"Portada","item":"https:\/\/www.marodadesign.es\/miralles\/"},{"@type":"ListItem","position":2,"name":"Tienda","item":"https:\/\/www.marodadesign.es\/miralles\/tienda\/"},{"@type":"ListItem","position":3,"name":"ABRIGO AZUL TELA MILITAR + L\u00cdNEAS REFLECTANTES STONE ISLAND"}]},{"@type":"WebSite","@id":"https:\/\/www.marodadesign.es\/miralles\/#website","url":"https:\/\/www.marodadesign.es\/miralles\/","name":"ELEVEN","description":"Moda para hombre en Valencia","publisher":{"@id":"https:\/\/www.marodadesign.es\/miralles\/#organization"},"potentialAction":[{"@type":"SearchAction","target":{"@type":"EntryPoint","urlTemplate":"https:\/\/www.marodadesign.es\/miralles\/?s={search_term_string}"},"query-input":{"@type":"PropertyValueSpecification","valueRequired":true,"valueName":"search_term_string"}}],"inLanguage":"es"},{"@type":"Organization","@id":"https:\/\/www.marodadesign.es\/miralles\/#organization","name":"Eleven Valencia","alternateName":"Eleven","url":"https:\/\/www.marodadesign.es\/miralles\/","logo":{"@type":"ImageObject","inLanguage":"es","@id":"https:\/\/www.marodadesign.es\/miralles\/#\/schema\/logo\/image\/","url":"https:\/\/www.marodadesign.es\/miralles\/wp-content\/uploads\/2023\/05\/Simbolo-Eleven-Valencia.jpg","contentUrl":"https:\/\/www.marodadesign.es\/miralles\/wp-content\/uploads\/2023\/05\/Simbolo-Eleven-Valencia.jpg","width":600,"height":600,"caption":"Eleven Valencia"},"image":{"@id":"https:\/\/www.marodadesign.es\/miralles\/#\/schema\/logo\/image\/"}}]}},"brands":[{"id":165,"name":"Stone Island","slug":"stone-island"}],"_links":{"self":[{"href":"https:\/\/www.marodadesign.es\/miralles\/wp-json\/wp\/v2\/product\/3144","targetHints":{"allow":["GET"]}}],"collection":[{"href":"https:\/\/www.marodadesign.es\/miralles\/wp-json\/wp\/v2\/product"}],"about":[{"href":"https:\/\/www.marodadesign.es\/miralles\/wp-json\/wp\/v2\/types\/product"}],"wp:featuredmedia":[{"embeddable":true,"href":"https:\/\/www.marodadesign.es\/miralles\/wp-json\/wp\/v2\/media\/3217"}],"wp:attachment":[{"href":"https:\/\/www.marodadesign.es\/miralles\/wp-json\/wp\/v2\/media?parent=3144"}],"wp:term":[{"taxonomy":"pwb-brand","embeddable":true,"href":"https:\/\/www.marodadesign.es\/miralles\/wp-json\/wp\/v2\/pwb-brand?post=3144"},{"taxonomy":"product_brand","embeddable":true,"href":"https:\/\/www.marodadesign.es\/miralles\/wp-json\/wp\/v2\/product_brand?post=3144"},{"taxonomy":"product_cat","embeddable":true,"href":"https:\/\/www.marodadesign.es\/miralles\/wp-json\/wp\/v2\/product_cat?post=3144"},{"taxonomy":"product_tag","embeddable":true,"href":"https:\/\/www.marodadesign.es\/miralles\/wp-json\/wp\/v2\/product_tag?post=3144"}],"curies":[{"name":"wp","href":"https:\/\/api.w.org\/{rel}","templated":true}]}}