{"id":3146,"date":"2023-03-27T18:53:38","date_gmt":"2023-03-27T18:53:38","guid":{"rendered":"https:\/\/www.marodadesign.es\/miralles\/?post_type=product&#038;p=3146"},"modified":"2023-05-08T17:13:40","modified_gmt":"2023-05-08T15:13:40","slug":"parka-ligera-azul-claro-stone-island","status":"publish","type":"product","link":"https:\/\/www.marodadesign.es\/miralles\/producto\/parka-ligera-azul-claro-stone-island\/","title":{"rendered":"PARKA LIGERA AZUL CLARO STONE ISLAND"},"content":{"rendered":"<p>Parka azul claro de Stone Island destinada a la temporada Primavera-Verano 2023. Presenta una capucha ajustable con cord\u00f3n, mientras que en los laterales dispone de bolsillos en diagonal con cierre en cremallera, y un logo bordado en el brazo derecho con el distintivo de la rosa de los vientos de Stone Island. Los pu\u00f1os tienen cierre autom\u00e1tico abotonado, y para un mayor ajuste en la cintura tiene un cord\u00f3n el\u00e1stico en la zona del bajo. La capa interna est\u00e1 forrada con malla, mientras que el cierre principal de la chaqueta es en cremallera con carro doble.<\/p>\n","protected":false},"excerpt":{"rendered":"<p>Cazadora ligera azul claro con capucha de STONE ISLAND para la temporada Primavera-Verano 2023. Ha sido confeccionad en un ligero tejido reps de nailon de gran refuerzo, con una parte interna con resina aplicada para que se pueda consiguir una mayor resistencia cortavientos, adem\u00e1s de una mayor capacidad hidr\u00f3fuga. La superficie es rugosa y de color azul celeste agua marina, y viene aplicada con un agente especial sin PFC a la soluci\u00f3n de te\u00f1ido.<\/p>\n","protected":false},"featured_media":3226,"template":"","meta":[],"pwb-brand":[165],"product_brand":[],"product_cat":[274,275,168],"product_tag":[271,210,276,277,179,205,183],"class_list":{"0":"post-3146","1":"product","2":"type-product","3":"status-publish","4":"has-post-thumbnail","6":"pwb-brand-stone-island","7":"product_cat-abrigos","8":"product_cat-parka","9":"product_cat-ropa","10":"product_tag-271","11":"product_tag-algodon","12":"product_tag-azul-claro","13":"product_tag-ligera","14":"product_tag-parka","15":"product_tag-primavera-verano-stone-island","16":"product_tag-stone-island","18":"first","19":"instock","20":"featured","21":"sold-individually","22":"taxable","23":"shipping-taxable","24":"purchasable","25":"product-type-variable"},"yoast_head":"<!-- This site is optimized with the Yoast SEO plugin v27.5 - https:\/\/yoast.com\/product\/yoast-seo-wordpress\/ -->\n<title>PARKA LIGERA AZUL CLARO STONE ISLAND - ELEVEN<\/title>\n<meta name=\"robots\" content=\"noindex, follow, max-snippet:-1, max-image-preview:large, max-video-preview:-1\" \/>\n<meta property=\"og:locale\" content=\"es_ES\" \/>\n<meta property=\"og:type\" content=\"article\" \/>\n<meta property=\"og:title\" content=\"PARKA LIGERA AZUL CLARO STONE ISLAND - ELEVEN\" \/>\n<meta property=\"og:description\" content=\"Cazadora ligera azul claro con capucha de STONE ISLAND para la temporada Primavera-Verano 2023. Ha sido confeccionad en un ligero tejido reps de nailon de gran refuerzo, con una parte interna con resina aplicada para que se pueda consiguir una mayor resistencia cortavientos, adem\u00e1s de una mayor capacidad hidr\u00f3fuga. La superficie es rugosa y de color azul celeste agua marina, y viene aplicada con un agente especial sin PFC a la soluci\u00f3n de te\u00f1ido.\" \/>\n<meta property=\"og:url\" content=\"https:\/\/www.marodadesign.es\/miralles\/producto\/parka-ligera-azul-claro-stone-island\/\" \/>\n<meta property=\"og:site_name\" content=\"ELEVEN\" \/>\n<meta property=\"article:modified_time\" content=\"2023-05-08T15:13:40+00:00\" \/>\n<meta property=\"og:image\" content=\"https:\/\/www.marodadesign.es\/miralles\/wp-content\/uploads\/2023\/03\/parka-ligera-azul-claro-stone-island.jpg\" \/>\n\t<meta property=\"og:image:width\" content=\"1300\" \/>\n\t<meta property=\"og:image:height\" content=\"1300\" \/>\n\t<meta property=\"og:image:type\" content=\"image\/jpeg\" \/>\n<meta name=\"twitter:card\" content=\"summary_large_image\" \/>\n<meta name=\"twitter:label1\" content=\"Tiempo de lectura\" \/>\n\t<meta name=\"twitter:data1\" content=\"1 minuto\" \/>\n<script type=\"application\/ld+json\" class=\"yoast-schema-graph\">{\"@context\":\"https:\\\/\\\/schema.org\",\"@graph\":[{\"@type\":\"WebPage\",\"@id\":\"https:\\\/\\\/www.marodadesign.es\\\/miralles\\\/producto\\\/parka-ligera-azul-claro-stone-island\\\/\",\"url\":\"https:\\\/\\\/www.marodadesign.es\\\/miralles\\\/producto\\\/parka-ligera-azul-claro-stone-island\\\/\",\"name\":\"PARKA LIGERA AZUL CLARO STONE ISLAND - ELEVEN\",\"isPartOf\":{\"@id\":\"https:\\\/\\\/www.marodadesign.es\\\/miralles\\\/#website\"},\"primaryImageOfPage\":{\"@id\":\"https:\\\/\\\/www.marodadesign.es\\\/miralles\\\/producto\\\/parka-ligera-azul-claro-stone-island\\\/#primaryimage\"},\"image\":{\"@id\":\"https:\\\/\\\/www.marodadesign.es\\\/miralles\\\/producto\\\/parka-ligera-azul-claro-stone-island\\\/#primaryimage\"},\"thumbnailUrl\":\"https:\\\/\\\/www.marodadesign.es\\\/miralles\\\/wp-content\\\/uploads\\\/2023\\\/03\\\/parka-ligera-azul-claro-stone-island.jpg\",\"datePublished\":\"2023-03-27T18:53:38+00:00\",\"dateModified\":\"2023-05-08T15:13:40+00:00\",\"breadcrumb\":{\"@id\":\"https:\\\/\\\/www.marodadesign.es\\\/miralles\\\/producto\\\/parka-ligera-azul-claro-stone-island\\\/#breadcrumb\"},\"inLanguage\":\"es\",\"potentialAction\":[{\"@type\":\"ReadAction\",\"target\":[\"https:\\\/\\\/www.marodadesign.es\\\/miralles\\\/producto\\\/parka-ligera-azul-claro-stone-island\\\/\"]}]},{\"@type\":\"ImageObject\",\"inLanguage\":\"es\",\"@id\":\"https:\\\/\\\/www.marodadesign.es\\\/miralles\\\/producto\\\/parka-ligera-azul-claro-stone-island\\\/#primaryimage\",\"url\":\"https:\\\/\\\/www.marodadesign.es\\\/miralles\\\/wp-content\\\/uploads\\\/2023\\\/03\\\/parka-ligera-azul-claro-stone-island.jpg\",\"contentUrl\":\"https:\\\/\\\/www.marodadesign.es\\\/miralles\\\/wp-content\\\/uploads\\\/2023\\\/03\\\/parka-ligera-azul-claro-stone-island.jpg\",\"width\":1300,\"height\":1300},{\"@type\":\"BreadcrumbList\",\"@id\":\"https:\\\/\\\/www.marodadesign.es\\\/miralles\\\/producto\\\/parka-ligera-azul-claro-stone-island\\\/#breadcrumb\",\"itemListElement\":[{\"@type\":\"ListItem\",\"position\":1,\"name\":\"Portada\",\"item\":\"https:\\\/\\\/www.marodadesign.es\\\/miralles\\\/\"},{\"@type\":\"ListItem\",\"position\":2,\"name\":\"Tienda\",\"item\":\"https:\\\/\\\/www.marodadesign.es\\\/miralles\\\/tienda\\\/\"},{\"@type\":\"ListItem\",\"position\":3,\"name\":\"PARKA LIGERA AZUL CLARO STONE ISLAND\"}]},{\"@type\":\"WebSite\",\"@id\":\"https:\\\/\\\/www.marodadesign.es\\\/miralles\\\/#website\",\"url\":\"https:\\\/\\\/www.marodadesign.es\\\/miralles\\\/\",\"name\":\"ELEVEN\",\"description\":\"Moda para hombre en Valencia\",\"publisher\":{\"@id\":\"https:\\\/\\\/www.marodadesign.es\\\/miralles\\\/#organization\"},\"potentialAction\":[{\"@type\":\"SearchAction\",\"target\":{\"@type\":\"EntryPoint\",\"urlTemplate\":\"https:\\\/\\\/www.marodadesign.es\\\/miralles\\\/?s={search_term_string}\"},\"query-input\":{\"@type\":\"PropertyValueSpecification\",\"valueRequired\":true,\"valueName\":\"search_term_string\"}}],\"inLanguage\":\"es\"},{\"@type\":\"Organization\",\"@id\":\"https:\\\/\\\/www.marodadesign.es\\\/miralles\\\/#organization\",\"name\":\"Eleven Valencia\",\"alternateName\":\"Eleven\",\"url\":\"https:\\\/\\\/www.marodadesign.es\\\/miralles\\\/\",\"logo\":{\"@type\":\"ImageObject\",\"inLanguage\":\"es\",\"@id\":\"https:\\\/\\\/www.marodadesign.es\\\/miralles\\\/#\\\/schema\\\/logo\\\/image\\\/\",\"url\":\"https:\\\/\\\/www.marodadesign.es\\\/miralles\\\/wp-content\\\/uploads\\\/2023\\\/05\\\/Simbolo-Eleven-Valencia.jpg\",\"contentUrl\":\"https:\\\/\\\/www.marodadesign.es\\\/miralles\\\/wp-content\\\/uploads\\\/2023\\\/05\\\/Simbolo-Eleven-Valencia.jpg\",\"width\":600,\"height\":600,\"caption\":\"Eleven Valencia\"},\"image\":{\"@id\":\"https:\\\/\\\/www.marodadesign.es\\\/miralles\\\/#\\\/schema\\\/logo\\\/image\\\/\"}}]}<\/script>\n<!-- \/ Yoast SEO plugin. -->","yoast_head_json":{"title":"PARKA LIGERA AZUL CLARO STONE ISLAND - ELEVEN","robots":{"index":"noindex","follow":"follow","max-snippet":"max-snippet:-1","max-image-preview":"max-image-preview:large","max-video-preview":"max-video-preview:-1"},"og_locale":"es_ES","og_type":"article","og_title":"PARKA LIGERA AZUL CLARO STONE ISLAND - ELEVEN","og_description":"Cazadora ligera azul claro con capucha de STONE ISLAND para la temporada Primavera-Verano 2023. Ha sido confeccionad en un ligero tejido reps de nailon de gran refuerzo, con una parte interna con resina aplicada para que se pueda consiguir una mayor resistencia cortavientos, adem\u00e1s de una mayor capacidad hidr\u00f3fuga. La superficie es rugosa y de color azul celeste agua marina, y viene aplicada con un agente especial sin PFC a la soluci\u00f3n de te\u00f1ido.","og_url":"https:\/\/www.marodadesign.es\/miralles\/producto\/parka-ligera-azul-claro-stone-island\/","og_site_name":"ELEVEN","article_modified_time":"2023-05-08T15:13:40+00:00","og_image":[{"width":1300,"height":1300,"url":"https:\/\/www.marodadesign.es\/miralles\/wp-content\/uploads\/2023\/03\/parka-ligera-azul-claro-stone-island.jpg","type":"image\/jpeg"}],"twitter_card":"summary_large_image","twitter_misc":{"Tiempo de lectura":"1 minuto"},"schema":{"@context":"https:\/\/schema.org","@graph":[{"@type":"WebPage","@id":"https:\/\/www.marodadesign.es\/miralles\/producto\/parka-ligera-azul-claro-stone-island\/","url":"https:\/\/www.marodadesign.es\/miralles\/producto\/parka-ligera-azul-claro-stone-island\/","name":"PARKA LIGERA AZUL CLARO STONE ISLAND - ELEVEN","isPartOf":{"@id":"https:\/\/www.marodadesign.es\/miralles\/#website"},"primaryImageOfPage":{"@id":"https:\/\/www.marodadesign.es\/miralles\/producto\/parka-ligera-azul-claro-stone-island\/#primaryimage"},"image":{"@id":"https:\/\/www.marodadesign.es\/miralles\/producto\/parka-ligera-azul-claro-stone-island\/#primaryimage"},"thumbnailUrl":"https:\/\/www.marodadesign.es\/miralles\/wp-content\/uploads\/2023\/03\/parka-ligera-azul-claro-stone-island.jpg","datePublished":"2023-03-27T18:53:38+00:00","dateModified":"2023-05-08T15:13:40+00:00","breadcrumb":{"@id":"https:\/\/www.marodadesign.es\/miralles\/producto\/parka-ligera-azul-claro-stone-island\/#breadcrumb"},"inLanguage":"es","potentialAction":[{"@type":"ReadAction","target":["https:\/\/www.marodadesign.es\/miralles\/producto\/parka-ligera-azul-claro-stone-island\/"]}]},{"@type":"ImageObject","inLanguage":"es","@id":"https:\/\/www.marodadesign.es\/miralles\/producto\/parka-ligera-azul-claro-stone-island\/#primaryimage","url":"https:\/\/www.marodadesign.es\/miralles\/wp-content\/uploads\/2023\/03\/parka-ligera-azul-claro-stone-island.jpg","contentUrl":"https:\/\/www.marodadesign.es\/miralles\/wp-content\/uploads\/2023\/03\/parka-ligera-azul-claro-stone-island.jpg","width":1300,"height":1300},{"@type":"BreadcrumbList","@id":"https:\/\/www.marodadesign.es\/miralles\/producto\/parka-ligera-azul-claro-stone-island\/#breadcrumb","itemListElement":[{"@type":"ListItem","position":1,"name":"Portada","item":"https:\/\/www.marodadesign.es\/miralles\/"},{"@type":"ListItem","position":2,"name":"Tienda","item":"https:\/\/www.marodadesign.es\/miralles\/tienda\/"},{"@type":"ListItem","position":3,"name":"PARKA LIGERA AZUL CLARO STONE ISLAND"}]},{"@type":"WebSite","@id":"https:\/\/www.marodadesign.es\/miralles\/#website","url":"https:\/\/www.marodadesign.es\/miralles\/","name":"ELEVEN","description":"Moda para hombre en Valencia","publisher":{"@id":"https:\/\/www.marodadesign.es\/miralles\/#organization"},"potentialAction":[{"@type":"SearchAction","target":{"@type":"EntryPoint","urlTemplate":"https:\/\/www.marodadesign.es\/miralles\/?s={search_term_string}"},"query-input":{"@type":"PropertyValueSpecification","valueRequired":true,"valueName":"search_term_string"}}],"inLanguage":"es"},{"@type":"Organization","@id":"https:\/\/www.marodadesign.es\/miralles\/#organization","name":"Eleven Valencia","alternateName":"Eleven","url":"https:\/\/www.marodadesign.es\/miralles\/","logo":{"@type":"ImageObject","inLanguage":"es","@id":"https:\/\/www.marodadesign.es\/miralles\/#\/schema\/logo\/image\/","url":"https:\/\/www.marodadesign.es\/miralles\/wp-content\/uploads\/2023\/05\/Simbolo-Eleven-Valencia.jpg","contentUrl":"https:\/\/www.marodadesign.es\/miralles\/wp-content\/uploads\/2023\/05\/Simbolo-Eleven-Valencia.jpg","width":600,"height":600,"caption":"Eleven Valencia"},"image":{"@id":"https:\/\/www.marodadesign.es\/miralles\/#\/schema\/logo\/image\/"}}]}},"brands":[{"id":165,"name":"Stone Island","slug":"stone-island"}],"_links":{"self":[{"href":"https:\/\/www.marodadesign.es\/miralles\/wp-json\/wp\/v2\/product\/3146","targetHints":{"allow":["GET"]}}],"collection":[{"href":"https:\/\/www.marodadesign.es\/miralles\/wp-json\/wp\/v2\/product"}],"about":[{"href":"https:\/\/www.marodadesign.es\/miralles\/wp-json\/wp\/v2\/types\/product"}],"wp:featuredmedia":[{"embeddable":true,"href":"https:\/\/www.marodadesign.es\/miralles\/wp-json\/wp\/v2\/media\/3226"}],"wp:attachment":[{"href":"https:\/\/www.marodadesign.es\/miralles\/wp-json\/wp\/v2\/media?parent=3146"}],"wp:term":[{"taxonomy":"pwb-brand","embeddable":true,"href":"https:\/\/www.marodadesign.es\/miralles\/wp-json\/wp\/v2\/pwb-brand?post=3146"},{"taxonomy":"product_brand","embeddable":true,"href":"https:\/\/www.marodadesign.es\/miralles\/wp-json\/wp\/v2\/product_brand?post=3146"},{"taxonomy":"product_cat","embeddable":true,"href":"https:\/\/www.marodadesign.es\/miralles\/wp-json\/wp\/v2\/product_cat?post=3146"},{"taxonomy":"product_tag","embeddable":true,"href":"https:\/\/www.marodadesign.es\/miralles\/wp-json\/wp\/v2\/product_tag?post=3146"}],"curies":[{"name":"wp","href":"https:\/\/api.w.org\/{rel}","templated":true}]}}