{"id":4343,"date":"2023-04-27T18:38:16","date_gmt":"2023-04-27T16:38:16","guid":{"rendered":"https:\/\/www.marodadesign.es\/miralles\/?post_type=product&#038;p=4343"},"modified":"2023-05-08T16:47:22","modified_gmt":"2023-05-08T14:47:22","slug":"zapatillas-blancas-ultraboost-21-y-3","status":"publish","type":"product","link":"https:\/\/www.marodadesign.es\/miralles\/producto\/zapatillas-blancas-ultraboost-21-y-3\/","title":{"rendered":"ZAPATILLAS BLANCAS ULTRABOOST 21 Y-3"},"content":{"rendered":"<p>Botas Y-3 blancas Ultraboost 21. Estas zapatillas suponen una revisi\u00f3n al cl\u00e1sico estilo &#8216;runner&#8217; con una dise\u00f1o que evita los cordones e incluye una parte superior de gran flexibilidad gracias a la tecnolog\u00eda Primeknit. La ingenier\u00eda Boost en la entresuela genera una mayor amortiguaci\u00f3n en la zapatilla y la suela te mantiene continuamente con el pie pegado al suelo. Los tonos marr\u00f3n y naranja destacan en la zona superior de la zapatilla El Y-3 Ultraboost 21 tiene una construcci\u00f3n con cordones con una parte superior adidas Primeknit flexible. La entresuela Boost ofrece una amortiguaci\u00f3n mejorada, mientras que la suela te mantiene conectado a la tierra. Acentos de marr\u00f3n y naranja sobresalen de la parte superior blanca, por lo dem\u00e1s limpia. Los zapatos m\u00e1s \u00ab\u00bb ultrac\u00f3modos \u00ab\u00bb de Y-3. Ha sido fabricada en piel y caucho.<\/p>\n","protected":false},"excerpt":{"rendered":"<p>Zapatillas Y-3 modelo Ultraboost 21 GZ9134, una novedad exclusiva de la firma japonesa de Yohji Yamamoto en colaboraci\u00f3n con la casa ADIDAS, para \u00e9sta temporada Oto\u00f1o-Invierno 2021. Y-3 revisa la cl\u00e1sica silueta de &#8216;running&#8217; de Adidas y la adapta a una construcci\u00f3n con cordones y\u00a0con una zona superior con ingenier\u00eda Primeknit, dotando de mayor flexibilidad al conjunto. La tecnolog\u00eda Ultraboost se asienta en la entresuela para un mayor retorno de energ\u00eda a cada paso. Hay detalles en marr\u00f3n y naranja que destacan en la zona superior de la zapatilla. Gran comodidad y prestancia.<\/p>\n","protected":false},"featured_media":4316,"template":"","meta":[],"pwb-brand":[163],"product_brand":[],"product_cat":[420,423],"product_tag":[199,452,434],"class_list":{"0":"post-4343","1":"product","2":"type-product","3":"status-publish","4":"has-post-thumbnail","6":"pwb-brand-y-3","7":"product_cat-calzado","8":"product_cat-zapatillas","9":"product_tag-blanco","10":"product_tag-y-3","11":"product_tag-zapatillas","13":"first","14":"outofstock","15":"sold-individually","16":"taxable","17":"shipping-taxable","18":"purchasable","19":"product-type-variable"},"yoast_head":"<!-- This site is optimized with the Yoast SEO plugin v27.5 - https:\/\/yoast.com\/product\/yoast-seo-wordpress\/ -->\n<title>ZAPATILLAS BLANCAS ULTRABOOST 21 Y-3 - ELEVEN<\/title>\n<meta name=\"robots\" content=\"noindex, follow, max-snippet:-1, max-image-preview:large, max-video-preview:-1\" \/>\n<meta property=\"og:locale\" content=\"es_ES\" \/>\n<meta property=\"og:type\" content=\"article\" \/>\n<meta property=\"og:title\" content=\"ZAPATILLAS BLANCAS ULTRABOOST 21 Y-3 - ELEVEN\" \/>\n<meta property=\"og:description\" content=\"Zapatillas Y-3 modelo Ultraboost 21 GZ9134, una novedad exclusiva de la firma japonesa de Yohji Yamamoto en colaboraci\u00f3n con la casa ADIDAS, para \u00e9sta temporada Oto\u00f1o-Invierno 2021. Y-3 revisa la cl\u00e1sica silueta de &#039;running&#039; de Adidas y la adapta a una construcci\u00f3n con cordones y\u00a0con una zona superior con ingenier\u00eda Primeknit, dotando de mayor flexibilidad al conjunto. La tecnolog\u00eda Ultraboost se asienta en la entresuela para un mayor retorno de energ\u00eda a cada paso. Hay detalles en marr\u00f3n y naranja que destacan en la zona superior de la zapatilla. Gran comodidad y prestancia.\" \/>\n<meta property=\"og:url\" content=\"https:\/\/www.marodadesign.es\/miralles\/producto\/zapatillas-blancas-ultraboost-21-y-3\/\" \/>\n<meta property=\"og:site_name\" content=\"ELEVEN\" \/>\n<meta property=\"article:modified_time\" content=\"2023-05-08T14:47:22+00:00\" \/>\n<meta property=\"og:image\" content=\"https:\/\/www.marodadesign.es\/miralles\/wp-content\/uploads\/2023\/04\/zapatillas-blancas-ultraboost-21-y-3.jpg\" \/>\n\t<meta property=\"og:image:width\" content=\"1300\" \/>\n\t<meta property=\"og:image:height\" content=\"1300\" \/>\n\t<meta property=\"og:image:type\" content=\"image\/jpeg\" \/>\n<meta name=\"twitter:card\" content=\"summary_large_image\" \/>\n<meta name=\"twitter:label1\" content=\"Tiempo de lectura\" \/>\n\t<meta name=\"twitter:data1\" content=\"1 minuto\" \/>\n<script type=\"application\/ld+json\" class=\"yoast-schema-graph\">{\"@context\":\"https:\\\/\\\/schema.org\",\"@graph\":[{\"@type\":\"WebPage\",\"@id\":\"https:\\\/\\\/www.marodadesign.es\\\/miralles\\\/producto\\\/zapatillas-blancas-ultraboost-21-y-3\\\/\",\"url\":\"https:\\\/\\\/www.marodadesign.es\\\/miralles\\\/producto\\\/zapatillas-blancas-ultraboost-21-y-3\\\/\",\"name\":\"ZAPATILLAS BLANCAS ULTRABOOST 21 Y-3 - ELEVEN\",\"isPartOf\":{\"@id\":\"https:\\\/\\\/www.marodadesign.es\\\/miralles\\\/#website\"},\"primaryImageOfPage\":{\"@id\":\"https:\\\/\\\/www.marodadesign.es\\\/miralles\\\/producto\\\/zapatillas-blancas-ultraboost-21-y-3\\\/#primaryimage\"},\"image\":{\"@id\":\"https:\\\/\\\/www.marodadesign.es\\\/miralles\\\/producto\\\/zapatillas-blancas-ultraboost-21-y-3\\\/#primaryimage\"},\"thumbnailUrl\":\"https:\\\/\\\/www.marodadesign.es\\\/miralles\\\/wp-content\\\/uploads\\\/2023\\\/04\\\/zapatillas-blancas-ultraboost-21-y-3.jpg\",\"datePublished\":\"2023-04-27T16:38:16+00:00\",\"dateModified\":\"2023-05-08T14:47:22+00:00\",\"breadcrumb\":{\"@id\":\"https:\\\/\\\/www.marodadesign.es\\\/miralles\\\/producto\\\/zapatillas-blancas-ultraboost-21-y-3\\\/#breadcrumb\"},\"inLanguage\":\"es\",\"potentialAction\":[{\"@type\":\"ReadAction\",\"target\":[\"https:\\\/\\\/www.marodadesign.es\\\/miralles\\\/producto\\\/zapatillas-blancas-ultraboost-21-y-3\\\/\"]}]},{\"@type\":\"ImageObject\",\"inLanguage\":\"es\",\"@id\":\"https:\\\/\\\/www.marodadesign.es\\\/miralles\\\/producto\\\/zapatillas-blancas-ultraboost-21-y-3\\\/#primaryimage\",\"url\":\"https:\\\/\\\/www.marodadesign.es\\\/miralles\\\/wp-content\\\/uploads\\\/2023\\\/04\\\/zapatillas-blancas-ultraboost-21-y-3.jpg\",\"contentUrl\":\"https:\\\/\\\/www.marodadesign.es\\\/miralles\\\/wp-content\\\/uploads\\\/2023\\\/04\\\/zapatillas-blancas-ultraboost-21-y-3.jpg\",\"width\":1300,\"height\":1300},{\"@type\":\"BreadcrumbList\",\"@id\":\"https:\\\/\\\/www.marodadesign.es\\\/miralles\\\/producto\\\/zapatillas-blancas-ultraboost-21-y-3\\\/#breadcrumb\",\"itemListElement\":[{\"@type\":\"ListItem\",\"position\":1,\"name\":\"Portada\",\"item\":\"https:\\\/\\\/www.marodadesign.es\\\/miralles\\\/\"},{\"@type\":\"ListItem\",\"position\":2,\"name\":\"Tienda\",\"item\":\"https:\\\/\\\/www.marodadesign.es\\\/miralles\\\/tienda\\\/\"},{\"@type\":\"ListItem\",\"position\":3,\"name\":\"ZAPATILLAS BLANCAS ULTRABOOST 21 Y-3\"}]},{\"@type\":\"WebSite\",\"@id\":\"https:\\\/\\\/www.marodadesign.es\\\/miralles\\\/#website\",\"url\":\"https:\\\/\\\/www.marodadesign.es\\\/miralles\\\/\",\"name\":\"ELEVEN\",\"description\":\"Moda para hombre en Valencia\",\"publisher\":{\"@id\":\"https:\\\/\\\/www.marodadesign.es\\\/miralles\\\/#organization\"},\"potentialAction\":[{\"@type\":\"SearchAction\",\"target\":{\"@type\":\"EntryPoint\",\"urlTemplate\":\"https:\\\/\\\/www.marodadesign.es\\\/miralles\\\/?s={search_term_string}\"},\"query-input\":{\"@type\":\"PropertyValueSpecification\",\"valueRequired\":true,\"valueName\":\"search_term_string\"}}],\"inLanguage\":\"es\"},{\"@type\":\"Organization\",\"@id\":\"https:\\\/\\\/www.marodadesign.es\\\/miralles\\\/#organization\",\"name\":\"Eleven Valencia\",\"alternateName\":\"Eleven\",\"url\":\"https:\\\/\\\/www.marodadesign.es\\\/miralles\\\/\",\"logo\":{\"@type\":\"ImageObject\",\"inLanguage\":\"es\",\"@id\":\"https:\\\/\\\/www.marodadesign.es\\\/miralles\\\/#\\\/schema\\\/logo\\\/image\\\/\",\"url\":\"https:\\\/\\\/www.marodadesign.es\\\/miralles\\\/wp-content\\\/uploads\\\/2023\\\/05\\\/Simbolo-Eleven-Valencia.jpg\",\"contentUrl\":\"https:\\\/\\\/www.marodadesign.es\\\/miralles\\\/wp-content\\\/uploads\\\/2023\\\/05\\\/Simbolo-Eleven-Valencia.jpg\",\"width\":600,\"height\":600,\"caption\":\"Eleven Valencia\"},\"image\":{\"@id\":\"https:\\\/\\\/www.marodadesign.es\\\/miralles\\\/#\\\/schema\\\/logo\\\/image\\\/\"}}]}<\/script>\n<!-- \/ Yoast SEO plugin. -->","yoast_head_json":{"title":"ZAPATILLAS BLANCAS ULTRABOOST 21 Y-3 - ELEVEN","robots":{"index":"noindex","follow":"follow","max-snippet":"max-snippet:-1","max-image-preview":"max-image-preview:large","max-video-preview":"max-video-preview:-1"},"og_locale":"es_ES","og_type":"article","og_title":"ZAPATILLAS BLANCAS ULTRABOOST 21 Y-3 - ELEVEN","og_description":"Zapatillas Y-3 modelo Ultraboost 21 GZ9134, una novedad exclusiva de la firma japonesa de Yohji Yamamoto en colaboraci\u00f3n con la casa ADIDAS, para \u00e9sta temporada Oto\u00f1o-Invierno 2021. Y-3 revisa la cl\u00e1sica silueta de 'running' de Adidas y la adapta a una construcci\u00f3n con cordones y\u00a0con una zona superior con ingenier\u00eda Primeknit, dotando de mayor flexibilidad al conjunto. La tecnolog\u00eda Ultraboost se asienta en la entresuela para un mayor retorno de energ\u00eda a cada paso. Hay detalles en marr\u00f3n y naranja que destacan en la zona superior de la zapatilla. Gran comodidad y prestancia.","og_url":"https:\/\/www.marodadesign.es\/miralles\/producto\/zapatillas-blancas-ultraboost-21-y-3\/","og_site_name":"ELEVEN","article_modified_time":"2023-05-08T14:47:22+00:00","og_image":[{"width":1300,"height":1300,"url":"https:\/\/www.marodadesign.es\/miralles\/wp-content\/uploads\/2023\/04\/zapatillas-blancas-ultraboost-21-y-3.jpg","type":"image\/jpeg"}],"twitter_card":"summary_large_image","twitter_misc":{"Tiempo de lectura":"1 minuto"},"schema":{"@context":"https:\/\/schema.org","@graph":[{"@type":"WebPage","@id":"https:\/\/www.marodadesign.es\/miralles\/producto\/zapatillas-blancas-ultraboost-21-y-3\/","url":"https:\/\/www.marodadesign.es\/miralles\/producto\/zapatillas-blancas-ultraboost-21-y-3\/","name":"ZAPATILLAS BLANCAS ULTRABOOST 21 Y-3 - ELEVEN","isPartOf":{"@id":"https:\/\/www.marodadesign.es\/miralles\/#website"},"primaryImageOfPage":{"@id":"https:\/\/www.marodadesign.es\/miralles\/producto\/zapatillas-blancas-ultraboost-21-y-3\/#primaryimage"},"image":{"@id":"https:\/\/www.marodadesign.es\/miralles\/producto\/zapatillas-blancas-ultraboost-21-y-3\/#primaryimage"},"thumbnailUrl":"https:\/\/www.marodadesign.es\/miralles\/wp-content\/uploads\/2023\/04\/zapatillas-blancas-ultraboost-21-y-3.jpg","datePublished":"2023-04-27T16:38:16+00:00","dateModified":"2023-05-08T14:47:22+00:00","breadcrumb":{"@id":"https:\/\/www.marodadesign.es\/miralles\/producto\/zapatillas-blancas-ultraboost-21-y-3\/#breadcrumb"},"inLanguage":"es","potentialAction":[{"@type":"ReadAction","target":["https:\/\/www.marodadesign.es\/miralles\/producto\/zapatillas-blancas-ultraboost-21-y-3\/"]}]},{"@type":"ImageObject","inLanguage":"es","@id":"https:\/\/www.marodadesign.es\/miralles\/producto\/zapatillas-blancas-ultraboost-21-y-3\/#primaryimage","url":"https:\/\/www.marodadesign.es\/miralles\/wp-content\/uploads\/2023\/04\/zapatillas-blancas-ultraboost-21-y-3.jpg","contentUrl":"https:\/\/www.marodadesign.es\/miralles\/wp-content\/uploads\/2023\/04\/zapatillas-blancas-ultraboost-21-y-3.jpg","width":1300,"height":1300},{"@type":"BreadcrumbList","@id":"https:\/\/www.marodadesign.es\/miralles\/producto\/zapatillas-blancas-ultraboost-21-y-3\/#breadcrumb","itemListElement":[{"@type":"ListItem","position":1,"name":"Portada","item":"https:\/\/www.marodadesign.es\/miralles\/"},{"@type":"ListItem","position":2,"name":"Tienda","item":"https:\/\/www.marodadesign.es\/miralles\/tienda\/"},{"@type":"ListItem","position":3,"name":"ZAPATILLAS BLANCAS ULTRABOOST 21 Y-3"}]},{"@type":"WebSite","@id":"https:\/\/www.marodadesign.es\/miralles\/#website","url":"https:\/\/www.marodadesign.es\/miralles\/","name":"ELEVEN","description":"Moda para hombre en Valencia","publisher":{"@id":"https:\/\/www.marodadesign.es\/miralles\/#organization"},"potentialAction":[{"@type":"SearchAction","target":{"@type":"EntryPoint","urlTemplate":"https:\/\/www.marodadesign.es\/miralles\/?s={search_term_string}"},"query-input":{"@type":"PropertyValueSpecification","valueRequired":true,"valueName":"search_term_string"}}],"inLanguage":"es"},{"@type":"Organization","@id":"https:\/\/www.marodadesign.es\/miralles\/#organization","name":"Eleven Valencia","alternateName":"Eleven","url":"https:\/\/www.marodadesign.es\/miralles\/","logo":{"@type":"ImageObject","inLanguage":"es","@id":"https:\/\/www.marodadesign.es\/miralles\/#\/schema\/logo\/image\/","url":"https:\/\/www.marodadesign.es\/miralles\/wp-content\/uploads\/2023\/05\/Simbolo-Eleven-Valencia.jpg","contentUrl":"https:\/\/www.marodadesign.es\/miralles\/wp-content\/uploads\/2023\/05\/Simbolo-Eleven-Valencia.jpg","width":600,"height":600,"caption":"Eleven Valencia"},"image":{"@id":"https:\/\/www.marodadesign.es\/miralles\/#\/schema\/logo\/image\/"}}]}},"brands":[{"id":163,"name":"Y-3","slug":"y-3"}],"_links":{"self":[{"href":"https:\/\/www.marodadesign.es\/miralles\/wp-json\/wp\/v2\/product\/4343","targetHints":{"allow":["GET"]}}],"collection":[{"href":"https:\/\/www.marodadesign.es\/miralles\/wp-json\/wp\/v2\/product"}],"about":[{"href":"https:\/\/www.marodadesign.es\/miralles\/wp-json\/wp\/v2\/types\/product"}],"wp:featuredmedia":[{"embeddable":true,"href":"https:\/\/www.marodadesign.es\/miralles\/wp-json\/wp\/v2\/media\/4316"}],"wp:attachment":[{"href":"https:\/\/www.marodadesign.es\/miralles\/wp-json\/wp\/v2\/media?parent=4343"}],"wp:term":[{"taxonomy":"pwb-brand","embeddable":true,"href":"https:\/\/www.marodadesign.es\/miralles\/wp-json\/wp\/v2\/pwb-brand?post=4343"},{"taxonomy":"product_brand","embeddable":true,"href":"https:\/\/www.marodadesign.es\/miralles\/wp-json\/wp\/v2\/product_brand?post=4343"},{"taxonomy":"product_cat","embeddable":true,"href":"https:\/\/www.marodadesign.es\/miralles\/wp-json\/wp\/v2\/product_cat?post=4343"},{"taxonomy":"product_tag","embeddable":true,"href":"https:\/\/www.marodadesign.es\/miralles\/wp-json\/wp\/v2\/product_tag?post=4343"}],"curies":[{"name":"wp","href":"https:\/\/api.w.org\/{rel}","templated":true}]}}