{"id":4347,"date":"2023-04-27T18:38:16","date_gmt":"2023-04-27T16:38:16","guid":{"rendered":"https:\/\/www.marodadesign.es\/miralles\/?post_type=product&#038;p=4347"},"modified":"2023-05-08T16:56:54","modified_gmt":"2023-05-08T14:56:54","slug":"zapatillas-kaiwa-hq3672-y-3","status":"publish","type":"product","link":"https:\/\/www.marodadesign.es\/miralles\/producto\/zapatillas-kaiwa-hq3672-y-3\/","title":{"rendered":"ZAPATILLAS KAIWA HQ3672 Y-3"},"content":{"rendered":"<p>Zapatillas Kaiwa de Y-3 HQ3672, novedad exclusiva de Yohji Yamamoto en colaboraci\u00f3n con Adidas. Estas zapatillas retoman el estilo cl\u00e1sico de anta\u00f1o dentro de la silueta de running. Han sido confeccionadas combinando el tono marr\u00f3n principal, con estratos en met\u00e1lico y blanco. La entresuela EVA proporciona m\u00e1s amortiguaci\u00f3n y retorno de energ\u00eda a cada paso que damos con ellas, mientras que el empeine ha sido tejido en poli\u00e9ster. Forrada en cuero, cuenta con un cierre de cordones y garantizan una gran comodidad durante su uso.<\/p>\n","protected":false},"excerpt":{"rendered":"<p>Zapatillas Y-3 modelo\u00a0Kaiwa HQ3672, una novedad exclusiva de la firma japonesa de Yohji Yamamoto en colaboraci\u00f3n con la casa ADIDAS, para \u00e9sta temporada Oto\u00f1o-Invierno 2022. Y-3 resucita el dise\u00f1o de la silueta de running gracias a este modelo de estilo progresivo, retomando el estilo pionero que marc\u00f3 tendencia dentro de la marca. Garantiza una gran comodidad durante su uso y su zona superior ha sido tejida. Tiene un empeine tejido en poli\u00e9ster y ha sido forrada en cuero. Entresuela EVA para una mayor amortiguaci\u00f3n.TALLAS USA.<\/p>\n","protected":false},"featured_media":4333,"template":"","meta":[],"pwb-brand":[163],"product_brand":[],"product_cat":[420,423],"product_tag":[452,434],"class_list":{"0":"post-4347","1":"product","2":"type-product","3":"status-publish","4":"has-post-thumbnail","6":"pwb-brand-y-3","7":"product_cat-calzado","8":"product_cat-zapatillas","9":"product_tag-y-3","10":"product_tag-zapatillas","12":"first","13":"instock","14":"featured","15":"sold-individually","16":"taxable","17":"shipping-taxable","18":"purchasable","19":"product-type-variable"},"yoast_head":"<!-- This site is optimized with the Yoast SEO plugin v27.5 - https:\/\/yoast.com\/product\/yoast-seo-wordpress\/ -->\n<title>ZAPATILLAS KAIWA HQ3672 Y-3 - ELEVEN<\/title>\n<meta name=\"robots\" content=\"noindex, follow, max-snippet:-1, max-image-preview:large, max-video-preview:-1\" \/>\n<meta property=\"og:locale\" content=\"es_ES\" \/>\n<meta property=\"og:type\" content=\"article\" \/>\n<meta property=\"og:title\" content=\"ZAPATILLAS KAIWA HQ3672 Y-3 - ELEVEN\" \/>\n<meta property=\"og:description\" content=\"Zapatillas Y-3 modelo\u00a0Kaiwa HQ3672, una novedad exclusiva de la firma japonesa de Yohji Yamamoto en colaboraci\u00f3n con la casa ADIDAS, para \u00e9sta temporada Oto\u00f1o-Invierno 2022. Y-3 resucita el dise\u00f1o de la silueta de running gracias a este modelo de estilo progresivo, retomando el estilo pionero que marc\u00f3 tendencia dentro de la marca. Garantiza una gran comodidad durante su uso y su zona superior ha sido tejida. Tiene un empeine tejido en poli\u00e9ster y ha sido forrada en cuero. Entresuela EVA para una mayor amortiguaci\u00f3n.TALLAS USA.\" \/>\n<meta property=\"og:url\" content=\"https:\/\/www.marodadesign.es\/miralles\/producto\/zapatillas-kaiwa-hq3672-y-3\/\" \/>\n<meta property=\"og:site_name\" content=\"ELEVEN\" \/>\n<meta property=\"article:modified_time\" content=\"2023-05-08T14:56:54+00:00\" \/>\n<meta property=\"og:image\" content=\"https:\/\/www.marodadesign.es\/miralles\/wp-content\/uploads\/2023\/04\/zapatillas-kaiwa-hq3672-y-3_4.png\" \/>\n\t<meta property=\"og:image:width\" content=\"2000\" \/>\n\t<meta property=\"og:image:height\" content=\"2000\" \/>\n\t<meta property=\"og:image:type\" content=\"image\/png\" \/>\n<meta name=\"twitter:card\" content=\"summary_large_image\" \/>\n<script type=\"application\/ld+json\" class=\"yoast-schema-graph\">{\"@context\":\"https:\\\/\\\/schema.org\",\"@graph\":[{\"@type\":\"WebPage\",\"@id\":\"https:\\\/\\\/www.marodadesign.es\\\/miralles\\\/producto\\\/zapatillas-kaiwa-hq3672-y-3\\\/\",\"url\":\"https:\\\/\\\/www.marodadesign.es\\\/miralles\\\/producto\\\/zapatillas-kaiwa-hq3672-y-3\\\/\",\"name\":\"ZAPATILLAS KAIWA HQ3672 Y-3 - ELEVEN\",\"isPartOf\":{\"@id\":\"https:\\\/\\\/www.marodadesign.es\\\/miralles\\\/#website\"},\"primaryImageOfPage\":{\"@id\":\"https:\\\/\\\/www.marodadesign.es\\\/miralles\\\/producto\\\/zapatillas-kaiwa-hq3672-y-3\\\/#primaryimage\"},\"image\":{\"@id\":\"https:\\\/\\\/www.marodadesign.es\\\/miralles\\\/producto\\\/zapatillas-kaiwa-hq3672-y-3\\\/#primaryimage\"},\"thumbnailUrl\":\"https:\\\/\\\/www.marodadesign.es\\\/miralles\\\/wp-content\\\/uploads\\\/2023\\\/04\\\/zapatillas-kaiwa-hq3672-y-3_4.png\",\"datePublished\":\"2023-04-27T16:38:16+00:00\",\"dateModified\":\"2023-05-08T14:56:54+00:00\",\"breadcrumb\":{\"@id\":\"https:\\\/\\\/www.marodadesign.es\\\/miralles\\\/producto\\\/zapatillas-kaiwa-hq3672-y-3\\\/#breadcrumb\"},\"inLanguage\":\"es\",\"potentialAction\":[{\"@type\":\"ReadAction\",\"target\":[\"https:\\\/\\\/www.marodadesign.es\\\/miralles\\\/producto\\\/zapatillas-kaiwa-hq3672-y-3\\\/\"]}]},{\"@type\":\"ImageObject\",\"inLanguage\":\"es\",\"@id\":\"https:\\\/\\\/www.marodadesign.es\\\/miralles\\\/producto\\\/zapatillas-kaiwa-hq3672-y-3\\\/#primaryimage\",\"url\":\"https:\\\/\\\/www.marodadesign.es\\\/miralles\\\/wp-content\\\/uploads\\\/2023\\\/04\\\/zapatillas-kaiwa-hq3672-y-3_4.png\",\"contentUrl\":\"https:\\\/\\\/www.marodadesign.es\\\/miralles\\\/wp-content\\\/uploads\\\/2023\\\/04\\\/zapatillas-kaiwa-hq3672-y-3_4.png\",\"width\":2000,\"height\":2000},{\"@type\":\"BreadcrumbList\",\"@id\":\"https:\\\/\\\/www.marodadesign.es\\\/miralles\\\/producto\\\/zapatillas-kaiwa-hq3672-y-3\\\/#breadcrumb\",\"itemListElement\":[{\"@type\":\"ListItem\",\"position\":1,\"name\":\"Portada\",\"item\":\"https:\\\/\\\/www.marodadesign.es\\\/miralles\\\/\"},{\"@type\":\"ListItem\",\"position\":2,\"name\":\"Tienda\",\"item\":\"https:\\\/\\\/www.marodadesign.es\\\/miralles\\\/tienda\\\/\"},{\"@type\":\"ListItem\",\"position\":3,\"name\":\"ZAPATILLAS KAIWA HQ3672 Y-3\"}]},{\"@type\":\"WebSite\",\"@id\":\"https:\\\/\\\/www.marodadesign.es\\\/miralles\\\/#website\",\"url\":\"https:\\\/\\\/www.marodadesign.es\\\/miralles\\\/\",\"name\":\"ELEVEN\",\"description\":\"Moda para hombre en Valencia\",\"publisher\":{\"@id\":\"https:\\\/\\\/www.marodadesign.es\\\/miralles\\\/#organization\"},\"potentialAction\":[{\"@type\":\"SearchAction\",\"target\":{\"@type\":\"EntryPoint\",\"urlTemplate\":\"https:\\\/\\\/www.marodadesign.es\\\/miralles\\\/?s={search_term_string}\"},\"query-input\":{\"@type\":\"PropertyValueSpecification\",\"valueRequired\":true,\"valueName\":\"search_term_string\"}}],\"inLanguage\":\"es\"},{\"@type\":\"Organization\",\"@id\":\"https:\\\/\\\/www.marodadesign.es\\\/miralles\\\/#organization\",\"name\":\"Eleven Valencia\",\"alternateName\":\"Eleven\",\"url\":\"https:\\\/\\\/www.marodadesign.es\\\/miralles\\\/\",\"logo\":{\"@type\":\"ImageObject\",\"inLanguage\":\"es\",\"@id\":\"https:\\\/\\\/www.marodadesign.es\\\/miralles\\\/#\\\/schema\\\/logo\\\/image\\\/\",\"url\":\"https:\\\/\\\/www.marodadesign.es\\\/miralles\\\/wp-content\\\/uploads\\\/2023\\\/05\\\/Simbolo-Eleven-Valencia.jpg\",\"contentUrl\":\"https:\\\/\\\/www.marodadesign.es\\\/miralles\\\/wp-content\\\/uploads\\\/2023\\\/05\\\/Simbolo-Eleven-Valencia.jpg\",\"width\":600,\"height\":600,\"caption\":\"Eleven Valencia\"},\"image\":{\"@id\":\"https:\\\/\\\/www.marodadesign.es\\\/miralles\\\/#\\\/schema\\\/logo\\\/image\\\/\"}}]}<\/script>\n<!-- \/ Yoast SEO plugin. -->","yoast_head_json":{"title":"ZAPATILLAS KAIWA HQ3672 Y-3 - ELEVEN","robots":{"index":"noindex","follow":"follow","max-snippet":"max-snippet:-1","max-image-preview":"max-image-preview:large","max-video-preview":"max-video-preview:-1"},"og_locale":"es_ES","og_type":"article","og_title":"ZAPATILLAS KAIWA HQ3672 Y-3 - ELEVEN","og_description":"Zapatillas Y-3 modelo\u00a0Kaiwa HQ3672, una novedad exclusiva de la firma japonesa de Yohji Yamamoto en colaboraci\u00f3n con la casa ADIDAS, para \u00e9sta temporada Oto\u00f1o-Invierno 2022. Y-3 resucita el dise\u00f1o de la silueta de running gracias a este modelo de estilo progresivo, retomando el estilo pionero que marc\u00f3 tendencia dentro de la marca. Garantiza una gran comodidad durante su uso y su zona superior ha sido tejida. Tiene un empeine tejido en poli\u00e9ster y ha sido forrada en cuero. Entresuela EVA para una mayor amortiguaci\u00f3n.TALLAS USA.","og_url":"https:\/\/www.marodadesign.es\/miralles\/producto\/zapatillas-kaiwa-hq3672-y-3\/","og_site_name":"ELEVEN","article_modified_time":"2023-05-08T14:56:54+00:00","og_image":[{"width":2000,"height":2000,"url":"https:\/\/www.marodadesign.es\/miralles\/wp-content\/uploads\/2023\/04\/zapatillas-kaiwa-hq3672-y-3_4.png","type":"image\/png"}],"twitter_card":"summary_large_image","schema":{"@context":"https:\/\/schema.org","@graph":[{"@type":"WebPage","@id":"https:\/\/www.marodadesign.es\/miralles\/producto\/zapatillas-kaiwa-hq3672-y-3\/","url":"https:\/\/www.marodadesign.es\/miralles\/producto\/zapatillas-kaiwa-hq3672-y-3\/","name":"ZAPATILLAS KAIWA HQ3672 Y-3 - ELEVEN","isPartOf":{"@id":"https:\/\/www.marodadesign.es\/miralles\/#website"},"primaryImageOfPage":{"@id":"https:\/\/www.marodadesign.es\/miralles\/producto\/zapatillas-kaiwa-hq3672-y-3\/#primaryimage"},"image":{"@id":"https:\/\/www.marodadesign.es\/miralles\/producto\/zapatillas-kaiwa-hq3672-y-3\/#primaryimage"},"thumbnailUrl":"https:\/\/www.marodadesign.es\/miralles\/wp-content\/uploads\/2023\/04\/zapatillas-kaiwa-hq3672-y-3_4.png","datePublished":"2023-04-27T16:38:16+00:00","dateModified":"2023-05-08T14:56:54+00:00","breadcrumb":{"@id":"https:\/\/www.marodadesign.es\/miralles\/producto\/zapatillas-kaiwa-hq3672-y-3\/#breadcrumb"},"inLanguage":"es","potentialAction":[{"@type":"ReadAction","target":["https:\/\/www.marodadesign.es\/miralles\/producto\/zapatillas-kaiwa-hq3672-y-3\/"]}]},{"@type":"ImageObject","inLanguage":"es","@id":"https:\/\/www.marodadesign.es\/miralles\/producto\/zapatillas-kaiwa-hq3672-y-3\/#primaryimage","url":"https:\/\/www.marodadesign.es\/miralles\/wp-content\/uploads\/2023\/04\/zapatillas-kaiwa-hq3672-y-3_4.png","contentUrl":"https:\/\/www.marodadesign.es\/miralles\/wp-content\/uploads\/2023\/04\/zapatillas-kaiwa-hq3672-y-3_4.png","width":2000,"height":2000},{"@type":"BreadcrumbList","@id":"https:\/\/www.marodadesign.es\/miralles\/producto\/zapatillas-kaiwa-hq3672-y-3\/#breadcrumb","itemListElement":[{"@type":"ListItem","position":1,"name":"Portada","item":"https:\/\/www.marodadesign.es\/miralles\/"},{"@type":"ListItem","position":2,"name":"Tienda","item":"https:\/\/www.marodadesign.es\/miralles\/tienda\/"},{"@type":"ListItem","position":3,"name":"ZAPATILLAS KAIWA HQ3672 Y-3"}]},{"@type":"WebSite","@id":"https:\/\/www.marodadesign.es\/miralles\/#website","url":"https:\/\/www.marodadesign.es\/miralles\/","name":"ELEVEN","description":"Moda para hombre en Valencia","publisher":{"@id":"https:\/\/www.marodadesign.es\/miralles\/#organization"},"potentialAction":[{"@type":"SearchAction","target":{"@type":"EntryPoint","urlTemplate":"https:\/\/www.marodadesign.es\/miralles\/?s={search_term_string}"},"query-input":{"@type":"PropertyValueSpecification","valueRequired":true,"valueName":"search_term_string"}}],"inLanguage":"es"},{"@type":"Organization","@id":"https:\/\/www.marodadesign.es\/miralles\/#organization","name":"Eleven Valencia","alternateName":"Eleven","url":"https:\/\/www.marodadesign.es\/miralles\/","logo":{"@type":"ImageObject","inLanguage":"es","@id":"https:\/\/www.marodadesign.es\/miralles\/#\/schema\/logo\/image\/","url":"https:\/\/www.marodadesign.es\/miralles\/wp-content\/uploads\/2023\/05\/Simbolo-Eleven-Valencia.jpg","contentUrl":"https:\/\/www.marodadesign.es\/miralles\/wp-content\/uploads\/2023\/05\/Simbolo-Eleven-Valencia.jpg","width":600,"height":600,"caption":"Eleven Valencia"},"image":{"@id":"https:\/\/www.marodadesign.es\/miralles\/#\/schema\/logo\/image\/"}}]}},"brands":[{"id":163,"name":"Y-3","slug":"y-3"}],"_links":{"self":[{"href":"https:\/\/www.marodadesign.es\/miralles\/wp-json\/wp\/v2\/product\/4347","targetHints":{"allow":["GET"]}}],"collection":[{"href":"https:\/\/www.marodadesign.es\/miralles\/wp-json\/wp\/v2\/product"}],"about":[{"href":"https:\/\/www.marodadesign.es\/miralles\/wp-json\/wp\/v2\/types\/product"}],"wp:featuredmedia":[{"embeddable":true,"href":"https:\/\/www.marodadesign.es\/miralles\/wp-json\/wp\/v2\/media\/4333"}],"wp:attachment":[{"href":"https:\/\/www.marodadesign.es\/miralles\/wp-json\/wp\/v2\/media?parent=4347"}],"wp:term":[{"taxonomy":"pwb-brand","embeddable":true,"href":"https:\/\/www.marodadesign.es\/miralles\/wp-json\/wp\/v2\/pwb-brand?post=4347"},{"taxonomy":"product_brand","embeddable":true,"href":"https:\/\/www.marodadesign.es\/miralles\/wp-json\/wp\/v2\/product_brand?post=4347"},{"taxonomy":"product_cat","embeddable":true,"href":"https:\/\/www.marodadesign.es\/miralles\/wp-json\/wp\/v2\/product_cat?post=4347"},{"taxonomy":"product_tag","embeddable":true,"href":"https:\/\/www.marodadesign.es\/miralles\/wp-json\/wp\/v2\/product_tag?post=4347"}],"curies":[{"name":"wp","href":"https:\/\/api.w.org\/{rel}","templated":true}]}}