{"id":4364,"date":"2023-04-27T18:38:18","date_gmt":"2023-04-27T16:38:18","guid":{"rendered":"https:\/\/www.marodadesign.es\/miralles\/?post_type=product&#038;p=4364"},"modified":"2023-05-08T16:06:11","modified_gmt":"2023-05-08T14:06:11","slug":"zapatillas-qsan-knit-black-y-3","status":"publish","type":"product","link":"https:\/\/www.marodadesign.es\/miralles\/producto\/zapatillas-qsan-knit-black-y-3\/","title":{"rendered":"ZAPATILLAS QSAN KNIT BLACK Y-3"},"content":{"rendered":"<p>Zapatillas Qsan Knit Black para la temporada Primavera-Verano 2023. Y-3 reinterpreta el modelo Qisan Knit, con una silueta aerodin\u00e1mica de car\u00e1cter atemporal que remite a los modelos adaptados a las carreras. La parte superior tiene un acabado con elementos de adidas Primeknit flexible, ya ha sido completada con otro tipo de materiales como neopreno, gamuza y caucho. La te entresuela ha sido configurada con tecnolog\u00eda punta Adidas Lightstrike para aumentar la comodidad y ligereza de la zapatilla. El tal\u00f3n ha sido dise\u00f1ado con el concepto de correa el\u00e1stica para favorecer su adaptaci\u00f3n al pie.<\/p>\n","protected":false},"excerpt":{"rendered":"<p>Zapatillas negras Y-3 modelo GR.1P Y-3, una novedad exclusiva de la firma japonesa de Yohji Yamamoto en colaboraci\u00f3n con la casa ADIDAS, para \u00e9sta temporada Primavera-Verano 2023. Estas sneakers de ingenier\u00eda revolucionaria, presentan una parte superior en nobuk y se basan en un estilo minimalista con algunos detalles llamativos en la suela. Conserva las tres bandas Adidas en los laterales y sorprende por su gran tracci\u00f3n y agarre a cualquier superificie.<\/p>\n","protected":false},"featured_media":4447,"template":"","meta":[],"pwb-brand":[163],"product_brand":[],"product_cat":[420,423],"product_tag":[430,536,434],"class_list":{"0":"post-4364","1":"product","2":"type-product","3":"status-publish","4":"has-post-thumbnail","6":"pwb-brand-y-3","7":"product_cat-calzado","8":"product_cat-zapatillas","9":"product_tag-negras","10":"product_tag-qsan-knit","11":"product_tag-zapatillas","13":"first","14":"instock","15":"featured","16":"sold-individually","17":"taxable","18":"shipping-taxable","19":"purchasable","20":"product-type-variable"},"yoast_head":"<!-- This site is optimized with the Yoast SEO plugin v27.5 - https:\/\/yoast.com\/product\/yoast-seo-wordpress\/ -->\n<title>ZAPATILLAS QSAN KNIT BLACK Y-3 - ELEVEN<\/title>\n<meta name=\"robots\" content=\"noindex, follow, max-snippet:-1, max-image-preview:large, max-video-preview:-1\" \/>\n<meta property=\"og:locale\" content=\"es_ES\" \/>\n<meta property=\"og:type\" content=\"article\" \/>\n<meta property=\"og:title\" content=\"ZAPATILLAS QSAN KNIT BLACK Y-3 - ELEVEN\" \/>\n<meta property=\"og:description\" content=\"Zapatillas negras Y-3 modelo GR.1P Y-3, una novedad exclusiva de la firma japonesa de Yohji Yamamoto en colaboraci\u00f3n con la casa ADIDAS, para \u00e9sta temporada Primavera-Verano 2023. Estas sneakers de ingenier\u00eda revolucionaria, presentan una parte superior en nobuk y se basan en un estilo minimalista con algunos detalles llamativos en la suela. Conserva las tres bandas Adidas en los laterales y sorprende por su gran tracci\u00f3n y agarre a cualquier superificie.\" \/>\n<meta property=\"og:url\" content=\"https:\/\/www.marodadesign.es\/miralles\/producto\/zapatillas-qsan-knit-black-y-3\/\" \/>\n<meta property=\"og:site_name\" content=\"ELEVEN\" \/>\n<meta property=\"article:modified_time\" content=\"2023-05-08T14:06:11+00:00\" \/>\n<meta property=\"og:image\" content=\"https:\/\/www.marodadesign.es\/miralles\/wp-content\/uploads\/2023\/04\/zapatillas-qsan-knit-black-y-3-2.jpg\" \/>\n\t<meta property=\"og:image:width\" content=\"1300\" \/>\n\t<meta property=\"og:image:height\" content=\"1300\" \/>\n\t<meta property=\"og:image:type\" content=\"image\/jpeg\" \/>\n<meta name=\"twitter:card\" content=\"summary_large_image\" \/>\n<meta name=\"twitter:label1\" content=\"Tiempo de lectura\" \/>\n\t<meta name=\"twitter:data1\" content=\"1 minuto\" \/>\n<script type=\"application\/ld+json\" class=\"yoast-schema-graph\">{\"@context\":\"https:\\\/\\\/schema.org\",\"@graph\":[{\"@type\":\"WebPage\",\"@id\":\"https:\\\/\\\/www.marodadesign.es\\\/miralles\\\/producto\\\/zapatillas-qsan-knit-black-y-3\\\/\",\"url\":\"https:\\\/\\\/www.marodadesign.es\\\/miralles\\\/producto\\\/zapatillas-qsan-knit-black-y-3\\\/\",\"name\":\"ZAPATILLAS QSAN KNIT BLACK Y-3 - ELEVEN\",\"isPartOf\":{\"@id\":\"https:\\\/\\\/www.marodadesign.es\\\/miralles\\\/#website\"},\"primaryImageOfPage\":{\"@id\":\"https:\\\/\\\/www.marodadesign.es\\\/miralles\\\/producto\\\/zapatillas-qsan-knit-black-y-3\\\/#primaryimage\"},\"image\":{\"@id\":\"https:\\\/\\\/www.marodadesign.es\\\/miralles\\\/producto\\\/zapatillas-qsan-knit-black-y-3\\\/#primaryimage\"},\"thumbnailUrl\":\"https:\\\/\\\/www.marodadesign.es\\\/miralles\\\/wp-content\\\/uploads\\\/2023\\\/04\\\/zapatillas-qsan-knit-black-y-3-2.jpg\",\"datePublished\":\"2023-04-27T16:38:18+00:00\",\"dateModified\":\"2023-05-08T14:06:11+00:00\",\"breadcrumb\":{\"@id\":\"https:\\\/\\\/www.marodadesign.es\\\/miralles\\\/producto\\\/zapatillas-qsan-knit-black-y-3\\\/#breadcrumb\"},\"inLanguage\":\"es\",\"potentialAction\":[{\"@type\":\"ReadAction\",\"target\":[\"https:\\\/\\\/www.marodadesign.es\\\/miralles\\\/producto\\\/zapatillas-qsan-knit-black-y-3\\\/\"]}]},{\"@type\":\"ImageObject\",\"inLanguage\":\"es\",\"@id\":\"https:\\\/\\\/www.marodadesign.es\\\/miralles\\\/producto\\\/zapatillas-qsan-knit-black-y-3\\\/#primaryimage\",\"url\":\"https:\\\/\\\/www.marodadesign.es\\\/miralles\\\/wp-content\\\/uploads\\\/2023\\\/04\\\/zapatillas-qsan-knit-black-y-3-2.jpg\",\"contentUrl\":\"https:\\\/\\\/www.marodadesign.es\\\/miralles\\\/wp-content\\\/uploads\\\/2023\\\/04\\\/zapatillas-qsan-knit-black-y-3-2.jpg\",\"width\":1300,\"height\":1300},{\"@type\":\"BreadcrumbList\",\"@id\":\"https:\\\/\\\/www.marodadesign.es\\\/miralles\\\/producto\\\/zapatillas-qsan-knit-black-y-3\\\/#breadcrumb\",\"itemListElement\":[{\"@type\":\"ListItem\",\"position\":1,\"name\":\"Portada\",\"item\":\"https:\\\/\\\/www.marodadesign.es\\\/miralles\\\/\"},{\"@type\":\"ListItem\",\"position\":2,\"name\":\"Tienda\",\"item\":\"https:\\\/\\\/www.marodadesign.es\\\/miralles\\\/tienda\\\/\"},{\"@type\":\"ListItem\",\"position\":3,\"name\":\"ZAPATILLAS QSAN KNIT BLACK Y-3\"}]},{\"@type\":\"WebSite\",\"@id\":\"https:\\\/\\\/www.marodadesign.es\\\/miralles\\\/#website\",\"url\":\"https:\\\/\\\/www.marodadesign.es\\\/miralles\\\/\",\"name\":\"ELEVEN\",\"description\":\"Moda para hombre en Valencia\",\"publisher\":{\"@id\":\"https:\\\/\\\/www.marodadesign.es\\\/miralles\\\/#organization\"},\"potentialAction\":[{\"@type\":\"SearchAction\",\"target\":{\"@type\":\"EntryPoint\",\"urlTemplate\":\"https:\\\/\\\/www.marodadesign.es\\\/miralles\\\/?s={search_term_string}\"},\"query-input\":{\"@type\":\"PropertyValueSpecification\",\"valueRequired\":true,\"valueName\":\"search_term_string\"}}],\"inLanguage\":\"es\"},{\"@type\":\"Organization\",\"@id\":\"https:\\\/\\\/www.marodadesign.es\\\/miralles\\\/#organization\",\"name\":\"Eleven Valencia\",\"alternateName\":\"Eleven\",\"url\":\"https:\\\/\\\/www.marodadesign.es\\\/miralles\\\/\",\"logo\":{\"@type\":\"ImageObject\",\"inLanguage\":\"es\",\"@id\":\"https:\\\/\\\/www.marodadesign.es\\\/miralles\\\/#\\\/schema\\\/logo\\\/image\\\/\",\"url\":\"https:\\\/\\\/www.marodadesign.es\\\/miralles\\\/wp-content\\\/uploads\\\/2023\\\/05\\\/Simbolo-Eleven-Valencia.jpg\",\"contentUrl\":\"https:\\\/\\\/www.marodadesign.es\\\/miralles\\\/wp-content\\\/uploads\\\/2023\\\/05\\\/Simbolo-Eleven-Valencia.jpg\",\"width\":600,\"height\":600,\"caption\":\"Eleven Valencia\"},\"image\":{\"@id\":\"https:\\\/\\\/www.marodadesign.es\\\/miralles\\\/#\\\/schema\\\/logo\\\/image\\\/\"}}]}<\/script>\n<!-- \/ Yoast SEO plugin. -->","yoast_head_json":{"title":"ZAPATILLAS QSAN KNIT BLACK Y-3 - ELEVEN","robots":{"index":"noindex","follow":"follow","max-snippet":"max-snippet:-1","max-image-preview":"max-image-preview:large","max-video-preview":"max-video-preview:-1"},"og_locale":"es_ES","og_type":"article","og_title":"ZAPATILLAS QSAN KNIT BLACK Y-3 - ELEVEN","og_description":"Zapatillas negras Y-3 modelo GR.1P Y-3, una novedad exclusiva de la firma japonesa de Yohji Yamamoto en colaboraci\u00f3n con la casa ADIDAS, para \u00e9sta temporada Primavera-Verano 2023. Estas sneakers de ingenier\u00eda revolucionaria, presentan una parte superior en nobuk y se basan en un estilo minimalista con algunos detalles llamativos en la suela. Conserva las tres bandas Adidas en los laterales y sorprende por su gran tracci\u00f3n y agarre a cualquier superificie.","og_url":"https:\/\/www.marodadesign.es\/miralles\/producto\/zapatillas-qsan-knit-black-y-3\/","og_site_name":"ELEVEN","article_modified_time":"2023-05-08T14:06:11+00:00","og_image":[{"width":1300,"height":1300,"url":"https:\/\/www.marodadesign.es\/miralles\/wp-content\/uploads\/2023\/04\/zapatillas-qsan-knit-black-y-3-2.jpg","type":"image\/jpeg"}],"twitter_card":"summary_large_image","twitter_misc":{"Tiempo de lectura":"1 minuto"},"schema":{"@context":"https:\/\/schema.org","@graph":[{"@type":"WebPage","@id":"https:\/\/www.marodadesign.es\/miralles\/producto\/zapatillas-qsan-knit-black-y-3\/","url":"https:\/\/www.marodadesign.es\/miralles\/producto\/zapatillas-qsan-knit-black-y-3\/","name":"ZAPATILLAS QSAN KNIT BLACK Y-3 - ELEVEN","isPartOf":{"@id":"https:\/\/www.marodadesign.es\/miralles\/#website"},"primaryImageOfPage":{"@id":"https:\/\/www.marodadesign.es\/miralles\/producto\/zapatillas-qsan-knit-black-y-3\/#primaryimage"},"image":{"@id":"https:\/\/www.marodadesign.es\/miralles\/producto\/zapatillas-qsan-knit-black-y-3\/#primaryimage"},"thumbnailUrl":"https:\/\/www.marodadesign.es\/miralles\/wp-content\/uploads\/2023\/04\/zapatillas-qsan-knit-black-y-3-2.jpg","datePublished":"2023-04-27T16:38:18+00:00","dateModified":"2023-05-08T14:06:11+00:00","breadcrumb":{"@id":"https:\/\/www.marodadesign.es\/miralles\/producto\/zapatillas-qsan-knit-black-y-3\/#breadcrumb"},"inLanguage":"es","potentialAction":[{"@type":"ReadAction","target":["https:\/\/www.marodadesign.es\/miralles\/producto\/zapatillas-qsan-knit-black-y-3\/"]}]},{"@type":"ImageObject","inLanguage":"es","@id":"https:\/\/www.marodadesign.es\/miralles\/producto\/zapatillas-qsan-knit-black-y-3\/#primaryimage","url":"https:\/\/www.marodadesign.es\/miralles\/wp-content\/uploads\/2023\/04\/zapatillas-qsan-knit-black-y-3-2.jpg","contentUrl":"https:\/\/www.marodadesign.es\/miralles\/wp-content\/uploads\/2023\/04\/zapatillas-qsan-knit-black-y-3-2.jpg","width":1300,"height":1300},{"@type":"BreadcrumbList","@id":"https:\/\/www.marodadesign.es\/miralles\/producto\/zapatillas-qsan-knit-black-y-3\/#breadcrumb","itemListElement":[{"@type":"ListItem","position":1,"name":"Portada","item":"https:\/\/www.marodadesign.es\/miralles\/"},{"@type":"ListItem","position":2,"name":"Tienda","item":"https:\/\/www.marodadesign.es\/miralles\/tienda\/"},{"@type":"ListItem","position":3,"name":"ZAPATILLAS QSAN KNIT BLACK Y-3"}]},{"@type":"WebSite","@id":"https:\/\/www.marodadesign.es\/miralles\/#website","url":"https:\/\/www.marodadesign.es\/miralles\/","name":"ELEVEN","description":"Moda para hombre en Valencia","publisher":{"@id":"https:\/\/www.marodadesign.es\/miralles\/#organization"},"potentialAction":[{"@type":"SearchAction","target":{"@type":"EntryPoint","urlTemplate":"https:\/\/www.marodadesign.es\/miralles\/?s={search_term_string}"},"query-input":{"@type":"PropertyValueSpecification","valueRequired":true,"valueName":"search_term_string"}}],"inLanguage":"es"},{"@type":"Organization","@id":"https:\/\/www.marodadesign.es\/miralles\/#organization","name":"Eleven Valencia","alternateName":"Eleven","url":"https:\/\/www.marodadesign.es\/miralles\/","logo":{"@type":"ImageObject","inLanguage":"es","@id":"https:\/\/www.marodadesign.es\/miralles\/#\/schema\/logo\/image\/","url":"https:\/\/www.marodadesign.es\/miralles\/wp-content\/uploads\/2023\/05\/Simbolo-Eleven-Valencia.jpg","contentUrl":"https:\/\/www.marodadesign.es\/miralles\/wp-content\/uploads\/2023\/05\/Simbolo-Eleven-Valencia.jpg","width":600,"height":600,"caption":"Eleven Valencia"},"image":{"@id":"https:\/\/www.marodadesign.es\/miralles\/#\/schema\/logo\/image\/"}}]}},"brands":[{"id":163,"name":"Y-3","slug":"y-3"}],"_links":{"self":[{"href":"https:\/\/www.marodadesign.es\/miralles\/wp-json\/wp\/v2\/product\/4364","targetHints":{"allow":["GET"]}}],"collection":[{"href":"https:\/\/www.marodadesign.es\/miralles\/wp-json\/wp\/v2\/product"}],"about":[{"href":"https:\/\/www.marodadesign.es\/miralles\/wp-json\/wp\/v2\/types\/product"}],"wp:featuredmedia":[{"embeddable":true,"href":"https:\/\/www.marodadesign.es\/miralles\/wp-json\/wp\/v2\/media\/4447"}],"wp:attachment":[{"href":"https:\/\/www.marodadesign.es\/miralles\/wp-json\/wp\/v2\/media?parent=4364"}],"wp:term":[{"taxonomy":"pwb-brand","embeddable":true,"href":"https:\/\/www.marodadesign.es\/miralles\/wp-json\/wp\/v2\/pwb-brand?post=4364"},{"taxonomy":"product_brand","embeddable":true,"href":"https:\/\/www.marodadesign.es\/miralles\/wp-json\/wp\/v2\/product_brand?post=4364"},{"taxonomy":"product_cat","embeddable":true,"href":"https:\/\/www.marodadesign.es\/miralles\/wp-json\/wp\/v2\/product_cat?post=4364"},{"taxonomy":"product_tag","embeddable":true,"href":"https:\/\/www.marodadesign.es\/miralles\/wp-json\/wp\/v2\/product_tag?post=4364"}],"curies":[{"name":"wp","href":"https:\/\/api.w.org\/{rel}","templated":true}]}}