{"id":5328,"date":"2023-08-01T17:29:02","date_gmt":"2023-08-01T15:29:02","guid":{"rendered":"https:\/\/www.marodadesign.es\/miralles\/?post_type=product&#038;p=5328"},"modified":"2023-12-11T15:28:13","modified_gmt":"2023-12-11T14:28:13","slug":"calcetines-signature-stripe-paul-smith","status":"publish","type":"product","link":"https:\/\/www.marodadesign.es\/miralles\/producto\/calcetines-signature-stripe-paul-smith\/","title":{"rendered":"CALCETINES SIGNATURE STRIPE PAUL SMITH"},"content":{"rendered":"<p>Calcetines &#8216;Signature Stripe&#8217; de la firma brit\u00e1nica Paul Smith para la temporada Oto\u00f1o-Invierno 2023. Han sido fabricados en Italia mediante materiales de calidad como el algod\u00f3n de cultivo org\u00e1nico, destacando por un dise\u00f1o atrevido dentro de la l\u00ednea &#8216;Signature Stripe&#8217;. Tiene remaches en color negro en tal\u00f3n, pu\u00f1o y puntera. Son de talla \u00fanica y se recomienda lavar al rev\u00e9s este tipo de prenda.<\/p>\n","protected":false},"excerpt":{"rendered":"<p>Calcetines &#8216;Signature Stripe&#8217; de la marca brit\u00e1nica Paul Smith para la temporada Oto\u00f1o-Invierno 2023. Confeccionados en Italia.<\/p>\n","protected":false},"featured_media":5329,"template":"","meta":[],"pwb-brand":[652],"product_brand":[],"product_cat":[215,379],"product_tag":[381,654,653],"class_list":{"0":"post-5328","1":"product","2":"type-product","3":"status-publish","4":"has-post-thumbnail","6":"pwb-brand-paul-smith","7":"product_cat-accesorios","8":"product_cat-calcetines","9":"product_tag-calcetines","10":"product_tag-otono-invierno-2023","11":"product_tag-paul-smith","12":"product_shipping_class-envio-por-correo","14":"first","15":"instock","16":"taxable","17":"shipping-taxable","18":"purchasable","19":"product-type-simple"},"yoast_head":"<!-- This site is optimized with the Yoast SEO plugin v27.5 - https:\/\/yoast.com\/product\/yoast-seo-wordpress\/ -->\n<title>CALCETINES SIGNATURE STRIPE PAUL SMITH - ELEVEN<\/title>\n<meta name=\"description\" content=\"Calcetines &#039;Signature Stripe&#039; de la firma brit\u00e1nica Paul Smith para la temporada Oto\u00f1o-Invierno 2023.\" \/>\n<meta name=\"robots\" content=\"noindex, follow, max-snippet:-1, max-image-preview:large, max-video-preview:-1\" \/>\n<meta property=\"og:locale\" content=\"es_ES\" \/>\n<meta property=\"og:type\" content=\"article\" \/>\n<meta property=\"og:title\" content=\"CALCETINES SIGNATURE STRIPE PAUL SMITH - ELEVEN\" \/>\n<meta property=\"og:description\" content=\"Calcetines &#039;Signature Stripe&#039; de la firma brit\u00e1nica Paul Smith para la temporada Oto\u00f1o-Invierno 2023.\" \/>\n<meta property=\"og:url\" content=\"https:\/\/www.marodadesign.es\/miralles\/producto\/calcetines-signature-stripe-paul-smith\/\" \/>\n<meta property=\"og:site_name\" content=\"ELEVEN\" \/>\n<meta property=\"article:modified_time\" content=\"2023-12-11T14:28:13+00:00\" \/>\n<meta property=\"og:image\" content=\"https:\/\/www.marodadesign.es\/miralles\/wp-content\/uploads\/2023\/08\/calcetines-signature-stripe-paul-smith-3.jpg\" \/>\n\t<meta property=\"og:image:width\" content=\"1300\" \/>\n\t<meta property=\"og:image:height\" content=\"1300\" \/>\n\t<meta property=\"og:image:type\" content=\"image\/jpeg\" \/>\n<meta name=\"twitter:card\" content=\"summary_large_image\" \/>\n<meta name=\"twitter:label1\" content=\"Tiempo de lectura\" \/>\n\t<meta name=\"twitter:data1\" content=\"1 minuto\" \/>\n<script type=\"application\/ld+json\" class=\"yoast-schema-graph\">{\"@context\":\"https:\\\/\\\/schema.org\",\"@graph\":[{\"@type\":\"WebPage\",\"@id\":\"https:\\\/\\\/www.marodadesign.es\\\/miralles\\\/producto\\\/calcetines-signature-stripe-paul-smith\\\/\",\"url\":\"https:\\\/\\\/www.marodadesign.es\\\/miralles\\\/producto\\\/calcetines-signature-stripe-paul-smith\\\/\",\"name\":\"CALCETINES SIGNATURE STRIPE PAUL SMITH - ELEVEN\",\"isPartOf\":{\"@id\":\"https:\\\/\\\/www.marodadesign.es\\\/miralles\\\/#website\"},\"primaryImageOfPage\":{\"@id\":\"https:\\\/\\\/www.marodadesign.es\\\/miralles\\\/producto\\\/calcetines-signature-stripe-paul-smith\\\/#primaryimage\"},\"image\":{\"@id\":\"https:\\\/\\\/www.marodadesign.es\\\/miralles\\\/producto\\\/calcetines-signature-stripe-paul-smith\\\/#primaryimage\"},\"thumbnailUrl\":\"https:\\\/\\\/www.marodadesign.es\\\/miralles\\\/wp-content\\\/uploads\\\/2023\\\/08\\\/calcetines-signature-stripe-paul-smith-3.jpg\",\"datePublished\":\"2023-08-01T15:29:02+00:00\",\"dateModified\":\"2023-12-11T14:28:13+00:00\",\"description\":\"Calcetines 'Signature Stripe' de la firma brit\u00e1nica Paul Smith para la temporada Oto\u00f1o-Invierno 2023.\",\"breadcrumb\":{\"@id\":\"https:\\\/\\\/www.marodadesign.es\\\/miralles\\\/producto\\\/calcetines-signature-stripe-paul-smith\\\/#breadcrumb\"},\"inLanguage\":\"es\",\"potentialAction\":[{\"@type\":\"ReadAction\",\"target\":[\"https:\\\/\\\/www.marodadesign.es\\\/miralles\\\/producto\\\/calcetines-signature-stripe-paul-smith\\\/\"]}]},{\"@type\":\"ImageObject\",\"inLanguage\":\"es\",\"@id\":\"https:\\\/\\\/www.marodadesign.es\\\/miralles\\\/producto\\\/calcetines-signature-stripe-paul-smith\\\/#primaryimage\",\"url\":\"https:\\\/\\\/www.marodadesign.es\\\/miralles\\\/wp-content\\\/uploads\\\/2023\\\/08\\\/calcetines-signature-stripe-paul-smith-3.jpg\",\"contentUrl\":\"https:\\\/\\\/www.marodadesign.es\\\/miralles\\\/wp-content\\\/uploads\\\/2023\\\/08\\\/calcetines-signature-stripe-paul-smith-3.jpg\",\"width\":1300,\"height\":1300,\"caption\":\"Calcetines signature stripe paul smith\"},{\"@type\":\"BreadcrumbList\",\"@id\":\"https:\\\/\\\/www.marodadesign.es\\\/miralles\\\/producto\\\/calcetines-signature-stripe-paul-smith\\\/#breadcrumb\",\"itemListElement\":[{\"@type\":\"ListItem\",\"position\":1,\"name\":\"Portada\",\"item\":\"https:\\\/\\\/www.marodadesign.es\\\/miralles\\\/\"},{\"@type\":\"ListItem\",\"position\":2,\"name\":\"Tienda\",\"item\":\"https:\\\/\\\/www.marodadesign.es\\\/miralles\\\/tienda\\\/\"},{\"@type\":\"ListItem\",\"position\":3,\"name\":\"CALCETINES SIGNATURE STRIPE PAUL SMITH\"}]},{\"@type\":\"WebSite\",\"@id\":\"https:\\\/\\\/www.marodadesign.es\\\/miralles\\\/#website\",\"url\":\"https:\\\/\\\/www.marodadesign.es\\\/miralles\\\/\",\"name\":\"ELEVEN\",\"description\":\"Moda para hombre en Valencia\",\"publisher\":{\"@id\":\"https:\\\/\\\/www.marodadesign.es\\\/miralles\\\/#organization\"},\"potentialAction\":[{\"@type\":\"SearchAction\",\"target\":{\"@type\":\"EntryPoint\",\"urlTemplate\":\"https:\\\/\\\/www.marodadesign.es\\\/miralles\\\/?s={search_term_string}\"},\"query-input\":{\"@type\":\"PropertyValueSpecification\",\"valueRequired\":true,\"valueName\":\"search_term_string\"}}],\"inLanguage\":\"es\"},{\"@type\":\"Organization\",\"@id\":\"https:\\\/\\\/www.marodadesign.es\\\/miralles\\\/#organization\",\"name\":\"Eleven Valencia\",\"alternateName\":\"Eleven\",\"url\":\"https:\\\/\\\/www.marodadesign.es\\\/miralles\\\/\",\"logo\":{\"@type\":\"ImageObject\",\"inLanguage\":\"es\",\"@id\":\"https:\\\/\\\/www.marodadesign.es\\\/miralles\\\/#\\\/schema\\\/logo\\\/image\\\/\",\"url\":\"https:\\\/\\\/www.marodadesign.es\\\/miralles\\\/wp-content\\\/uploads\\\/2023\\\/05\\\/Simbolo-Eleven-Valencia.jpg\",\"contentUrl\":\"https:\\\/\\\/www.marodadesign.es\\\/miralles\\\/wp-content\\\/uploads\\\/2023\\\/05\\\/Simbolo-Eleven-Valencia.jpg\",\"width\":600,\"height\":600,\"caption\":\"Eleven Valencia\"},\"image\":{\"@id\":\"https:\\\/\\\/www.marodadesign.es\\\/miralles\\\/#\\\/schema\\\/logo\\\/image\\\/\"}}]}<\/script>\n<!-- \/ Yoast SEO plugin. -->","yoast_head_json":{"title":"CALCETINES SIGNATURE STRIPE PAUL SMITH - ELEVEN","description":"Calcetines 'Signature Stripe' de la firma brit\u00e1nica Paul Smith para la temporada Oto\u00f1o-Invierno 2023.","robots":{"index":"noindex","follow":"follow","max-snippet":"max-snippet:-1","max-image-preview":"max-image-preview:large","max-video-preview":"max-video-preview:-1"},"og_locale":"es_ES","og_type":"article","og_title":"CALCETINES SIGNATURE STRIPE PAUL SMITH - ELEVEN","og_description":"Calcetines 'Signature Stripe' de la firma brit\u00e1nica Paul Smith para la temporada Oto\u00f1o-Invierno 2023.","og_url":"https:\/\/www.marodadesign.es\/miralles\/producto\/calcetines-signature-stripe-paul-smith\/","og_site_name":"ELEVEN","article_modified_time":"2023-12-11T14:28:13+00:00","og_image":[{"width":1300,"height":1300,"url":"https:\/\/www.marodadesign.es\/miralles\/wp-content\/uploads\/2023\/08\/calcetines-signature-stripe-paul-smith-3.jpg","type":"image\/jpeg"}],"twitter_card":"summary_large_image","twitter_misc":{"Tiempo de lectura":"1 minuto"},"schema":{"@context":"https:\/\/schema.org","@graph":[{"@type":"WebPage","@id":"https:\/\/www.marodadesign.es\/miralles\/producto\/calcetines-signature-stripe-paul-smith\/","url":"https:\/\/www.marodadesign.es\/miralles\/producto\/calcetines-signature-stripe-paul-smith\/","name":"CALCETINES SIGNATURE STRIPE PAUL SMITH - ELEVEN","isPartOf":{"@id":"https:\/\/www.marodadesign.es\/miralles\/#website"},"primaryImageOfPage":{"@id":"https:\/\/www.marodadesign.es\/miralles\/producto\/calcetines-signature-stripe-paul-smith\/#primaryimage"},"image":{"@id":"https:\/\/www.marodadesign.es\/miralles\/producto\/calcetines-signature-stripe-paul-smith\/#primaryimage"},"thumbnailUrl":"https:\/\/www.marodadesign.es\/miralles\/wp-content\/uploads\/2023\/08\/calcetines-signature-stripe-paul-smith-3.jpg","datePublished":"2023-08-01T15:29:02+00:00","dateModified":"2023-12-11T14:28:13+00:00","description":"Calcetines 'Signature Stripe' de la firma brit\u00e1nica Paul Smith para la temporada Oto\u00f1o-Invierno 2023.","breadcrumb":{"@id":"https:\/\/www.marodadesign.es\/miralles\/producto\/calcetines-signature-stripe-paul-smith\/#breadcrumb"},"inLanguage":"es","potentialAction":[{"@type":"ReadAction","target":["https:\/\/www.marodadesign.es\/miralles\/producto\/calcetines-signature-stripe-paul-smith\/"]}]},{"@type":"ImageObject","inLanguage":"es","@id":"https:\/\/www.marodadesign.es\/miralles\/producto\/calcetines-signature-stripe-paul-smith\/#primaryimage","url":"https:\/\/www.marodadesign.es\/miralles\/wp-content\/uploads\/2023\/08\/calcetines-signature-stripe-paul-smith-3.jpg","contentUrl":"https:\/\/www.marodadesign.es\/miralles\/wp-content\/uploads\/2023\/08\/calcetines-signature-stripe-paul-smith-3.jpg","width":1300,"height":1300,"caption":"Calcetines signature stripe paul smith"},{"@type":"BreadcrumbList","@id":"https:\/\/www.marodadesign.es\/miralles\/producto\/calcetines-signature-stripe-paul-smith\/#breadcrumb","itemListElement":[{"@type":"ListItem","position":1,"name":"Portada","item":"https:\/\/www.marodadesign.es\/miralles\/"},{"@type":"ListItem","position":2,"name":"Tienda","item":"https:\/\/www.marodadesign.es\/miralles\/tienda\/"},{"@type":"ListItem","position":3,"name":"CALCETINES SIGNATURE STRIPE PAUL SMITH"}]},{"@type":"WebSite","@id":"https:\/\/www.marodadesign.es\/miralles\/#website","url":"https:\/\/www.marodadesign.es\/miralles\/","name":"ELEVEN","description":"Moda para hombre en Valencia","publisher":{"@id":"https:\/\/www.marodadesign.es\/miralles\/#organization"},"potentialAction":[{"@type":"SearchAction","target":{"@type":"EntryPoint","urlTemplate":"https:\/\/www.marodadesign.es\/miralles\/?s={search_term_string}"},"query-input":{"@type":"PropertyValueSpecification","valueRequired":true,"valueName":"search_term_string"}}],"inLanguage":"es"},{"@type":"Organization","@id":"https:\/\/www.marodadesign.es\/miralles\/#organization","name":"Eleven Valencia","alternateName":"Eleven","url":"https:\/\/www.marodadesign.es\/miralles\/","logo":{"@type":"ImageObject","inLanguage":"es","@id":"https:\/\/www.marodadesign.es\/miralles\/#\/schema\/logo\/image\/","url":"https:\/\/www.marodadesign.es\/miralles\/wp-content\/uploads\/2023\/05\/Simbolo-Eleven-Valencia.jpg","contentUrl":"https:\/\/www.marodadesign.es\/miralles\/wp-content\/uploads\/2023\/05\/Simbolo-Eleven-Valencia.jpg","width":600,"height":600,"caption":"Eleven Valencia"},"image":{"@id":"https:\/\/www.marodadesign.es\/miralles\/#\/schema\/logo\/image\/"}}]}},"brands":[{"id":652,"name":"Paul Smith","slug":"paul-smith"}],"_links":{"self":[{"href":"https:\/\/www.marodadesign.es\/miralles\/wp-json\/wp\/v2\/product\/5328","targetHints":{"allow":["GET"]}}],"collection":[{"href":"https:\/\/www.marodadesign.es\/miralles\/wp-json\/wp\/v2\/product"}],"about":[{"href":"https:\/\/www.marodadesign.es\/miralles\/wp-json\/wp\/v2\/types\/product"}],"wp:featuredmedia":[{"embeddable":true,"href":"https:\/\/www.marodadesign.es\/miralles\/wp-json\/wp\/v2\/media\/5329"}],"wp:attachment":[{"href":"https:\/\/www.marodadesign.es\/miralles\/wp-json\/wp\/v2\/media?parent=5328"}],"wp:term":[{"taxonomy":"pwb-brand","embeddable":true,"href":"https:\/\/www.marodadesign.es\/miralles\/wp-json\/wp\/v2\/pwb-brand?post=5328"},{"taxonomy":"product_brand","embeddable":true,"href":"https:\/\/www.marodadesign.es\/miralles\/wp-json\/wp\/v2\/product_brand?post=5328"},{"taxonomy":"product_cat","embeddable":true,"href":"https:\/\/www.marodadesign.es\/miralles\/wp-json\/wp\/v2\/product_cat?post=5328"},{"taxonomy":"product_tag","embeddable":true,"href":"https:\/\/www.marodadesign.es\/miralles\/wp-json\/wp\/v2\/product_tag?post=5328"}],"curies":[{"name":"wp","href":"https:\/\/api.w.org\/{rel}","templated":true}]}}