{"id":5637,"date":"2023-10-03T11:11:22","date_gmt":"2023-10-03T09:11:22","guid":{"rendered":"https:\/\/www.marodadesign.es\/miralles\/?post_type=product&#038;p=5637"},"modified":"2023-11-16T19:43:12","modified_gmt":"2023-11-16T18:43:12","slug":"sudadera-s-ginn-hood-l1-diesel","status":"publish","type":"product","link":"https:\/\/www.marodadesign.es\/miralles\/producto\/sudadera-s-ginn-hood-l1-diesel\/","title":{"rendered":"SUDADERA S-GINN-HOOD-L1 DIESEL"},"content":{"rendered":"<p>La <a href=\"https:\/\/www.marodadesign.es\/miralles\/categoria-producto\/ropa\/sudaderas\/\">sudadera<\/a> con capucha S-Ginn-Hood-L1 de la marca <a href=\"https:\/\/www.marodadesign.es\/miralles\/etiqueta-producto\/otono-invierno-2023\/\">Diesel <\/a>es una prenda con ca\u00edda fit regular para hombre fabricada con materiales mezcla de algod\u00f3n con forrado en boucl\u00e9. Ha pasado tambi\u00e9n por un proceso de tratamiento de prenda burnout para crear un efecto visualmente m\u00e1s penetrante logrando que la palabra Diesel tenga un tono m\u00e1s oscuro. El pu\u00f1o y los bajos son en canal\u00e9. Posee adem\u00e1s una capucha ajustable gracias a cordones de ajuste. En definitiva, la sudadera S-Ginn-Hood-L es una prenda ideal para la temporada de Oto\u00f1o-Invierno, proporcionando comodidad, estilismo y funcionalidad en cualquier vestuario.<\/p>\n<p><strong>Composici\u00f3n:<\/strong> 65% Poli\u00e9ster, 35% Algod\u00f3n El\u00e1stico, 65% Poli\u00e9ster, 33% Algod\u00f3n, 2% Elastano.<\/p>\n<p><strong>Tratamiento:<\/strong>\u00a0 Lavar a mano, no blanquear, no secar en una secadora, planchar a unos 110<span class=\"care-instruction-text\">\u00b0C de m\u00e1ximo, no lavar en seco y secar con la ropa colgada a la sombra.<\/span><\/p>\n","protected":false},"excerpt":{"rendered":"<p>Sudadera S-Ginn-Hood-L1 de <a href=\"https:\/\/www.marodadesign.es\/miralles\/marca\/diesel\/\">Diesel<\/a> para la temporada Oto\u00f1o-Invierno 2023.\u00a0 Esta prenda sport es ideal para cualquier vestuario casual, y ha sido fabricada en mezcla de materiales de algod\u00f3n con forrado en boucl\u00e9. Las letras del pecho han pasado un proceso de burnout para parecer m\u00e1s oscuras a la vista.<\/p>\n","protected":false},"featured_media":5646,"template":"","meta":[],"pwb-brand":[162],"product_brand":[],"product_cat":[168,238],"product_tag":[654,239],"class_list":{"0":"post-5637","1":"product","2":"type-product","3":"status-publish","4":"has-post-thumbnail","6":"pwb-brand-diesel","7":"product_cat-ropa","8":"product_cat-sudaderas","9":"product_tag-otono-invierno-2023","10":"product_tag-sudadera","12":"first","13":"instock","14":"featured","15":"sold-individually","16":"taxable","17":"shipping-taxable","18":"purchasable","19":"product-type-variable"},"yoast_head":"<!-- This site is optimized with the Yoast SEO plugin v27.5 - https:\/\/yoast.com\/product\/yoast-seo-wordpress\/ -->\n<title>SUDADERA S-GINN-HOOD-L1 DIESEL - ELEVEN<\/title>\n<meta name=\"description\" content=\"La sudadera con capucha S-Ginn-Hood-L1 de la marca Diesel es una prenda con ca\u00edda fit regular para hombre fabricada con materiales mezcla de algod\u00f3n.\" \/>\n<meta name=\"robots\" content=\"noindex, follow, max-snippet:-1, max-image-preview:large, max-video-preview:-1\" \/>\n<meta property=\"og:locale\" content=\"es_ES\" \/>\n<meta property=\"og:type\" content=\"article\" \/>\n<meta property=\"og:title\" content=\"SUDADERA S-GINN-HOOD-L1 DIESEL - ELEVEN\" \/>\n<meta property=\"og:description\" content=\"La sudadera con capucha S-Ginn-Hood-L1 de la marca Diesel es una prenda con ca\u00edda fit regular para hombre fabricada con materiales mezcla de algod\u00f3n.\" \/>\n<meta property=\"og:url\" content=\"https:\/\/www.marodadesign.es\/miralles\/producto\/sudadera-s-ginn-hood-l1-diesel\/\" \/>\n<meta property=\"og:site_name\" content=\"ELEVEN\" \/>\n<meta property=\"article:modified_time\" content=\"2023-11-16T18:43:12+00:00\" \/>\n<meta property=\"og:image\" content=\"https:\/\/www.marodadesign.es\/miralles\/wp-content\/uploads\/2023\/10\/S-Gin-Hood-L1-diesel.jpg\" \/>\n\t<meta property=\"og:image:width\" content=\"1300\" \/>\n\t<meta property=\"og:image:height\" content=\"1300\" \/>\n\t<meta property=\"og:image:type\" content=\"image\/jpeg\" \/>\n<meta name=\"twitter:card\" content=\"summary_large_image\" \/>\n<meta name=\"twitter:label1\" content=\"Tiempo de lectura\" \/>\n\t<meta name=\"twitter:data1\" content=\"1 minuto\" \/>\n<script type=\"application\/ld+json\" class=\"yoast-schema-graph\">{\"@context\":\"https:\\\/\\\/schema.org\",\"@graph\":[{\"@type\":\"WebPage\",\"@id\":\"https:\\\/\\\/www.marodadesign.es\\\/miralles\\\/producto\\\/sudadera-s-ginn-hood-l1-diesel\\\/\",\"url\":\"https:\\\/\\\/www.marodadesign.es\\\/miralles\\\/producto\\\/sudadera-s-ginn-hood-l1-diesel\\\/\",\"name\":\"SUDADERA S-GINN-HOOD-L1 DIESEL - ELEVEN\",\"isPartOf\":{\"@id\":\"https:\\\/\\\/www.marodadesign.es\\\/miralles\\\/#website\"},\"primaryImageOfPage\":{\"@id\":\"https:\\\/\\\/www.marodadesign.es\\\/miralles\\\/producto\\\/sudadera-s-ginn-hood-l1-diesel\\\/#primaryimage\"},\"image\":{\"@id\":\"https:\\\/\\\/www.marodadesign.es\\\/miralles\\\/producto\\\/sudadera-s-ginn-hood-l1-diesel\\\/#primaryimage\"},\"thumbnailUrl\":\"https:\\\/\\\/www.marodadesign.es\\\/miralles\\\/wp-content\\\/uploads\\\/2023\\\/10\\\/S-Gin-Hood-L1-diesel.jpg\",\"datePublished\":\"2023-10-03T09:11:22+00:00\",\"dateModified\":\"2023-11-16T18:43:12+00:00\",\"description\":\"La sudadera con capucha S-Ginn-Hood-L1 de la marca Diesel es una prenda con ca\u00edda fit regular para hombre fabricada con materiales mezcla de algod\u00f3n.\",\"breadcrumb\":{\"@id\":\"https:\\\/\\\/www.marodadesign.es\\\/miralles\\\/producto\\\/sudadera-s-ginn-hood-l1-diesel\\\/#breadcrumb\"},\"inLanguage\":\"es\",\"potentialAction\":[{\"@type\":\"ReadAction\",\"target\":[\"https:\\\/\\\/www.marodadesign.es\\\/miralles\\\/producto\\\/sudadera-s-ginn-hood-l1-diesel\\\/\"]}]},{\"@type\":\"ImageObject\",\"inLanguage\":\"es\",\"@id\":\"https:\\\/\\\/www.marodadesign.es\\\/miralles\\\/producto\\\/sudadera-s-ginn-hood-l1-diesel\\\/#primaryimage\",\"url\":\"https:\\\/\\\/www.marodadesign.es\\\/miralles\\\/wp-content\\\/uploads\\\/2023\\\/10\\\/S-Gin-Hood-L1-diesel.jpg\",\"contentUrl\":\"https:\\\/\\\/www.marodadesign.es\\\/miralles\\\/wp-content\\\/uploads\\\/2023\\\/10\\\/S-Gin-Hood-L1-diesel.jpg\",\"width\":1300,\"height\":1300,\"caption\":\"S-Ginn-Hood-L1 Diesel\"},{\"@type\":\"BreadcrumbList\",\"@id\":\"https:\\\/\\\/www.marodadesign.es\\\/miralles\\\/producto\\\/sudadera-s-ginn-hood-l1-diesel\\\/#breadcrumb\",\"itemListElement\":[{\"@type\":\"ListItem\",\"position\":1,\"name\":\"Portada\",\"item\":\"https:\\\/\\\/www.marodadesign.es\\\/miralles\\\/\"},{\"@type\":\"ListItem\",\"position\":2,\"name\":\"Tienda\",\"item\":\"https:\\\/\\\/www.marodadesign.es\\\/miralles\\\/tienda\\\/\"},{\"@type\":\"ListItem\",\"position\":3,\"name\":\"SUDADERA S-GINN-HOOD-L1 DIESEL\"}]},{\"@type\":\"WebSite\",\"@id\":\"https:\\\/\\\/www.marodadesign.es\\\/miralles\\\/#website\",\"url\":\"https:\\\/\\\/www.marodadesign.es\\\/miralles\\\/\",\"name\":\"ELEVEN\",\"description\":\"Moda para hombre en Valencia\",\"publisher\":{\"@id\":\"https:\\\/\\\/www.marodadesign.es\\\/miralles\\\/#organization\"},\"potentialAction\":[{\"@type\":\"SearchAction\",\"target\":{\"@type\":\"EntryPoint\",\"urlTemplate\":\"https:\\\/\\\/www.marodadesign.es\\\/miralles\\\/?s={search_term_string}\"},\"query-input\":{\"@type\":\"PropertyValueSpecification\",\"valueRequired\":true,\"valueName\":\"search_term_string\"}}],\"inLanguage\":\"es\"},{\"@type\":\"Organization\",\"@id\":\"https:\\\/\\\/www.marodadesign.es\\\/miralles\\\/#organization\",\"name\":\"Eleven Valencia\",\"alternateName\":\"Eleven\",\"url\":\"https:\\\/\\\/www.marodadesign.es\\\/miralles\\\/\",\"logo\":{\"@type\":\"ImageObject\",\"inLanguage\":\"es\",\"@id\":\"https:\\\/\\\/www.marodadesign.es\\\/miralles\\\/#\\\/schema\\\/logo\\\/image\\\/\",\"url\":\"https:\\\/\\\/www.marodadesign.es\\\/miralles\\\/wp-content\\\/uploads\\\/2023\\\/05\\\/Simbolo-Eleven-Valencia.jpg\",\"contentUrl\":\"https:\\\/\\\/www.marodadesign.es\\\/miralles\\\/wp-content\\\/uploads\\\/2023\\\/05\\\/Simbolo-Eleven-Valencia.jpg\",\"width\":600,\"height\":600,\"caption\":\"Eleven Valencia\"},\"image\":{\"@id\":\"https:\\\/\\\/www.marodadesign.es\\\/miralles\\\/#\\\/schema\\\/logo\\\/image\\\/\"}}]}<\/script>\n<!-- \/ Yoast SEO plugin. -->","yoast_head_json":{"title":"SUDADERA S-GINN-HOOD-L1 DIESEL - ELEVEN","description":"La sudadera con capucha S-Ginn-Hood-L1 de la marca Diesel es una prenda con ca\u00edda fit regular para hombre fabricada con materiales mezcla de algod\u00f3n.","robots":{"index":"noindex","follow":"follow","max-snippet":"max-snippet:-1","max-image-preview":"max-image-preview:large","max-video-preview":"max-video-preview:-1"},"og_locale":"es_ES","og_type":"article","og_title":"SUDADERA S-GINN-HOOD-L1 DIESEL - ELEVEN","og_description":"La sudadera con capucha S-Ginn-Hood-L1 de la marca Diesel es una prenda con ca\u00edda fit regular para hombre fabricada con materiales mezcla de algod\u00f3n.","og_url":"https:\/\/www.marodadesign.es\/miralles\/producto\/sudadera-s-ginn-hood-l1-diesel\/","og_site_name":"ELEVEN","article_modified_time":"2023-11-16T18:43:12+00:00","og_image":[{"width":1300,"height":1300,"url":"https:\/\/www.marodadesign.es\/miralles\/wp-content\/uploads\/2023\/10\/S-Gin-Hood-L1-diesel.jpg","type":"image\/jpeg"}],"twitter_card":"summary_large_image","twitter_misc":{"Tiempo de lectura":"1 minuto"},"schema":{"@context":"https:\/\/schema.org","@graph":[{"@type":"WebPage","@id":"https:\/\/www.marodadesign.es\/miralles\/producto\/sudadera-s-ginn-hood-l1-diesel\/","url":"https:\/\/www.marodadesign.es\/miralles\/producto\/sudadera-s-ginn-hood-l1-diesel\/","name":"SUDADERA S-GINN-HOOD-L1 DIESEL - ELEVEN","isPartOf":{"@id":"https:\/\/www.marodadesign.es\/miralles\/#website"},"primaryImageOfPage":{"@id":"https:\/\/www.marodadesign.es\/miralles\/producto\/sudadera-s-ginn-hood-l1-diesel\/#primaryimage"},"image":{"@id":"https:\/\/www.marodadesign.es\/miralles\/producto\/sudadera-s-ginn-hood-l1-diesel\/#primaryimage"},"thumbnailUrl":"https:\/\/www.marodadesign.es\/miralles\/wp-content\/uploads\/2023\/10\/S-Gin-Hood-L1-diesel.jpg","datePublished":"2023-10-03T09:11:22+00:00","dateModified":"2023-11-16T18:43:12+00:00","description":"La sudadera con capucha S-Ginn-Hood-L1 de la marca Diesel es una prenda con ca\u00edda fit regular para hombre fabricada con materiales mezcla de algod\u00f3n.","breadcrumb":{"@id":"https:\/\/www.marodadesign.es\/miralles\/producto\/sudadera-s-ginn-hood-l1-diesel\/#breadcrumb"},"inLanguage":"es","potentialAction":[{"@type":"ReadAction","target":["https:\/\/www.marodadesign.es\/miralles\/producto\/sudadera-s-ginn-hood-l1-diesel\/"]}]},{"@type":"ImageObject","inLanguage":"es","@id":"https:\/\/www.marodadesign.es\/miralles\/producto\/sudadera-s-ginn-hood-l1-diesel\/#primaryimage","url":"https:\/\/www.marodadesign.es\/miralles\/wp-content\/uploads\/2023\/10\/S-Gin-Hood-L1-diesel.jpg","contentUrl":"https:\/\/www.marodadesign.es\/miralles\/wp-content\/uploads\/2023\/10\/S-Gin-Hood-L1-diesel.jpg","width":1300,"height":1300,"caption":"S-Ginn-Hood-L1 Diesel"},{"@type":"BreadcrumbList","@id":"https:\/\/www.marodadesign.es\/miralles\/producto\/sudadera-s-ginn-hood-l1-diesel\/#breadcrumb","itemListElement":[{"@type":"ListItem","position":1,"name":"Portada","item":"https:\/\/www.marodadesign.es\/miralles\/"},{"@type":"ListItem","position":2,"name":"Tienda","item":"https:\/\/www.marodadesign.es\/miralles\/tienda\/"},{"@type":"ListItem","position":3,"name":"SUDADERA S-GINN-HOOD-L1 DIESEL"}]},{"@type":"WebSite","@id":"https:\/\/www.marodadesign.es\/miralles\/#website","url":"https:\/\/www.marodadesign.es\/miralles\/","name":"ELEVEN","description":"Moda para hombre en Valencia","publisher":{"@id":"https:\/\/www.marodadesign.es\/miralles\/#organization"},"potentialAction":[{"@type":"SearchAction","target":{"@type":"EntryPoint","urlTemplate":"https:\/\/www.marodadesign.es\/miralles\/?s={search_term_string}"},"query-input":{"@type":"PropertyValueSpecification","valueRequired":true,"valueName":"search_term_string"}}],"inLanguage":"es"},{"@type":"Organization","@id":"https:\/\/www.marodadesign.es\/miralles\/#organization","name":"Eleven Valencia","alternateName":"Eleven","url":"https:\/\/www.marodadesign.es\/miralles\/","logo":{"@type":"ImageObject","inLanguage":"es","@id":"https:\/\/www.marodadesign.es\/miralles\/#\/schema\/logo\/image\/","url":"https:\/\/www.marodadesign.es\/miralles\/wp-content\/uploads\/2023\/05\/Simbolo-Eleven-Valencia.jpg","contentUrl":"https:\/\/www.marodadesign.es\/miralles\/wp-content\/uploads\/2023\/05\/Simbolo-Eleven-Valencia.jpg","width":600,"height":600,"caption":"Eleven Valencia"},"image":{"@id":"https:\/\/www.marodadesign.es\/miralles\/#\/schema\/logo\/image\/"}}]}},"brands":[{"id":162,"name":"Diesel","slug":"diesel"}],"_links":{"self":[{"href":"https:\/\/www.marodadesign.es\/miralles\/wp-json\/wp\/v2\/product\/5637","targetHints":{"allow":["GET"]}}],"collection":[{"href":"https:\/\/www.marodadesign.es\/miralles\/wp-json\/wp\/v2\/product"}],"about":[{"href":"https:\/\/www.marodadesign.es\/miralles\/wp-json\/wp\/v2\/types\/product"}],"wp:featuredmedia":[{"embeddable":true,"href":"https:\/\/www.marodadesign.es\/miralles\/wp-json\/wp\/v2\/media\/5646"}],"wp:attachment":[{"href":"https:\/\/www.marodadesign.es\/miralles\/wp-json\/wp\/v2\/media?parent=5637"}],"wp:term":[{"taxonomy":"pwb-brand","embeddable":true,"href":"https:\/\/www.marodadesign.es\/miralles\/wp-json\/wp\/v2\/pwb-brand?post=5637"},{"taxonomy":"product_brand","embeddable":true,"href":"https:\/\/www.marodadesign.es\/miralles\/wp-json\/wp\/v2\/product_brand?post=5637"},{"taxonomy":"product_cat","embeddable":true,"href":"https:\/\/www.marodadesign.es\/miralles\/wp-json\/wp\/v2\/product_cat?post=5637"},{"taxonomy":"product_tag","embeddable":true,"href":"https:\/\/www.marodadesign.es\/miralles\/wp-json\/wp\/v2\/product_tag?post=5637"}],"curies":[{"name":"wp","href":"https:\/\/api.w.org\/{rel}","templated":true}]}}