{"id":5711,"date":"2023-10-04T17:41:16","date_gmt":"2023-10-04T15:41:16","guid":{"rendered":"https:\/\/www.marodadesign.es\/miralles\/?post_type=product&#038;p=5711"},"modified":"2023-11-16T19:32:47","modified_gmt":"2023-11-16T18:32:47","slug":"sudadera-s-macs-hood-l3-diesel","status":"publish","type":"product","link":"https:\/\/www.marodadesign.es\/miralles\/producto\/sudadera-s-macs-hood-l3-diesel\/","title":{"rendered":"SUDADERA S-MACS-HOOD-L3 DIESEL"},"content":{"rendered":"<p>La <a href=\"https:\/\/www.marodadesign.es\/miralles\/categoria-producto\/ropa\/sudaderas\/\">sudadera<\/a> negra S-Macs-Hood-L3 de la marca <a href=\"https:\/\/www.marodadesign.es\/miralles\/marca\/diesel\/\">Diesel <\/a>es una prenda de ca\u00edda holgada que dispone de una capucha y unos estampados gr\u00e1ficos tanto en el pecho, como en una de las mangas y en un costado, combinando de esta forma el dise\u00f1o fotogr\u00e1fico digital con ilustraciones de estilo &#8216;comic&#8217;.\u00a0 Est\u00e1 confeccionada en punto de grueso de algod\u00f3n con tacto crudo, y la capucha puede ajustarse gracias a unos cordones. Los pu\u00f1os y bajos son en canal\u00e9 e incluye un bolsillo de canguro en la zona inferior frontal.<\/p>\n<p><strong>Composici\u00f3n: <\/strong>100% Algod\u00f3n El\u00e1stico 95%, Algod\u00f3n 5% Elastano<\/p>\n<p><strong>Tratamiento:<\/strong> Lavar a 30 \u00b0C como prenda delicada, no secar en secadora, no lavar en seco, planchar a 110 \u00b0C max, secar colgada a la sombra.<\/p>\n","protected":false},"excerpt":{"rendered":"<p><a href=\"https:\/\/www.marodadesign.es\/miralles\/categoria-producto\/ropa\/sudaderas\/\">Sudadera<\/a> S-Macs-Hood-L3 de <a href=\"https:\/\/www.marodadesign.es\/miralles\/marca\/diesel\/\">Diesel<\/a> para la temporada <a href=\"https:\/\/www.marodadesign.es\/miralles\/etiqueta-producto\/otono-invierno-2023\/\">Oto\u00f1o-Invierno 2023<\/a>.\u00a0 Es una prenda en color negro que incorpora una capucha ajustable y unos estampados gr\u00e1ficos, tanto en el pecho, como en una de las mangas y en un costado. Hecha en punto de algod\u00f3n.<\/p>\n","protected":false},"featured_media":5716,"template":"","meta":[],"pwb-brand":[162],"product_brand":[],"product_cat":[168,238],"product_tag":[247,224,654],"class_list":{"0":"post-5711","1":"product","2":"type-product","3":"status-publish","4":"has-post-thumbnail","6":"pwb-brand-diesel","7":"product_cat-ropa","8":"product_cat-sudaderas","9":"product_tag-camiseta","10":"product_tag-negro","11":"product_tag-otono-invierno-2023","13":"first","14":"instock","15":"featured","16":"sold-individually","17":"taxable","18":"shipping-taxable","19":"purchasable","20":"product-type-variable"},"yoast_head":"<!-- This site is optimized with the Yoast SEO plugin v27.5 - https:\/\/yoast.com\/product\/yoast-seo-wordpress\/ -->\n<title>SUDADERA S-MACS-HOOD-L3 DIESEL - ELEVEN<\/title>\n<meta name=\"description\" content=\"La sudadera negra La sudadera negra S-Macs-Hood-L3 de la marca Diesel es una prenda de ca\u00edda holgada que incluye una capucha y unos estampados gr\u00e1ficos.\" \/>\n<meta name=\"robots\" content=\"noindex, follow, max-snippet:-1, max-image-preview:large, max-video-preview:-1\" \/>\n<meta property=\"og:locale\" content=\"es_ES\" \/>\n<meta property=\"og:type\" content=\"article\" \/>\n<meta property=\"og:title\" content=\"SUDADERA S-MACS-HOOD-L3 DIESEL - ELEVEN\" \/>\n<meta property=\"og:description\" content=\"La sudadera negra La sudadera negra S-Macs-Hood-L3 de la marca Diesel es una prenda de ca\u00edda holgada que incluye una capucha y unos estampados gr\u00e1ficos.\" \/>\n<meta property=\"og:url\" content=\"https:\/\/www.marodadesign.es\/miralles\/producto\/sudadera-s-macs-hood-l3-diesel\/\" \/>\n<meta property=\"og:site_name\" content=\"ELEVEN\" \/>\n<meta property=\"article:modified_time\" content=\"2023-11-16T18:32:47+00:00\" \/>\n<meta property=\"og:image\" content=\"https:\/\/www.marodadesign.es\/miralles\/wp-content\/uploads\/2023\/10\/s-macs-hood-L3-Diesel.jpg\" \/>\n\t<meta property=\"og:image:width\" content=\"1300\" \/>\n\t<meta property=\"og:image:height\" content=\"1300\" \/>\n\t<meta property=\"og:image:type\" content=\"image\/jpeg\" \/>\n<meta name=\"twitter:card\" content=\"summary_large_image\" \/>\n<meta name=\"twitter:label1\" content=\"Tiempo de lectura\" \/>\n\t<meta name=\"twitter:data1\" content=\"1 minuto\" \/>\n<script type=\"application\/ld+json\" class=\"yoast-schema-graph\">{\"@context\":\"https:\\\/\\\/schema.org\",\"@graph\":[{\"@type\":\"WebPage\",\"@id\":\"https:\\\/\\\/www.marodadesign.es\\\/miralles\\\/producto\\\/sudadera-s-macs-hood-l3-diesel\\\/\",\"url\":\"https:\\\/\\\/www.marodadesign.es\\\/miralles\\\/producto\\\/sudadera-s-macs-hood-l3-diesel\\\/\",\"name\":\"SUDADERA S-MACS-HOOD-L3 DIESEL - ELEVEN\",\"isPartOf\":{\"@id\":\"https:\\\/\\\/www.marodadesign.es\\\/miralles\\\/#website\"},\"primaryImageOfPage\":{\"@id\":\"https:\\\/\\\/www.marodadesign.es\\\/miralles\\\/producto\\\/sudadera-s-macs-hood-l3-diesel\\\/#primaryimage\"},\"image\":{\"@id\":\"https:\\\/\\\/www.marodadesign.es\\\/miralles\\\/producto\\\/sudadera-s-macs-hood-l3-diesel\\\/#primaryimage\"},\"thumbnailUrl\":\"https:\\\/\\\/www.marodadesign.es\\\/miralles\\\/wp-content\\\/uploads\\\/2023\\\/10\\\/s-macs-hood-L3-Diesel.jpg\",\"datePublished\":\"2023-10-04T15:41:16+00:00\",\"dateModified\":\"2023-11-16T18:32:47+00:00\",\"description\":\"La sudadera negra La sudadera negra S-Macs-Hood-L3 de la marca Diesel es una prenda de ca\u00edda holgada que incluye una capucha y unos estampados gr\u00e1ficos.\",\"breadcrumb\":{\"@id\":\"https:\\\/\\\/www.marodadesign.es\\\/miralles\\\/producto\\\/sudadera-s-macs-hood-l3-diesel\\\/#breadcrumb\"},\"inLanguage\":\"es\",\"potentialAction\":[{\"@type\":\"ReadAction\",\"target\":[\"https:\\\/\\\/www.marodadesign.es\\\/miralles\\\/producto\\\/sudadera-s-macs-hood-l3-diesel\\\/\"]}]},{\"@type\":\"ImageObject\",\"inLanguage\":\"es\",\"@id\":\"https:\\\/\\\/www.marodadesign.es\\\/miralles\\\/producto\\\/sudadera-s-macs-hood-l3-diesel\\\/#primaryimage\",\"url\":\"https:\\\/\\\/www.marodadesign.es\\\/miralles\\\/wp-content\\\/uploads\\\/2023\\\/10\\\/s-macs-hood-L3-Diesel.jpg\",\"contentUrl\":\"https:\\\/\\\/www.marodadesign.es\\\/miralles\\\/wp-content\\\/uploads\\\/2023\\\/10\\\/s-macs-hood-L3-Diesel.jpg\",\"width\":1300,\"height\":1300,\"caption\":\"SUDADERA S-MACS-HOOD-L3 DIESEL\"},{\"@type\":\"BreadcrumbList\",\"@id\":\"https:\\\/\\\/www.marodadesign.es\\\/miralles\\\/producto\\\/sudadera-s-macs-hood-l3-diesel\\\/#breadcrumb\",\"itemListElement\":[{\"@type\":\"ListItem\",\"position\":1,\"name\":\"Portada\",\"item\":\"https:\\\/\\\/www.marodadesign.es\\\/miralles\\\/\"},{\"@type\":\"ListItem\",\"position\":2,\"name\":\"Tienda\",\"item\":\"https:\\\/\\\/www.marodadesign.es\\\/miralles\\\/tienda\\\/\"},{\"@type\":\"ListItem\",\"position\":3,\"name\":\"SUDADERA S-MACS-HOOD-L3 DIESEL\"}]},{\"@type\":\"WebSite\",\"@id\":\"https:\\\/\\\/www.marodadesign.es\\\/miralles\\\/#website\",\"url\":\"https:\\\/\\\/www.marodadesign.es\\\/miralles\\\/\",\"name\":\"ELEVEN\",\"description\":\"Moda para hombre en Valencia\",\"publisher\":{\"@id\":\"https:\\\/\\\/www.marodadesign.es\\\/miralles\\\/#organization\"},\"potentialAction\":[{\"@type\":\"SearchAction\",\"target\":{\"@type\":\"EntryPoint\",\"urlTemplate\":\"https:\\\/\\\/www.marodadesign.es\\\/miralles\\\/?s={search_term_string}\"},\"query-input\":{\"@type\":\"PropertyValueSpecification\",\"valueRequired\":true,\"valueName\":\"search_term_string\"}}],\"inLanguage\":\"es\"},{\"@type\":\"Organization\",\"@id\":\"https:\\\/\\\/www.marodadesign.es\\\/miralles\\\/#organization\",\"name\":\"Eleven Valencia\",\"alternateName\":\"Eleven\",\"url\":\"https:\\\/\\\/www.marodadesign.es\\\/miralles\\\/\",\"logo\":{\"@type\":\"ImageObject\",\"inLanguage\":\"es\",\"@id\":\"https:\\\/\\\/www.marodadesign.es\\\/miralles\\\/#\\\/schema\\\/logo\\\/image\\\/\",\"url\":\"https:\\\/\\\/www.marodadesign.es\\\/miralles\\\/wp-content\\\/uploads\\\/2023\\\/05\\\/Simbolo-Eleven-Valencia.jpg\",\"contentUrl\":\"https:\\\/\\\/www.marodadesign.es\\\/miralles\\\/wp-content\\\/uploads\\\/2023\\\/05\\\/Simbolo-Eleven-Valencia.jpg\",\"width\":600,\"height\":600,\"caption\":\"Eleven Valencia\"},\"image\":{\"@id\":\"https:\\\/\\\/www.marodadesign.es\\\/miralles\\\/#\\\/schema\\\/logo\\\/image\\\/\"}}]}<\/script>\n<!-- \/ Yoast SEO plugin. -->","yoast_head_json":{"title":"SUDADERA S-MACS-HOOD-L3 DIESEL - ELEVEN","description":"La sudadera negra La sudadera negra S-Macs-Hood-L3 de la marca Diesel es una prenda de ca\u00edda holgada que incluye una capucha y unos estampados gr\u00e1ficos.","robots":{"index":"noindex","follow":"follow","max-snippet":"max-snippet:-1","max-image-preview":"max-image-preview:large","max-video-preview":"max-video-preview:-1"},"og_locale":"es_ES","og_type":"article","og_title":"SUDADERA S-MACS-HOOD-L3 DIESEL - ELEVEN","og_description":"La sudadera negra La sudadera negra S-Macs-Hood-L3 de la marca Diesel es una prenda de ca\u00edda holgada que incluye una capucha y unos estampados gr\u00e1ficos.","og_url":"https:\/\/www.marodadesign.es\/miralles\/producto\/sudadera-s-macs-hood-l3-diesel\/","og_site_name":"ELEVEN","article_modified_time":"2023-11-16T18:32:47+00:00","og_image":[{"width":1300,"height":1300,"url":"https:\/\/www.marodadesign.es\/miralles\/wp-content\/uploads\/2023\/10\/s-macs-hood-L3-Diesel.jpg","type":"image\/jpeg"}],"twitter_card":"summary_large_image","twitter_misc":{"Tiempo de lectura":"1 minuto"},"schema":{"@context":"https:\/\/schema.org","@graph":[{"@type":"WebPage","@id":"https:\/\/www.marodadesign.es\/miralles\/producto\/sudadera-s-macs-hood-l3-diesel\/","url":"https:\/\/www.marodadesign.es\/miralles\/producto\/sudadera-s-macs-hood-l3-diesel\/","name":"SUDADERA S-MACS-HOOD-L3 DIESEL - ELEVEN","isPartOf":{"@id":"https:\/\/www.marodadesign.es\/miralles\/#website"},"primaryImageOfPage":{"@id":"https:\/\/www.marodadesign.es\/miralles\/producto\/sudadera-s-macs-hood-l3-diesel\/#primaryimage"},"image":{"@id":"https:\/\/www.marodadesign.es\/miralles\/producto\/sudadera-s-macs-hood-l3-diesel\/#primaryimage"},"thumbnailUrl":"https:\/\/www.marodadesign.es\/miralles\/wp-content\/uploads\/2023\/10\/s-macs-hood-L3-Diesel.jpg","datePublished":"2023-10-04T15:41:16+00:00","dateModified":"2023-11-16T18:32:47+00:00","description":"La sudadera negra La sudadera negra S-Macs-Hood-L3 de la marca Diesel es una prenda de ca\u00edda holgada que incluye una capucha y unos estampados gr\u00e1ficos.","breadcrumb":{"@id":"https:\/\/www.marodadesign.es\/miralles\/producto\/sudadera-s-macs-hood-l3-diesel\/#breadcrumb"},"inLanguage":"es","potentialAction":[{"@type":"ReadAction","target":["https:\/\/www.marodadesign.es\/miralles\/producto\/sudadera-s-macs-hood-l3-diesel\/"]}]},{"@type":"ImageObject","inLanguage":"es","@id":"https:\/\/www.marodadesign.es\/miralles\/producto\/sudadera-s-macs-hood-l3-diesel\/#primaryimage","url":"https:\/\/www.marodadesign.es\/miralles\/wp-content\/uploads\/2023\/10\/s-macs-hood-L3-Diesel.jpg","contentUrl":"https:\/\/www.marodadesign.es\/miralles\/wp-content\/uploads\/2023\/10\/s-macs-hood-L3-Diesel.jpg","width":1300,"height":1300,"caption":"SUDADERA S-MACS-HOOD-L3 DIESEL"},{"@type":"BreadcrumbList","@id":"https:\/\/www.marodadesign.es\/miralles\/producto\/sudadera-s-macs-hood-l3-diesel\/#breadcrumb","itemListElement":[{"@type":"ListItem","position":1,"name":"Portada","item":"https:\/\/www.marodadesign.es\/miralles\/"},{"@type":"ListItem","position":2,"name":"Tienda","item":"https:\/\/www.marodadesign.es\/miralles\/tienda\/"},{"@type":"ListItem","position":3,"name":"SUDADERA S-MACS-HOOD-L3 DIESEL"}]},{"@type":"WebSite","@id":"https:\/\/www.marodadesign.es\/miralles\/#website","url":"https:\/\/www.marodadesign.es\/miralles\/","name":"ELEVEN","description":"Moda para hombre en Valencia","publisher":{"@id":"https:\/\/www.marodadesign.es\/miralles\/#organization"},"potentialAction":[{"@type":"SearchAction","target":{"@type":"EntryPoint","urlTemplate":"https:\/\/www.marodadesign.es\/miralles\/?s={search_term_string}"},"query-input":{"@type":"PropertyValueSpecification","valueRequired":true,"valueName":"search_term_string"}}],"inLanguage":"es"},{"@type":"Organization","@id":"https:\/\/www.marodadesign.es\/miralles\/#organization","name":"Eleven Valencia","alternateName":"Eleven","url":"https:\/\/www.marodadesign.es\/miralles\/","logo":{"@type":"ImageObject","inLanguage":"es","@id":"https:\/\/www.marodadesign.es\/miralles\/#\/schema\/logo\/image\/","url":"https:\/\/www.marodadesign.es\/miralles\/wp-content\/uploads\/2023\/05\/Simbolo-Eleven-Valencia.jpg","contentUrl":"https:\/\/www.marodadesign.es\/miralles\/wp-content\/uploads\/2023\/05\/Simbolo-Eleven-Valencia.jpg","width":600,"height":600,"caption":"Eleven Valencia"},"image":{"@id":"https:\/\/www.marodadesign.es\/miralles\/#\/schema\/logo\/image\/"}}]}},"brands":[{"id":162,"name":"Diesel","slug":"diesel"}],"_links":{"self":[{"href":"https:\/\/www.marodadesign.es\/miralles\/wp-json\/wp\/v2\/product\/5711","targetHints":{"allow":["GET"]}}],"collection":[{"href":"https:\/\/www.marodadesign.es\/miralles\/wp-json\/wp\/v2\/product"}],"about":[{"href":"https:\/\/www.marodadesign.es\/miralles\/wp-json\/wp\/v2\/types\/product"}],"wp:featuredmedia":[{"embeddable":true,"href":"https:\/\/www.marodadesign.es\/miralles\/wp-json\/wp\/v2\/media\/5716"}],"wp:attachment":[{"href":"https:\/\/www.marodadesign.es\/miralles\/wp-json\/wp\/v2\/media?parent=5711"}],"wp:term":[{"taxonomy":"pwb-brand","embeddable":true,"href":"https:\/\/www.marodadesign.es\/miralles\/wp-json\/wp\/v2\/pwb-brand?post=5711"},{"taxonomy":"product_brand","embeddable":true,"href":"https:\/\/www.marodadesign.es\/miralles\/wp-json\/wp\/v2\/product_brand?post=5711"},{"taxonomy":"product_cat","embeddable":true,"href":"https:\/\/www.marodadesign.es\/miralles\/wp-json\/wp\/v2\/product_cat?post=5711"},{"taxonomy":"product_tag","embeddable":true,"href":"https:\/\/www.marodadesign.es\/miralles\/wp-json\/wp\/v2\/product_tag?post=5711"}],"curies":[{"name":"wp","href":"https:\/\/api.w.org\/{rel}","templated":true}]}}