{"id":5724,"date":"2023-10-04T18:27:05","date_gmt":"2023-10-04T16:27:05","guid":{"rendered":"https:\/\/www.marodadesign.es\/miralles\/?post_type=product&#038;p=5724"},"modified":"2023-11-16T19:33:20","modified_gmt":"2023-11-16T18:33:20","slug":"camiseta-t-wash-l2-diesel","status":"publish","type":"product","link":"https:\/\/www.marodadesign.es\/miralles\/producto\/camiseta-t-wash-l2-diesel\/","title":{"rendered":"CAMISETA T-WASH-L2 DIESEL"},"content":{"rendered":"<p>La camiseta T-Wash-L2 de la marca <a href=\"https:\/\/www.marodadesign.es\/miralles\/marca\/diesel\/\">Diesel <\/a>es una prenda en manga corta con estampado de m\u00e1rmol, que adem\u00e1s destaca por su suavidad y por su ca\u00edda fit holgada. Mediante un innovador proceso con aceite artesanal se logra una t\u00e9cnica que logra el efecto m\u00e1rmol tan llamativo que desprende la camiseta. Lleva un estampado DDD en relieve ubicado en el pecho, y un estampado digital del globo terr\u00e1queo en la zona trasera. El cuello redondo en canal\u00e9 incluye una etiqueta de la firma <a href=\"https:\/\/www.marodadesign.es\/miralles\/marca\/diesel\/\">Diesel<\/a> en la cara interna.<\/p>\n<p><strong>Composici\u00f3n: <\/strong>100% algod\u00f3n.<\/p>\n<p><strong>Tratamiento:<\/strong>\u00a0Lavar a mano, no blanquear, no secar en una secadora, planchar a unos 110<span class=\"care-instruction-text\">\u00b0C de m\u00e1ximo, no lavar en seco y secar con la ropa colgada a la sombra.<\/span><\/p>\n","protected":false},"excerpt":{"rendered":"<p>Camiseta T-Wash-L2 de <a href=\"https:\/\/www.marodadesign.es\/miralles\/marca\/diesel\/\">Diesel<\/a> para la temporada<a href=\"https:\/\/www.marodadesign.es\/miralles\/etiqueta-producto\/otono-invierno-2023\/\"> Oto\u00f1o-Invierno 2023<\/a>.\u00a0 Es una prenda con un llamativo efecto m\u00e1rmol logrado mediante una t\u00e9cnica con aceite artesanal. Posee adem\u00e1s un estampado en la zona trasera.<\/p>\n","protected":false},"featured_media":5730,"template":"","meta":[],"pwb-brand":[162],"product_brand":[],"product_cat":[243,244,168],"product_tag":[247,654],"class_list":{"0":"post-5724","1":"product","2":"type-product","3":"status-publish","4":"has-post-thumbnail","6":"pwb-brand-diesel","7":"product_cat-camisetas","8":"product_cat-camisetas-manga-corta","9":"product_cat-ropa","10":"product_tag-camiseta","11":"product_tag-otono-invierno-2023","13":"first","14":"instock","15":"featured","16":"sold-individually","17":"taxable","18":"shipping-taxable","19":"purchasable","20":"product-type-variable"},"yoast_head":"<!-- This site is optimized with the Yoast SEO plugin v27.5 - https:\/\/yoast.com\/product\/yoast-seo-wordpress\/ -->\n<title>CAMISETA T-WASH-L2 DIESEL - ELEVEN<\/title>\n<meta name=\"description\" content=\"Camiseta T-Wash-L2 de Diesel para la temporada Oto\u00f1o-Invierno 2023.\u00a0 Es una prenda con un llamativo efecto m\u00e1rmol mediante una t\u00e9cnica con aceite artesanal.\" \/>\n<meta name=\"robots\" content=\"noindex, follow, max-snippet:-1, max-image-preview:large, max-video-preview:-1\" \/>\n<meta property=\"og:locale\" content=\"es_ES\" \/>\n<meta property=\"og:type\" content=\"article\" \/>\n<meta property=\"og:title\" content=\"CAMISETA T-WASH-L2 DIESEL - ELEVEN\" \/>\n<meta property=\"og:description\" content=\"Camiseta T-Wash-L2 de Diesel para la temporada Oto\u00f1o-Invierno 2023.\u00a0 Es una prenda con un llamativo efecto m\u00e1rmol mediante una t\u00e9cnica con aceite artesanal.\" \/>\n<meta property=\"og:url\" content=\"https:\/\/www.marodadesign.es\/miralles\/producto\/camiseta-t-wash-l2-diesel\/\" \/>\n<meta property=\"og:site_name\" content=\"ELEVEN\" \/>\n<meta property=\"article:modified_time\" content=\"2023-11-16T18:33:20+00:00\" \/>\n<meta property=\"og:image\" content=\"https:\/\/www.marodadesign.es\/miralles\/wp-content\/uploads\/2023\/10\/camiseta-t-wash-L2-diesel.jpg\" \/>\n\t<meta property=\"og:image:width\" content=\"1300\" \/>\n\t<meta property=\"og:image:height\" content=\"1300\" \/>\n\t<meta property=\"og:image:type\" content=\"image\/jpeg\" \/>\n<meta name=\"twitter:card\" content=\"summary_large_image\" \/>\n<meta name=\"twitter:label1\" content=\"Tiempo de lectura\" \/>\n\t<meta name=\"twitter:data1\" content=\"1 minuto\" \/>\n<script type=\"application\/ld+json\" class=\"yoast-schema-graph\">{\"@context\":\"https:\\\/\\\/schema.org\",\"@graph\":[{\"@type\":\"WebPage\",\"@id\":\"https:\\\/\\\/www.marodadesign.es\\\/miralles\\\/producto\\\/camiseta-t-wash-l2-diesel\\\/\",\"url\":\"https:\\\/\\\/www.marodadesign.es\\\/miralles\\\/producto\\\/camiseta-t-wash-l2-diesel\\\/\",\"name\":\"CAMISETA T-WASH-L2 DIESEL - ELEVEN\",\"isPartOf\":{\"@id\":\"https:\\\/\\\/www.marodadesign.es\\\/miralles\\\/#website\"},\"primaryImageOfPage\":{\"@id\":\"https:\\\/\\\/www.marodadesign.es\\\/miralles\\\/producto\\\/camiseta-t-wash-l2-diesel\\\/#primaryimage\"},\"image\":{\"@id\":\"https:\\\/\\\/www.marodadesign.es\\\/miralles\\\/producto\\\/camiseta-t-wash-l2-diesel\\\/#primaryimage\"},\"thumbnailUrl\":\"https:\\\/\\\/www.marodadesign.es\\\/miralles\\\/wp-content\\\/uploads\\\/2023\\\/10\\\/camiseta-t-wash-L2-diesel.jpg\",\"datePublished\":\"2023-10-04T16:27:05+00:00\",\"dateModified\":\"2023-11-16T18:33:20+00:00\",\"description\":\"Camiseta T-Wash-L2 de Diesel para la temporada Oto\u00f1o-Invierno 2023.\u00a0 Es una prenda con un llamativo efecto m\u00e1rmol mediante una t\u00e9cnica con aceite artesanal.\",\"breadcrumb\":{\"@id\":\"https:\\\/\\\/www.marodadesign.es\\\/miralles\\\/producto\\\/camiseta-t-wash-l2-diesel\\\/#breadcrumb\"},\"inLanguage\":\"es\",\"potentialAction\":[{\"@type\":\"ReadAction\",\"target\":[\"https:\\\/\\\/www.marodadesign.es\\\/miralles\\\/producto\\\/camiseta-t-wash-l2-diesel\\\/\"]}]},{\"@type\":\"ImageObject\",\"inLanguage\":\"es\",\"@id\":\"https:\\\/\\\/www.marodadesign.es\\\/miralles\\\/producto\\\/camiseta-t-wash-l2-diesel\\\/#primaryimage\",\"url\":\"https:\\\/\\\/www.marodadesign.es\\\/miralles\\\/wp-content\\\/uploads\\\/2023\\\/10\\\/camiseta-t-wash-L2-diesel.jpg\",\"contentUrl\":\"https:\\\/\\\/www.marodadesign.es\\\/miralles\\\/wp-content\\\/uploads\\\/2023\\\/10\\\/camiseta-t-wash-L2-diesel.jpg\",\"width\":1300,\"height\":1300},{\"@type\":\"BreadcrumbList\",\"@id\":\"https:\\\/\\\/www.marodadesign.es\\\/miralles\\\/producto\\\/camiseta-t-wash-l2-diesel\\\/#breadcrumb\",\"itemListElement\":[{\"@type\":\"ListItem\",\"position\":1,\"name\":\"Portada\",\"item\":\"https:\\\/\\\/www.marodadesign.es\\\/miralles\\\/\"},{\"@type\":\"ListItem\",\"position\":2,\"name\":\"Tienda\",\"item\":\"https:\\\/\\\/www.marodadesign.es\\\/miralles\\\/tienda\\\/\"},{\"@type\":\"ListItem\",\"position\":3,\"name\":\"CAMISETA T-WASH-L2 DIESEL\"}]},{\"@type\":\"WebSite\",\"@id\":\"https:\\\/\\\/www.marodadesign.es\\\/miralles\\\/#website\",\"url\":\"https:\\\/\\\/www.marodadesign.es\\\/miralles\\\/\",\"name\":\"ELEVEN\",\"description\":\"Moda para hombre en Valencia\",\"publisher\":{\"@id\":\"https:\\\/\\\/www.marodadesign.es\\\/miralles\\\/#organization\"},\"potentialAction\":[{\"@type\":\"SearchAction\",\"target\":{\"@type\":\"EntryPoint\",\"urlTemplate\":\"https:\\\/\\\/www.marodadesign.es\\\/miralles\\\/?s={search_term_string}\"},\"query-input\":{\"@type\":\"PropertyValueSpecification\",\"valueRequired\":true,\"valueName\":\"search_term_string\"}}],\"inLanguage\":\"es\"},{\"@type\":\"Organization\",\"@id\":\"https:\\\/\\\/www.marodadesign.es\\\/miralles\\\/#organization\",\"name\":\"Eleven Valencia\",\"alternateName\":\"Eleven\",\"url\":\"https:\\\/\\\/www.marodadesign.es\\\/miralles\\\/\",\"logo\":{\"@type\":\"ImageObject\",\"inLanguage\":\"es\",\"@id\":\"https:\\\/\\\/www.marodadesign.es\\\/miralles\\\/#\\\/schema\\\/logo\\\/image\\\/\",\"url\":\"https:\\\/\\\/www.marodadesign.es\\\/miralles\\\/wp-content\\\/uploads\\\/2023\\\/05\\\/Simbolo-Eleven-Valencia.jpg\",\"contentUrl\":\"https:\\\/\\\/www.marodadesign.es\\\/miralles\\\/wp-content\\\/uploads\\\/2023\\\/05\\\/Simbolo-Eleven-Valencia.jpg\",\"width\":600,\"height\":600,\"caption\":\"Eleven Valencia\"},\"image\":{\"@id\":\"https:\\\/\\\/www.marodadesign.es\\\/miralles\\\/#\\\/schema\\\/logo\\\/image\\\/\"}}]}<\/script>\n<!-- \/ Yoast SEO plugin. -->","yoast_head_json":{"title":"CAMISETA T-WASH-L2 DIESEL - ELEVEN","description":"Camiseta T-Wash-L2 de Diesel para la temporada Oto\u00f1o-Invierno 2023.\u00a0 Es una prenda con un llamativo efecto m\u00e1rmol mediante una t\u00e9cnica con aceite artesanal.","robots":{"index":"noindex","follow":"follow","max-snippet":"max-snippet:-1","max-image-preview":"max-image-preview:large","max-video-preview":"max-video-preview:-1"},"og_locale":"es_ES","og_type":"article","og_title":"CAMISETA T-WASH-L2 DIESEL - ELEVEN","og_description":"Camiseta T-Wash-L2 de Diesel para la temporada Oto\u00f1o-Invierno 2023.\u00a0 Es una prenda con un llamativo efecto m\u00e1rmol mediante una t\u00e9cnica con aceite artesanal.","og_url":"https:\/\/www.marodadesign.es\/miralles\/producto\/camiseta-t-wash-l2-diesel\/","og_site_name":"ELEVEN","article_modified_time":"2023-11-16T18:33:20+00:00","og_image":[{"width":1300,"height":1300,"url":"https:\/\/www.marodadesign.es\/miralles\/wp-content\/uploads\/2023\/10\/camiseta-t-wash-L2-diesel.jpg","type":"image\/jpeg"}],"twitter_card":"summary_large_image","twitter_misc":{"Tiempo de lectura":"1 minuto"},"schema":{"@context":"https:\/\/schema.org","@graph":[{"@type":"WebPage","@id":"https:\/\/www.marodadesign.es\/miralles\/producto\/camiseta-t-wash-l2-diesel\/","url":"https:\/\/www.marodadesign.es\/miralles\/producto\/camiseta-t-wash-l2-diesel\/","name":"CAMISETA T-WASH-L2 DIESEL - ELEVEN","isPartOf":{"@id":"https:\/\/www.marodadesign.es\/miralles\/#website"},"primaryImageOfPage":{"@id":"https:\/\/www.marodadesign.es\/miralles\/producto\/camiseta-t-wash-l2-diesel\/#primaryimage"},"image":{"@id":"https:\/\/www.marodadesign.es\/miralles\/producto\/camiseta-t-wash-l2-diesel\/#primaryimage"},"thumbnailUrl":"https:\/\/www.marodadesign.es\/miralles\/wp-content\/uploads\/2023\/10\/camiseta-t-wash-L2-diesel.jpg","datePublished":"2023-10-04T16:27:05+00:00","dateModified":"2023-11-16T18:33:20+00:00","description":"Camiseta T-Wash-L2 de Diesel para la temporada Oto\u00f1o-Invierno 2023.\u00a0 Es una prenda con un llamativo efecto m\u00e1rmol mediante una t\u00e9cnica con aceite artesanal.","breadcrumb":{"@id":"https:\/\/www.marodadesign.es\/miralles\/producto\/camiseta-t-wash-l2-diesel\/#breadcrumb"},"inLanguage":"es","potentialAction":[{"@type":"ReadAction","target":["https:\/\/www.marodadesign.es\/miralles\/producto\/camiseta-t-wash-l2-diesel\/"]}]},{"@type":"ImageObject","inLanguage":"es","@id":"https:\/\/www.marodadesign.es\/miralles\/producto\/camiseta-t-wash-l2-diesel\/#primaryimage","url":"https:\/\/www.marodadesign.es\/miralles\/wp-content\/uploads\/2023\/10\/camiseta-t-wash-L2-diesel.jpg","contentUrl":"https:\/\/www.marodadesign.es\/miralles\/wp-content\/uploads\/2023\/10\/camiseta-t-wash-L2-diesel.jpg","width":1300,"height":1300},{"@type":"BreadcrumbList","@id":"https:\/\/www.marodadesign.es\/miralles\/producto\/camiseta-t-wash-l2-diesel\/#breadcrumb","itemListElement":[{"@type":"ListItem","position":1,"name":"Portada","item":"https:\/\/www.marodadesign.es\/miralles\/"},{"@type":"ListItem","position":2,"name":"Tienda","item":"https:\/\/www.marodadesign.es\/miralles\/tienda\/"},{"@type":"ListItem","position":3,"name":"CAMISETA T-WASH-L2 DIESEL"}]},{"@type":"WebSite","@id":"https:\/\/www.marodadesign.es\/miralles\/#website","url":"https:\/\/www.marodadesign.es\/miralles\/","name":"ELEVEN","description":"Moda para hombre en Valencia","publisher":{"@id":"https:\/\/www.marodadesign.es\/miralles\/#organization"},"potentialAction":[{"@type":"SearchAction","target":{"@type":"EntryPoint","urlTemplate":"https:\/\/www.marodadesign.es\/miralles\/?s={search_term_string}"},"query-input":{"@type":"PropertyValueSpecification","valueRequired":true,"valueName":"search_term_string"}}],"inLanguage":"es"},{"@type":"Organization","@id":"https:\/\/www.marodadesign.es\/miralles\/#organization","name":"Eleven Valencia","alternateName":"Eleven","url":"https:\/\/www.marodadesign.es\/miralles\/","logo":{"@type":"ImageObject","inLanguage":"es","@id":"https:\/\/www.marodadesign.es\/miralles\/#\/schema\/logo\/image\/","url":"https:\/\/www.marodadesign.es\/miralles\/wp-content\/uploads\/2023\/05\/Simbolo-Eleven-Valencia.jpg","contentUrl":"https:\/\/www.marodadesign.es\/miralles\/wp-content\/uploads\/2023\/05\/Simbolo-Eleven-Valencia.jpg","width":600,"height":600,"caption":"Eleven Valencia"},"image":{"@id":"https:\/\/www.marodadesign.es\/miralles\/#\/schema\/logo\/image\/"}}]}},"brands":[{"id":162,"name":"Diesel","slug":"diesel"}],"_links":{"self":[{"href":"https:\/\/www.marodadesign.es\/miralles\/wp-json\/wp\/v2\/product\/5724","targetHints":{"allow":["GET"]}}],"collection":[{"href":"https:\/\/www.marodadesign.es\/miralles\/wp-json\/wp\/v2\/product"}],"about":[{"href":"https:\/\/www.marodadesign.es\/miralles\/wp-json\/wp\/v2\/types\/product"}],"wp:featuredmedia":[{"embeddable":true,"href":"https:\/\/www.marodadesign.es\/miralles\/wp-json\/wp\/v2\/media\/5730"}],"wp:attachment":[{"href":"https:\/\/www.marodadesign.es\/miralles\/wp-json\/wp\/v2\/media?parent=5724"}],"wp:term":[{"taxonomy":"pwb-brand","embeddable":true,"href":"https:\/\/www.marodadesign.es\/miralles\/wp-json\/wp\/v2\/pwb-brand?post=5724"},{"taxonomy":"product_brand","embeddable":true,"href":"https:\/\/www.marodadesign.es\/miralles\/wp-json\/wp\/v2\/product_brand?post=5724"},{"taxonomy":"product_cat","embeddable":true,"href":"https:\/\/www.marodadesign.es\/miralles\/wp-json\/wp\/v2\/product_cat?post=5724"},{"taxonomy":"product_tag","embeddable":true,"href":"https:\/\/www.marodadesign.es\/miralles\/wp-json\/wp\/v2\/product_tag?post=5724"}],"curies":[{"name":"wp","href":"https:\/\/api.w.org\/{rel}","templated":true}]}}