{"id":5800,"date":"2023-10-05T14:50:04","date_gmt":"2023-10-05T12:50:04","guid":{"rendered":"https:\/\/www.marodadesign.es\/miralles\/?post_type=product&#038;p=5800"},"modified":"2023-11-16T19:26:38","modified_gmt":"2023-11-16T18:26:38","slug":"camiseta-blanca-t-diegor-l7-diesel","status":"publish","type":"product","link":"https:\/\/www.marodadesign.es\/miralles\/producto\/camiseta-blanca-t-diegor-l7-diesel\/","title":{"rendered":"CAMISETA BLANCA T-DIEGOR-L7 DIESEL"},"content":{"rendered":"<p>La <a href=\"https:\/\/www.marodadesign.es\/miralles\/categoria-producto\/ropa\/camisetas\/camisetas-manga-corta\/\">camiseta<\/a> blanca T-Diegor-L7 de la marca <a href=\"https:\/\/www.marodadesign.es\/miralles\/marca\/diesel\/\">Diesel <\/a>es una prenda entallada en manga corta con cuello redondo confeccionada en punto de algod\u00f3n 100% de gran suavidad al tacto. Destaca por su impresi\u00f3n digital en el pecho de letras grandes con fondo fotogr\u00e1fico. Est\u00e1 entallada para hombre y confeccionada en suave punto de algod\u00f3n. Tiene el cuello redondo y una ca\u00edda ajustada al cuerpo.<\/p>\n<p><strong>Composici\u00f3n:<\/strong>100% Algod\u00f3n.<\/p>\n<p><strong>Tratamiento:<\/strong> Lavar a 30 \u00b0C como prenda delicada, no blanquear, no secar en secadora, planchar a 110 \u00b0C max, no lavar en seco, secar a la sombra.<\/p>\n","protected":false},"excerpt":{"rendered":"<p><a href=\"https:\/\/www.marodadesign.es\/miralles\/categoria-producto\/ropa\/camisetas\/camisetas-manga-corta\/\">Camiseta<\/a> de manga corta T-Diegor-L7 de <a href=\"https:\/\/www.marodadesign.es\/miralles\/marca\/diesel\/\">Diesel<\/a> para la temporada Oto\u00f1o-Invierno 2023.\u00a0 Es una prenda en color blanco de cuello redondo que destaca por su impresi\u00f3n digital de letras grandes con fondo fotogr\u00e1fico. Ideal como complemento para un vestuario &#8216;sport&#8217;.<\/p>\n","protected":false},"featured_media":5806,"template":"","meta":[],"pwb-brand":[162],"product_brand":[],"product_cat":[243,244,168],"product_tag":[199,247,654],"class_list":{"0":"post-5800","1":"product","2":"type-product","3":"status-publish","4":"has-post-thumbnail","6":"pwb-brand-diesel","7":"product_cat-camisetas","8":"product_cat-camisetas-manga-corta","9":"product_cat-ropa","10":"product_tag-blanco","11":"product_tag-camiseta","12":"product_tag-otono-invierno-2023","14":"first","15":"instock","16":"featured","17":"sold-individually","18":"taxable","19":"shipping-taxable","20":"purchasable","21":"product-type-variable"},"yoast_head":"<!-- This site is optimized with the Yoast SEO plugin v27.5 - https:\/\/yoast.com\/product\/yoast-seo-wordpress\/ -->\n<title>CAMISETA BLANCA T-DIEGOR-L7 DIESEL - ELEVEN<\/title>\n<meta name=\"description\" content=\"La camiseta blanca T-Diegor-L7 de la marca Diesel es una prenda entallada en manga corta con cuello redondo confeccionada en punto de algod\u00f3n 100%.\" \/>\n<meta name=\"robots\" content=\"noindex, follow, max-snippet:-1, max-image-preview:large, max-video-preview:-1\" \/>\n<meta property=\"og:locale\" content=\"es_ES\" \/>\n<meta property=\"og:type\" content=\"article\" \/>\n<meta property=\"og:title\" content=\"CAMISETA BLANCA T-DIEGOR-L7 DIESEL - ELEVEN\" \/>\n<meta property=\"og:description\" content=\"La camiseta blanca T-Diegor-L7 de la marca Diesel es una prenda entallada en manga corta con cuello redondo confeccionada en punto de algod\u00f3n 100%.\" \/>\n<meta property=\"og:url\" content=\"https:\/\/www.marodadesign.es\/miralles\/producto\/camiseta-blanca-t-diegor-l7-diesel\/\" \/>\n<meta property=\"og:site_name\" content=\"ELEVEN\" \/>\n<meta property=\"article:modified_time\" content=\"2023-11-16T18:26:38+00:00\" \/>\n<meta property=\"og:image\" content=\"https:\/\/www.marodadesign.es\/miralles\/wp-content\/uploads\/2023\/10\/camiseta-blanca-t-diegor-L7-eleven.jpg\" \/>\n\t<meta property=\"og:image:width\" content=\"1300\" \/>\n\t<meta property=\"og:image:height\" content=\"1300\" \/>\n\t<meta property=\"og:image:type\" content=\"image\/jpeg\" \/>\n<meta name=\"twitter:card\" content=\"summary_large_image\" \/>\n<meta name=\"twitter:label1\" content=\"Tiempo de lectura\" \/>\n\t<meta name=\"twitter:data1\" content=\"1 minuto\" \/>\n<script type=\"application\/ld+json\" class=\"yoast-schema-graph\">{\"@context\":\"https:\\\/\\\/schema.org\",\"@graph\":[{\"@type\":\"WebPage\",\"@id\":\"https:\\\/\\\/www.marodadesign.es\\\/miralles\\\/producto\\\/camiseta-blanca-t-diegor-l7-diesel\\\/\",\"url\":\"https:\\\/\\\/www.marodadesign.es\\\/miralles\\\/producto\\\/camiseta-blanca-t-diegor-l7-diesel\\\/\",\"name\":\"CAMISETA BLANCA T-DIEGOR-L7 DIESEL - ELEVEN\",\"isPartOf\":{\"@id\":\"https:\\\/\\\/www.marodadesign.es\\\/miralles\\\/#website\"},\"primaryImageOfPage\":{\"@id\":\"https:\\\/\\\/www.marodadesign.es\\\/miralles\\\/producto\\\/camiseta-blanca-t-diegor-l7-diesel\\\/#primaryimage\"},\"image\":{\"@id\":\"https:\\\/\\\/www.marodadesign.es\\\/miralles\\\/producto\\\/camiseta-blanca-t-diegor-l7-diesel\\\/#primaryimage\"},\"thumbnailUrl\":\"https:\\\/\\\/www.marodadesign.es\\\/miralles\\\/wp-content\\\/uploads\\\/2023\\\/10\\\/camiseta-blanca-t-diegor-L7-eleven.jpg\",\"datePublished\":\"2023-10-05T12:50:04+00:00\",\"dateModified\":\"2023-11-16T18:26:38+00:00\",\"description\":\"La camiseta blanca T-Diegor-L7 de la marca Diesel es una prenda entallada en manga corta con cuello redondo confeccionada en punto de algod\u00f3n 100%.\",\"breadcrumb\":{\"@id\":\"https:\\\/\\\/www.marodadesign.es\\\/miralles\\\/producto\\\/camiseta-blanca-t-diegor-l7-diesel\\\/#breadcrumb\"},\"inLanguage\":\"es\",\"potentialAction\":[{\"@type\":\"ReadAction\",\"target\":[\"https:\\\/\\\/www.marodadesign.es\\\/miralles\\\/producto\\\/camiseta-blanca-t-diegor-l7-diesel\\\/\"]}]},{\"@type\":\"ImageObject\",\"inLanguage\":\"es\",\"@id\":\"https:\\\/\\\/www.marodadesign.es\\\/miralles\\\/producto\\\/camiseta-blanca-t-diegor-l7-diesel\\\/#primaryimage\",\"url\":\"https:\\\/\\\/www.marodadesign.es\\\/miralles\\\/wp-content\\\/uploads\\\/2023\\\/10\\\/camiseta-blanca-t-diegor-L7-eleven.jpg\",\"contentUrl\":\"https:\\\/\\\/www.marodadesign.es\\\/miralles\\\/wp-content\\\/uploads\\\/2023\\\/10\\\/camiseta-blanca-t-diegor-L7-eleven.jpg\",\"width\":1300,\"height\":1300},{\"@type\":\"BreadcrumbList\",\"@id\":\"https:\\\/\\\/www.marodadesign.es\\\/miralles\\\/producto\\\/camiseta-blanca-t-diegor-l7-diesel\\\/#breadcrumb\",\"itemListElement\":[{\"@type\":\"ListItem\",\"position\":1,\"name\":\"Portada\",\"item\":\"https:\\\/\\\/www.marodadesign.es\\\/miralles\\\/\"},{\"@type\":\"ListItem\",\"position\":2,\"name\":\"Tienda\",\"item\":\"https:\\\/\\\/www.marodadesign.es\\\/miralles\\\/tienda\\\/\"},{\"@type\":\"ListItem\",\"position\":3,\"name\":\"CAMISETA BLANCA T-DIEGOR-L7 DIESEL\"}]},{\"@type\":\"WebSite\",\"@id\":\"https:\\\/\\\/www.marodadesign.es\\\/miralles\\\/#website\",\"url\":\"https:\\\/\\\/www.marodadesign.es\\\/miralles\\\/\",\"name\":\"ELEVEN\",\"description\":\"Moda para hombre en Valencia\",\"publisher\":{\"@id\":\"https:\\\/\\\/www.marodadesign.es\\\/miralles\\\/#organization\"},\"potentialAction\":[{\"@type\":\"SearchAction\",\"target\":{\"@type\":\"EntryPoint\",\"urlTemplate\":\"https:\\\/\\\/www.marodadesign.es\\\/miralles\\\/?s={search_term_string}\"},\"query-input\":{\"@type\":\"PropertyValueSpecification\",\"valueRequired\":true,\"valueName\":\"search_term_string\"}}],\"inLanguage\":\"es\"},{\"@type\":\"Organization\",\"@id\":\"https:\\\/\\\/www.marodadesign.es\\\/miralles\\\/#organization\",\"name\":\"Eleven Valencia\",\"alternateName\":\"Eleven\",\"url\":\"https:\\\/\\\/www.marodadesign.es\\\/miralles\\\/\",\"logo\":{\"@type\":\"ImageObject\",\"inLanguage\":\"es\",\"@id\":\"https:\\\/\\\/www.marodadesign.es\\\/miralles\\\/#\\\/schema\\\/logo\\\/image\\\/\",\"url\":\"https:\\\/\\\/www.marodadesign.es\\\/miralles\\\/wp-content\\\/uploads\\\/2023\\\/05\\\/Simbolo-Eleven-Valencia.jpg\",\"contentUrl\":\"https:\\\/\\\/www.marodadesign.es\\\/miralles\\\/wp-content\\\/uploads\\\/2023\\\/05\\\/Simbolo-Eleven-Valencia.jpg\",\"width\":600,\"height\":600,\"caption\":\"Eleven Valencia\"},\"image\":{\"@id\":\"https:\\\/\\\/www.marodadesign.es\\\/miralles\\\/#\\\/schema\\\/logo\\\/image\\\/\"}}]}<\/script>\n<!-- \/ Yoast SEO plugin. -->","yoast_head_json":{"title":"CAMISETA BLANCA T-DIEGOR-L7 DIESEL - ELEVEN","description":"La camiseta blanca T-Diegor-L7 de la marca Diesel es una prenda entallada en manga corta con cuello redondo confeccionada en punto de algod\u00f3n 100%.","robots":{"index":"noindex","follow":"follow","max-snippet":"max-snippet:-1","max-image-preview":"max-image-preview:large","max-video-preview":"max-video-preview:-1"},"og_locale":"es_ES","og_type":"article","og_title":"CAMISETA BLANCA T-DIEGOR-L7 DIESEL - ELEVEN","og_description":"La camiseta blanca T-Diegor-L7 de la marca Diesel es una prenda entallada en manga corta con cuello redondo confeccionada en punto de algod\u00f3n 100%.","og_url":"https:\/\/www.marodadesign.es\/miralles\/producto\/camiseta-blanca-t-diegor-l7-diesel\/","og_site_name":"ELEVEN","article_modified_time":"2023-11-16T18:26:38+00:00","og_image":[{"width":1300,"height":1300,"url":"https:\/\/www.marodadesign.es\/miralles\/wp-content\/uploads\/2023\/10\/camiseta-blanca-t-diegor-L7-eleven.jpg","type":"image\/jpeg"}],"twitter_card":"summary_large_image","twitter_misc":{"Tiempo de lectura":"1 minuto"},"schema":{"@context":"https:\/\/schema.org","@graph":[{"@type":"WebPage","@id":"https:\/\/www.marodadesign.es\/miralles\/producto\/camiseta-blanca-t-diegor-l7-diesel\/","url":"https:\/\/www.marodadesign.es\/miralles\/producto\/camiseta-blanca-t-diegor-l7-diesel\/","name":"CAMISETA BLANCA T-DIEGOR-L7 DIESEL - ELEVEN","isPartOf":{"@id":"https:\/\/www.marodadesign.es\/miralles\/#website"},"primaryImageOfPage":{"@id":"https:\/\/www.marodadesign.es\/miralles\/producto\/camiseta-blanca-t-diegor-l7-diesel\/#primaryimage"},"image":{"@id":"https:\/\/www.marodadesign.es\/miralles\/producto\/camiseta-blanca-t-diegor-l7-diesel\/#primaryimage"},"thumbnailUrl":"https:\/\/www.marodadesign.es\/miralles\/wp-content\/uploads\/2023\/10\/camiseta-blanca-t-diegor-L7-eleven.jpg","datePublished":"2023-10-05T12:50:04+00:00","dateModified":"2023-11-16T18:26:38+00:00","description":"La camiseta blanca T-Diegor-L7 de la marca Diesel es una prenda entallada en manga corta con cuello redondo confeccionada en punto de algod\u00f3n 100%.","breadcrumb":{"@id":"https:\/\/www.marodadesign.es\/miralles\/producto\/camiseta-blanca-t-diegor-l7-diesel\/#breadcrumb"},"inLanguage":"es","potentialAction":[{"@type":"ReadAction","target":["https:\/\/www.marodadesign.es\/miralles\/producto\/camiseta-blanca-t-diegor-l7-diesel\/"]}]},{"@type":"ImageObject","inLanguage":"es","@id":"https:\/\/www.marodadesign.es\/miralles\/producto\/camiseta-blanca-t-diegor-l7-diesel\/#primaryimage","url":"https:\/\/www.marodadesign.es\/miralles\/wp-content\/uploads\/2023\/10\/camiseta-blanca-t-diegor-L7-eleven.jpg","contentUrl":"https:\/\/www.marodadesign.es\/miralles\/wp-content\/uploads\/2023\/10\/camiseta-blanca-t-diegor-L7-eleven.jpg","width":1300,"height":1300},{"@type":"BreadcrumbList","@id":"https:\/\/www.marodadesign.es\/miralles\/producto\/camiseta-blanca-t-diegor-l7-diesel\/#breadcrumb","itemListElement":[{"@type":"ListItem","position":1,"name":"Portada","item":"https:\/\/www.marodadesign.es\/miralles\/"},{"@type":"ListItem","position":2,"name":"Tienda","item":"https:\/\/www.marodadesign.es\/miralles\/tienda\/"},{"@type":"ListItem","position":3,"name":"CAMISETA BLANCA T-DIEGOR-L7 DIESEL"}]},{"@type":"WebSite","@id":"https:\/\/www.marodadesign.es\/miralles\/#website","url":"https:\/\/www.marodadesign.es\/miralles\/","name":"ELEVEN","description":"Moda para hombre en Valencia","publisher":{"@id":"https:\/\/www.marodadesign.es\/miralles\/#organization"},"potentialAction":[{"@type":"SearchAction","target":{"@type":"EntryPoint","urlTemplate":"https:\/\/www.marodadesign.es\/miralles\/?s={search_term_string}"},"query-input":{"@type":"PropertyValueSpecification","valueRequired":true,"valueName":"search_term_string"}}],"inLanguage":"es"},{"@type":"Organization","@id":"https:\/\/www.marodadesign.es\/miralles\/#organization","name":"Eleven Valencia","alternateName":"Eleven","url":"https:\/\/www.marodadesign.es\/miralles\/","logo":{"@type":"ImageObject","inLanguage":"es","@id":"https:\/\/www.marodadesign.es\/miralles\/#\/schema\/logo\/image\/","url":"https:\/\/www.marodadesign.es\/miralles\/wp-content\/uploads\/2023\/05\/Simbolo-Eleven-Valencia.jpg","contentUrl":"https:\/\/www.marodadesign.es\/miralles\/wp-content\/uploads\/2023\/05\/Simbolo-Eleven-Valencia.jpg","width":600,"height":600,"caption":"Eleven Valencia"},"image":{"@id":"https:\/\/www.marodadesign.es\/miralles\/#\/schema\/logo\/image\/"}}]}},"brands":[{"id":162,"name":"Diesel","slug":"diesel"}],"_links":{"self":[{"href":"https:\/\/www.marodadesign.es\/miralles\/wp-json\/wp\/v2\/product\/5800","targetHints":{"allow":["GET"]}}],"collection":[{"href":"https:\/\/www.marodadesign.es\/miralles\/wp-json\/wp\/v2\/product"}],"about":[{"href":"https:\/\/www.marodadesign.es\/miralles\/wp-json\/wp\/v2\/types\/product"}],"wp:featuredmedia":[{"embeddable":true,"href":"https:\/\/www.marodadesign.es\/miralles\/wp-json\/wp\/v2\/media\/5806"}],"wp:attachment":[{"href":"https:\/\/www.marodadesign.es\/miralles\/wp-json\/wp\/v2\/media?parent=5800"}],"wp:term":[{"taxonomy":"pwb-brand","embeddable":true,"href":"https:\/\/www.marodadesign.es\/miralles\/wp-json\/wp\/v2\/pwb-brand?post=5800"},{"taxonomy":"product_brand","embeddable":true,"href":"https:\/\/www.marodadesign.es\/miralles\/wp-json\/wp\/v2\/product_brand?post=5800"},{"taxonomy":"product_cat","embeddable":true,"href":"https:\/\/www.marodadesign.es\/miralles\/wp-json\/wp\/v2\/product_cat?post=5800"},{"taxonomy":"product_tag","embeddable":true,"href":"https:\/\/www.marodadesign.es\/miralles\/wp-json\/wp\/v2\/product_tag?post=5800"}],"curies":[{"name":"wp","href":"https:\/\/api.w.org\/{rel}","templated":true}]}}