{"id":5865,"date":"2023-10-06T12:01:00","date_gmt":"2023-10-06T10:01:00","guid":{"rendered":"https:\/\/www.marodadesign.es\/miralles\/?post_type=product&#038;p=5865"},"modified":"2023-10-06T12:12:03","modified_gmt":"2023-10-06T10:12:03","slug":"y2k-safety-yellow-seedpearl-raven-sergio-tacchini","status":"publish","type":"product","link":"https:\/\/www.marodadesign.es\/miralles\/producto\/y2k-safety-yellow-seedpearl-raven-sergio-tacchini\/","title":{"rendered":"Y2K SAFETY YELLOW SEEDPEARL RAVEN SERGIO TACCHINI"},"content":{"rendered":"<p>Las <a href=\"https:\/\/www.marodadesign.es\/miralles\/categoria-producto\/calzado\/zapatillas\/\">zapatillas<\/a> Y2K Runner Safety Yellow Seedpearl Raven de <a href=\"https:\/\/www.marodadesign.es\/miralles\/marca\/sergio-tacchini\/\">Sergio Tacchini<\/a> suponen una transici\u00f3n en el esp\u00edritu runner con el cambio de milenio, pasando a dise\u00f1os con un mayor aporte en texturas, detalles y tecnolog\u00eda de alto rendimiento. <a href=\"https:\/\/eu.sergiotacchini.com\/\">Sergio Tacchini <\/a> aporta a esta l\u00ednea de zapatillas un estilo gr\u00e1fico visual basado en la raya Damarindo y una ingenier\u00eda marcada por el confort y los ajustes contempor\u00e1neos. Estas zapatillas incluyen una entresuela EVA sustentada en un puente para apoyar el pie, mientras que gozan de estabilidad gracias a un n\u00facleo. Presentan adem\u00e1s una membrana impermeable para mantener la zapatilla aislada de la lluvia.<\/p>\n<p>Composici\u00f3n:<\/p>\n<ul>\n<li>Material exterior: 100% nailon<\/li>\n<li>Material Interior: 100% nailon<\/li>\n<li>Suela: 100% caucho.<\/li>\n<\/ul>\n","protected":false},"excerpt":{"rendered":"<p><a href=\"https:\/\/www.marodadesign.es\/miralles\/categoria-producto\/calzado\/zapatillas\/\">Zapatillas<\/a> Y2K Runner Safety Yellow Seedpearl Raven de <a href=\"https:\/\/www.marodadesign.es\/miralles\/marca\/sergio-tacchini\/\">\u00a0Sergio Tacchini<\/a> para la temporada Oto\u00f1o-Invierno 2023. Este calzado deportivo se adapta a las convenciones del nuevo milenio, con un dise\u00f1o con toques de amarillo, blanco y negro. Gran suspensi\u00f3n gracias a su entresuela EVA y una gran estabilidad debido al n\u00facleo interno de la zapatilla. Estilo gr\u00e1fico visual basado en la raya Damarindo.<\/p>\n","protected":false},"featured_media":5874,"template":"","meta":[],"pwb-brand":[676],"product_brand":[],"product_cat":[420,423],"product_tag":[320,654,434],"class_list":{"0":"post-5865","1":"product","2":"type-product","3":"status-publish","4":"has-post-thumbnail","6":"pwb-brand-sergio-tacchini","7":"product_cat-calzado","8":"product_cat-zapatillas","9":"product_tag-amarillo","10":"product_tag-otono-invierno-2023","11":"product_tag-zapatillas","13":"first","14":"instock","15":"featured","16":"sold-individually","17":"taxable","18":"shipping-taxable","19":"purchasable","20":"product-type-variable"},"yoast_head":"<!-- This site is optimized with the Yoast SEO plugin v27.5 - https:\/\/yoast.com\/product\/yoast-seo-wordpress\/ -->\n<title>Y2K SAFETY YELLOW SEEDPEARL RAVEN SERGIO TACCHINI - ELEVEN<\/title>\n<meta name=\"description\" content=\"Zapatillas Y2K Runner Safety Yellow Seedpearl Raven de \u00a0Sergio Tacchini para la temporada Oto\u00f1o-Invierno 2023, zapatillas de alto rendimiento e innovaci\u00f3n.\" \/>\n<meta name=\"robots\" content=\"noindex, follow, max-snippet:-1, max-image-preview:large, max-video-preview:-1\" \/>\n<meta property=\"og:locale\" content=\"es_ES\" \/>\n<meta property=\"og:type\" content=\"article\" \/>\n<meta property=\"og:title\" content=\"Y2K SAFETY YELLOW SEEDPEARL RAVEN SERGIO TACCHINI - ELEVEN\" \/>\n<meta property=\"og:description\" content=\"Zapatillas Y2K Runner Safety Yellow Seedpearl Raven de \u00a0Sergio Tacchini para la temporada Oto\u00f1o-Invierno 2023, zapatillas de alto rendimiento e innovaci\u00f3n.\" \/>\n<meta property=\"og:url\" content=\"https:\/\/www.marodadesign.es\/miralles\/producto\/y2k-safety-yellow-seedpearl-raven-sergio-tacchini\/\" \/>\n<meta property=\"og:site_name\" content=\"ELEVEN\" \/>\n<meta property=\"article:modified_time\" content=\"2023-10-06T10:12:03+00:00\" \/>\n<meta property=\"og:image\" content=\"https:\/\/www.marodadesign.es\/miralles\/wp-content\/uploads\/2023\/10\/yellow-seedpearl-raven-sergio-tacchini-2.jpg\" \/>\n\t<meta property=\"og:image:width\" content=\"1300\" \/>\n\t<meta property=\"og:image:height\" content=\"1300\" \/>\n\t<meta property=\"og:image:type\" content=\"image\/jpeg\" \/>\n<meta name=\"twitter:card\" content=\"summary_large_image\" \/>\n<meta name=\"twitter:label1\" content=\"Tiempo de lectura\" \/>\n\t<meta name=\"twitter:data1\" content=\"1 minuto\" \/>\n<script type=\"application\/ld+json\" class=\"yoast-schema-graph\">{\"@context\":\"https:\\\/\\\/schema.org\",\"@graph\":[{\"@type\":\"WebPage\",\"@id\":\"https:\\\/\\\/www.marodadesign.es\\\/miralles\\\/producto\\\/y2k-safety-yellow-seedpearl-raven-sergio-tacchini\\\/\",\"url\":\"https:\\\/\\\/www.marodadesign.es\\\/miralles\\\/producto\\\/y2k-safety-yellow-seedpearl-raven-sergio-tacchini\\\/\",\"name\":\"Y2K SAFETY YELLOW SEEDPEARL RAVEN SERGIO TACCHINI - ELEVEN\",\"isPartOf\":{\"@id\":\"https:\\\/\\\/www.marodadesign.es\\\/miralles\\\/#website\"},\"primaryImageOfPage\":{\"@id\":\"https:\\\/\\\/www.marodadesign.es\\\/miralles\\\/producto\\\/y2k-safety-yellow-seedpearl-raven-sergio-tacchini\\\/#primaryimage\"},\"image\":{\"@id\":\"https:\\\/\\\/www.marodadesign.es\\\/miralles\\\/producto\\\/y2k-safety-yellow-seedpearl-raven-sergio-tacchini\\\/#primaryimage\"},\"thumbnailUrl\":\"https:\\\/\\\/www.marodadesign.es\\\/miralles\\\/wp-content\\\/uploads\\\/2023\\\/10\\\/yellow-seedpearl-raven-sergio-tacchini-2.jpg\",\"datePublished\":\"2023-10-06T10:01:00+00:00\",\"dateModified\":\"2023-10-06T10:12:03+00:00\",\"description\":\"Zapatillas Y2K Runner Safety Yellow Seedpearl Raven de \u00a0Sergio Tacchini para la temporada Oto\u00f1o-Invierno 2023, zapatillas de alto rendimiento e innovaci\u00f3n.\",\"breadcrumb\":{\"@id\":\"https:\\\/\\\/www.marodadesign.es\\\/miralles\\\/producto\\\/y2k-safety-yellow-seedpearl-raven-sergio-tacchini\\\/#breadcrumb\"},\"inLanguage\":\"es\",\"potentialAction\":[{\"@type\":\"ReadAction\",\"target\":[\"https:\\\/\\\/www.marodadesign.es\\\/miralles\\\/producto\\\/y2k-safety-yellow-seedpearl-raven-sergio-tacchini\\\/\"]}]},{\"@type\":\"ImageObject\",\"inLanguage\":\"es\",\"@id\":\"https:\\\/\\\/www.marodadesign.es\\\/miralles\\\/producto\\\/y2k-safety-yellow-seedpearl-raven-sergio-tacchini\\\/#primaryimage\",\"url\":\"https:\\\/\\\/www.marodadesign.es\\\/miralles\\\/wp-content\\\/uploads\\\/2023\\\/10\\\/yellow-seedpearl-raven-sergio-tacchini-2.jpg\",\"contentUrl\":\"https:\\\/\\\/www.marodadesign.es\\\/miralles\\\/wp-content\\\/uploads\\\/2023\\\/10\\\/yellow-seedpearl-raven-sergio-tacchini-2.jpg\",\"width\":1300,\"height\":1300},{\"@type\":\"BreadcrumbList\",\"@id\":\"https:\\\/\\\/www.marodadesign.es\\\/miralles\\\/producto\\\/y2k-safety-yellow-seedpearl-raven-sergio-tacchini\\\/#breadcrumb\",\"itemListElement\":[{\"@type\":\"ListItem\",\"position\":1,\"name\":\"Portada\",\"item\":\"https:\\\/\\\/www.marodadesign.es\\\/miralles\\\/\"},{\"@type\":\"ListItem\",\"position\":2,\"name\":\"Tienda\",\"item\":\"https:\\\/\\\/www.marodadesign.es\\\/miralles\\\/tienda\\\/\"},{\"@type\":\"ListItem\",\"position\":3,\"name\":\"Y2K SAFETY YELLOW SEEDPEARL RAVEN SERGIO TACCHINI\"}]},{\"@type\":\"WebSite\",\"@id\":\"https:\\\/\\\/www.marodadesign.es\\\/miralles\\\/#website\",\"url\":\"https:\\\/\\\/www.marodadesign.es\\\/miralles\\\/\",\"name\":\"ELEVEN\",\"description\":\"Moda para hombre en Valencia\",\"publisher\":{\"@id\":\"https:\\\/\\\/www.marodadesign.es\\\/miralles\\\/#organization\"},\"potentialAction\":[{\"@type\":\"SearchAction\",\"target\":{\"@type\":\"EntryPoint\",\"urlTemplate\":\"https:\\\/\\\/www.marodadesign.es\\\/miralles\\\/?s={search_term_string}\"},\"query-input\":{\"@type\":\"PropertyValueSpecification\",\"valueRequired\":true,\"valueName\":\"search_term_string\"}}],\"inLanguage\":\"es\"},{\"@type\":\"Organization\",\"@id\":\"https:\\\/\\\/www.marodadesign.es\\\/miralles\\\/#organization\",\"name\":\"Eleven Valencia\",\"alternateName\":\"Eleven\",\"url\":\"https:\\\/\\\/www.marodadesign.es\\\/miralles\\\/\",\"logo\":{\"@type\":\"ImageObject\",\"inLanguage\":\"es\",\"@id\":\"https:\\\/\\\/www.marodadesign.es\\\/miralles\\\/#\\\/schema\\\/logo\\\/image\\\/\",\"url\":\"https:\\\/\\\/www.marodadesign.es\\\/miralles\\\/wp-content\\\/uploads\\\/2023\\\/05\\\/Simbolo-Eleven-Valencia.jpg\",\"contentUrl\":\"https:\\\/\\\/www.marodadesign.es\\\/miralles\\\/wp-content\\\/uploads\\\/2023\\\/05\\\/Simbolo-Eleven-Valencia.jpg\",\"width\":600,\"height\":600,\"caption\":\"Eleven Valencia\"},\"image\":{\"@id\":\"https:\\\/\\\/www.marodadesign.es\\\/miralles\\\/#\\\/schema\\\/logo\\\/image\\\/\"}}]}<\/script>\n<!-- \/ Yoast SEO plugin. -->","yoast_head_json":{"title":"Y2K SAFETY YELLOW SEEDPEARL RAVEN SERGIO TACCHINI - ELEVEN","description":"Zapatillas Y2K Runner Safety Yellow Seedpearl Raven de \u00a0Sergio Tacchini para la temporada Oto\u00f1o-Invierno 2023, zapatillas de alto rendimiento e innovaci\u00f3n.","robots":{"index":"noindex","follow":"follow","max-snippet":"max-snippet:-1","max-image-preview":"max-image-preview:large","max-video-preview":"max-video-preview:-1"},"og_locale":"es_ES","og_type":"article","og_title":"Y2K SAFETY YELLOW SEEDPEARL RAVEN SERGIO TACCHINI - ELEVEN","og_description":"Zapatillas Y2K Runner Safety Yellow Seedpearl Raven de \u00a0Sergio Tacchini para la temporada Oto\u00f1o-Invierno 2023, zapatillas de alto rendimiento e innovaci\u00f3n.","og_url":"https:\/\/www.marodadesign.es\/miralles\/producto\/y2k-safety-yellow-seedpearl-raven-sergio-tacchini\/","og_site_name":"ELEVEN","article_modified_time":"2023-10-06T10:12:03+00:00","og_image":[{"width":1300,"height":1300,"url":"https:\/\/www.marodadesign.es\/miralles\/wp-content\/uploads\/2023\/10\/yellow-seedpearl-raven-sergio-tacchini-2.jpg","type":"image\/jpeg"}],"twitter_card":"summary_large_image","twitter_misc":{"Tiempo de lectura":"1 minuto"},"schema":{"@context":"https:\/\/schema.org","@graph":[{"@type":"WebPage","@id":"https:\/\/www.marodadesign.es\/miralles\/producto\/y2k-safety-yellow-seedpearl-raven-sergio-tacchini\/","url":"https:\/\/www.marodadesign.es\/miralles\/producto\/y2k-safety-yellow-seedpearl-raven-sergio-tacchini\/","name":"Y2K SAFETY YELLOW SEEDPEARL RAVEN SERGIO TACCHINI - ELEVEN","isPartOf":{"@id":"https:\/\/www.marodadesign.es\/miralles\/#website"},"primaryImageOfPage":{"@id":"https:\/\/www.marodadesign.es\/miralles\/producto\/y2k-safety-yellow-seedpearl-raven-sergio-tacchini\/#primaryimage"},"image":{"@id":"https:\/\/www.marodadesign.es\/miralles\/producto\/y2k-safety-yellow-seedpearl-raven-sergio-tacchini\/#primaryimage"},"thumbnailUrl":"https:\/\/www.marodadesign.es\/miralles\/wp-content\/uploads\/2023\/10\/yellow-seedpearl-raven-sergio-tacchini-2.jpg","datePublished":"2023-10-06T10:01:00+00:00","dateModified":"2023-10-06T10:12:03+00:00","description":"Zapatillas Y2K Runner Safety Yellow Seedpearl Raven de \u00a0Sergio Tacchini para la temporada Oto\u00f1o-Invierno 2023, zapatillas de alto rendimiento e innovaci\u00f3n.","breadcrumb":{"@id":"https:\/\/www.marodadesign.es\/miralles\/producto\/y2k-safety-yellow-seedpearl-raven-sergio-tacchini\/#breadcrumb"},"inLanguage":"es","potentialAction":[{"@type":"ReadAction","target":["https:\/\/www.marodadesign.es\/miralles\/producto\/y2k-safety-yellow-seedpearl-raven-sergio-tacchini\/"]}]},{"@type":"ImageObject","inLanguage":"es","@id":"https:\/\/www.marodadesign.es\/miralles\/producto\/y2k-safety-yellow-seedpearl-raven-sergio-tacchini\/#primaryimage","url":"https:\/\/www.marodadesign.es\/miralles\/wp-content\/uploads\/2023\/10\/yellow-seedpearl-raven-sergio-tacchini-2.jpg","contentUrl":"https:\/\/www.marodadesign.es\/miralles\/wp-content\/uploads\/2023\/10\/yellow-seedpearl-raven-sergio-tacchini-2.jpg","width":1300,"height":1300},{"@type":"BreadcrumbList","@id":"https:\/\/www.marodadesign.es\/miralles\/producto\/y2k-safety-yellow-seedpearl-raven-sergio-tacchini\/#breadcrumb","itemListElement":[{"@type":"ListItem","position":1,"name":"Portada","item":"https:\/\/www.marodadesign.es\/miralles\/"},{"@type":"ListItem","position":2,"name":"Tienda","item":"https:\/\/www.marodadesign.es\/miralles\/tienda\/"},{"@type":"ListItem","position":3,"name":"Y2K SAFETY YELLOW SEEDPEARL RAVEN SERGIO TACCHINI"}]},{"@type":"WebSite","@id":"https:\/\/www.marodadesign.es\/miralles\/#website","url":"https:\/\/www.marodadesign.es\/miralles\/","name":"ELEVEN","description":"Moda para hombre en Valencia","publisher":{"@id":"https:\/\/www.marodadesign.es\/miralles\/#organization"},"potentialAction":[{"@type":"SearchAction","target":{"@type":"EntryPoint","urlTemplate":"https:\/\/www.marodadesign.es\/miralles\/?s={search_term_string}"},"query-input":{"@type":"PropertyValueSpecification","valueRequired":true,"valueName":"search_term_string"}}],"inLanguage":"es"},{"@type":"Organization","@id":"https:\/\/www.marodadesign.es\/miralles\/#organization","name":"Eleven Valencia","alternateName":"Eleven","url":"https:\/\/www.marodadesign.es\/miralles\/","logo":{"@type":"ImageObject","inLanguage":"es","@id":"https:\/\/www.marodadesign.es\/miralles\/#\/schema\/logo\/image\/","url":"https:\/\/www.marodadesign.es\/miralles\/wp-content\/uploads\/2023\/05\/Simbolo-Eleven-Valencia.jpg","contentUrl":"https:\/\/www.marodadesign.es\/miralles\/wp-content\/uploads\/2023\/05\/Simbolo-Eleven-Valencia.jpg","width":600,"height":600,"caption":"Eleven Valencia"},"image":{"@id":"https:\/\/www.marodadesign.es\/miralles\/#\/schema\/logo\/image\/"}}]}},"brands":[{"id":676,"name":"Sergio Tacchini","slug":"sergio-tacchini"}],"_links":{"self":[{"href":"https:\/\/www.marodadesign.es\/miralles\/wp-json\/wp\/v2\/product\/5865","targetHints":{"allow":["GET"]}}],"collection":[{"href":"https:\/\/www.marodadesign.es\/miralles\/wp-json\/wp\/v2\/product"}],"about":[{"href":"https:\/\/www.marodadesign.es\/miralles\/wp-json\/wp\/v2\/types\/product"}],"wp:featuredmedia":[{"embeddable":true,"href":"https:\/\/www.marodadesign.es\/miralles\/wp-json\/wp\/v2\/media\/5874"}],"wp:attachment":[{"href":"https:\/\/www.marodadesign.es\/miralles\/wp-json\/wp\/v2\/media?parent=5865"}],"wp:term":[{"taxonomy":"pwb-brand","embeddable":true,"href":"https:\/\/www.marodadesign.es\/miralles\/wp-json\/wp\/v2\/pwb-brand?post=5865"},{"taxonomy":"product_brand","embeddable":true,"href":"https:\/\/www.marodadesign.es\/miralles\/wp-json\/wp\/v2\/product_brand?post=5865"},{"taxonomy":"product_cat","embeddable":true,"href":"https:\/\/www.marodadesign.es\/miralles\/wp-json\/wp\/v2\/product_cat?post=5865"},{"taxonomy":"product_tag","embeddable":true,"href":"https:\/\/www.marodadesign.es\/miralles\/wp-json\/wp\/v2\/product_tag?post=5865"}],"curies":[{"name":"wp","href":"https:\/\/api.w.org\/{rel}","templated":true}]}}