{"id":5877,"date":"2023-10-06T12:22:38","date_gmt":"2023-10-06T10:22:38","guid":{"rendered":"https:\/\/www.marodadesign.es\/miralles\/?post_type=product&#038;p=5877"},"modified":"2023-10-06T12:32:21","modified_gmt":"2023-10-06T10:32:21","slug":"white-antique-white-pacific-sergio-tacchini","status":"publish","type":"product","link":"https:\/\/www.marodadesign.es\/miralles\/producto\/white-antique-white-pacific-sergio-tacchini\/","title":{"rendered":"WHITE ANTIQUE WHITE PACIFIC SERGIO TACCHINI"},"content":{"rendered":"<p>Las <a href=\"https:\/\/www.marodadesign.es\/miralles\/categoria-producto\/calzado\/zapatillas\/\">zapatillas<\/a> blancas White Antique White Pacific Raven de\u00a0 <a href=\"https:\/\/www.marodadesign.es\/miralles\/marca\/sergio-tacchini\/\">Sergio Tacchini<\/a> son una interpretaci\u00f3n modernizada de las siluetas Bball de los a\u00f1os 80 con un dise\u00f1o decididamente angular y la gama de colores inspirada en la ropa. En <a href=\"https:\/\/eu.sergiotacchini.com\/\">Sergio Tacchini<\/a> se ha trabajado el m\u00e9todo de cosido a mano en algunos detalles de la zapatilla, mientras que hay un cuidado sobre las formas que inspiran la moda italiana. Por otra parte destacar el uso de la suela EVA como visi\u00f3n futurista y de innovaci\u00f3n tecnol\u00f3gica. Esta suela proporciona un buen agarre en cualquier superficie y adem\u00e1s garantiza un gran retorno de energ\u00eda a cada paso que damos con ellas. Destacar las combinaciones crom\u00e1ticas de verde, marr\u00f3n, amarillo sobre fondo blanco.<\/p>\n<p>Composici\u00f3n:<\/p>\n<ul>\n<li>80% cuero<\/li>\n<li>10% Textil Acanalado<\/li>\n<li>10% TPU<\/li>\n<\/ul>\n","protected":false},"excerpt":{"rendered":"<p><a href=\"https:\/\/www.marodadesign.es\/miralles\/categoria-producto\/calzado\/zapatillas\/\">Zapatillas<\/a> White Antique White Pacific de<a href=\"https:\/\/www.marodadesign.es\/miralles\/marca\/sergio-tacchini\/\"> Sergio Tacchini<\/a> para la temporada Oto\u00f1o-Invierno 2023. Este calzado deportivo destaca por su estilismo de los a\u00f1os 80, basado en el dise\u00f1o angular, el bloque de color y los detalles de cosido a mano. Gran agarre y suspensi\u00f3n gracias a la tecnolog\u00eda implantada con su caracter\u00edstica suela EVA. Detalles en amarillo, marr\u00f3n y verde sobre fondo blanco.<\/p>\n","protected":false},"featured_media":5887,"template":"","meta":[],"pwb-brand":[676],"product_brand":[],"product_cat":[420,423],"product_tag":[199,654,434],"class_list":{"0":"post-5877","1":"product","2":"type-product","3":"status-publish","4":"has-post-thumbnail","6":"pwb-brand-sergio-tacchini","7":"product_cat-calzado","8":"product_cat-zapatillas","9":"product_tag-blanco","10":"product_tag-otono-invierno-2023","11":"product_tag-zapatillas","13":"first","14":"instock","15":"featured","16":"sold-individually","17":"taxable","18":"shipping-taxable","19":"purchasable","20":"product-type-variable"},"yoast_head":"<!-- This site is optimized with the Yoast SEO plugin v27.5 - https:\/\/yoast.com\/product\/yoast-seo-wordpress\/ -->\n<title>WHITE ANTIQUE WHITE PACIFIC SERGIO TACCHINI - ELEVEN<\/title>\n<meta name=\"description\" content=\"Las zapatillas White Antique White Pacific de Sergio Tacchini son una interpretaci\u00f3n modernizada de las siluetas Bball de los 80&#039;s con un dise\u00f1o angular.\" \/>\n<meta name=\"robots\" content=\"noindex, follow, max-snippet:-1, max-image-preview:large, max-video-preview:-1\" \/>\n<meta property=\"og:locale\" content=\"es_ES\" \/>\n<meta property=\"og:type\" content=\"article\" \/>\n<meta property=\"og:title\" content=\"WHITE ANTIQUE WHITE PACIFIC SERGIO TACCHINI - ELEVEN\" \/>\n<meta property=\"og:description\" content=\"Las zapatillas White Antique White Pacific de Sergio Tacchini son una interpretaci\u00f3n modernizada de las siluetas Bball de los 80&#039;s con un dise\u00f1o angular.\" \/>\n<meta property=\"og:url\" content=\"https:\/\/www.marodadesign.es\/miralles\/producto\/white-antique-white-pacific-sergio-tacchini\/\" \/>\n<meta property=\"og:site_name\" content=\"ELEVEN\" \/>\n<meta property=\"article:modified_time\" content=\"2023-10-06T10:32:21+00:00\" \/>\n<meta property=\"og:image\" content=\"https:\/\/www.marodadesign.es\/miralles\/wp-content\/uploads\/2023\/10\/white-antique-white-pacific-sergio-tacchini.jpg\" \/>\n\t<meta property=\"og:image:width\" content=\"1300\" \/>\n\t<meta property=\"og:image:height\" content=\"1300\" \/>\n\t<meta property=\"og:image:type\" content=\"image\/jpeg\" \/>\n<meta name=\"twitter:card\" content=\"summary_large_image\" \/>\n<meta name=\"twitter:label1\" content=\"Tiempo de lectura\" \/>\n\t<meta name=\"twitter:data1\" content=\"1 minuto\" \/>\n<script type=\"application\/ld+json\" class=\"yoast-schema-graph\">{\"@context\":\"https:\\\/\\\/schema.org\",\"@graph\":[{\"@type\":\"WebPage\",\"@id\":\"https:\\\/\\\/www.marodadesign.es\\\/miralles\\\/producto\\\/white-antique-white-pacific-sergio-tacchini\\\/\",\"url\":\"https:\\\/\\\/www.marodadesign.es\\\/miralles\\\/producto\\\/white-antique-white-pacific-sergio-tacchini\\\/\",\"name\":\"WHITE ANTIQUE WHITE PACIFIC SERGIO TACCHINI - ELEVEN\",\"isPartOf\":{\"@id\":\"https:\\\/\\\/www.marodadesign.es\\\/miralles\\\/#website\"},\"primaryImageOfPage\":{\"@id\":\"https:\\\/\\\/www.marodadesign.es\\\/miralles\\\/producto\\\/white-antique-white-pacific-sergio-tacchini\\\/#primaryimage\"},\"image\":{\"@id\":\"https:\\\/\\\/www.marodadesign.es\\\/miralles\\\/producto\\\/white-antique-white-pacific-sergio-tacchini\\\/#primaryimage\"},\"thumbnailUrl\":\"https:\\\/\\\/www.marodadesign.es\\\/miralles\\\/wp-content\\\/uploads\\\/2023\\\/10\\\/white-antique-white-pacific-sergio-tacchini.jpg\",\"datePublished\":\"2023-10-06T10:22:38+00:00\",\"dateModified\":\"2023-10-06T10:32:21+00:00\",\"description\":\"Las zapatillas White Antique White Pacific de Sergio Tacchini son una interpretaci\u00f3n modernizada de las siluetas Bball de los 80's con un dise\u00f1o angular.\",\"breadcrumb\":{\"@id\":\"https:\\\/\\\/www.marodadesign.es\\\/miralles\\\/producto\\\/white-antique-white-pacific-sergio-tacchini\\\/#breadcrumb\"},\"inLanguage\":\"es\",\"potentialAction\":[{\"@type\":\"ReadAction\",\"target\":[\"https:\\\/\\\/www.marodadesign.es\\\/miralles\\\/producto\\\/white-antique-white-pacific-sergio-tacchini\\\/\"]}]},{\"@type\":\"ImageObject\",\"inLanguage\":\"es\",\"@id\":\"https:\\\/\\\/www.marodadesign.es\\\/miralles\\\/producto\\\/white-antique-white-pacific-sergio-tacchini\\\/#primaryimage\",\"url\":\"https:\\\/\\\/www.marodadesign.es\\\/miralles\\\/wp-content\\\/uploads\\\/2023\\\/10\\\/white-antique-white-pacific-sergio-tacchini.jpg\",\"contentUrl\":\"https:\\\/\\\/www.marodadesign.es\\\/miralles\\\/wp-content\\\/uploads\\\/2023\\\/10\\\/white-antique-white-pacific-sergio-tacchini.jpg\",\"width\":1300,\"height\":1300},{\"@type\":\"BreadcrumbList\",\"@id\":\"https:\\\/\\\/www.marodadesign.es\\\/miralles\\\/producto\\\/white-antique-white-pacific-sergio-tacchini\\\/#breadcrumb\",\"itemListElement\":[{\"@type\":\"ListItem\",\"position\":1,\"name\":\"Portada\",\"item\":\"https:\\\/\\\/www.marodadesign.es\\\/miralles\\\/\"},{\"@type\":\"ListItem\",\"position\":2,\"name\":\"Tienda\",\"item\":\"https:\\\/\\\/www.marodadesign.es\\\/miralles\\\/tienda\\\/\"},{\"@type\":\"ListItem\",\"position\":3,\"name\":\"WHITE ANTIQUE WHITE PACIFIC SERGIO TACCHINI\"}]},{\"@type\":\"WebSite\",\"@id\":\"https:\\\/\\\/www.marodadesign.es\\\/miralles\\\/#website\",\"url\":\"https:\\\/\\\/www.marodadesign.es\\\/miralles\\\/\",\"name\":\"ELEVEN\",\"description\":\"Moda para hombre en Valencia\",\"publisher\":{\"@id\":\"https:\\\/\\\/www.marodadesign.es\\\/miralles\\\/#organization\"},\"potentialAction\":[{\"@type\":\"SearchAction\",\"target\":{\"@type\":\"EntryPoint\",\"urlTemplate\":\"https:\\\/\\\/www.marodadesign.es\\\/miralles\\\/?s={search_term_string}\"},\"query-input\":{\"@type\":\"PropertyValueSpecification\",\"valueRequired\":true,\"valueName\":\"search_term_string\"}}],\"inLanguage\":\"es\"},{\"@type\":\"Organization\",\"@id\":\"https:\\\/\\\/www.marodadesign.es\\\/miralles\\\/#organization\",\"name\":\"Eleven Valencia\",\"alternateName\":\"Eleven\",\"url\":\"https:\\\/\\\/www.marodadesign.es\\\/miralles\\\/\",\"logo\":{\"@type\":\"ImageObject\",\"inLanguage\":\"es\",\"@id\":\"https:\\\/\\\/www.marodadesign.es\\\/miralles\\\/#\\\/schema\\\/logo\\\/image\\\/\",\"url\":\"https:\\\/\\\/www.marodadesign.es\\\/miralles\\\/wp-content\\\/uploads\\\/2023\\\/05\\\/Simbolo-Eleven-Valencia.jpg\",\"contentUrl\":\"https:\\\/\\\/www.marodadesign.es\\\/miralles\\\/wp-content\\\/uploads\\\/2023\\\/05\\\/Simbolo-Eleven-Valencia.jpg\",\"width\":600,\"height\":600,\"caption\":\"Eleven Valencia\"},\"image\":{\"@id\":\"https:\\\/\\\/www.marodadesign.es\\\/miralles\\\/#\\\/schema\\\/logo\\\/image\\\/\"}}]}<\/script>\n<!-- \/ Yoast SEO plugin. -->","yoast_head_json":{"title":"WHITE ANTIQUE WHITE PACIFIC SERGIO TACCHINI - ELEVEN","description":"Las zapatillas White Antique White Pacific de Sergio Tacchini son una interpretaci\u00f3n modernizada de las siluetas Bball de los 80's con un dise\u00f1o angular.","robots":{"index":"noindex","follow":"follow","max-snippet":"max-snippet:-1","max-image-preview":"max-image-preview:large","max-video-preview":"max-video-preview:-1"},"og_locale":"es_ES","og_type":"article","og_title":"WHITE ANTIQUE WHITE PACIFIC SERGIO TACCHINI - ELEVEN","og_description":"Las zapatillas White Antique White Pacific de Sergio Tacchini son una interpretaci\u00f3n modernizada de las siluetas Bball de los 80's con un dise\u00f1o angular.","og_url":"https:\/\/www.marodadesign.es\/miralles\/producto\/white-antique-white-pacific-sergio-tacchini\/","og_site_name":"ELEVEN","article_modified_time":"2023-10-06T10:32:21+00:00","og_image":[{"width":1300,"height":1300,"url":"https:\/\/www.marodadesign.es\/miralles\/wp-content\/uploads\/2023\/10\/white-antique-white-pacific-sergio-tacchini.jpg","type":"image\/jpeg"}],"twitter_card":"summary_large_image","twitter_misc":{"Tiempo de lectura":"1 minuto"},"schema":{"@context":"https:\/\/schema.org","@graph":[{"@type":"WebPage","@id":"https:\/\/www.marodadesign.es\/miralles\/producto\/white-antique-white-pacific-sergio-tacchini\/","url":"https:\/\/www.marodadesign.es\/miralles\/producto\/white-antique-white-pacific-sergio-tacchini\/","name":"WHITE ANTIQUE WHITE PACIFIC SERGIO TACCHINI - ELEVEN","isPartOf":{"@id":"https:\/\/www.marodadesign.es\/miralles\/#website"},"primaryImageOfPage":{"@id":"https:\/\/www.marodadesign.es\/miralles\/producto\/white-antique-white-pacific-sergio-tacchini\/#primaryimage"},"image":{"@id":"https:\/\/www.marodadesign.es\/miralles\/producto\/white-antique-white-pacific-sergio-tacchini\/#primaryimage"},"thumbnailUrl":"https:\/\/www.marodadesign.es\/miralles\/wp-content\/uploads\/2023\/10\/white-antique-white-pacific-sergio-tacchini.jpg","datePublished":"2023-10-06T10:22:38+00:00","dateModified":"2023-10-06T10:32:21+00:00","description":"Las zapatillas White Antique White Pacific de Sergio Tacchini son una interpretaci\u00f3n modernizada de las siluetas Bball de los 80's con un dise\u00f1o angular.","breadcrumb":{"@id":"https:\/\/www.marodadesign.es\/miralles\/producto\/white-antique-white-pacific-sergio-tacchini\/#breadcrumb"},"inLanguage":"es","potentialAction":[{"@type":"ReadAction","target":["https:\/\/www.marodadesign.es\/miralles\/producto\/white-antique-white-pacific-sergio-tacchini\/"]}]},{"@type":"ImageObject","inLanguage":"es","@id":"https:\/\/www.marodadesign.es\/miralles\/producto\/white-antique-white-pacific-sergio-tacchini\/#primaryimage","url":"https:\/\/www.marodadesign.es\/miralles\/wp-content\/uploads\/2023\/10\/white-antique-white-pacific-sergio-tacchini.jpg","contentUrl":"https:\/\/www.marodadesign.es\/miralles\/wp-content\/uploads\/2023\/10\/white-antique-white-pacific-sergio-tacchini.jpg","width":1300,"height":1300},{"@type":"BreadcrumbList","@id":"https:\/\/www.marodadesign.es\/miralles\/producto\/white-antique-white-pacific-sergio-tacchini\/#breadcrumb","itemListElement":[{"@type":"ListItem","position":1,"name":"Portada","item":"https:\/\/www.marodadesign.es\/miralles\/"},{"@type":"ListItem","position":2,"name":"Tienda","item":"https:\/\/www.marodadesign.es\/miralles\/tienda\/"},{"@type":"ListItem","position":3,"name":"WHITE ANTIQUE WHITE PACIFIC SERGIO TACCHINI"}]},{"@type":"WebSite","@id":"https:\/\/www.marodadesign.es\/miralles\/#website","url":"https:\/\/www.marodadesign.es\/miralles\/","name":"ELEVEN","description":"Moda para hombre en Valencia","publisher":{"@id":"https:\/\/www.marodadesign.es\/miralles\/#organization"},"potentialAction":[{"@type":"SearchAction","target":{"@type":"EntryPoint","urlTemplate":"https:\/\/www.marodadesign.es\/miralles\/?s={search_term_string}"},"query-input":{"@type":"PropertyValueSpecification","valueRequired":true,"valueName":"search_term_string"}}],"inLanguage":"es"},{"@type":"Organization","@id":"https:\/\/www.marodadesign.es\/miralles\/#organization","name":"Eleven Valencia","alternateName":"Eleven","url":"https:\/\/www.marodadesign.es\/miralles\/","logo":{"@type":"ImageObject","inLanguage":"es","@id":"https:\/\/www.marodadesign.es\/miralles\/#\/schema\/logo\/image\/","url":"https:\/\/www.marodadesign.es\/miralles\/wp-content\/uploads\/2023\/05\/Simbolo-Eleven-Valencia.jpg","contentUrl":"https:\/\/www.marodadesign.es\/miralles\/wp-content\/uploads\/2023\/05\/Simbolo-Eleven-Valencia.jpg","width":600,"height":600,"caption":"Eleven Valencia"},"image":{"@id":"https:\/\/www.marodadesign.es\/miralles\/#\/schema\/logo\/image\/"}}]}},"brands":[{"id":676,"name":"Sergio Tacchini","slug":"sergio-tacchini"}],"_links":{"self":[{"href":"https:\/\/www.marodadesign.es\/miralles\/wp-json\/wp\/v2\/product\/5877","targetHints":{"allow":["GET"]}}],"collection":[{"href":"https:\/\/www.marodadesign.es\/miralles\/wp-json\/wp\/v2\/product"}],"about":[{"href":"https:\/\/www.marodadesign.es\/miralles\/wp-json\/wp\/v2\/types\/product"}],"wp:featuredmedia":[{"embeddable":true,"href":"https:\/\/www.marodadesign.es\/miralles\/wp-json\/wp\/v2\/media\/5887"}],"wp:attachment":[{"href":"https:\/\/www.marodadesign.es\/miralles\/wp-json\/wp\/v2\/media?parent=5877"}],"wp:term":[{"taxonomy":"pwb-brand","embeddable":true,"href":"https:\/\/www.marodadesign.es\/miralles\/wp-json\/wp\/v2\/pwb-brand?post=5877"},{"taxonomy":"product_brand","embeddable":true,"href":"https:\/\/www.marodadesign.es\/miralles\/wp-json\/wp\/v2\/product_brand?post=5877"},{"taxonomy":"product_cat","embeddable":true,"href":"https:\/\/www.marodadesign.es\/miralles\/wp-json\/wp\/v2\/product_cat?post=5877"},{"taxonomy":"product_tag","embeddable":true,"href":"https:\/\/www.marodadesign.es\/miralles\/wp-json\/wp\/v2\/product_tag?post=5877"}],"curies":[{"name":"wp","href":"https:\/\/api.w.org\/{rel}","templated":true}]}}