{"id":5914,"date":"2023-10-08T18:40:04","date_gmt":"2023-10-08T16:40:04","guid":{"rendered":"https:\/\/www.marodadesign.es\/miralles\/?post_type=product&#038;p=5914"},"modified":"2023-10-08T19:01:29","modified_gmt":"2023-10-08T17:01:29","slug":"camiseta-t-lifty-l2-diesel","status":"publish","type":"product","link":"https:\/\/www.marodadesign.es\/miralles\/producto\/camiseta-t-lifty-l2-diesel\/","title":{"rendered":"CAMISETA T-LIFTY-L2 DIESEL"},"content":{"rendered":"<p>La camiseta T-Lifty-L2 de la marca <a href=\"https:\/\/www.marodadesign.es\/miralles\/marca\/diesel\/\">Diesel<\/a> es una prenda confeccionada en algod\u00f3n el\u00e1stico. Esta camiseta de tirantes tiene un estampado Planet que se basa en im\u00e1genes a\u00e9reas del globo terr\u00e1queo. El conjunto se completa con un estampado Diesel Industry. Tiene un aspecto deste\u00f1ido gracias a un proceso de lavado a la piedra. Incluye un parche &#8216;D&#8217; bordado.<\/p>\n<p><strong>Composici\u00f3n:<\/strong> Algod\u00f3n, Elastano<\/p>\n<p><strong>Tratamiento:<\/strong> Lavar a 30 \u00b0C como prenda delicada, no blanquear, no secar en secadora, planchar a 110 \u00b0C max, no lavar en seco, secar a la sombra.<\/p>\n","protected":false},"excerpt":{"rendered":"<p>La camiseta T-Lifty-L2 de la marca de <a href=\"https:\/\/www.marodadesign.es\/miralles\/marca\/diesel\/\">Diesel<\/a> para la temporada Oto\u00f1o-Invierno 2023.\u00a0 Es una prenda de tirantes que tiene un estampado del globo terr\u00e1queo en vista a\u00e9rea que se extiende a lo largo de la prenda y tiene un aspecto deste\u00f1ido gracias a un proceso de lavado a la piedra.<\/p>\n","protected":false},"featured_media":5919,"template":"","meta":[],"pwb-brand":[162],"product_brand":[],"product_cat":[243,244,168],"product_tag":[678,654],"class_list":{"0":"post-5914","1":"product","2":"type-product","3":"status-publish","4":"has-post-thumbnail","6":"pwb-brand-diesel","7":"product_cat-camisetas","8":"product_cat-camisetas-manga-corta","9":"product_cat-ropa","10":"product_tag-camiseta-sin-mangas","11":"product_tag-otono-invierno-2023","13":"first","14":"instock","15":"featured","16":"sold-individually","17":"taxable","18":"shipping-taxable","19":"purchasable","20":"product-type-variable"},"yoast_head":"<!-- This site is optimized with the Yoast SEO plugin v27.5 - https:\/\/yoast.com\/product\/yoast-seo-wordpress\/ -->\n<title>CAMISETA T-LIFTY-L2 DIESEL - ELEVEN<\/title>\n<meta name=\"description\" content=\"La camiseta T-Lifty-L2 de la marca Diesel es una prenda confeccionada en algod\u00f3n el\u00e1stico, que incluye un estampado Planet del globo terr\u00e1queo.\" \/>\n<meta name=\"robots\" content=\"noindex, follow, max-snippet:-1, max-image-preview:large, max-video-preview:-1\" \/>\n<meta property=\"og:locale\" content=\"es_ES\" \/>\n<meta property=\"og:type\" content=\"article\" \/>\n<meta property=\"og:title\" content=\"CAMISETA T-LIFTY-L2 DIESEL - ELEVEN\" \/>\n<meta property=\"og:description\" content=\"La camiseta T-Lifty-L2 de la marca Diesel es una prenda confeccionada en algod\u00f3n el\u00e1stico, que incluye un estampado Planet del globo terr\u00e1queo.\" \/>\n<meta property=\"og:url\" content=\"https:\/\/www.marodadesign.es\/miralles\/producto\/camiseta-t-lifty-l2-diesel\/\" \/>\n<meta property=\"og:site_name\" content=\"ELEVEN\" \/>\n<meta property=\"article:modified_time\" content=\"2023-10-08T17:01:29+00:00\" \/>\n<meta property=\"og:image\" content=\"https:\/\/www.marodadesign.es\/miralles\/wp-content\/uploads\/2023\/10\/t-lifty-L2.jpg\" \/>\n\t<meta property=\"og:image:width\" content=\"1300\" \/>\n\t<meta property=\"og:image:height\" content=\"1300\" \/>\n\t<meta property=\"og:image:type\" content=\"image\/jpeg\" \/>\n<meta name=\"twitter:card\" content=\"summary_large_image\" \/>\n<meta name=\"twitter:label1\" content=\"Tiempo de lectura\" \/>\n\t<meta name=\"twitter:data1\" content=\"1 minuto\" \/>\n<script type=\"application\/ld+json\" class=\"yoast-schema-graph\">{\"@context\":\"https:\\\/\\\/schema.org\",\"@graph\":[{\"@type\":\"WebPage\",\"@id\":\"https:\\\/\\\/www.marodadesign.es\\\/miralles\\\/producto\\\/camiseta-t-lifty-l2-diesel\\\/\",\"url\":\"https:\\\/\\\/www.marodadesign.es\\\/miralles\\\/producto\\\/camiseta-t-lifty-l2-diesel\\\/\",\"name\":\"CAMISETA T-LIFTY-L2 DIESEL - ELEVEN\",\"isPartOf\":{\"@id\":\"https:\\\/\\\/www.marodadesign.es\\\/miralles\\\/#website\"},\"primaryImageOfPage\":{\"@id\":\"https:\\\/\\\/www.marodadesign.es\\\/miralles\\\/producto\\\/camiseta-t-lifty-l2-diesel\\\/#primaryimage\"},\"image\":{\"@id\":\"https:\\\/\\\/www.marodadesign.es\\\/miralles\\\/producto\\\/camiseta-t-lifty-l2-diesel\\\/#primaryimage\"},\"thumbnailUrl\":\"https:\\\/\\\/www.marodadesign.es\\\/miralles\\\/wp-content\\\/uploads\\\/2023\\\/10\\\/t-lifty-L2.jpg\",\"datePublished\":\"2023-10-08T16:40:04+00:00\",\"dateModified\":\"2023-10-08T17:01:29+00:00\",\"description\":\"La camiseta T-Lifty-L2 de la marca Diesel es una prenda confeccionada en algod\u00f3n el\u00e1stico, que incluye un estampado Planet del globo terr\u00e1queo.\",\"breadcrumb\":{\"@id\":\"https:\\\/\\\/www.marodadesign.es\\\/miralles\\\/producto\\\/camiseta-t-lifty-l2-diesel\\\/#breadcrumb\"},\"inLanguage\":\"es\",\"potentialAction\":[{\"@type\":\"ReadAction\",\"target\":[\"https:\\\/\\\/www.marodadesign.es\\\/miralles\\\/producto\\\/camiseta-t-lifty-l2-diesel\\\/\"]}]},{\"@type\":\"ImageObject\",\"inLanguage\":\"es\",\"@id\":\"https:\\\/\\\/www.marodadesign.es\\\/miralles\\\/producto\\\/camiseta-t-lifty-l2-diesel\\\/#primaryimage\",\"url\":\"https:\\\/\\\/www.marodadesign.es\\\/miralles\\\/wp-content\\\/uploads\\\/2023\\\/10\\\/t-lifty-L2.jpg\",\"contentUrl\":\"https:\\\/\\\/www.marodadesign.es\\\/miralles\\\/wp-content\\\/uploads\\\/2023\\\/10\\\/t-lifty-L2.jpg\",\"width\":1300,\"height\":1300},{\"@type\":\"BreadcrumbList\",\"@id\":\"https:\\\/\\\/www.marodadesign.es\\\/miralles\\\/producto\\\/camiseta-t-lifty-l2-diesel\\\/#breadcrumb\",\"itemListElement\":[{\"@type\":\"ListItem\",\"position\":1,\"name\":\"Portada\",\"item\":\"https:\\\/\\\/www.marodadesign.es\\\/miralles\\\/\"},{\"@type\":\"ListItem\",\"position\":2,\"name\":\"Tienda\",\"item\":\"https:\\\/\\\/www.marodadesign.es\\\/miralles\\\/tienda\\\/\"},{\"@type\":\"ListItem\",\"position\":3,\"name\":\"CAMISETA T-LIFTY-L2 DIESEL\"}]},{\"@type\":\"WebSite\",\"@id\":\"https:\\\/\\\/www.marodadesign.es\\\/miralles\\\/#website\",\"url\":\"https:\\\/\\\/www.marodadesign.es\\\/miralles\\\/\",\"name\":\"ELEVEN\",\"description\":\"Moda para hombre en Valencia\",\"publisher\":{\"@id\":\"https:\\\/\\\/www.marodadesign.es\\\/miralles\\\/#organization\"},\"potentialAction\":[{\"@type\":\"SearchAction\",\"target\":{\"@type\":\"EntryPoint\",\"urlTemplate\":\"https:\\\/\\\/www.marodadesign.es\\\/miralles\\\/?s={search_term_string}\"},\"query-input\":{\"@type\":\"PropertyValueSpecification\",\"valueRequired\":true,\"valueName\":\"search_term_string\"}}],\"inLanguage\":\"es\"},{\"@type\":\"Organization\",\"@id\":\"https:\\\/\\\/www.marodadesign.es\\\/miralles\\\/#organization\",\"name\":\"Eleven Valencia\",\"alternateName\":\"Eleven\",\"url\":\"https:\\\/\\\/www.marodadesign.es\\\/miralles\\\/\",\"logo\":{\"@type\":\"ImageObject\",\"inLanguage\":\"es\",\"@id\":\"https:\\\/\\\/www.marodadesign.es\\\/miralles\\\/#\\\/schema\\\/logo\\\/image\\\/\",\"url\":\"https:\\\/\\\/www.marodadesign.es\\\/miralles\\\/wp-content\\\/uploads\\\/2023\\\/05\\\/Simbolo-Eleven-Valencia.jpg\",\"contentUrl\":\"https:\\\/\\\/www.marodadesign.es\\\/miralles\\\/wp-content\\\/uploads\\\/2023\\\/05\\\/Simbolo-Eleven-Valencia.jpg\",\"width\":600,\"height\":600,\"caption\":\"Eleven Valencia\"},\"image\":{\"@id\":\"https:\\\/\\\/www.marodadesign.es\\\/miralles\\\/#\\\/schema\\\/logo\\\/image\\\/\"}}]}<\/script>\n<!-- \/ Yoast SEO plugin. -->","yoast_head_json":{"title":"CAMISETA T-LIFTY-L2 DIESEL - ELEVEN","description":"La camiseta T-Lifty-L2 de la marca Diesel es una prenda confeccionada en algod\u00f3n el\u00e1stico, que incluye un estampado Planet del globo terr\u00e1queo.","robots":{"index":"noindex","follow":"follow","max-snippet":"max-snippet:-1","max-image-preview":"max-image-preview:large","max-video-preview":"max-video-preview:-1"},"og_locale":"es_ES","og_type":"article","og_title":"CAMISETA T-LIFTY-L2 DIESEL - ELEVEN","og_description":"La camiseta T-Lifty-L2 de la marca Diesel es una prenda confeccionada en algod\u00f3n el\u00e1stico, que incluye un estampado Planet del globo terr\u00e1queo.","og_url":"https:\/\/www.marodadesign.es\/miralles\/producto\/camiseta-t-lifty-l2-diesel\/","og_site_name":"ELEVEN","article_modified_time":"2023-10-08T17:01:29+00:00","og_image":[{"width":1300,"height":1300,"url":"https:\/\/www.marodadesign.es\/miralles\/wp-content\/uploads\/2023\/10\/t-lifty-L2.jpg","type":"image\/jpeg"}],"twitter_card":"summary_large_image","twitter_misc":{"Tiempo de lectura":"1 minuto"},"schema":{"@context":"https:\/\/schema.org","@graph":[{"@type":"WebPage","@id":"https:\/\/www.marodadesign.es\/miralles\/producto\/camiseta-t-lifty-l2-diesel\/","url":"https:\/\/www.marodadesign.es\/miralles\/producto\/camiseta-t-lifty-l2-diesel\/","name":"CAMISETA T-LIFTY-L2 DIESEL - ELEVEN","isPartOf":{"@id":"https:\/\/www.marodadesign.es\/miralles\/#website"},"primaryImageOfPage":{"@id":"https:\/\/www.marodadesign.es\/miralles\/producto\/camiseta-t-lifty-l2-diesel\/#primaryimage"},"image":{"@id":"https:\/\/www.marodadesign.es\/miralles\/producto\/camiseta-t-lifty-l2-diesel\/#primaryimage"},"thumbnailUrl":"https:\/\/www.marodadesign.es\/miralles\/wp-content\/uploads\/2023\/10\/t-lifty-L2.jpg","datePublished":"2023-10-08T16:40:04+00:00","dateModified":"2023-10-08T17:01:29+00:00","description":"La camiseta T-Lifty-L2 de la marca Diesel es una prenda confeccionada en algod\u00f3n el\u00e1stico, que incluye un estampado Planet del globo terr\u00e1queo.","breadcrumb":{"@id":"https:\/\/www.marodadesign.es\/miralles\/producto\/camiseta-t-lifty-l2-diesel\/#breadcrumb"},"inLanguage":"es","potentialAction":[{"@type":"ReadAction","target":["https:\/\/www.marodadesign.es\/miralles\/producto\/camiseta-t-lifty-l2-diesel\/"]}]},{"@type":"ImageObject","inLanguage":"es","@id":"https:\/\/www.marodadesign.es\/miralles\/producto\/camiseta-t-lifty-l2-diesel\/#primaryimage","url":"https:\/\/www.marodadesign.es\/miralles\/wp-content\/uploads\/2023\/10\/t-lifty-L2.jpg","contentUrl":"https:\/\/www.marodadesign.es\/miralles\/wp-content\/uploads\/2023\/10\/t-lifty-L2.jpg","width":1300,"height":1300},{"@type":"BreadcrumbList","@id":"https:\/\/www.marodadesign.es\/miralles\/producto\/camiseta-t-lifty-l2-diesel\/#breadcrumb","itemListElement":[{"@type":"ListItem","position":1,"name":"Portada","item":"https:\/\/www.marodadesign.es\/miralles\/"},{"@type":"ListItem","position":2,"name":"Tienda","item":"https:\/\/www.marodadesign.es\/miralles\/tienda\/"},{"@type":"ListItem","position":3,"name":"CAMISETA T-LIFTY-L2 DIESEL"}]},{"@type":"WebSite","@id":"https:\/\/www.marodadesign.es\/miralles\/#website","url":"https:\/\/www.marodadesign.es\/miralles\/","name":"ELEVEN","description":"Moda para hombre en Valencia","publisher":{"@id":"https:\/\/www.marodadesign.es\/miralles\/#organization"},"potentialAction":[{"@type":"SearchAction","target":{"@type":"EntryPoint","urlTemplate":"https:\/\/www.marodadesign.es\/miralles\/?s={search_term_string}"},"query-input":{"@type":"PropertyValueSpecification","valueRequired":true,"valueName":"search_term_string"}}],"inLanguage":"es"},{"@type":"Organization","@id":"https:\/\/www.marodadesign.es\/miralles\/#organization","name":"Eleven Valencia","alternateName":"Eleven","url":"https:\/\/www.marodadesign.es\/miralles\/","logo":{"@type":"ImageObject","inLanguage":"es","@id":"https:\/\/www.marodadesign.es\/miralles\/#\/schema\/logo\/image\/","url":"https:\/\/www.marodadesign.es\/miralles\/wp-content\/uploads\/2023\/05\/Simbolo-Eleven-Valencia.jpg","contentUrl":"https:\/\/www.marodadesign.es\/miralles\/wp-content\/uploads\/2023\/05\/Simbolo-Eleven-Valencia.jpg","width":600,"height":600,"caption":"Eleven Valencia"},"image":{"@id":"https:\/\/www.marodadesign.es\/miralles\/#\/schema\/logo\/image\/"}}]}},"brands":[{"id":162,"name":"Diesel","slug":"diesel"}],"_links":{"self":[{"href":"https:\/\/www.marodadesign.es\/miralles\/wp-json\/wp\/v2\/product\/5914","targetHints":{"allow":["GET"]}}],"collection":[{"href":"https:\/\/www.marodadesign.es\/miralles\/wp-json\/wp\/v2\/product"}],"about":[{"href":"https:\/\/www.marodadesign.es\/miralles\/wp-json\/wp\/v2\/types\/product"}],"wp:featuredmedia":[{"embeddable":true,"href":"https:\/\/www.marodadesign.es\/miralles\/wp-json\/wp\/v2\/media\/5919"}],"wp:attachment":[{"href":"https:\/\/www.marodadesign.es\/miralles\/wp-json\/wp\/v2\/media?parent=5914"}],"wp:term":[{"taxonomy":"pwb-brand","embeddable":true,"href":"https:\/\/www.marodadesign.es\/miralles\/wp-json\/wp\/v2\/pwb-brand?post=5914"},{"taxonomy":"product_brand","embeddable":true,"href":"https:\/\/www.marodadesign.es\/miralles\/wp-json\/wp\/v2\/product_brand?post=5914"},{"taxonomy":"product_cat","embeddable":true,"href":"https:\/\/www.marodadesign.es\/miralles\/wp-json\/wp\/v2\/product_cat?post=5914"},{"taxonomy":"product_tag","embeddable":true,"href":"https:\/\/www.marodadesign.es\/miralles\/wp-json\/wp\/v2\/product_tag?post=5914"}],"curies":[{"name":"wp","href":"https:\/\/api.w.org\/{rel}","templated":true}]}}