{"id":5961,"date":"2023-10-10T14:29:56","date_gmt":"2023-10-10T12:29:56","guid":{"rendered":"https:\/\/www.marodadesign.es\/miralles\/?post_type=product&#038;p=5961"},"modified":"2023-11-16T19:23:04","modified_gmt":"2023-11-16T18:23:04","slug":"slim-jeans-2019-d-strukt-09g32-diesel","status":"publish","type":"product","link":"https:\/\/www.marodadesign.es\/miralles\/producto\/slim-jeans-2019-d-strukt-09g32-diesel\/","title":{"rendered":"SLIM JEANS 2019 D-STRUKT 09G32 DIESEL"},"content":{"rendered":"<p>El <a href=\"https:\/\/www.marodadesign.es\/miralles\/categoria-producto\/ropa\/pantalones\/vaqueros\/\">pantal\u00f3n vaquero<\/a> Slim Jeans 2019 D-Strukt 09G32\u00a0de la marca <a href=\"https:\/\/www.marodadesign.es\/miralles\/marca\/diesel\/\">Diesel<\/a> es una prenda vaquera en ajuste slim, dotado de gran versatilidad y una adaptaci\u00f3n ajustada y c\u00f3moda al cuerpo. Ha sido confeccionada en algod\u00f3n reciclable con un tono azulado claro. En su fabricaci\u00f3n destaca el uso de un denim de especial elasticidad logrando de esta manera una mejor armon\u00eda con la forma del cuerpo. El lavado de color tiene ciertos toques de erosi\u00f3n y rasgaduras que le dan un divertido toque visual. Incluye bolsillos laterales y traseros y cierre en cremallera.<\/p>\n<p><strong>Composici\u00f3n:<\/strong> 100% Algod\u00f3n<\/p>\n<p><strong>Tratamiento:<\/strong> Lavar a 30 \u00b0C como prenda delicada, no blanquear, no secar en secadora, planchar a 110 \u00b0C max, no lavar en seco, secar a la sombra.<\/p>\n","protected":false},"excerpt":{"rendered":"<p><a href=\"https:\/\/www.marodadesign.es\/miralles\/categoria-producto\/ropa\/pantalones\/vaqueros\/\">Pantal\u00f3n <\/a><a href=\"https:\/\/www.marodadesign.es\/miralles\/categoria-producto\/ropa\/pantalones\/vaqueros\/\">vaquero<\/a> Slim Jeans 2019 D-Strukt 09G32 de <a href=\"https:\/\/www.marodadesign.es\/miralles\/marca\/diesel\/\">Diesel<\/a> para la temporada Oto\u00f1o-Invierno 2023.\u00a0 Es una prenda confeccionada en denim de algod\u00f3n el\u00e1stico con un lavado de color azulado con diferencias tonales que le dan un llamativo efecto visual. Ciertos toques de erosi\u00f3n y rasgaduras sobre la superficie.<\/p>\n","protected":false},"featured_media":5966,"template":"","meta":[],"pwb-brand":[162],"product_brand":[],"product_cat":[226,168,427],"product_tag":[680,654,299],"class_list":{"0":"post-5961","1":"product","2":"type-product","3":"status-publish","4":"has-post-thumbnail","6":"pwb-brand-diesel","7":"product_cat-pantalones","8":"product_cat-ropa","9":"product_cat-vaqueros","10":"product_tag-azul-vaquero","11":"product_tag-otono-invierno-2023","12":"product_tag-pantalon","14":"first","15":"instock","16":"featured","17":"sold-individually","18":"taxable","19":"shipping-taxable","20":"purchasable","21":"product-type-variable"},"yoast_head":"<!-- This site is optimized with the Yoast SEO plugin v27.5 - https:\/\/yoast.com\/product\/yoast-seo-wordpress\/ -->\n<title>SLIM JEANS 2019 D-STRUKT 09G32 DIESEL - ELEVEN<\/title>\n<meta name=\"description\" content=\"El pantal\u00f3n vaquero Slim Jeans 2019 D-Strukt 09G32\u00a0de la marca Diesel es una prenda vaquera en ajuste slim, dotado de gran versatilidad y buena adaptaci\u00f3n.\" \/>\n<meta name=\"robots\" content=\"noindex, follow, max-snippet:-1, max-image-preview:large, max-video-preview:-1\" \/>\n<meta property=\"og:locale\" content=\"es_ES\" \/>\n<meta property=\"og:type\" content=\"article\" \/>\n<meta property=\"og:title\" content=\"SLIM JEANS 2019 D-STRUKT 09G32 DIESEL - ELEVEN\" \/>\n<meta property=\"og:description\" content=\"El pantal\u00f3n vaquero Slim Jeans 2019 D-Strukt 09G32\u00a0de la marca Diesel es una prenda vaquera en ajuste slim, dotado de gran versatilidad y buena adaptaci\u00f3n.\" \/>\n<meta property=\"og:url\" content=\"https:\/\/www.marodadesign.es\/miralles\/producto\/slim-jeans-2019-d-strukt-09g32-diesel\/\" \/>\n<meta property=\"og:site_name\" content=\"ELEVEN\" \/>\n<meta property=\"article:modified_time\" content=\"2023-11-16T18:23:04+00:00\" \/>\n<meta property=\"og:image\" content=\"https:\/\/www.marodadesign.es\/miralles\/wp-content\/uploads\/2023\/10\/Slim-Jeans-2019-D-Strukt-09G32-diesel.jpg\" \/>\n\t<meta property=\"og:image:width\" content=\"1300\" \/>\n\t<meta property=\"og:image:height\" content=\"1300\" \/>\n\t<meta property=\"og:image:type\" content=\"image\/jpeg\" \/>\n<meta name=\"twitter:card\" content=\"summary_large_image\" \/>\n<meta name=\"twitter:label1\" content=\"Tiempo de lectura\" \/>\n\t<meta name=\"twitter:data1\" content=\"1 minuto\" \/>\n<script type=\"application\/ld+json\" class=\"yoast-schema-graph\">{\"@context\":\"https:\\\/\\\/schema.org\",\"@graph\":[{\"@type\":\"WebPage\",\"@id\":\"https:\\\/\\\/www.marodadesign.es\\\/miralles\\\/producto\\\/slim-jeans-2019-d-strukt-09g32-diesel\\\/\",\"url\":\"https:\\\/\\\/www.marodadesign.es\\\/miralles\\\/producto\\\/slim-jeans-2019-d-strukt-09g32-diesel\\\/\",\"name\":\"SLIM JEANS 2019 D-STRUKT 09G32 DIESEL - ELEVEN\",\"isPartOf\":{\"@id\":\"https:\\\/\\\/www.marodadesign.es\\\/miralles\\\/#website\"},\"primaryImageOfPage\":{\"@id\":\"https:\\\/\\\/www.marodadesign.es\\\/miralles\\\/producto\\\/slim-jeans-2019-d-strukt-09g32-diesel\\\/#primaryimage\"},\"image\":{\"@id\":\"https:\\\/\\\/www.marodadesign.es\\\/miralles\\\/producto\\\/slim-jeans-2019-d-strukt-09g32-diesel\\\/#primaryimage\"},\"thumbnailUrl\":\"https:\\\/\\\/www.marodadesign.es\\\/miralles\\\/wp-content\\\/uploads\\\/2023\\\/10\\\/Slim-Jeans-2019-D-Strukt-09G32-diesel.jpg\",\"datePublished\":\"2023-10-10T12:29:56+00:00\",\"dateModified\":\"2023-11-16T18:23:04+00:00\",\"description\":\"El pantal\u00f3n vaquero Slim Jeans 2019 D-Strukt 09G32\u00a0de la marca Diesel es una prenda vaquera en ajuste slim, dotado de gran versatilidad y buena adaptaci\u00f3n.\",\"breadcrumb\":{\"@id\":\"https:\\\/\\\/www.marodadesign.es\\\/miralles\\\/producto\\\/slim-jeans-2019-d-strukt-09g32-diesel\\\/#breadcrumb\"},\"inLanguage\":\"es\",\"potentialAction\":[{\"@type\":\"ReadAction\",\"target\":[\"https:\\\/\\\/www.marodadesign.es\\\/miralles\\\/producto\\\/slim-jeans-2019-d-strukt-09g32-diesel\\\/\"]}]},{\"@type\":\"ImageObject\",\"inLanguage\":\"es\",\"@id\":\"https:\\\/\\\/www.marodadesign.es\\\/miralles\\\/producto\\\/slim-jeans-2019-d-strukt-09g32-diesel\\\/#primaryimage\",\"url\":\"https:\\\/\\\/www.marodadesign.es\\\/miralles\\\/wp-content\\\/uploads\\\/2023\\\/10\\\/Slim-Jeans-2019-D-Strukt-09G32-diesel.jpg\",\"contentUrl\":\"https:\\\/\\\/www.marodadesign.es\\\/miralles\\\/wp-content\\\/uploads\\\/2023\\\/10\\\/Slim-Jeans-2019-D-Strukt-09G32-diesel.jpg\",\"width\":1300,\"height\":1300},{\"@type\":\"BreadcrumbList\",\"@id\":\"https:\\\/\\\/www.marodadesign.es\\\/miralles\\\/producto\\\/slim-jeans-2019-d-strukt-09g32-diesel\\\/#breadcrumb\",\"itemListElement\":[{\"@type\":\"ListItem\",\"position\":1,\"name\":\"Portada\",\"item\":\"https:\\\/\\\/www.marodadesign.es\\\/miralles\\\/\"},{\"@type\":\"ListItem\",\"position\":2,\"name\":\"Tienda\",\"item\":\"https:\\\/\\\/www.marodadesign.es\\\/miralles\\\/tienda\\\/\"},{\"@type\":\"ListItem\",\"position\":3,\"name\":\"SLIM JEANS 2019 D-STRUKT 09G32 DIESEL\"}]},{\"@type\":\"WebSite\",\"@id\":\"https:\\\/\\\/www.marodadesign.es\\\/miralles\\\/#website\",\"url\":\"https:\\\/\\\/www.marodadesign.es\\\/miralles\\\/\",\"name\":\"ELEVEN\",\"description\":\"Moda para hombre en Valencia\",\"publisher\":{\"@id\":\"https:\\\/\\\/www.marodadesign.es\\\/miralles\\\/#organization\"},\"potentialAction\":[{\"@type\":\"SearchAction\",\"target\":{\"@type\":\"EntryPoint\",\"urlTemplate\":\"https:\\\/\\\/www.marodadesign.es\\\/miralles\\\/?s={search_term_string}\"},\"query-input\":{\"@type\":\"PropertyValueSpecification\",\"valueRequired\":true,\"valueName\":\"search_term_string\"}}],\"inLanguage\":\"es\"},{\"@type\":\"Organization\",\"@id\":\"https:\\\/\\\/www.marodadesign.es\\\/miralles\\\/#organization\",\"name\":\"Eleven Valencia\",\"alternateName\":\"Eleven\",\"url\":\"https:\\\/\\\/www.marodadesign.es\\\/miralles\\\/\",\"logo\":{\"@type\":\"ImageObject\",\"inLanguage\":\"es\",\"@id\":\"https:\\\/\\\/www.marodadesign.es\\\/miralles\\\/#\\\/schema\\\/logo\\\/image\\\/\",\"url\":\"https:\\\/\\\/www.marodadesign.es\\\/miralles\\\/wp-content\\\/uploads\\\/2023\\\/05\\\/Simbolo-Eleven-Valencia.jpg\",\"contentUrl\":\"https:\\\/\\\/www.marodadesign.es\\\/miralles\\\/wp-content\\\/uploads\\\/2023\\\/05\\\/Simbolo-Eleven-Valencia.jpg\",\"width\":600,\"height\":600,\"caption\":\"Eleven Valencia\"},\"image\":{\"@id\":\"https:\\\/\\\/www.marodadesign.es\\\/miralles\\\/#\\\/schema\\\/logo\\\/image\\\/\"}}]}<\/script>\n<!-- \/ Yoast SEO plugin. -->","yoast_head_json":{"title":"SLIM JEANS 2019 D-STRUKT 09G32 DIESEL - ELEVEN","description":"El pantal\u00f3n vaquero Slim Jeans 2019 D-Strukt 09G32\u00a0de la marca Diesel es una prenda vaquera en ajuste slim, dotado de gran versatilidad y buena adaptaci\u00f3n.","robots":{"index":"noindex","follow":"follow","max-snippet":"max-snippet:-1","max-image-preview":"max-image-preview:large","max-video-preview":"max-video-preview:-1"},"og_locale":"es_ES","og_type":"article","og_title":"SLIM JEANS 2019 D-STRUKT 09G32 DIESEL - ELEVEN","og_description":"El pantal\u00f3n vaquero Slim Jeans 2019 D-Strukt 09G32\u00a0de la marca Diesel es una prenda vaquera en ajuste slim, dotado de gran versatilidad y buena adaptaci\u00f3n.","og_url":"https:\/\/www.marodadesign.es\/miralles\/producto\/slim-jeans-2019-d-strukt-09g32-diesel\/","og_site_name":"ELEVEN","article_modified_time":"2023-11-16T18:23:04+00:00","og_image":[{"width":1300,"height":1300,"url":"https:\/\/www.marodadesign.es\/miralles\/wp-content\/uploads\/2023\/10\/Slim-Jeans-2019-D-Strukt-09G32-diesel.jpg","type":"image\/jpeg"}],"twitter_card":"summary_large_image","twitter_misc":{"Tiempo de lectura":"1 minuto"},"schema":{"@context":"https:\/\/schema.org","@graph":[{"@type":"WebPage","@id":"https:\/\/www.marodadesign.es\/miralles\/producto\/slim-jeans-2019-d-strukt-09g32-diesel\/","url":"https:\/\/www.marodadesign.es\/miralles\/producto\/slim-jeans-2019-d-strukt-09g32-diesel\/","name":"SLIM JEANS 2019 D-STRUKT 09G32 DIESEL - ELEVEN","isPartOf":{"@id":"https:\/\/www.marodadesign.es\/miralles\/#website"},"primaryImageOfPage":{"@id":"https:\/\/www.marodadesign.es\/miralles\/producto\/slim-jeans-2019-d-strukt-09g32-diesel\/#primaryimage"},"image":{"@id":"https:\/\/www.marodadesign.es\/miralles\/producto\/slim-jeans-2019-d-strukt-09g32-diesel\/#primaryimage"},"thumbnailUrl":"https:\/\/www.marodadesign.es\/miralles\/wp-content\/uploads\/2023\/10\/Slim-Jeans-2019-D-Strukt-09G32-diesel.jpg","datePublished":"2023-10-10T12:29:56+00:00","dateModified":"2023-11-16T18:23:04+00:00","description":"El pantal\u00f3n vaquero Slim Jeans 2019 D-Strukt 09G32\u00a0de la marca Diesel es una prenda vaquera en ajuste slim, dotado de gran versatilidad y buena adaptaci\u00f3n.","breadcrumb":{"@id":"https:\/\/www.marodadesign.es\/miralles\/producto\/slim-jeans-2019-d-strukt-09g32-diesel\/#breadcrumb"},"inLanguage":"es","potentialAction":[{"@type":"ReadAction","target":["https:\/\/www.marodadesign.es\/miralles\/producto\/slim-jeans-2019-d-strukt-09g32-diesel\/"]}]},{"@type":"ImageObject","inLanguage":"es","@id":"https:\/\/www.marodadesign.es\/miralles\/producto\/slim-jeans-2019-d-strukt-09g32-diesel\/#primaryimage","url":"https:\/\/www.marodadesign.es\/miralles\/wp-content\/uploads\/2023\/10\/Slim-Jeans-2019-D-Strukt-09G32-diesel.jpg","contentUrl":"https:\/\/www.marodadesign.es\/miralles\/wp-content\/uploads\/2023\/10\/Slim-Jeans-2019-D-Strukt-09G32-diesel.jpg","width":1300,"height":1300},{"@type":"BreadcrumbList","@id":"https:\/\/www.marodadesign.es\/miralles\/producto\/slim-jeans-2019-d-strukt-09g32-diesel\/#breadcrumb","itemListElement":[{"@type":"ListItem","position":1,"name":"Portada","item":"https:\/\/www.marodadesign.es\/miralles\/"},{"@type":"ListItem","position":2,"name":"Tienda","item":"https:\/\/www.marodadesign.es\/miralles\/tienda\/"},{"@type":"ListItem","position":3,"name":"SLIM JEANS 2019 D-STRUKT 09G32 DIESEL"}]},{"@type":"WebSite","@id":"https:\/\/www.marodadesign.es\/miralles\/#website","url":"https:\/\/www.marodadesign.es\/miralles\/","name":"ELEVEN","description":"Moda para hombre en Valencia","publisher":{"@id":"https:\/\/www.marodadesign.es\/miralles\/#organization"},"potentialAction":[{"@type":"SearchAction","target":{"@type":"EntryPoint","urlTemplate":"https:\/\/www.marodadesign.es\/miralles\/?s={search_term_string}"},"query-input":{"@type":"PropertyValueSpecification","valueRequired":true,"valueName":"search_term_string"}}],"inLanguage":"es"},{"@type":"Organization","@id":"https:\/\/www.marodadesign.es\/miralles\/#organization","name":"Eleven Valencia","alternateName":"Eleven","url":"https:\/\/www.marodadesign.es\/miralles\/","logo":{"@type":"ImageObject","inLanguage":"es","@id":"https:\/\/www.marodadesign.es\/miralles\/#\/schema\/logo\/image\/","url":"https:\/\/www.marodadesign.es\/miralles\/wp-content\/uploads\/2023\/05\/Simbolo-Eleven-Valencia.jpg","contentUrl":"https:\/\/www.marodadesign.es\/miralles\/wp-content\/uploads\/2023\/05\/Simbolo-Eleven-Valencia.jpg","width":600,"height":600,"caption":"Eleven Valencia"},"image":{"@id":"https:\/\/www.marodadesign.es\/miralles\/#\/schema\/logo\/image\/"}}]}},"brands":[{"id":162,"name":"Diesel","slug":"diesel"}],"_links":{"self":[{"href":"https:\/\/www.marodadesign.es\/miralles\/wp-json\/wp\/v2\/product\/5961","targetHints":{"allow":["GET"]}}],"collection":[{"href":"https:\/\/www.marodadesign.es\/miralles\/wp-json\/wp\/v2\/product"}],"about":[{"href":"https:\/\/www.marodadesign.es\/miralles\/wp-json\/wp\/v2\/types\/product"}],"wp:featuredmedia":[{"embeddable":true,"href":"https:\/\/www.marodadesign.es\/miralles\/wp-json\/wp\/v2\/media\/5966"}],"wp:attachment":[{"href":"https:\/\/www.marodadesign.es\/miralles\/wp-json\/wp\/v2\/media?parent=5961"}],"wp:term":[{"taxonomy":"pwb-brand","embeddable":true,"href":"https:\/\/www.marodadesign.es\/miralles\/wp-json\/wp\/v2\/pwb-brand?post=5961"},{"taxonomy":"product_brand","embeddable":true,"href":"https:\/\/www.marodadesign.es\/miralles\/wp-json\/wp\/v2\/product_brand?post=5961"},{"taxonomy":"product_cat","embeddable":true,"href":"https:\/\/www.marodadesign.es\/miralles\/wp-json\/wp\/v2\/product_cat?post=5961"},{"taxonomy":"product_tag","embeddable":true,"href":"https:\/\/www.marodadesign.es\/miralles\/wp-json\/wp\/v2\/product_tag?post=5961"}],"curies":[{"name":"wp","href":"https:\/\/api.w.org\/{rel}","templated":true}]}}