{"id":5967,"date":"2023-10-10T14:46:43","date_gmt":"2023-10-10T12:46:43","guid":{"rendered":"https:\/\/www.marodadesign.es\/miralles\/?post_type=product&#038;p=5967"},"modified":"2023-11-18T09:33:44","modified_gmt":"2023-11-18T08:33:44","slug":"skinny-jeans-1979-sleenker-09g30-diesel","status":"publish","type":"product","link":"https:\/\/www.marodadesign.es\/miralles\/producto\/skinny-jeans-1979-sleenker-09g30-diesel\/","title":{"rendered":"SKINNY JEANS 1979 SLEENKER 09G30 DIESEL"},"content":{"rendered":"<p>El <a href=\"https:\/\/www.marodadesign.es\/miralles\/categoria-producto\/ropa\/pantalones\/vaqueros\/\">pantal\u00f3n vaquero<\/a> Skinny Jeans 1979 Sleenker 09g30\u00a0de la marca <a href=\"https:\/\/www.marodadesign.es\/miralles\/marca\/diesel\/\">Diesel<\/a> es una prenda vaquera de ajuste skinny sobre el cuerpo. Posee una cintura baja y una pernera de ajuste regular que se va estrechando hacia los tobillos partiendo desde la zona de los muslos. Recuerda a la est\u00e9tica suburbana Punk-Rock y ha sido confeccionada en denim de gran elasticidad y con material de algod\u00f3n org\u00e1nico. Lavado en color azul intermedio, ha pasado por un proceso de tratamiento para generar bigotes de gato y efectos visuales de desgaste. Cierre en cremallera con bot\u00f3n.<\/p>\n<p><strong>Composici\u00f3n:<\/strong> 78% Algod\u00f3n, 18% Modal,Elastano<\/p>\n<p><strong>Tratamiento:<\/strong> Lavar a 30 \u00b0C como prenda delicada, no blanquear, no secar en secadora, planchar a 110 \u00b0C max, no lavar en seco, secar a la sombra.<\/p>\n","protected":false},"excerpt":{"rendered":"<p><a href=\"https:\/\/www.marodadesign.es\/miralles\/categoria-producto\/ropa\/pantalones\/vaqueros\/\">Pantal\u00f3n <\/a><a href=\"https:\/\/www.marodadesign.es\/miralles\/categoria-producto\/ropa\/pantalones\/vaqueros\/\">vaquero<\/a> Skinny Jeans 1979 Sleenker 09g30 de <a href=\"https:\/\/www.marodadesign.es\/miralles\/marca\/diesel\/\">Diesel<\/a> para la temporada Oto\u00f1o-Invierno 2023.\u00a0 Es una prenda confeccionada en denim de algod\u00f3n el\u00e1stico con un lavado de color azul intermedio, efectos de desgaste y estrechamiento desde los muslos hacia los tobillos, generando un estilo que recuerda a la est\u00e9tica Punk-Rock.<\/p>\n","protected":false},"featured_media":5972,"template":"","meta":[],"pwb-brand":[162],"product_brand":[],"product_cat":[226,168,427],"product_tag":[680,654,299],"class_list":{"0":"post-5967","1":"product","2":"type-product","3":"status-publish","4":"has-post-thumbnail","6":"pwb-brand-diesel","7":"product_cat-pantalones","8":"product_cat-ropa","9":"product_cat-vaqueros","10":"product_tag-azul-vaquero","11":"product_tag-otono-invierno-2023","12":"product_tag-pantalon","14":"first","15":"instock","16":"featured","17":"sold-individually","18":"taxable","19":"shipping-taxable","20":"purchasable","21":"product-type-variable"},"yoast_head":"<!-- This site is optimized with the Yoast SEO plugin v27.5 - https:\/\/yoast.com\/product\/yoast-seo-wordpress\/ -->\n<title>SKINNY JEANS 1979 SLEENKER 09G30 DIESEL - ELEVEN<\/title>\n<meta name=\"description\" content=\"El pantal\u00f3n vaquero Skinny Jeans 1979 Sleenker 09g30\u00a0de la marca Diesel es una prenda vaquera de ajuste skinny sobre el cuerpo. Posee una cintura baja.\" \/>\n<meta name=\"robots\" content=\"noindex, follow, max-snippet:-1, max-image-preview:large, max-video-preview:-1\" \/>\n<meta property=\"og:locale\" content=\"es_ES\" \/>\n<meta property=\"og:type\" content=\"article\" \/>\n<meta property=\"og:title\" content=\"SKINNY JEANS 1979 SLEENKER 09G30 DIESEL - ELEVEN\" \/>\n<meta property=\"og:description\" content=\"El pantal\u00f3n vaquero Skinny Jeans 1979 Sleenker 09g30\u00a0de la marca Diesel es una prenda vaquera de ajuste skinny sobre el cuerpo. Posee una cintura baja.\" \/>\n<meta property=\"og:url\" content=\"https:\/\/www.marodadesign.es\/miralles\/producto\/skinny-jeans-1979-sleenker-09g30-diesel\/\" \/>\n<meta property=\"og:site_name\" content=\"ELEVEN\" \/>\n<meta property=\"article:modified_time\" content=\"2023-11-18T08:33:44+00:00\" \/>\n<meta property=\"og:image\" content=\"https:\/\/www.marodadesign.es\/miralles\/wp-content\/uploads\/2023\/10\/skinny-jeans-1979-sleenker-09G30-diesel.jpg\" \/>\n\t<meta property=\"og:image:width\" content=\"1300\" \/>\n\t<meta property=\"og:image:height\" content=\"1300\" \/>\n\t<meta property=\"og:image:type\" content=\"image\/jpeg\" \/>\n<meta name=\"twitter:card\" content=\"summary_large_image\" \/>\n<meta name=\"twitter:label1\" content=\"Tiempo de lectura\" \/>\n\t<meta name=\"twitter:data1\" content=\"1 minuto\" \/>\n<script type=\"application\/ld+json\" class=\"yoast-schema-graph\">{\"@context\":\"https:\\\/\\\/schema.org\",\"@graph\":[{\"@type\":\"WebPage\",\"@id\":\"https:\\\/\\\/www.marodadesign.es\\\/miralles\\\/producto\\\/skinny-jeans-1979-sleenker-09g30-diesel\\\/\",\"url\":\"https:\\\/\\\/www.marodadesign.es\\\/miralles\\\/producto\\\/skinny-jeans-1979-sleenker-09g30-diesel\\\/\",\"name\":\"SKINNY JEANS 1979 SLEENKER 09G30 DIESEL - ELEVEN\",\"isPartOf\":{\"@id\":\"https:\\\/\\\/www.marodadesign.es\\\/miralles\\\/#website\"},\"primaryImageOfPage\":{\"@id\":\"https:\\\/\\\/www.marodadesign.es\\\/miralles\\\/producto\\\/skinny-jeans-1979-sleenker-09g30-diesel\\\/#primaryimage\"},\"image\":{\"@id\":\"https:\\\/\\\/www.marodadesign.es\\\/miralles\\\/producto\\\/skinny-jeans-1979-sleenker-09g30-diesel\\\/#primaryimage\"},\"thumbnailUrl\":\"https:\\\/\\\/www.marodadesign.es\\\/miralles\\\/wp-content\\\/uploads\\\/2023\\\/10\\\/skinny-jeans-1979-sleenker-09G30-diesel.jpg\",\"datePublished\":\"2023-10-10T12:46:43+00:00\",\"dateModified\":\"2023-11-18T08:33:44+00:00\",\"description\":\"El pantal\u00f3n vaquero Skinny Jeans 1979 Sleenker 09g30\u00a0de la marca Diesel es una prenda vaquera de ajuste skinny sobre el cuerpo. Posee una cintura baja.\",\"breadcrumb\":{\"@id\":\"https:\\\/\\\/www.marodadesign.es\\\/miralles\\\/producto\\\/skinny-jeans-1979-sleenker-09g30-diesel\\\/#breadcrumb\"},\"inLanguage\":\"es\",\"potentialAction\":[{\"@type\":\"ReadAction\",\"target\":[\"https:\\\/\\\/www.marodadesign.es\\\/miralles\\\/producto\\\/skinny-jeans-1979-sleenker-09g30-diesel\\\/\"]}]},{\"@type\":\"ImageObject\",\"inLanguage\":\"es\",\"@id\":\"https:\\\/\\\/www.marodadesign.es\\\/miralles\\\/producto\\\/skinny-jeans-1979-sleenker-09g30-diesel\\\/#primaryimage\",\"url\":\"https:\\\/\\\/www.marodadesign.es\\\/miralles\\\/wp-content\\\/uploads\\\/2023\\\/10\\\/skinny-jeans-1979-sleenker-09G30-diesel.jpg\",\"contentUrl\":\"https:\\\/\\\/www.marodadesign.es\\\/miralles\\\/wp-content\\\/uploads\\\/2023\\\/10\\\/skinny-jeans-1979-sleenker-09G30-diesel.jpg\",\"width\":1300,\"height\":1300},{\"@type\":\"BreadcrumbList\",\"@id\":\"https:\\\/\\\/www.marodadesign.es\\\/miralles\\\/producto\\\/skinny-jeans-1979-sleenker-09g30-diesel\\\/#breadcrumb\",\"itemListElement\":[{\"@type\":\"ListItem\",\"position\":1,\"name\":\"Portada\",\"item\":\"https:\\\/\\\/www.marodadesign.es\\\/miralles\\\/\"},{\"@type\":\"ListItem\",\"position\":2,\"name\":\"Tienda\",\"item\":\"https:\\\/\\\/www.marodadesign.es\\\/miralles\\\/tienda\\\/\"},{\"@type\":\"ListItem\",\"position\":3,\"name\":\"SKINNY JEANS 1979 SLEENKER 09G30 DIESEL\"}]},{\"@type\":\"WebSite\",\"@id\":\"https:\\\/\\\/www.marodadesign.es\\\/miralles\\\/#website\",\"url\":\"https:\\\/\\\/www.marodadesign.es\\\/miralles\\\/\",\"name\":\"ELEVEN\",\"description\":\"Moda para hombre en Valencia\",\"publisher\":{\"@id\":\"https:\\\/\\\/www.marodadesign.es\\\/miralles\\\/#organization\"},\"potentialAction\":[{\"@type\":\"SearchAction\",\"target\":{\"@type\":\"EntryPoint\",\"urlTemplate\":\"https:\\\/\\\/www.marodadesign.es\\\/miralles\\\/?s={search_term_string}\"},\"query-input\":{\"@type\":\"PropertyValueSpecification\",\"valueRequired\":true,\"valueName\":\"search_term_string\"}}],\"inLanguage\":\"es\"},{\"@type\":\"Organization\",\"@id\":\"https:\\\/\\\/www.marodadesign.es\\\/miralles\\\/#organization\",\"name\":\"Eleven Valencia\",\"alternateName\":\"Eleven\",\"url\":\"https:\\\/\\\/www.marodadesign.es\\\/miralles\\\/\",\"logo\":{\"@type\":\"ImageObject\",\"inLanguage\":\"es\",\"@id\":\"https:\\\/\\\/www.marodadesign.es\\\/miralles\\\/#\\\/schema\\\/logo\\\/image\\\/\",\"url\":\"https:\\\/\\\/www.marodadesign.es\\\/miralles\\\/wp-content\\\/uploads\\\/2023\\\/05\\\/Simbolo-Eleven-Valencia.jpg\",\"contentUrl\":\"https:\\\/\\\/www.marodadesign.es\\\/miralles\\\/wp-content\\\/uploads\\\/2023\\\/05\\\/Simbolo-Eleven-Valencia.jpg\",\"width\":600,\"height\":600,\"caption\":\"Eleven Valencia\"},\"image\":{\"@id\":\"https:\\\/\\\/www.marodadesign.es\\\/miralles\\\/#\\\/schema\\\/logo\\\/image\\\/\"}}]}<\/script>\n<!-- \/ Yoast SEO plugin. -->","yoast_head_json":{"title":"SKINNY JEANS 1979 SLEENKER 09G30 DIESEL - ELEVEN","description":"El pantal\u00f3n vaquero Skinny Jeans 1979 Sleenker 09g30\u00a0de la marca Diesel es una prenda vaquera de ajuste skinny sobre el cuerpo. Posee una cintura baja.","robots":{"index":"noindex","follow":"follow","max-snippet":"max-snippet:-1","max-image-preview":"max-image-preview:large","max-video-preview":"max-video-preview:-1"},"og_locale":"es_ES","og_type":"article","og_title":"SKINNY JEANS 1979 SLEENKER 09G30 DIESEL - ELEVEN","og_description":"El pantal\u00f3n vaquero Skinny Jeans 1979 Sleenker 09g30\u00a0de la marca Diesel es una prenda vaquera de ajuste skinny sobre el cuerpo. Posee una cintura baja.","og_url":"https:\/\/www.marodadesign.es\/miralles\/producto\/skinny-jeans-1979-sleenker-09g30-diesel\/","og_site_name":"ELEVEN","article_modified_time":"2023-11-18T08:33:44+00:00","og_image":[{"width":1300,"height":1300,"url":"https:\/\/www.marodadesign.es\/miralles\/wp-content\/uploads\/2023\/10\/skinny-jeans-1979-sleenker-09G30-diesel.jpg","type":"image\/jpeg"}],"twitter_card":"summary_large_image","twitter_misc":{"Tiempo de lectura":"1 minuto"},"schema":{"@context":"https:\/\/schema.org","@graph":[{"@type":"WebPage","@id":"https:\/\/www.marodadesign.es\/miralles\/producto\/skinny-jeans-1979-sleenker-09g30-diesel\/","url":"https:\/\/www.marodadesign.es\/miralles\/producto\/skinny-jeans-1979-sleenker-09g30-diesel\/","name":"SKINNY JEANS 1979 SLEENKER 09G30 DIESEL - ELEVEN","isPartOf":{"@id":"https:\/\/www.marodadesign.es\/miralles\/#website"},"primaryImageOfPage":{"@id":"https:\/\/www.marodadesign.es\/miralles\/producto\/skinny-jeans-1979-sleenker-09g30-diesel\/#primaryimage"},"image":{"@id":"https:\/\/www.marodadesign.es\/miralles\/producto\/skinny-jeans-1979-sleenker-09g30-diesel\/#primaryimage"},"thumbnailUrl":"https:\/\/www.marodadesign.es\/miralles\/wp-content\/uploads\/2023\/10\/skinny-jeans-1979-sleenker-09G30-diesel.jpg","datePublished":"2023-10-10T12:46:43+00:00","dateModified":"2023-11-18T08:33:44+00:00","description":"El pantal\u00f3n vaquero Skinny Jeans 1979 Sleenker 09g30\u00a0de la marca Diesel es una prenda vaquera de ajuste skinny sobre el cuerpo. Posee una cintura baja.","breadcrumb":{"@id":"https:\/\/www.marodadesign.es\/miralles\/producto\/skinny-jeans-1979-sleenker-09g30-diesel\/#breadcrumb"},"inLanguage":"es","potentialAction":[{"@type":"ReadAction","target":["https:\/\/www.marodadesign.es\/miralles\/producto\/skinny-jeans-1979-sleenker-09g30-diesel\/"]}]},{"@type":"ImageObject","inLanguage":"es","@id":"https:\/\/www.marodadesign.es\/miralles\/producto\/skinny-jeans-1979-sleenker-09g30-diesel\/#primaryimage","url":"https:\/\/www.marodadesign.es\/miralles\/wp-content\/uploads\/2023\/10\/skinny-jeans-1979-sleenker-09G30-diesel.jpg","contentUrl":"https:\/\/www.marodadesign.es\/miralles\/wp-content\/uploads\/2023\/10\/skinny-jeans-1979-sleenker-09G30-diesel.jpg","width":1300,"height":1300},{"@type":"BreadcrumbList","@id":"https:\/\/www.marodadesign.es\/miralles\/producto\/skinny-jeans-1979-sleenker-09g30-diesel\/#breadcrumb","itemListElement":[{"@type":"ListItem","position":1,"name":"Portada","item":"https:\/\/www.marodadesign.es\/miralles\/"},{"@type":"ListItem","position":2,"name":"Tienda","item":"https:\/\/www.marodadesign.es\/miralles\/tienda\/"},{"@type":"ListItem","position":3,"name":"SKINNY JEANS 1979 SLEENKER 09G30 DIESEL"}]},{"@type":"WebSite","@id":"https:\/\/www.marodadesign.es\/miralles\/#website","url":"https:\/\/www.marodadesign.es\/miralles\/","name":"ELEVEN","description":"Moda para hombre en Valencia","publisher":{"@id":"https:\/\/www.marodadesign.es\/miralles\/#organization"},"potentialAction":[{"@type":"SearchAction","target":{"@type":"EntryPoint","urlTemplate":"https:\/\/www.marodadesign.es\/miralles\/?s={search_term_string}"},"query-input":{"@type":"PropertyValueSpecification","valueRequired":true,"valueName":"search_term_string"}}],"inLanguage":"es"},{"@type":"Organization","@id":"https:\/\/www.marodadesign.es\/miralles\/#organization","name":"Eleven Valencia","alternateName":"Eleven","url":"https:\/\/www.marodadesign.es\/miralles\/","logo":{"@type":"ImageObject","inLanguage":"es","@id":"https:\/\/www.marodadesign.es\/miralles\/#\/schema\/logo\/image\/","url":"https:\/\/www.marodadesign.es\/miralles\/wp-content\/uploads\/2023\/05\/Simbolo-Eleven-Valencia.jpg","contentUrl":"https:\/\/www.marodadesign.es\/miralles\/wp-content\/uploads\/2023\/05\/Simbolo-Eleven-Valencia.jpg","width":600,"height":600,"caption":"Eleven Valencia"},"image":{"@id":"https:\/\/www.marodadesign.es\/miralles\/#\/schema\/logo\/image\/"}}]}},"brands":[{"id":162,"name":"Diesel","slug":"diesel"}],"_links":{"self":[{"href":"https:\/\/www.marodadesign.es\/miralles\/wp-json\/wp\/v2\/product\/5967","targetHints":{"allow":["GET"]}}],"collection":[{"href":"https:\/\/www.marodadesign.es\/miralles\/wp-json\/wp\/v2\/product"}],"about":[{"href":"https:\/\/www.marodadesign.es\/miralles\/wp-json\/wp\/v2\/types\/product"}],"wp:featuredmedia":[{"embeddable":true,"href":"https:\/\/www.marodadesign.es\/miralles\/wp-json\/wp\/v2\/media\/5972"}],"wp:attachment":[{"href":"https:\/\/www.marodadesign.es\/miralles\/wp-json\/wp\/v2\/media?parent=5967"}],"wp:term":[{"taxonomy":"pwb-brand","embeddable":true,"href":"https:\/\/www.marodadesign.es\/miralles\/wp-json\/wp\/v2\/pwb-brand?post=5967"},{"taxonomy":"product_brand","embeddable":true,"href":"https:\/\/www.marodadesign.es\/miralles\/wp-json\/wp\/v2\/product_brand?post=5967"},{"taxonomy":"product_cat","embeddable":true,"href":"https:\/\/www.marodadesign.es\/miralles\/wp-json\/wp\/v2\/product_cat?post=5967"},{"taxonomy":"product_tag","embeddable":true,"href":"https:\/\/www.marodadesign.es\/miralles\/wp-json\/wp\/v2\/product_tag?post=5967"}],"curies":[{"name":"wp","href":"https:\/\/api.w.org\/{rel}","templated":true}]}}