{"id":6041,"date":"2023-10-12T17:21:03","date_gmt":"2023-10-12T15:21:03","guid":{"rendered":"https:\/\/www.marodadesign.es\/miralles\/?post_type=product&#038;p=6041"},"modified":"2023-11-16T18:34:07","modified_gmt":"2023-11-16T17:34:07","slug":"mochila-rave-backpack-x-diesel","status":"publish","type":"product","link":"https:\/\/www.marodadesign.es\/miralles\/producto\/mochila-rave-backpack-x-diesel\/","title":{"rendered":"MOCHILA RAVE BACKPACK X DIESEL"},"content":{"rendered":"<p>La <a href=\"https:\/\/www.marodadesign.es\/miralles\/categoria-producto\/accesorios\/mochilas\/\">mochila <\/a>negra Rave Backpack X <a href=\"https:\/\/www.marodadesign.es\/miralles\/marca\/diesel\/\">Diesel <\/a>es un accesorio para transportar equipaje con una confecci\u00f3n t\u00e9cnica y presenta un estampado Diesel For Successful Living en talla oversize que da la sensaci\u00f3n de estar pintado sobre un lienzo. Tiene adem\u00e1s unas correas acolchadas para los hombros. En el interior, hay un compartimento independiente cremallera y un compartimento para ordenador port\u00e1til. Cierre de cremallera con doble cursor y asa en la parte superior para ser transportada f\u00e1cilmente.<\/p>\n<p><strong>Composici\u00f3n: <\/strong>100% Poli\u00e9ster<\/p>\n","protected":false},"excerpt":{"rendered":"<p><a href=\"https:\/\/www.marodadesign.es\/miralles\/categoria-producto\/accesorios\/mochilas\/\">Mochila<\/a> Rave Backpack\u00a0X en color negro de <a href=\"https:\/\/www.marodadesign.es\/miralles\/marca\/diesel\/\">Diesel<\/a> para la temporada Oto\u00f1o-Invierno 2023. Este accesorio tiene una impresi\u00f3n con ilustraci\u00f3n que simula una pintura sobre lienzo Diesel For Successful Living que proporciona un dise\u00f1o visualmente atractivo. Tiene tirantes regulables y tiene un asa en la parte superior para ser transportada f\u00e1cilmente. En el interior tiene un compartimento para llevar un port\u00e1til.<\/p>\n","protected":false},"featured_media":6045,"template":"","meta":[],"pwb-brand":[162],"product_brand":[],"product_cat":[215,424],"product_tag":[681,654],"class_list":{"0":"post-6041","1":"product","2":"type-product","3":"status-publish","4":"has-post-thumbnail","6":"pwb-brand-diesel","7":"product_cat-accesorios","8":"product_cat-mochilas","9":"product_tag-mochila","10":"product_tag-otono-invierno-2023","12":"first","13":"instock","14":"featured","15":"sold-individually","16":"taxable","17":"shipping-taxable","18":"purchasable","19":"product-type-simple"},"yoast_head":"<!-- This site is optimized with the Yoast SEO plugin v27.5 - https:\/\/yoast.com\/product\/yoast-seo-wordpress\/ -->\n<title>MOCHILA RAVE BACKPACK X DIESEL - ELEVEN<\/title>\n<meta name=\"description\" content=\"La mochila negra Rave Backpack X Diesel es un accesorio con una confecci\u00f3n t\u00e9cnica e inlcuye un estampado Diesel For Successful Living\" \/>\n<meta name=\"robots\" content=\"noindex, follow, max-snippet:-1, max-image-preview:large, max-video-preview:-1\" \/>\n<meta property=\"og:locale\" content=\"es_ES\" \/>\n<meta property=\"og:type\" content=\"article\" \/>\n<meta property=\"og:title\" content=\"MOCHILA RAVE BACKPACK X DIESEL - ELEVEN\" \/>\n<meta property=\"og:description\" content=\"La mochila negra Rave Backpack X Diesel es un accesorio con una confecci\u00f3n t\u00e9cnica e inlcuye un estampado Diesel For Successful Living\" \/>\n<meta property=\"og:url\" content=\"https:\/\/www.marodadesign.es\/miralles\/producto\/mochila-rave-backpack-x-diesel\/\" \/>\n<meta property=\"og:site_name\" content=\"ELEVEN\" \/>\n<meta property=\"article:modified_time\" content=\"2023-11-16T17:34:07+00:00\" \/>\n<meta property=\"og:image\" content=\"https:\/\/www.marodadesign.es\/miralles\/wp-content\/uploads\/2023\/10\/rave-backpack-x-diesel.jpg\" \/>\n\t<meta property=\"og:image:width\" content=\"1300\" \/>\n\t<meta property=\"og:image:height\" content=\"1300\" \/>\n\t<meta property=\"og:image:type\" content=\"image\/jpeg\" \/>\n<meta name=\"twitter:card\" content=\"summary_large_image\" \/>\n<meta name=\"twitter:label1\" content=\"Tiempo de lectura\" \/>\n\t<meta name=\"twitter:data1\" content=\"1 minuto\" \/>\n<script type=\"application\/ld+json\" class=\"yoast-schema-graph\">{\"@context\":\"https:\\\/\\\/schema.org\",\"@graph\":[{\"@type\":\"WebPage\",\"@id\":\"https:\\\/\\\/www.marodadesign.es\\\/miralles\\\/producto\\\/mochila-rave-backpack-x-diesel\\\/\",\"url\":\"https:\\\/\\\/www.marodadesign.es\\\/miralles\\\/producto\\\/mochila-rave-backpack-x-diesel\\\/\",\"name\":\"MOCHILA RAVE BACKPACK X DIESEL - ELEVEN\",\"isPartOf\":{\"@id\":\"https:\\\/\\\/www.marodadesign.es\\\/miralles\\\/#website\"},\"primaryImageOfPage\":{\"@id\":\"https:\\\/\\\/www.marodadesign.es\\\/miralles\\\/producto\\\/mochila-rave-backpack-x-diesel\\\/#primaryimage\"},\"image\":{\"@id\":\"https:\\\/\\\/www.marodadesign.es\\\/miralles\\\/producto\\\/mochila-rave-backpack-x-diesel\\\/#primaryimage\"},\"thumbnailUrl\":\"https:\\\/\\\/www.marodadesign.es\\\/miralles\\\/wp-content\\\/uploads\\\/2023\\\/10\\\/rave-backpack-x-diesel.jpg\",\"datePublished\":\"2023-10-12T15:21:03+00:00\",\"dateModified\":\"2023-11-16T17:34:07+00:00\",\"description\":\"La mochila negra Rave Backpack X Diesel es un accesorio con una confecci\u00f3n t\u00e9cnica e inlcuye un estampado Diesel For Successful Living\",\"breadcrumb\":{\"@id\":\"https:\\\/\\\/www.marodadesign.es\\\/miralles\\\/producto\\\/mochila-rave-backpack-x-diesel\\\/#breadcrumb\"},\"inLanguage\":\"es\",\"potentialAction\":[{\"@type\":\"ReadAction\",\"target\":[\"https:\\\/\\\/www.marodadesign.es\\\/miralles\\\/producto\\\/mochila-rave-backpack-x-diesel\\\/\"]}]},{\"@type\":\"ImageObject\",\"inLanguage\":\"es\",\"@id\":\"https:\\\/\\\/www.marodadesign.es\\\/miralles\\\/producto\\\/mochila-rave-backpack-x-diesel\\\/#primaryimage\",\"url\":\"https:\\\/\\\/www.marodadesign.es\\\/miralles\\\/wp-content\\\/uploads\\\/2023\\\/10\\\/rave-backpack-x-diesel.jpg\",\"contentUrl\":\"https:\\\/\\\/www.marodadesign.es\\\/miralles\\\/wp-content\\\/uploads\\\/2023\\\/10\\\/rave-backpack-x-diesel.jpg\",\"width\":1300,\"height\":1300},{\"@type\":\"BreadcrumbList\",\"@id\":\"https:\\\/\\\/www.marodadesign.es\\\/miralles\\\/producto\\\/mochila-rave-backpack-x-diesel\\\/#breadcrumb\",\"itemListElement\":[{\"@type\":\"ListItem\",\"position\":1,\"name\":\"Portada\",\"item\":\"https:\\\/\\\/www.marodadesign.es\\\/miralles\\\/\"},{\"@type\":\"ListItem\",\"position\":2,\"name\":\"Tienda\",\"item\":\"https:\\\/\\\/www.marodadesign.es\\\/miralles\\\/tienda\\\/\"},{\"@type\":\"ListItem\",\"position\":3,\"name\":\"MOCHILA RAVE BACKPACK X DIESEL\"}]},{\"@type\":\"WebSite\",\"@id\":\"https:\\\/\\\/www.marodadesign.es\\\/miralles\\\/#website\",\"url\":\"https:\\\/\\\/www.marodadesign.es\\\/miralles\\\/\",\"name\":\"ELEVEN\",\"description\":\"Moda para hombre en Valencia\",\"publisher\":{\"@id\":\"https:\\\/\\\/www.marodadesign.es\\\/miralles\\\/#organization\"},\"potentialAction\":[{\"@type\":\"SearchAction\",\"target\":{\"@type\":\"EntryPoint\",\"urlTemplate\":\"https:\\\/\\\/www.marodadesign.es\\\/miralles\\\/?s={search_term_string}\"},\"query-input\":{\"@type\":\"PropertyValueSpecification\",\"valueRequired\":true,\"valueName\":\"search_term_string\"}}],\"inLanguage\":\"es\"},{\"@type\":\"Organization\",\"@id\":\"https:\\\/\\\/www.marodadesign.es\\\/miralles\\\/#organization\",\"name\":\"Eleven Valencia\",\"alternateName\":\"Eleven\",\"url\":\"https:\\\/\\\/www.marodadesign.es\\\/miralles\\\/\",\"logo\":{\"@type\":\"ImageObject\",\"inLanguage\":\"es\",\"@id\":\"https:\\\/\\\/www.marodadesign.es\\\/miralles\\\/#\\\/schema\\\/logo\\\/image\\\/\",\"url\":\"https:\\\/\\\/www.marodadesign.es\\\/miralles\\\/wp-content\\\/uploads\\\/2023\\\/05\\\/Simbolo-Eleven-Valencia.jpg\",\"contentUrl\":\"https:\\\/\\\/www.marodadesign.es\\\/miralles\\\/wp-content\\\/uploads\\\/2023\\\/05\\\/Simbolo-Eleven-Valencia.jpg\",\"width\":600,\"height\":600,\"caption\":\"Eleven Valencia\"},\"image\":{\"@id\":\"https:\\\/\\\/www.marodadesign.es\\\/miralles\\\/#\\\/schema\\\/logo\\\/image\\\/\"}}]}<\/script>\n<!-- \/ Yoast SEO plugin. -->","yoast_head_json":{"title":"MOCHILA RAVE BACKPACK X DIESEL - ELEVEN","description":"La mochila negra Rave Backpack X Diesel es un accesorio con una confecci\u00f3n t\u00e9cnica e inlcuye un estampado Diesel For Successful Living","robots":{"index":"noindex","follow":"follow","max-snippet":"max-snippet:-1","max-image-preview":"max-image-preview:large","max-video-preview":"max-video-preview:-1"},"og_locale":"es_ES","og_type":"article","og_title":"MOCHILA RAVE BACKPACK X DIESEL - ELEVEN","og_description":"La mochila negra Rave Backpack X Diesel es un accesorio con una confecci\u00f3n t\u00e9cnica e inlcuye un estampado Diesel For Successful Living","og_url":"https:\/\/www.marodadesign.es\/miralles\/producto\/mochila-rave-backpack-x-diesel\/","og_site_name":"ELEVEN","article_modified_time":"2023-11-16T17:34:07+00:00","og_image":[{"width":1300,"height":1300,"url":"https:\/\/www.marodadesign.es\/miralles\/wp-content\/uploads\/2023\/10\/rave-backpack-x-diesel.jpg","type":"image\/jpeg"}],"twitter_card":"summary_large_image","twitter_misc":{"Tiempo de lectura":"1 minuto"},"schema":{"@context":"https:\/\/schema.org","@graph":[{"@type":"WebPage","@id":"https:\/\/www.marodadesign.es\/miralles\/producto\/mochila-rave-backpack-x-diesel\/","url":"https:\/\/www.marodadesign.es\/miralles\/producto\/mochila-rave-backpack-x-diesel\/","name":"MOCHILA RAVE BACKPACK X DIESEL - ELEVEN","isPartOf":{"@id":"https:\/\/www.marodadesign.es\/miralles\/#website"},"primaryImageOfPage":{"@id":"https:\/\/www.marodadesign.es\/miralles\/producto\/mochila-rave-backpack-x-diesel\/#primaryimage"},"image":{"@id":"https:\/\/www.marodadesign.es\/miralles\/producto\/mochila-rave-backpack-x-diesel\/#primaryimage"},"thumbnailUrl":"https:\/\/www.marodadesign.es\/miralles\/wp-content\/uploads\/2023\/10\/rave-backpack-x-diesel.jpg","datePublished":"2023-10-12T15:21:03+00:00","dateModified":"2023-11-16T17:34:07+00:00","description":"La mochila negra Rave Backpack X Diesel es un accesorio con una confecci\u00f3n t\u00e9cnica e inlcuye un estampado Diesel For Successful Living","breadcrumb":{"@id":"https:\/\/www.marodadesign.es\/miralles\/producto\/mochila-rave-backpack-x-diesel\/#breadcrumb"},"inLanguage":"es","potentialAction":[{"@type":"ReadAction","target":["https:\/\/www.marodadesign.es\/miralles\/producto\/mochila-rave-backpack-x-diesel\/"]}]},{"@type":"ImageObject","inLanguage":"es","@id":"https:\/\/www.marodadesign.es\/miralles\/producto\/mochila-rave-backpack-x-diesel\/#primaryimage","url":"https:\/\/www.marodadesign.es\/miralles\/wp-content\/uploads\/2023\/10\/rave-backpack-x-diesel.jpg","contentUrl":"https:\/\/www.marodadesign.es\/miralles\/wp-content\/uploads\/2023\/10\/rave-backpack-x-diesel.jpg","width":1300,"height":1300},{"@type":"BreadcrumbList","@id":"https:\/\/www.marodadesign.es\/miralles\/producto\/mochila-rave-backpack-x-diesel\/#breadcrumb","itemListElement":[{"@type":"ListItem","position":1,"name":"Portada","item":"https:\/\/www.marodadesign.es\/miralles\/"},{"@type":"ListItem","position":2,"name":"Tienda","item":"https:\/\/www.marodadesign.es\/miralles\/tienda\/"},{"@type":"ListItem","position":3,"name":"MOCHILA RAVE BACKPACK X DIESEL"}]},{"@type":"WebSite","@id":"https:\/\/www.marodadesign.es\/miralles\/#website","url":"https:\/\/www.marodadesign.es\/miralles\/","name":"ELEVEN","description":"Moda para hombre en Valencia","publisher":{"@id":"https:\/\/www.marodadesign.es\/miralles\/#organization"},"potentialAction":[{"@type":"SearchAction","target":{"@type":"EntryPoint","urlTemplate":"https:\/\/www.marodadesign.es\/miralles\/?s={search_term_string}"},"query-input":{"@type":"PropertyValueSpecification","valueRequired":true,"valueName":"search_term_string"}}],"inLanguage":"es"},{"@type":"Organization","@id":"https:\/\/www.marodadesign.es\/miralles\/#organization","name":"Eleven Valencia","alternateName":"Eleven","url":"https:\/\/www.marodadesign.es\/miralles\/","logo":{"@type":"ImageObject","inLanguage":"es","@id":"https:\/\/www.marodadesign.es\/miralles\/#\/schema\/logo\/image\/","url":"https:\/\/www.marodadesign.es\/miralles\/wp-content\/uploads\/2023\/05\/Simbolo-Eleven-Valencia.jpg","contentUrl":"https:\/\/www.marodadesign.es\/miralles\/wp-content\/uploads\/2023\/05\/Simbolo-Eleven-Valencia.jpg","width":600,"height":600,"caption":"Eleven Valencia"},"image":{"@id":"https:\/\/www.marodadesign.es\/miralles\/#\/schema\/logo\/image\/"}}]}},"brands":[{"id":162,"name":"Diesel","slug":"diesel"}],"_links":{"self":[{"href":"https:\/\/www.marodadesign.es\/miralles\/wp-json\/wp\/v2\/product\/6041","targetHints":{"allow":["GET"]}}],"collection":[{"href":"https:\/\/www.marodadesign.es\/miralles\/wp-json\/wp\/v2\/product"}],"about":[{"href":"https:\/\/www.marodadesign.es\/miralles\/wp-json\/wp\/v2\/types\/product"}],"wp:featuredmedia":[{"embeddable":true,"href":"https:\/\/www.marodadesign.es\/miralles\/wp-json\/wp\/v2\/media\/6045"}],"wp:attachment":[{"href":"https:\/\/www.marodadesign.es\/miralles\/wp-json\/wp\/v2\/media?parent=6041"}],"wp:term":[{"taxonomy":"pwb-brand","embeddable":true,"href":"https:\/\/www.marodadesign.es\/miralles\/wp-json\/wp\/v2\/pwb-brand?post=6041"},{"taxonomy":"product_brand","embeddable":true,"href":"https:\/\/www.marodadesign.es\/miralles\/wp-json\/wp\/v2\/product_brand?post=6041"},{"taxonomy":"product_cat","embeddable":true,"href":"https:\/\/www.marodadesign.es\/miralles\/wp-json\/wp\/v2\/product_cat?post=6041"},{"taxonomy":"product_tag","embeddable":true,"href":"https:\/\/www.marodadesign.es\/miralles\/wp-json\/wp\/v2\/product_tag?post=6041"}],"curies":[{"name":"wp","href":"https:\/\/api.w.org\/{rel}","templated":true}]}}