{"id":6103,"date":"2023-10-18T16:07:45","date_gmt":"2023-10-18T14:07:45","guid":{"rendered":"https:\/\/www.marodadesign.es\/miralles\/?post_type=product&#038;p=6103"},"modified":"2023-10-18T20:05:21","modified_gmt":"2023-10-18T18:05:21","slug":"jersey-poinciana-lana-merino-cp-company","status":"publish","type":"product","link":"https:\/\/www.marodadesign.es\/miralles\/producto\/jersey-poinciana-lana-merino-cp-company\/","title":{"rendered":"JERSEY POINCIANA LANA MERINO CP COMPANY"},"content":{"rendered":"<p><a href=\"https:\/\/www.marodadesign.es\/miralles\/categoria-producto\/ropa\/sueters\/\">Jersey<\/a> poinciana 547 lana merino <a href=\"https:\/\/www.marodadesign.es\/miralles\/marca\/cp-company\/\">C.P. Company<\/a> en cuello redondo. Ha sido fabricado en tejido de lana merino de primera calidad con una textura muy suave al tacto. La prenda ha sido te\u00f1ida previamente y cuenta con un bajo y pu\u00f1os en canal\u00e9. Tiene un detalle con la ic\u00f3nica lente incrustada en el bolsillo de una de sus mangas.<\/p>\n<p><strong>Composici\u00f3n:<\/strong> Lana 100%<\/p>\n<p><strong>Instrucciones de uso:<\/strong><\/p>\n<p>&#8211; No tratar con cloro<br \/>\n&#8211; No utilizar secadora<br \/>\n&#8211; Planchar a temperatura m\u00e1xima 110\u00b0 &#8211; sin vapor<br \/>\n&#8211; Lavar delicadamente en seco en tetracloroetileno<br \/>\n&#8211; Secar en horizontal goteando en la sombra<br \/>\n&#8211; Quitar accesorios antes de lavar<br \/>\n&#8211; Tejido sujeto a p\u00e9rdida de color<br \/>\n&#8211; lavar al rev\u00e9s y por separado<br \/>\n&#8211; Secar por el reverso<\/p>\n","protected":false},"excerpt":{"rendered":"<p><a href=\"https:\/\/www.marodadesign.es\/miralles\/categoria-producto\/ropa\/sueters\/\">Jersey<\/a> poinciana 547 lana merino de <a href=\"https:\/\/www.marodadesign.es\/miralles\/marca\/cp-company\/\">C.P. COMPANY<\/a> para la temporada Oto\u00f1o-Invierno 2023. Tiene el cuello redondo y tiene una textura suave que garantiza el m\u00e1ximo confort al usuario. Tiene un detalle de lente en una de las mangas y ha sido sometido a un proceso de te\u00f1ido r\u00e1pido.<\/p>\n","protected":false},"featured_media":6148,"template":"","meta":[],"pwb-brand":[166],"product_brand":[],"product_cat":[168,297],"product_tag":[546,308,654],"class_list":{"0":"post-6103","1":"product","2":"type-product","3":"status-publish","4":"has-post-thumbnail","6":"pwb-brand-cp-company","7":"product_cat-ropa","8":"product_cat-sueters","9":"product_tag-cp-company","10":"product_tag-jersey","11":"product_tag-otono-invierno-2023","13":"first","14":"instock","15":"featured","16":"sold-individually","17":"taxable","18":"shipping-taxable","19":"purchasable","20":"product-type-variable"},"yoast_head":"<!-- This site is optimized with the Yoast SEO plugin v27.5 - https:\/\/yoast.com\/product\/yoast-seo-wordpress\/ -->\n<title>JERSEY POINCIANA LANA MERINO CP COMPANY - ELEVEN<\/title>\n<meta name=\"description\" content=\"Jersey poinciana 547 lana merino C.P. Company en cuello redondo. Fabricado en tejido de lana merino de primera calidad con una textura muy suave al tacto.\" \/>\n<meta name=\"robots\" content=\"noindex, follow, max-snippet:-1, max-image-preview:large, max-video-preview:-1\" \/>\n<meta property=\"og:locale\" content=\"es_ES\" \/>\n<meta property=\"og:type\" content=\"article\" \/>\n<meta property=\"og:title\" content=\"JERSEY POINCIANA LANA MERINO CP COMPANY - ELEVEN\" \/>\n<meta property=\"og:description\" content=\"Jersey poinciana 547 lana merino C.P. Company en cuello redondo. Fabricado en tejido de lana merino de primera calidad con una textura muy suave al tacto.\" \/>\n<meta property=\"og:url\" content=\"https:\/\/www.marodadesign.es\/miralles\/producto\/jersey-poinciana-lana-merino-cp-company\/\" \/>\n<meta property=\"og:site_name\" content=\"ELEVEN\" \/>\n<meta property=\"article:modified_time\" content=\"2023-10-18T18:05:21+00:00\" \/>\n<meta property=\"og:image\" content=\"https:\/\/www.marodadesign.es\/miralles\/wp-content\/uploads\/2023\/10\/jersey-ponciana-lana-merino-cp-company-2.jpg\" \/>\n\t<meta property=\"og:image:width\" content=\"1300\" \/>\n\t<meta property=\"og:image:height\" content=\"1300\" \/>\n\t<meta property=\"og:image:type\" content=\"image\/jpeg\" \/>\n<meta name=\"twitter:card\" content=\"summary_large_image\" \/>\n<meta name=\"twitter:label1\" content=\"Tiempo de lectura\" \/>\n\t<meta name=\"twitter:data1\" content=\"1 minuto\" \/>\n<script type=\"application\/ld+json\" class=\"yoast-schema-graph\">{\"@context\":\"https:\\\/\\\/schema.org\",\"@graph\":[{\"@type\":\"WebPage\",\"@id\":\"https:\\\/\\\/www.marodadesign.es\\\/miralles\\\/producto\\\/jersey-poinciana-lana-merino-cp-company\\\/\",\"url\":\"https:\\\/\\\/www.marodadesign.es\\\/miralles\\\/producto\\\/jersey-poinciana-lana-merino-cp-company\\\/\",\"name\":\"JERSEY POINCIANA LANA MERINO CP COMPANY - ELEVEN\",\"isPartOf\":{\"@id\":\"https:\\\/\\\/www.marodadesign.es\\\/miralles\\\/#website\"},\"primaryImageOfPage\":{\"@id\":\"https:\\\/\\\/www.marodadesign.es\\\/miralles\\\/producto\\\/jersey-poinciana-lana-merino-cp-company\\\/#primaryimage\"},\"image\":{\"@id\":\"https:\\\/\\\/www.marodadesign.es\\\/miralles\\\/producto\\\/jersey-poinciana-lana-merino-cp-company\\\/#primaryimage\"},\"thumbnailUrl\":\"https:\\\/\\\/www.marodadesign.es\\\/miralles\\\/wp-content\\\/uploads\\\/2023\\\/10\\\/jersey-ponciana-lana-merino-cp-company-2.jpg\",\"datePublished\":\"2023-10-18T14:07:45+00:00\",\"dateModified\":\"2023-10-18T18:05:21+00:00\",\"description\":\"Jersey poinciana 547 lana merino C.P. Company en cuello redondo. Fabricado en tejido de lana merino de primera calidad con una textura muy suave al tacto.\",\"breadcrumb\":{\"@id\":\"https:\\\/\\\/www.marodadesign.es\\\/miralles\\\/producto\\\/jersey-poinciana-lana-merino-cp-company\\\/#breadcrumb\"},\"inLanguage\":\"es\",\"potentialAction\":[{\"@type\":\"ReadAction\",\"target\":[\"https:\\\/\\\/www.marodadesign.es\\\/miralles\\\/producto\\\/jersey-poinciana-lana-merino-cp-company\\\/\"]}]},{\"@type\":\"ImageObject\",\"inLanguage\":\"es\",\"@id\":\"https:\\\/\\\/www.marodadesign.es\\\/miralles\\\/producto\\\/jersey-poinciana-lana-merino-cp-company\\\/#primaryimage\",\"url\":\"https:\\\/\\\/www.marodadesign.es\\\/miralles\\\/wp-content\\\/uploads\\\/2023\\\/10\\\/jersey-ponciana-lana-merino-cp-company-2.jpg\",\"contentUrl\":\"https:\\\/\\\/www.marodadesign.es\\\/miralles\\\/wp-content\\\/uploads\\\/2023\\\/10\\\/jersey-ponciana-lana-merino-cp-company-2.jpg\",\"width\":1300,\"height\":1300,\"caption\":\"15CMKN245A003247F547-jersey ponciana lana merino cp company\"},{\"@type\":\"BreadcrumbList\",\"@id\":\"https:\\\/\\\/www.marodadesign.es\\\/miralles\\\/producto\\\/jersey-poinciana-lana-merino-cp-company\\\/#breadcrumb\",\"itemListElement\":[{\"@type\":\"ListItem\",\"position\":1,\"name\":\"Portada\",\"item\":\"https:\\\/\\\/www.marodadesign.es\\\/miralles\\\/\"},{\"@type\":\"ListItem\",\"position\":2,\"name\":\"Tienda\",\"item\":\"https:\\\/\\\/www.marodadesign.es\\\/miralles\\\/tienda\\\/\"},{\"@type\":\"ListItem\",\"position\":3,\"name\":\"JERSEY POINCIANA LANA MERINO CP COMPANY\"}]},{\"@type\":\"WebSite\",\"@id\":\"https:\\\/\\\/www.marodadesign.es\\\/miralles\\\/#website\",\"url\":\"https:\\\/\\\/www.marodadesign.es\\\/miralles\\\/\",\"name\":\"ELEVEN\",\"description\":\"Moda para hombre en Valencia\",\"publisher\":{\"@id\":\"https:\\\/\\\/www.marodadesign.es\\\/miralles\\\/#organization\"},\"potentialAction\":[{\"@type\":\"SearchAction\",\"target\":{\"@type\":\"EntryPoint\",\"urlTemplate\":\"https:\\\/\\\/www.marodadesign.es\\\/miralles\\\/?s={search_term_string}\"},\"query-input\":{\"@type\":\"PropertyValueSpecification\",\"valueRequired\":true,\"valueName\":\"search_term_string\"}}],\"inLanguage\":\"es\"},{\"@type\":\"Organization\",\"@id\":\"https:\\\/\\\/www.marodadesign.es\\\/miralles\\\/#organization\",\"name\":\"Eleven Valencia\",\"alternateName\":\"Eleven\",\"url\":\"https:\\\/\\\/www.marodadesign.es\\\/miralles\\\/\",\"logo\":{\"@type\":\"ImageObject\",\"inLanguage\":\"es\",\"@id\":\"https:\\\/\\\/www.marodadesign.es\\\/miralles\\\/#\\\/schema\\\/logo\\\/image\\\/\",\"url\":\"https:\\\/\\\/www.marodadesign.es\\\/miralles\\\/wp-content\\\/uploads\\\/2023\\\/05\\\/Simbolo-Eleven-Valencia.jpg\",\"contentUrl\":\"https:\\\/\\\/www.marodadesign.es\\\/miralles\\\/wp-content\\\/uploads\\\/2023\\\/05\\\/Simbolo-Eleven-Valencia.jpg\",\"width\":600,\"height\":600,\"caption\":\"Eleven Valencia\"},\"image\":{\"@id\":\"https:\\\/\\\/www.marodadesign.es\\\/miralles\\\/#\\\/schema\\\/logo\\\/image\\\/\"}}]}<\/script>\n<!-- \/ Yoast SEO plugin. -->","yoast_head_json":{"title":"JERSEY POINCIANA LANA MERINO CP COMPANY - ELEVEN","description":"Jersey poinciana 547 lana merino C.P. Company en cuello redondo. Fabricado en tejido de lana merino de primera calidad con una textura muy suave al tacto.","robots":{"index":"noindex","follow":"follow","max-snippet":"max-snippet:-1","max-image-preview":"max-image-preview:large","max-video-preview":"max-video-preview:-1"},"og_locale":"es_ES","og_type":"article","og_title":"JERSEY POINCIANA LANA MERINO CP COMPANY - ELEVEN","og_description":"Jersey poinciana 547 lana merino C.P. Company en cuello redondo. Fabricado en tejido de lana merino de primera calidad con una textura muy suave al tacto.","og_url":"https:\/\/www.marodadesign.es\/miralles\/producto\/jersey-poinciana-lana-merino-cp-company\/","og_site_name":"ELEVEN","article_modified_time":"2023-10-18T18:05:21+00:00","og_image":[{"width":1300,"height":1300,"url":"https:\/\/www.marodadesign.es\/miralles\/wp-content\/uploads\/2023\/10\/jersey-ponciana-lana-merino-cp-company-2.jpg","type":"image\/jpeg"}],"twitter_card":"summary_large_image","twitter_misc":{"Tiempo de lectura":"1 minuto"},"schema":{"@context":"https:\/\/schema.org","@graph":[{"@type":"WebPage","@id":"https:\/\/www.marodadesign.es\/miralles\/producto\/jersey-poinciana-lana-merino-cp-company\/","url":"https:\/\/www.marodadesign.es\/miralles\/producto\/jersey-poinciana-lana-merino-cp-company\/","name":"JERSEY POINCIANA LANA MERINO CP COMPANY - ELEVEN","isPartOf":{"@id":"https:\/\/www.marodadesign.es\/miralles\/#website"},"primaryImageOfPage":{"@id":"https:\/\/www.marodadesign.es\/miralles\/producto\/jersey-poinciana-lana-merino-cp-company\/#primaryimage"},"image":{"@id":"https:\/\/www.marodadesign.es\/miralles\/producto\/jersey-poinciana-lana-merino-cp-company\/#primaryimage"},"thumbnailUrl":"https:\/\/www.marodadesign.es\/miralles\/wp-content\/uploads\/2023\/10\/jersey-ponciana-lana-merino-cp-company-2.jpg","datePublished":"2023-10-18T14:07:45+00:00","dateModified":"2023-10-18T18:05:21+00:00","description":"Jersey poinciana 547 lana merino C.P. Company en cuello redondo. Fabricado en tejido de lana merino de primera calidad con una textura muy suave al tacto.","breadcrumb":{"@id":"https:\/\/www.marodadesign.es\/miralles\/producto\/jersey-poinciana-lana-merino-cp-company\/#breadcrumb"},"inLanguage":"es","potentialAction":[{"@type":"ReadAction","target":["https:\/\/www.marodadesign.es\/miralles\/producto\/jersey-poinciana-lana-merino-cp-company\/"]}]},{"@type":"ImageObject","inLanguage":"es","@id":"https:\/\/www.marodadesign.es\/miralles\/producto\/jersey-poinciana-lana-merino-cp-company\/#primaryimage","url":"https:\/\/www.marodadesign.es\/miralles\/wp-content\/uploads\/2023\/10\/jersey-ponciana-lana-merino-cp-company-2.jpg","contentUrl":"https:\/\/www.marodadesign.es\/miralles\/wp-content\/uploads\/2023\/10\/jersey-ponciana-lana-merino-cp-company-2.jpg","width":1300,"height":1300,"caption":"15CMKN245A003247F547-jersey ponciana lana merino cp company"},{"@type":"BreadcrumbList","@id":"https:\/\/www.marodadesign.es\/miralles\/producto\/jersey-poinciana-lana-merino-cp-company\/#breadcrumb","itemListElement":[{"@type":"ListItem","position":1,"name":"Portada","item":"https:\/\/www.marodadesign.es\/miralles\/"},{"@type":"ListItem","position":2,"name":"Tienda","item":"https:\/\/www.marodadesign.es\/miralles\/tienda\/"},{"@type":"ListItem","position":3,"name":"JERSEY POINCIANA LANA MERINO CP COMPANY"}]},{"@type":"WebSite","@id":"https:\/\/www.marodadesign.es\/miralles\/#website","url":"https:\/\/www.marodadesign.es\/miralles\/","name":"ELEVEN","description":"Moda para hombre en Valencia","publisher":{"@id":"https:\/\/www.marodadesign.es\/miralles\/#organization"},"potentialAction":[{"@type":"SearchAction","target":{"@type":"EntryPoint","urlTemplate":"https:\/\/www.marodadesign.es\/miralles\/?s={search_term_string}"},"query-input":{"@type":"PropertyValueSpecification","valueRequired":true,"valueName":"search_term_string"}}],"inLanguage":"es"},{"@type":"Organization","@id":"https:\/\/www.marodadesign.es\/miralles\/#organization","name":"Eleven Valencia","alternateName":"Eleven","url":"https:\/\/www.marodadesign.es\/miralles\/","logo":{"@type":"ImageObject","inLanguage":"es","@id":"https:\/\/www.marodadesign.es\/miralles\/#\/schema\/logo\/image\/","url":"https:\/\/www.marodadesign.es\/miralles\/wp-content\/uploads\/2023\/05\/Simbolo-Eleven-Valencia.jpg","contentUrl":"https:\/\/www.marodadesign.es\/miralles\/wp-content\/uploads\/2023\/05\/Simbolo-Eleven-Valencia.jpg","width":600,"height":600,"caption":"Eleven Valencia"},"image":{"@id":"https:\/\/www.marodadesign.es\/miralles\/#\/schema\/logo\/image\/"}}]}},"brands":[{"id":166,"name":"C.P. Company","slug":"cp-company"}],"_links":{"self":[{"href":"https:\/\/www.marodadesign.es\/miralles\/wp-json\/wp\/v2\/product\/6103","targetHints":{"allow":["GET"]}}],"collection":[{"href":"https:\/\/www.marodadesign.es\/miralles\/wp-json\/wp\/v2\/product"}],"about":[{"href":"https:\/\/www.marodadesign.es\/miralles\/wp-json\/wp\/v2\/types\/product"}],"wp:featuredmedia":[{"embeddable":true,"href":"https:\/\/www.marodadesign.es\/miralles\/wp-json\/wp\/v2\/media\/6148"}],"wp:attachment":[{"href":"https:\/\/www.marodadesign.es\/miralles\/wp-json\/wp\/v2\/media?parent=6103"}],"wp:term":[{"taxonomy":"pwb-brand","embeddable":true,"href":"https:\/\/www.marodadesign.es\/miralles\/wp-json\/wp\/v2\/pwb-brand?post=6103"},{"taxonomy":"product_brand","embeddable":true,"href":"https:\/\/www.marodadesign.es\/miralles\/wp-json\/wp\/v2\/product_brand?post=6103"},{"taxonomy":"product_cat","embeddable":true,"href":"https:\/\/www.marodadesign.es\/miralles\/wp-json\/wp\/v2\/product_cat?post=6103"},{"taxonomy":"product_tag","embeddable":true,"href":"https:\/\/www.marodadesign.es\/miralles\/wp-json\/wp\/v2\/product_tag?post=6103"}],"curies":[{"name":"wp","href":"https:\/\/api.w.org\/{rel}","templated":true}]}}