{"id":6255,"date":"2023-10-19T13:04:09","date_gmt":"2023-10-19T11:04:09","guid":{"rendered":"https:\/\/www.marodadesign.es\/miralles\/?post_type=product&#038;p=6255"},"modified":"2023-11-16T18:10:30","modified_gmt":"2023-11-16T17:10:30","slug":"camiseta-goggle-print-cp-company","status":"publish","type":"product","link":"https:\/\/www.marodadesign.es\/miralles\/producto\/camiseta-goggle-print-cp-company\/","title":{"rendered":"CAMISETA GOGGLE PRINT CP COMPANY"},"content":{"rendered":"<p><a href=\"https:\/\/www.marodadesign.es\/miralles\/categoria-producto\/ropa\/camisetas\/camisetas-manga-corta\/\">La camiseta<\/a> negra Goggle Print <a href=\"https:\/\/www.marodadesign.es\/miralles\/marca\/cp-company\/\">C.P. Company<\/a> ha sido fabricada con punto de algod\u00f3n 30\/1, con un grosor que aporta gran transpirabilidad. Esta prenda de <a href=\"https:\/\/www.marodadesign.es\/miralles\/marca\/cp-company\/\">C.P. Company<\/a>\u00a0tiene un cuello redondo acanalado, y adem\u00e1s presenta una tenue estampaci\u00f3n de las ic\u00f3nicas gafas\u00a0 <a href=\"https:\/\/www.marodadesign.es\/miralles\/marca\/cp-company\/\">C.P. Company<\/a>\u00a0en la parte trasera. En la zona delantera presenta un logo de peque\u00f1as dimensiones de la firma. La ca\u00edda de la camiseta es holgada.<\/p>\n<p><strong>Composici\u00f3n:<\/strong> Algod\u00f3n 100%<\/p>\n<p><strong>Instrucciones de uso:<\/strong><\/p>\n<p>&#8211; Lavar m\u00e1x 30\u00b0C<br \/>\n&#8211; No tratar con cloro<br \/>\n&#8211; No utilizar secadora<br \/>\n&#8211; Planchar a temperatura m\u00e1xima 110\u00b0 &#8211; sin vapor<br \/>\n&#8211; No lavar en seco<br \/>\n&#8211; Secar colgado en la sombra<br \/>\n&#8211; Lavar al rev\u00e9s<br \/>\n&#8211; No planchar las decoraciones<\/p>\n","protected":false},"excerpt":{"rendered":"<p><a href=\"https:\/\/www.marodadesign.es\/miralles\/categoria-producto\/ropa\/camisetas\/camisetas-manga-corta\/\">Camiseta<\/a> negra de manga corta Goggle Print en algod\u00f3n 100% <a href=\"https:\/\/www.marodadesign.es\/miralles\/marca\/cp-company\/\">C.P. COMPANY<\/a> para la temporada Oto\u00f1o-Invierno 2023. Incluye estampado C.P. Company en la parte trasera que se deja ver de forma tenue, mientras que en la zona delantera hay un logotipo compactado en el lado coraz\u00f3n de <a href=\"https:\/\/www.marodadesign.es\/miralles\/marca\/cp-company\/\">C.P. Company.<\/a><\/p>\n","protected":false},"featured_media":6262,"template":"","meta":[],"pwb-brand":[166],"product_brand":[],"product_cat":[243,244,168],"product_tag":[636,546,654],"class_list":{"0":"post-6255","1":"product","2":"type-product","3":"status-publish","4":"has-post-thumbnail","6":"pwb-brand-cp-company","7":"product_cat-camisetas","8":"product_cat-camisetas-manga-corta","9":"product_cat-ropa","10":"product_tag-camiseta-manga-corta","11":"product_tag-cp-company","12":"product_tag-otono-invierno-2023","14":"first","15":"instock","16":"featured","17":"sold-individually","18":"taxable","19":"shipping-taxable","20":"purchasable","21":"product-type-variable"},"yoast_head":"<!-- This site is optimized with the Yoast SEO plugin v27.5 - https:\/\/yoast.com\/product\/yoast-seo-wordpress\/ -->\n<title>CAMISETA GOGGLE PRINT CP COMPANY - ELEVEN<\/title>\n<meta name=\"description\" content=\"La camiseta negra Goggle Print C.P. Company ha sido fabricada con punto de algod\u00f3n 30\/1, con un grosor que aporta gran transpirabilidad.\" \/>\n<meta name=\"robots\" content=\"noindex, follow, max-snippet:-1, max-image-preview:large, max-video-preview:-1\" \/>\n<meta property=\"og:locale\" content=\"es_ES\" \/>\n<meta property=\"og:type\" content=\"article\" \/>\n<meta property=\"og:title\" content=\"CAMISETA GOGGLE PRINT CP COMPANY - ELEVEN\" \/>\n<meta property=\"og:description\" content=\"La camiseta negra Goggle Print C.P. Company ha sido fabricada con punto de algod\u00f3n 30\/1, con un grosor que aporta gran transpirabilidad.\" \/>\n<meta property=\"og:url\" content=\"https:\/\/www.marodadesign.es\/miralles\/producto\/camiseta-goggle-print-cp-company\/\" \/>\n<meta property=\"og:site_name\" content=\"ELEVEN\" \/>\n<meta property=\"article:modified_time\" content=\"2023-11-16T17:10:30+00:00\" \/>\n<meta property=\"og:image\" content=\"https:\/\/www.marodadesign.es\/miralles\/wp-content\/uploads\/2023\/10\/camiseta-negra-goggle-print-cp-company.jpg\" \/>\n\t<meta property=\"og:image:width\" content=\"1300\" \/>\n\t<meta property=\"og:image:height\" content=\"1300\" \/>\n\t<meta property=\"og:image:type\" content=\"image\/jpeg\" \/>\n<meta name=\"twitter:card\" content=\"summary_large_image\" \/>\n<meta name=\"twitter:label1\" content=\"Tiempo de lectura\" \/>\n\t<meta name=\"twitter:data1\" content=\"1 minuto\" \/>\n<script type=\"application\/ld+json\" class=\"yoast-schema-graph\">{\"@context\":\"https:\\\/\\\/schema.org\",\"@graph\":[{\"@type\":\"WebPage\",\"@id\":\"https:\\\/\\\/www.marodadesign.es\\\/miralles\\\/producto\\\/camiseta-goggle-print-cp-company\\\/\",\"url\":\"https:\\\/\\\/www.marodadesign.es\\\/miralles\\\/producto\\\/camiseta-goggle-print-cp-company\\\/\",\"name\":\"CAMISETA GOGGLE PRINT CP COMPANY - ELEVEN\",\"isPartOf\":{\"@id\":\"https:\\\/\\\/www.marodadesign.es\\\/miralles\\\/#website\"},\"primaryImageOfPage\":{\"@id\":\"https:\\\/\\\/www.marodadesign.es\\\/miralles\\\/producto\\\/camiseta-goggle-print-cp-company\\\/#primaryimage\"},\"image\":{\"@id\":\"https:\\\/\\\/www.marodadesign.es\\\/miralles\\\/producto\\\/camiseta-goggle-print-cp-company\\\/#primaryimage\"},\"thumbnailUrl\":\"https:\\\/\\\/www.marodadesign.es\\\/miralles\\\/wp-content\\\/uploads\\\/2023\\\/10\\\/camiseta-negra-goggle-print-cp-company.jpg\",\"datePublished\":\"2023-10-19T11:04:09+00:00\",\"dateModified\":\"2023-11-16T17:10:30+00:00\",\"description\":\"La camiseta negra Goggle Print C.P. Company ha sido fabricada con punto de algod\u00f3n 30\\\/1, con un grosor que aporta gran transpirabilidad.\",\"breadcrumb\":{\"@id\":\"https:\\\/\\\/www.marodadesign.es\\\/miralles\\\/producto\\\/camiseta-goggle-print-cp-company\\\/#breadcrumb\"},\"inLanguage\":\"es\",\"potentialAction\":[{\"@type\":\"ReadAction\",\"target\":[\"https:\\\/\\\/www.marodadesign.es\\\/miralles\\\/producto\\\/camiseta-goggle-print-cp-company\\\/\"]}]},{\"@type\":\"ImageObject\",\"inLanguage\":\"es\",\"@id\":\"https:\\\/\\\/www.marodadesign.es\\\/miralles\\\/producto\\\/camiseta-goggle-print-cp-company\\\/#primaryimage\",\"url\":\"https:\\\/\\\/www.marodadesign.es\\\/miralles\\\/wp-content\\\/uploads\\\/2023\\\/10\\\/camiseta-negra-goggle-print-cp-company.jpg\",\"contentUrl\":\"https:\\\/\\\/www.marodadesign.es\\\/miralles\\\/wp-content\\\/uploads\\\/2023\\\/10\\\/camiseta-negra-goggle-print-cp-company.jpg\",\"width\":1300,\"height\":1300,\"caption\":\"15CMTS044A005100W999-camiseta negra goggle print cp company\"},{\"@type\":\"BreadcrumbList\",\"@id\":\"https:\\\/\\\/www.marodadesign.es\\\/miralles\\\/producto\\\/camiseta-goggle-print-cp-company\\\/#breadcrumb\",\"itemListElement\":[{\"@type\":\"ListItem\",\"position\":1,\"name\":\"Portada\",\"item\":\"https:\\\/\\\/www.marodadesign.es\\\/miralles\\\/\"},{\"@type\":\"ListItem\",\"position\":2,\"name\":\"Tienda\",\"item\":\"https:\\\/\\\/www.marodadesign.es\\\/miralles\\\/tienda\\\/\"},{\"@type\":\"ListItem\",\"position\":3,\"name\":\"CAMISETA GOGGLE PRINT CP COMPANY\"}]},{\"@type\":\"WebSite\",\"@id\":\"https:\\\/\\\/www.marodadesign.es\\\/miralles\\\/#website\",\"url\":\"https:\\\/\\\/www.marodadesign.es\\\/miralles\\\/\",\"name\":\"ELEVEN\",\"description\":\"Moda para hombre en Valencia\",\"publisher\":{\"@id\":\"https:\\\/\\\/www.marodadesign.es\\\/miralles\\\/#organization\"},\"potentialAction\":[{\"@type\":\"SearchAction\",\"target\":{\"@type\":\"EntryPoint\",\"urlTemplate\":\"https:\\\/\\\/www.marodadesign.es\\\/miralles\\\/?s={search_term_string}\"},\"query-input\":{\"@type\":\"PropertyValueSpecification\",\"valueRequired\":true,\"valueName\":\"search_term_string\"}}],\"inLanguage\":\"es\"},{\"@type\":\"Organization\",\"@id\":\"https:\\\/\\\/www.marodadesign.es\\\/miralles\\\/#organization\",\"name\":\"Eleven Valencia\",\"alternateName\":\"Eleven\",\"url\":\"https:\\\/\\\/www.marodadesign.es\\\/miralles\\\/\",\"logo\":{\"@type\":\"ImageObject\",\"inLanguage\":\"es\",\"@id\":\"https:\\\/\\\/www.marodadesign.es\\\/miralles\\\/#\\\/schema\\\/logo\\\/image\\\/\",\"url\":\"https:\\\/\\\/www.marodadesign.es\\\/miralles\\\/wp-content\\\/uploads\\\/2023\\\/05\\\/Simbolo-Eleven-Valencia.jpg\",\"contentUrl\":\"https:\\\/\\\/www.marodadesign.es\\\/miralles\\\/wp-content\\\/uploads\\\/2023\\\/05\\\/Simbolo-Eleven-Valencia.jpg\",\"width\":600,\"height\":600,\"caption\":\"Eleven Valencia\"},\"image\":{\"@id\":\"https:\\\/\\\/www.marodadesign.es\\\/miralles\\\/#\\\/schema\\\/logo\\\/image\\\/\"}}]}<\/script>\n<!-- \/ Yoast SEO plugin. -->","yoast_head_json":{"title":"CAMISETA GOGGLE PRINT CP COMPANY - ELEVEN","description":"La camiseta negra Goggle Print C.P. Company ha sido fabricada con punto de algod\u00f3n 30\/1, con un grosor que aporta gran transpirabilidad.","robots":{"index":"noindex","follow":"follow","max-snippet":"max-snippet:-1","max-image-preview":"max-image-preview:large","max-video-preview":"max-video-preview:-1"},"og_locale":"es_ES","og_type":"article","og_title":"CAMISETA GOGGLE PRINT CP COMPANY - ELEVEN","og_description":"La camiseta negra Goggle Print C.P. Company ha sido fabricada con punto de algod\u00f3n 30\/1, con un grosor que aporta gran transpirabilidad.","og_url":"https:\/\/www.marodadesign.es\/miralles\/producto\/camiseta-goggle-print-cp-company\/","og_site_name":"ELEVEN","article_modified_time":"2023-11-16T17:10:30+00:00","og_image":[{"width":1300,"height":1300,"url":"https:\/\/www.marodadesign.es\/miralles\/wp-content\/uploads\/2023\/10\/camiseta-negra-goggle-print-cp-company.jpg","type":"image\/jpeg"}],"twitter_card":"summary_large_image","twitter_misc":{"Tiempo de lectura":"1 minuto"},"schema":{"@context":"https:\/\/schema.org","@graph":[{"@type":"WebPage","@id":"https:\/\/www.marodadesign.es\/miralles\/producto\/camiseta-goggle-print-cp-company\/","url":"https:\/\/www.marodadesign.es\/miralles\/producto\/camiseta-goggle-print-cp-company\/","name":"CAMISETA GOGGLE PRINT CP COMPANY - ELEVEN","isPartOf":{"@id":"https:\/\/www.marodadesign.es\/miralles\/#website"},"primaryImageOfPage":{"@id":"https:\/\/www.marodadesign.es\/miralles\/producto\/camiseta-goggle-print-cp-company\/#primaryimage"},"image":{"@id":"https:\/\/www.marodadesign.es\/miralles\/producto\/camiseta-goggle-print-cp-company\/#primaryimage"},"thumbnailUrl":"https:\/\/www.marodadesign.es\/miralles\/wp-content\/uploads\/2023\/10\/camiseta-negra-goggle-print-cp-company.jpg","datePublished":"2023-10-19T11:04:09+00:00","dateModified":"2023-11-16T17:10:30+00:00","description":"La camiseta negra Goggle Print C.P. Company ha sido fabricada con punto de algod\u00f3n 30\/1, con un grosor que aporta gran transpirabilidad.","breadcrumb":{"@id":"https:\/\/www.marodadesign.es\/miralles\/producto\/camiseta-goggle-print-cp-company\/#breadcrumb"},"inLanguage":"es","potentialAction":[{"@type":"ReadAction","target":["https:\/\/www.marodadesign.es\/miralles\/producto\/camiseta-goggle-print-cp-company\/"]}]},{"@type":"ImageObject","inLanguage":"es","@id":"https:\/\/www.marodadesign.es\/miralles\/producto\/camiseta-goggle-print-cp-company\/#primaryimage","url":"https:\/\/www.marodadesign.es\/miralles\/wp-content\/uploads\/2023\/10\/camiseta-negra-goggle-print-cp-company.jpg","contentUrl":"https:\/\/www.marodadesign.es\/miralles\/wp-content\/uploads\/2023\/10\/camiseta-negra-goggle-print-cp-company.jpg","width":1300,"height":1300,"caption":"15CMTS044A005100W999-camiseta negra goggle print cp company"},{"@type":"BreadcrumbList","@id":"https:\/\/www.marodadesign.es\/miralles\/producto\/camiseta-goggle-print-cp-company\/#breadcrumb","itemListElement":[{"@type":"ListItem","position":1,"name":"Portada","item":"https:\/\/www.marodadesign.es\/miralles\/"},{"@type":"ListItem","position":2,"name":"Tienda","item":"https:\/\/www.marodadesign.es\/miralles\/tienda\/"},{"@type":"ListItem","position":3,"name":"CAMISETA GOGGLE PRINT CP COMPANY"}]},{"@type":"WebSite","@id":"https:\/\/www.marodadesign.es\/miralles\/#website","url":"https:\/\/www.marodadesign.es\/miralles\/","name":"ELEVEN","description":"Moda para hombre en Valencia","publisher":{"@id":"https:\/\/www.marodadesign.es\/miralles\/#organization"},"potentialAction":[{"@type":"SearchAction","target":{"@type":"EntryPoint","urlTemplate":"https:\/\/www.marodadesign.es\/miralles\/?s={search_term_string}"},"query-input":{"@type":"PropertyValueSpecification","valueRequired":true,"valueName":"search_term_string"}}],"inLanguage":"es"},{"@type":"Organization","@id":"https:\/\/www.marodadesign.es\/miralles\/#organization","name":"Eleven Valencia","alternateName":"Eleven","url":"https:\/\/www.marodadesign.es\/miralles\/","logo":{"@type":"ImageObject","inLanguage":"es","@id":"https:\/\/www.marodadesign.es\/miralles\/#\/schema\/logo\/image\/","url":"https:\/\/www.marodadesign.es\/miralles\/wp-content\/uploads\/2023\/05\/Simbolo-Eleven-Valencia.jpg","contentUrl":"https:\/\/www.marodadesign.es\/miralles\/wp-content\/uploads\/2023\/05\/Simbolo-Eleven-Valencia.jpg","width":600,"height":600,"caption":"Eleven Valencia"},"image":{"@id":"https:\/\/www.marodadesign.es\/miralles\/#\/schema\/logo\/image\/"}}]}},"brands":[{"id":166,"name":"C.P. Company","slug":"cp-company"}],"_links":{"self":[{"href":"https:\/\/www.marodadesign.es\/miralles\/wp-json\/wp\/v2\/product\/6255","targetHints":{"allow":["GET"]}}],"collection":[{"href":"https:\/\/www.marodadesign.es\/miralles\/wp-json\/wp\/v2\/product"}],"about":[{"href":"https:\/\/www.marodadesign.es\/miralles\/wp-json\/wp\/v2\/types\/product"}],"wp:featuredmedia":[{"embeddable":true,"href":"https:\/\/www.marodadesign.es\/miralles\/wp-json\/wp\/v2\/media\/6262"}],"wp:attachment":[{"href":"https:\/\/www.marodadesign.es\/miralles\/wp-json\/wp\/v2\/media?parent=6255"}],"wp:term":[{"taxonomy":"pwb-brand","embeddable":true,"href":"https:\/\/www.marodadesign.es\/miralles\/wp-json\/wp\/v2\/pwb-brand?post=6255"},{"taxonomy":"product_brand","embeddable":true,"href":"https:\/\/www.marodadesign.es\/miralles\/wp-json\/wp\/v2\/product_brand?post=6255"},{"taxonomy":"product_cat","embeddable":true,"href":"https:\/\/www.marodadesign.es\/miralles\/wp-json\/wp\/v2\/product_cat?post=6255"},{"taxonomy":"product_tag","embeddable":true,"href":"https:\/\/www.marodadesign.es\/miralles\/wp-json\/wp\/v2\/product_tag?post=6255"}],"curies":[{"name":"wp","href":"https:\/\/api.w.org\/{rel}","templated":true}]}}