{"id":6285,"date":"2023-10-20T12:49:32","date_gmt":"2023-10-20T10:49:32","guid":{"rendered":"https:\/\/www.marodadesign.es\/miralles\/?post_type=product&#038;p=6285"},"modified":"2023-11-16T18:06:14","modified_gmt":"2023-11-16T17:06:14","slug":"gorra-negra-c-p-shell-r-logo-cp-company","status":"publish","type":"product","link":"https:\/\/www.marodadesign.es\/miralles\/producto\/gorra-negra-c-p-shell-r-logo-cp-company\/","title":{"rendered":"GORRA NEGRA C.P. SHELL-R LOGO CP COMPANY"},"content":{"rendered":"<p><a href=\"https:\/\/www.marodadesign.es\/miralles\/categoria-producto\/accesorios\/gorras\/\">La gorra <\/a>negra C.P. Shell-R Logo de <a href=\"https:\/\/www.marodadesign.es\/miralles\/marca\/cp-company\/\">C.P. Company<\/a> es un accesorio muy funcional para estos meses de invierno, que incorpora el sello distintivo de marca C.P. Company bordado en la parte frontal, mientras que en la parte trasera se divide en varios paneles con tira para mejorar el ajuste sobre la cabeza. El tejido C.P. Shell-R es un tipo de nailon el\u00e1stico con el sello de la propia marca, compuesto por hilos reciclados para una mayor sostenibilidad y equilibrio medioambiental. Destaca tambi\u00e9n el uso de una membrana de gran resistencia a agentes externos junto a una malla ligera para hacer frente a la resistencia temporal. Los ojales de la gorra est\u00e1n bordados.<\/p>\n<p><strong>Cuidados:<\/strong><\/p>\n<p>&#8211; Lavar delicadamente m\u00e1x 30\u00b0C<br \/>\n&#8211; No tratar con cloro<br \/>\n&#8211; No utilizar secadora<br \/>\n&#8211; No planchar<br \/>\n&#8211; No lavar en seco<br \/>\n&#8211; Secar colgado<br \/>\n&#8211; Lavar por separado<br \/>\n&#8211; Quitar accesorios desprendibles antes de lavar<\/p>\n<p><strong>Composici\u00f3n:\u00a0<\/strong><\/p>\n<p>&#8211; Tejido principal: 94% poli\u00e9ster, 6% elastano<br \/>\n&#8211; Forro principal: 100% poli\u00e9ster<\/p>\n","protected":false},"excerpt":{"rendered":"<p><a href=\"https:\/\/www.marodadesign.es\/miralles\/categoria-producto\/accesorios\/mochilas\/\">Gorra<\/a> C.P. Shell-R Logo de <a href=\"https:\/\/www.marodadesign.es\/miralles\/marca\/cp-company\/\">C.P. Company<\/a> para la temporada Oto\u00f1o-Invierno 2023. Configurada en tejido Shell-R, un tipo de nailon el\u00e1stico que ofrece un equilibrio m\u00e1s sostenible para el medio ambiente. Lleva bordado el logo <a href=\"https:\/\/www.marodadesign.es\/miralles\/marca\/cp-company\/\">C.P. Company<\/a> en la parte frontal y tiene una correa ajustable en la parte trasera.<\/p>\n","protected":false},"featured_media":6287,"template":"","meta":[],"pwb-brand":[166],"product_brand":[],"product_cat":[215,335],"product_tag":[546,339,654],"class_list":{"0":"post-6285","1":"product","2":"type-product","3":"status-publish","4":"has-post-thumbnail","6":"pwb-brand-cp-company","7":"product_cat-accesorios","8":"product_cat-gorras","9":"product_tag-cp-company","10":"product_tag-gorra","11":"product_tag-otono-invierno-2023","13":"first","14":"instock","15":"featured","16":"sold-individually","17":"taxable","18":"shipping-taxable","19":"purchasable","20":"product-type-simple"},"yoast_head":"<!-- This site is optimized with the Yoast SEO plugin v27.5 - https:\/\/yoast.com\/product\/yoast-seo-wordpress\/ -->\n<title>GORRA NEGRA C.P. SHELL-R LOGO CP COMPANY - ELEVEN<\/title>\n<meta name=\"description\" content=\"La gorra\u00a0negra C.P. Shell-R Logo de C.P. Company es un accesorio muy funcional para estos meses de invierno, que incorpora el sello distintivo de marca.\" \/>\n<meta name=\"robots\" content=\"noindex, follow, max-snippet:-1, max-image-preview:large, max-video-preview:-1\" \/>\n<meta property=\"og:locale\" content=\"es_ES\" \/>\n<meta property=\"og:type\" content=\"article\" \/>\n<meta property=\"og:title\" content=\"GORRA NEGRA C.P. SHELL-R LOGO CP COMPANY - ELEVEN\" \/>\n<meta property=\"og:description\" content=\"La gorra\u00a0negra C.P. Shell-R Logo de C.P. Company es un accesorio muy funcional para estos meses de invierno, que incorpora el sello distintivo de marca.\" \/>\n<meta property=\"og:url\" content=\"https:\/\/www.marodadesign.es\/miralles\/producto\/gorra-negra-c-p-shell-r-logo-cp-company\/\" \/>\n<meta property=\"og:site_name\" content=\"ELEVEN\" \/>\n<meta property=\"article:modified_time\" content=\"2023-11-16T17:06:14+00:00\" \/>\n<meta property=\"og:image\" content=\"https:\/\/www.marodadesign.es\/miralles\/wp-content\/uploads\/2023\/10\/15CMAC078A006097A999.1.H1.jpg\" \/>\n\t<meta property=\"og:image:width\" content=\"1500\" \/>\n\t<meta property=\"og:image:height\" content=\"1875\" \/>\n\t<meta property=\"og:image:type\" content=\"image\/jpeg\" \/>\n<meta name=\"twitter:card\" content=\"summary_large_image\" \/>\n<meta name=\"twitter:label1\" content=\"Tiempo de lectura\" \/>\n\t<meta name=\"twitter:data1\" content=\"1 minuto\" \/>\n<script type=\"application\/ld+json\" class=\"yoast-schema-graph\">{\"@context\":\"https:\\\/\\\/schema.org\",\"@graph\":[{\"@type\":\"WebPage\",\"@id\":\"https:\\\/\\\/www.marodadesign.es\\\/miralles\\\/producto\\\/gorra-negra-c-p-shell-r-logo-cp-company\\\/\",\"url\":\"https:\\\/\\\/www.marodadesign.es\\\/miralles\\\/producto\\\/gorra-negra-c-p-shell-r-logo-cp-company\\\/\",\"name\":\"GORRA NEGRA C.P. SHELL-R LOGO CP COMPANY - ELEVEN\",\"isPartOf\":{\"@id\":\"https:\\\/\\\/www.marodadesign.es\\\/miralles\\\/#website\"},\"primaryImageOfPage\":{\"@id\":\"https:\\\/\\\/www.marodadesign.es\\\/miralles\\\/producto\\\/gorra-negra-c-p-shell-r-logo-cp-company\\\/#primaryimage\"},\"image\":{\"@id\":\"https:\\\/\\\/www.marodadesign.es\\\/miralles\\\/producto\\\/gorra-negra-c-p-shell-r-logo-cp-company\\\/#primaryimage\"},\"thumbnailUrl\":\"https:\\\/\\\/www.marodadesign.es\\\/miralles\\\/wp-content\\\/uploads\\\/2023\\\/10\\\/15CMAC078A006097A999.1.H1.jpg\",\"datePublished\":\"2023-10-20T10:49:32+00:00\",\"dateModified\":\"2023-11-16T17:06:14+00:00\",\"description\":\"La gorra\u00a0negra C.P. Shell-R Logo de C.P. Company es un accesorio muy funcional para estos meses de invierno, que incorpora el sello distintivo de marca.\",\"breadcrumb\":{\"@id\":\"https:\\\/\\\/www.marodadesign.es\\\/miralles\\\/producto\\\/gorra-negra-c-p-shell-r-logo-cp-company\\\/#breadcrumb\"},\"inLanguage\":\"es\",\"potentialAction\":[{\"@type\":\"ReadAction\",\"target\":[\"https:\\\/\\\/www.marodadesign.es\\\/miralles\\\/producto\\\/gorra-negra-c-p-shell-r-logo-cp-company\\\/\"]}]},{\"@type\":\"ImageObject\",\"inLanguage\":\"es\",\"@id\":\"https:\\\/\\\/www.marodadesign.es\\\/miralles\\\/producto\\\/gorra-negra-c-p-shell-r-logo-cp-company\\\/#primaryimage\",\"url\":\"https:\\\/\\\/www.marodadesign.es\\\/miralles\\\/wp-content\\\/uploads\\\/2023\\\/10\\\/15CMAC078A006097A999.1.H1.jpg\",\"contentUrl\":\"https:\\\/\\\/www.marodadesign.es\\\/miralles\\\/wp-content\\\/uploads\\\/2023\\\/10\\\/15CMAC078A006097A999.1.H1.jpg\",\"width\":1500,\"height\":1875,\"caption\":\"GORRA C.P. SHELL-R LOGO CP COMPANY 15CMAC078A006097A999\"},{\"@type\":\"BreadcrumbList\",\"@id\":\"https:\\\/\\\/www.marodadesign.es\\\/miralles\\\/producto\\\/gorra-negra-c-p-shell-r-logo-cp-company\\\/#breadcrumb\",\"itemListElement\":[{\"@type\":\"ListItem\",\"position\":1,\"name\":\"Portada\",\"item\":\"https:\\\/\\\/www.marodadesign.es\\\/miralles\\\/\"},{\"@type\":\"ListItem\",\"position\":2,\"name\":\"Tienda\",\"item\":\"https:\\\/\\\/www.marodadesign.es\\\/miralles\\\/tienda\\\/\"},{\"@type\":\"ListItem\",\"position\":3,\"name\":\"GORRA NEGRA C.P. SHELL-R LOGO CP COMPANY\"}]},{\"@type\":\"WebSite\",\"@id\":\"https:\\\/\\\/www.marodadesign.es\\\/miralles\\\/#website\",\"url\":\"https:\\\/\\\/www.marodadesign.es\\\/miralles\\\/\",\"name\":\"ELEVEN\",\"description\":\"Moda para hombre en Valencia\",\"publisher\":{\"@id\":\"https:\\\/\\\/www.marodadesign.es\\\/miralles\\\/#organization\"},\"potentialAction\":[{\"@type\":\"SearchAction\",\"target\":{\"@type\":\"EntryPoint\",\"urlTemplate\":\"https:\\\/\\\/www.marodadesign.es\\\/miralles\\\/?s={search_term_string}\"},\"query-input\":{\"@type\":\"PropertyValueSpecification\",\"valueRequired\":true,\"valueName\":\"search_term_string\"}}],\"inLanguage\":\"es\"},{\"@type\":\"Organization\",\"@id\":\"https:\\\/\\\/www.marodadesign.es\\\/miralles\\\/#organization\",\"name\":\"Eleven Valencia\",\"alternateName\":\"Eleven\",\"url\":\"https:\\\/\\\/www.marodadesign.es\\\/miralles\\\/\",\"logo\":{\"@type\":\"ImageObject\",\"inLanguage\":\"es\",\"@id\":\"https:\\\/\\\/www.marodadesign.es\\\/miralles\\\/#\\\/schema\\\/logo\\\/image\\\/\",\"url\":\"https:\\\/\\\/www.marodadesign.es\\\/miralles\\\/wp-content\\\/uploads\\\/2023\\\/05\\\/Simbolo-Eleven-Valencia.jpg\",\"contentUrl\":\"https:\\\/\\\/www.marodadesign.es\\\/miralles\\\/wp-content\\\/uploads\\\/2023\\\/05\\\/Simbolo-Eleven-Valencia.jpg\",\"width\":600,\"height\":600,\"caption\":\"Eleven Valencia\"},\"image\":{\"@id\":\"https:\\\/\\\/www.marodadesign.es\\\/miralles\\\/#\\\/schema\\\/logo\\\/image\\\/\"}}]}<\/script>\n<!-- \/ Yoast SEO plugin. -->","yoast_head_json":{"title":"GORRA NEGRA C.P. SHELL-R LOGO CP COMPANY - ELEVEN","description":"La gorra\u00a0negra C.P. Shell-R Logo de C.P. Company es un accesorio muy funcional para estos meses de invierno, que incorpora el sello distintivo de marca.","robots":{"index":"noindex","follow":"follow","max-snippet":"max-snippet:-1","max-image-preview":"max-image-preview:large","max-video-preview":"max-video-preview:-1"},"og_locale":"es_ES","og_type":"article","og_title":"GORRA NEGRA C.P. SHELL-R LOGO CP COMPANY - ELEVEN","og_description":"La gorra\u00a0negra C.P. Shell-R Logo de C.P. Company es un accesorio muy funcional para estos meses de invierno, que incorpora el sello distintivo de marca.","og_url":"https:\/\/www.marodadesign.es\/miralles\/producto\/gorra-negra-c-p-shell-r-logo-cp-company\/","og_site_name":"ELEVEN","article_modified_time":"2023-11-16T17:06:14+00:00","og_image":[{"width":1500,"height":1875,"url":"https:\/\/www.marodadesign.es\/miralles\/wp-content\/uploads\/2023\/10\/15CMAC078A006097A999.1.H1.jpg","type":"image\/jpeg"}],"twitter_card":"summary_large_image","twitter_misc":{"Tiempo de lectura":"1 minuto"},"schema":{"@context":"https:\/\/schema.org","@graph":[{"@type":"WebPage","@id":"https:\/\/www.marodadesign.es\/miralles\/producto\/gorra-negra-c-p-shell-r-logo-cp-company\/","url":"https:\/\/www.marodadesign.es\/miralles\/producto\/gorra-negra-c-p-shell-r-logo-cp-company\/","name":"GORRA NEGRA C.P. SHELL-R LOGO CP COMPANY - ELEVEN","isPartOf":{"@id":"https:\/\/www.marodadesign.es\/miralles\/#website"},"primaryImageOfPage":{"@id":"https:\/\/www.marodadesign.es\/miralles\/producto\/gorra-negra-c-p-shell-r-logo-cp-company\/#primaryimage"},"image":{"@id":"https:\/\/www.marodadesign.es\/miralles\/producto\/gorra-negra-c-p-shell-r-logo-cp-company\/#primaryimage"},"thumbnailUrl":"https:\/\/www.marodadesign.es\/miralles\/wp-content\/uploads\/2023\/10\/15CMAC078A006097A999.1.H1.jpg","datePublished":"2023-10-20T10:49:32+00:00","dateModified":"2023-11-16T17:06:14+00:00","description":"La gorra\u00a0negra C.P. Shell-R Logo de C.P. Company es un accesorio muy funcional para estos meses de invierno, que incorpora el sello distintivo de marca.","breadcrumb":{"@id":"https:\/\/www.marodadesign.es\/miralles\/producto\/gorra-negra-c-p-shell-r-logo-cp-company\/#breadcrumb"},"inLanguage":"es","potentialAction":[{"@type":"ReadAction","target":["https:\/\/www.marodadesign.es\/miralles\/producto\/gorra-negra-c-p-shell-r-logo-cp-company\/"]}]},{"@type":"ImageObject","inLanguage":"es","@id":"https:\/\/www.marodadesign.es\/miralles\/producto\/gorra-negra-c-p-shell-r-logo-cp-company\/#primaryimage","url":"https:\/\/www.marodadesign.es\/miralles\/wp-content\/uploads\/2023\/10\/15CMAC078A006097A999.1.H1.jpg","contentUrl":"https:\/\/www.marodadesign.es\/miralles\/wp-content\/uploads\/2023\/10\/15CMAC078A006097A999.1.H1.jpg","width":1500,"height":1875,"caption":"GORRA C.P. SHELL-R LOGO CP COMPANY 15CMAC078A006097A999"},{"@type":"BreadcrumbList","@id":"https:\/\/www.marodadesign.es\/miralles\/producto\/gorra-negra-c-p-shell-r-logo-cp-company\/#breadcrumb","itemListElement":[{"@type":"ListItem","position":1,"name":"Portada","item":"https:\/\/www.marodadesign.es\/miralles\/"},{"@type":"ListItem","position":2,"name":"Tienda","item":"https:\/\/www.marodadesign.es\/miralles\/tienda\/"},{"@type":"ListItem","position":3,"name":"GORRA NEGRA C.P. SHELL-R LOGO CP COMPANY"}]},{"@type":"WebSite","@id":"https:\/\/www.marodadesign.es\/miralles\/#website","url":"https:\/\/www.marodadesign.es\/miralles\/","name":"ELEVEN","description":"Moda para hombre en Valencia","publisher":{"@id":"https:\/\/www.marodadesign.es\/miralles\/#organization"},"potentialAction":[{"@type":"SearchAction","target":{"@type":"EntryPoint","urlTemplate":"https:\/\/www.marodadesign.es\/miralles\/?s={search_term_string}"},"query-input":{"@type":"PropertyValueSpecification","valueRequired":true,"valueName":"search_term_string"}}],"inLanguage":"es"},{"@type":"Organization","@id":"https:\/\/www.marodadesign.es\/miralles\/#organization","name":"Eleven Valencia","alternateName":"Eleven","url":"https:\/\/www.marodadesign.es\/miralles\/","logo":{"@type":"ImageObject","inLanguage":"es","@id":"https:\/\/www.marodadesign.es\/miralles\/#\/schema\/logo\/image\/","url":"https:\/\/www.marodadesign.es\/miralles\/wp-content\/uploads\/2023\/05\/Simbolo-Eleven-Valencia.jpg","contentUrl":"https:\/\/www.marodadesign.es\/miralles\/wp-content\/uploads\/2023\/05\/Simbolo-Eleven-Valencia.jpg","width":600,"height":600,"caption":"Eleven Valencia"},"image":{"@id":"https:\/\/www.marodadesign.es\/miralles\/#\/schema\/logo\/image\/"}}]}},"brands":[{"id":166,"name":"C.P. Company","slug":"cp-company"}],"_links":{"self":[{"href":"https:\/\/www.marodadesign.es\/miralles\/wp-json\/wp\/v2\/product\/6285","targetHints":{"allow":["GET"]}}],"collection":[{"href":"https:\/\/www.marodadesign.es\/miralles\/wp-json\/wp\/v2\/product"}],"about":[{"href":"https:\/\/www.marodadesign.es\/miralles\/wp-json\/wp\/v2\/types\/product"}],"wp:featuredmedia":[{"embeddable":true,"href":"https:\/\/www.marodadesign.es\/miralles\/wp-json\/wp\/v2\/media\/6287"}],"wp:attachment":[{"href":"https:\/\/www.marodadesign.es\/miralles\/wp-json\/wp\/v2\/media?parent=6285"}],"wp:term":[{"taxonomy":"pwb-brand","embeddable":true,"href":"https:\/\/www.marodadesign.es\/miralles\/wp-json\/wp\/v2\/pwb-brand?post=6285"},{"taxonomy":"product_brand","embeddable":true,"href":"https:\/\/www.marodadesign.es\/miralles\/wp-json\/wp\/v2\/product_brand?post=6285"},{"taxonomy":"product_cat","embeddable":true,"href":"https:\/\/www.marodadesign.es\/miralles\/wp-json\/wp\/v2\/product_cat?post=6285"},{"taxonomy":"product_tag","embeddable":true,"href":"https:\/\/www.marodadesign.es\/miralles\/wp-json\/wp\/v2\/product_tag?post=6285"}],"curies":[{"name":"wp","href":"https:\/\/api.w.org\/{rel}","templated":true}]}}