{"id":6296,"date":"2023-10-20T13:21:26","date_gmt":"2023-10-20T11:21:26","guid":{"rendered":"https:\/\/www.marodadesign.es\/miralles\/?post_type=product&#038;p=6296"},"modified":"2023-11-16T18:04:43","modified_gmt":"2023-11-16T17:04:43","slug":"gorro-negro-chrome-r-lens-bucket-cp-company","status":"publish","type":"product","link":"https:\/\/www.marodadesign.es\/miralles\/producto\/gorro-negro-chrome-r-lens-bucket-cp-company\/","title":{"rendered":"GORRO NEGRO CHROME-R LENS BUCKET CP COMPANY"},"content":{"rendered":"<p><a href=\"https:\/\/www.marodadesign.es\/miralles\/categoria-producto\/accesorios\/gorros\/\">El gorro <\/a>Chrome-R Lens Bucket en color negro de <a href=\"https:\/\/www.marodadesign.es\/miralles\/marca\/cp-company\/\">C.P. Company<\/a> es un sombrero de pescador con ala en pespuntes y una lente incrustada de C.P. Company. Este accesorio ha sido configurado mediante material Chrome-R, un mix reciclable de materiales del nailon multifilamento patentado por C.P. Company con base tejida. Es una material que evita la influencia de agentes externos como el agua o el fuerte viento. Se ha construido en base a una serie de paneles. Un sombrero de pescador con una construcci\u00f3n de paneles, ala pespunteada y un detalle de la lente de C.P. Company. La prenda est\u00e1 elaborada en Chrome-R, una versi\u00f3n totalmente reciclada con materiales preconsumo de nuestro nailon multifilamento con base tejida. El tejido evita casi por completo la entrada del agua y del viento.<\/p>\n<p><strong>Cuidados:<\/strong><\/p>\n<p>&#8211; Lavar delicadamente m\u00e1x 30\u00b0C<br \/>\n&#8211; No tratar con cloro<br \/>\n&#8211; No utilizar secadora<br \/>\n&#8211; No planchar<br \/>\n&#8211; No lavar en seco<br \/>\n&#8211; Secar colgado<br \/>\n&#8211; Lavar por separado<br \/>\n&#8211; Quitar accesorios desprendibles antes de lavar<\/p>\n<p><strong>Composici\u00f3n:\u00a0<\/strong><\/p>\n<p>&#8211; 100% Poliamida<\/p>\n","protected":false},"excerpt":{"rendered":"<p><a href=\"https:\/\/www.marodadesign.es\/miralles\/categoria-producto\/accesorios\/mochilas\/\">Gorro<\/a> de pescador Chrome-R Lens Bucket de <a href=\"https:\/\/www.marodadesign.es\/miralles\/marca\/cp-company\/\">C.P. Company<\/a>\u00a0para la temporada Oto\u00f1o-Invierno 2023. Configurado en tejido Chrome-R, un tipo de material reciclabe basado en diferentes estratos de nailon multifilamento preconsumible para dotar a este accesorio de m\u00e1s resistencia al viento o al agua. Este sombrero de pescador cuenta con una lente distintiva <a href=\"https:\/\/www.marodadesign.es\/miralles\/marca\/cp-company\/\">C.P. Company<\/a>.<\/p>\n","protected":false},"featured_media":6297,"template":"","meta":[],"pwb-brand":[166],"product_brand":[],"product_cat":[215,368],"product_tag":[546,339,654],"class_list":{"0":"post-6296","1":"product","2":"type-product","3":"status-publish","4":"has-post-thumbnail","6":"pwb-brand-cp-company","7":"product_cat-accesorios","8":"product_cat-gorros","9":"product_tag-cp-company","10":"product_tag-gorra","11":"product_tag-otono-invierno-2023","13":"first","14":"instock","15":"featured","16":"sold-individually","17":"taxable","18":"shipping-taxable","19":"purchasable","20":"product-type-simple"},"yoast_head":"<!-- This site is optimized with the Yoast SEO plugin v27.5 - https:\/\/yoast.com\/product\/yoast-seo-wordpress\/ -->\n<title>GORRO NEGRO CHROME-R LENS BUCKET CP COMPANY - ELEVEN<\/title>\n<meta name=\"description\" content=\"El gorro Chrome-R Lens Bucket en color negro de C.P. Company es un sombrero de pescador con ala en pespuntes y una lente incrustada de C.P. Company.\" \/>\n<meta name=\"robots\" content=\"noindex, follow, max-snippet:-1, max-image-preview:large, max-video-preview:-1\" \/>\n<meta property=\"og:locale\" content=\"es_ES\" \/>\n<meta property=\"og:type\" content=\"article\" \/>\n<meta property=\"og:title\" content=\"GORRO NEGRO CHROME-R LENS BUCKET CP COMPANY - ELEVEN\" \/>\n<meta property=\"og:description\" content=\"El gorro Chrome-R Lens Bucket en color negro de C.P. Company es un sombrero de pescador con ala en pespuntes y una lente incrustada de C.P. Company.\" \/>\n<meta property=\"og:url\" content=\"https:\/\/www.marodadesign.es\/miralles\/producto\/gorro-negro-chrome-r-lens-bucket-cp-company\/\" \/>\n<meta property=\"og:site_name\" content=\"ELEVEN\" \/>\n<meta property=\"article:modified_time\" content=\"2023-11-16T17:04:43+00:00\" \/>\n<meta property=\"og:image\" content=\"https:\/\/www.marodadesign.es\/miralles\/wp-content\/uploads\/2023\/10\/gorro-chrome-r-lens-cp-company-2.jpg\" \/>\n\t<meta property=\"og:image:width\" content=\"1300\" \/>\n\t<meta property=\"og:image:height\" content=\"1300\" \/>\n\t<meta property=\"og:image:type\" content=\"image\/jpeg\" \/>\n<meta name=\"twitter:card\" content=\"summary_large_image\" \/>\n<meta name=\"twitter:label1\" content=\"Tiempo de lectura\" \/>\n\t<meta name=\"twitter:data1\" content=\"1 minuto\" \/>\n<script type=\"application\/ld+json\" class=\"yoast-schema-graph\">{\"@context\":\"https:\\\/\\\/schema.org\",\"@graph\":[{\"@type\":\"WebPage\",\"@id\":\"https:\\\/\\\/www.marodadesign.es\\\/miralles\\\/producto\\\/gorro-negro-chrome-r-lens-bucket-cp-company\\\/\",\"url\":\"https:\\\/\\\/www.marodadesign.es\\\/miralles\\\/producto\\\/gorro-negro-chrome-r-lens-bucket-cp-company\\\/\",\"name\":\"GORRO NEGRO CHROME-R LENS BUCKET CP COMPANY - ELEVEN\",\"isPartOf\":{\"@id\":\"https:\\\/\\\/www.marodadesign.es\\\/miralles\\\/#website\"},\"primaryImageOfPage\":{\"@id\":\"https:\\\/\\\/www.marodadesign.es\\\/miralles\\\/producto\\\/gorro-negro-chrome-r-lens-bucket-cp-company\\\/#primaryimage\"},\"image\":{\"@id\":\"https:\\\/\\\/www.marodadesign.es\\\/miralles\\\/producto\\\/gorro-negro-chrome-r-lens-bucket-cp-company\\\/#primaryimage\"},\"thumbnailUrl\":\"https:\\\/\\\/www.marodadesign.es\\\/miralles\\\/wp-content\\\/uploads\\\/2023\\\/10\\\/gorro-chrome-r-lens-cp-company-2.jpg\",\"datePublished\":\"2023-10-20T11:21:26+00:00\",\"dateModified\":\"2023-11-16T17:04:43+00:00\",\"description\":\"El gorro Chrome-R Lens Bucket en color negro de C.P. Company es un sombrero de pescador con ala en pespuntes y una lente incrustada de C.P. Company.\",\"breadcrumb\":{\"@id\":\"https:\\\/\\\/www.marodadesign.es\\\/miralles\\\/producto\\\/gorro-negro-chrome-r-lens-bucket-cp-company\\\/#breadcrumb\"},\"inLanguage\":\"es\",\"potentialAction\":[{\"@type\":\"ReadAction\",\"target\":[\"https:\\\/\\\/www.marodadesign.es\\\/miralles\\\/producto\\\/gorro-negro-chrome-r-lens-bucket-cp-company\\\/\"]}]},{\"@type\":\"ImageObject\",\"inLanguage\":\"es\",\"@id\":\"https:\\\/\\\/www.marodadesign.es\\\/miralles\\\/producto\\\/gorro-negro-chrome-r-lens-bucket-cp-company\\\/#primaryimage\",\"url\":\"https:\\\/\\\/www.marodadesign.es\\\/miralles\\\/wp-content\\\/uploads\\\/2023\\\/10\\\/gorro-chrome-r-lens-cp-company-2.jpg\",\"contentUrl\":\"https:\\\/\\\/www.marodadesign.es\\\/miralles\\\/wp-content\\\/uploads\\\/2023\\\/10\\\/gorro-chrome-r-lens-cp-company-2.jpg\",\"width\":1300,\"height\":1300,\"caption\":\"15CMAC367A005904A999 gorro chrome-r lens cp comany\"},{\"@type\":\"BreadcrumbList\",\"@id\":\"https:\\\/\\\/www.marodadesign.es\\\/miralles\\\/producto\\\/gorro-negro-chrome-r-lens-bucket-cp-company\\\/#breadcrumb\",\"itemListElement\":[{\"@type\":\"ListItem\",\"position\":1,\"name\":\"Portada\",\"item\":\"https:\\\/\\\/www.marodadesign.es\\\/miralles\\\/\"},{\"@type\":\"ListItem\",\"position\":2,\"name\":\"Tienda\",\"item\":\"https:\\\/\\\/www.marodadesign.es\\\/miralles\\\/tienda\\\/\"},{\"@type\":\"ListItem\",\"position\":3,\"name\":\"GORRO NEGRO CHROME-R LENS BUCKET CP COMPANY\"}]},{\"@type\":\"WebSite\",\"@id\":\"https:\\\/\\\/www.marodadesign.es\\\/miralles\\\/#website\",\"url\":\"https:\\\/\\\/www.marodadesign.es\\\/miralles\\\/\",\"name\":\"ELEVEN\",\"description\":\"Moda para hombre en Valencia\",\"publisher\":{\"@id\":\"https:\\\/\\\/www.marodadesign.es\\\/miralles\\\/#organization\"},\"potentialAction\":[{\"@type\":\"SearchAction\",\"target\":{\"@type\":\"EntryPoint\",\"urlTemplate\":\"https:\\\/\\\/www.marodadesign.es\\\/miralles\\\/?s={search_term_string}\"},\"query-input\":{\"@type\":\"PropertyValueSpecification\",\"valueRequired\":true,\"valueName\":\"search_term_string\"}}],\"inLanguage\":\"es\"},{\"@type\":\"Organization\",\"@id\":\"https:\\\/\\\/www.marodadesign.es\\\/miralles\\\/#organization\",\"name\":\"Eleven Valencia\",\"alternateName\":\"Eleven\",\"url\":\"https:\\\/\\\/www.marodadesign.es\\\/miralles\\\/\",\"logo\":{\"@type\":\"ImageObject\",\"inLanguage\":\"es\",\"@id\":\"https:\\\/\\\/www.marodadesign.es\\\/miralles\\\/#\\\/schema\\\/logo\\\/image\\\/\",\"url\":\"https:\\\/\\\/www.marodadesign.es\\\/miralles\\\/wp-content\\\/uploads\\\/2023\\\/05\\\/Simbolo-Eleven-Valencia.jpg\",\"contentUrl\":\"https:\\\/\\\/www.marodadesign.es\\\/miralles\\\/wp-content\\\/uploads\\\/2023\\\/05\\\/Simbolo-Eleven-Valencia.jpg\",\"width\":600,\"height\":600,\"caption\":\"Eleven Valencia\"},\"image\":{\"@id\":\"https:\\\/\\\/www.marodadesign.es\\\/miralles\\\/#\\\/schema\\\/logo\\\/image\\\/\"}}]}<\/script>\n<!-- \/ Yoast SEO plugin. -->","yoast_head_json":{"title":"GORRO NEGRO CHROME-R LENS BUCKET CP COMPANY - ELEVEN","description":"El gorro Chrome-R Lens Bucket en color negro de C.P. Company es un sombrero de pescador con ala en pespuntes y una lente incrustada de C.P. Company.","robots":{"index":"noindex","follow":"follow","max-snippet":"max-snippet:-1","max-image-preview":"max-image-preview:large","max-video-preview":"max-video-preview:-1"},"og_locale":"es_ES","og_type":"article","og_title":"GORRO NEGRO CHROME-R LENS BUCKET CP COMPANY - ELEVEN","og_description":"El gorro Chrome-R Lens Bucket en color negro de C.P. Company es un sombrero de pescador con ala en pespuntes y una lente incrustada de C.P. Company.","og_url":"https:\/\/www.marodadesign.es\/miralles\/producto\/gorro-negro-chrome-r-lens-bucket-cp-company\/","og_site_name":"ELEVEN","article_modified_time":"2023-11-16T17:04:43+00:00","og_image":[{"width":1300,"height":1300,"url":"https:\/\/www.marodadesign.es\/miralles\/wp-content\/uploads\/2023\/10\/gorro-chrome-r-lens-cp-company-2.jpg","type":"image\/jpeg"}],"twitter_card":"summary_large_image","twitter_misc":{"Tiempo de lectura":"1 minuto"},"schema":{"@context":"https:\/\/schema.org","@graph":[{"@type":"WebPage","@id":"https:\/\/www.marodadesign.es\/miralles\/producto\/gorro-negro-chrome-r-lens-bucket-cp-company\/","url":"https:\/\/www.marodadesign.es\/miralles\/producto\/gorro-negro-chrome-r-lens-bucket-cp-company\/","name":"GORRO NEGRO CHROME-R LENS BUCKET CP COMPANY - ELEVEN","isPartOf":{"@id":"https:\/\/www.marodadesign.es\/miralles\/#website"},"primaryImageOfPage":{"@id":"https:\/\/www.marodadesign.es\/miralles\/producto\/gorro-negro-chrome-r-lens-bucket-cp-company\/#primaryimage"},"image":{"@id":"https:\/\/www.marodadesign.es\/miralles\/producto\/gorro-negro-chrome-r-lens-bucket-cp-company\/#primaryimage"},"thumbnailUrl":"https:\/\/www.marodadesign.es\/miralles\/wp-content\/uploads\/2023\/10\/gorro-chrome-r-lens-cp-company-2.jpg","datePublished":"2023-10-20T11:21:26+00:00","dateModified":"2023-11-16T17:04:43+00:00","description":"El gorro Chrome-R Lens Bucket en color negro de C.P. Company es un sombrero de pescador con ala en pespuntes y una lente incrustada de C.P. Company.","breadcrumb":{"@id":"https:\/\/www.marodadesign.es\/miralles\/producto\/gorro-negro-chrome-r-lens-bucket-cp-company\/#breadcrumb"},"inLanguage":"es","potentialAction":[{"@type":"ReadAction","target":["https:\/\/www.marodadesign.es\/miralles\/producto\/gorro-negro-chrome-r-lens-bucket-cp-company\/"]}]},{"@type":"ImageObject","inLanguage":"es","@id":"https:\/\/www.marodadesign.es\/miralles\/producto\/gorro-negro-chrome-r-lens-bucket-cp-company\/#primaryimage","url":"https:\/\/www.marodadesign.es\/miralles\/wp-content\/uploads\/2023\/10\/gorro-chrome-r-lens-cp-company-2.jpg","contentUrl":"https:\/\/www.marodadesign.es\/miralles\/wp-content\/uploads\/2023\/10\/gorro-chrome-r-lens-cp-company-2.jpg","width":1300,"height":1300,"caption":"15CMAC367A005904A999 gorro chrome-r lens cp comany"},{"@type":"BreadcrumbList","@id":"https:\/\/www.marodadesign.es\/miralles\/producto\/gorro-negro-chrome-r-lens-bucket-cp-company\/#breadcrumb","itemListElement":[{"@type":"ListItem","position":1,"name":"Portada","item":"https:\/\/www.marodadesign.es\/miralles\/"},{"@type":"ListItem","position":2,"name":"Tienda","item":"https:\/\/www.marodadesign.es\/miralles\/tienda\/"},{"@type":"ListItem","position":3,"name":"GORRO NEGRO CHROME-R LENS BUCKET CP COMPANY"}]},{"@type":"WebSite","@id":"https:\/\/www.marodadesign.es\/miralles\/#website","url":"https:\/\/www.marodadesign.es\/miralles\/","name":"ELEVEN","description":"Moda para hombre en Valencia","publisher":{"@id":"https:\/\/www.marodadesign.es\/miralles\/#organization"},"potentialAction":[{"@type":"SearchAction","target":{"@type":"EntryPoint","urlTemplate":"https:\/\/www.marodadesign.es\/miralles\/?s={search_term_string}"},"query-input":{"@type":"PropertyValueSpecification","valueRequired":true,"valueName":"search_term_string"}}],"inLanguage":"es"},{"@type":"Organization","@id":"https:\/\/www.marodadesign.es\/miralles\/#organization","name":"Eleven Valencia","alternateName":"Eleven","url":"https:\/\/www.marodadesign.es\/miralles\/","logo":{"@type":"ImageObject","inLanguage":"es","@id":"https:\/\/www.marodadesign.es\/miralles\/#\/schema\/logo\/image\/","url":"https:\/\/www.marodadesign.es\/miralles\/wp-content\/uploads\/2023\/05\/Simbolo-Eleven-Valencia.jpg","contentUrl":"https:\/\/www.marodadesign.es\/miralles\/wp-content\/uploads\/2023\/05\/Simbolo-Eleven-Valencia.jpg","width":600,"height":600,"caption":"Eleven Valencia"},"image":{"@id":"https:\/\/www.marodadesign.es\/miralles\/#\/schema\/logo\/image\/"}}]}},"brands":[{"id":166,"name":"C.P. Company","slug":"cp-company"}],"_links":{"self":[{"href":"https:\/\/www.marodadesign.es\/miralles\/wp-json\/wp\/v2\/product\/6296","targetHints":{"allow":["GET"]}}],"collection":[{"href":"https:\/\/www.marodadesign.es\/miralles\/wp-json\/wp\/v2\/product"}],"about":[{"href":"https:\/\/www.marodadesign.es\/miralles\/wp-json\/wp\/v2\/types\/product"}],"wp:featuredmedia":[{"embeddable":true,"href":"https:\/\/www.marodadesign.es\/miralles\/wp-json\/wp\/v2\/media\/6297"}],"wp:attachment":[{"href":"https:\/\/www.marodadesign.es\/miralles\/wp-json\/wp\/v2\/media?parent=6296"}],"wp:term":[{"taxonomy":"pwb-brand","embeddable":true,"href":"https:\/\/www.marodadesign.es\/miralles\/wp-json\/wp\/v2\/pwb-brand?post=6296"},{"taxonomy":"product_brand","embeddable":true,"href":"https:\/\/www.marodadesign.es\/miralles\/wp-json\/wp\/v2\/product_brand?post=6296"},{"taxonomy":"product_cat","embeddable":true,"href":"https:\/\/www.marodadesign.es\/miralles\/wp-json\/wp\/v2\/product_cat?post=6296"},{"taxonomy":"product_tag","embeddable":true,"href":"https:\/\/www.marodadesign.es\/miralles\/wp-json\/wp\/v2\/product_tag?post=6296"}],"curies":[{"name":"wp","href":"https:\/\/api.w.org\/{rel}","templated":true}]}}