{"id":6301,"date":"2023-10-20T16:57:30","date_gmt":"2023-10-20T14:57:30","guid":{"rendered":"https:\/\/www.marodadesign.es\/miralles\/?post_type=product&#038;p=6301"},"modified":"2023-10-20T17:33:45","modified_gmt":"2023-10-20T15:33:45","slug":"calcetines-credit-card-olive-aries-arise","status":"publish","type":"product","link":"https:\/\/www.marodadesign.es\/miralles\/producto\/calcetines-credit-card-olive-aries-arise\/","title":{"rendered":"CALCETINES CREDIT CARD OLIVE ARIES ARISE"},"content":{"rendered":"<p>Los <a href=\"https:\/\/www.marodadesign.es\/miralles\/categoria-producto\/accesorios\/calcetines\/\">calcetines<\/a> Credit Card de<a href=\"https:\/\/www.marodadesign.es\/miralles\/marca\/aries-arise\/\"> Aries Arise<\/a> en color Olive son indispensables en todo vestuario sport. Esta prenda de accesorio cuenta con un gr\u00e1fico de tarjeta de cr\u00e9dito de <a href=\"https:\/\/www.marodadesign.es\/miralles\/marca\/aries-arise\/\">Aries Arise<\/a>. El tejido usado es una mezcla de algod\u00f3n y tejido jacquard de alto rendimiento, y combina hasta tres colores en su dise\u00f1o.<\/p>\n","protected":false},"excerpt":{"rendered":"<p>Calcetines Credit Card en color Olive de Aries Arise para la temporada Oto\u00f1o-Invierno 2023. Confeccionados en mezcla de algod\u00f3n y tejido t\u00e9cnico, garantizan la m\u00e1xima comodidad y prestancia para un vestuario sport. Combinaci\u00f3n de hasta tres colores en el dise\u00f1o.<\/p>\n","protected":false},"featured_media":6310,"template":"","meta":[],"pwb-brand":[164],"product_brand":[],"product_cat":[215,379],"product_tag":[298,381,654],"class_list":{"0":"post-6301","1":"product","2":"type-product","3":"status-publish","4":"has-post-thumbnail","6":"pwb-brand-aries-arise","7":"product_cat-accesorios","8":"product_cat-calcetines","9":"product_tag-aries-arise","10":"product_tag-calcetines","11":"product_tag-otono-invierno-2023","13":"first","14":"instock","15":"featured","16":"sold-individually","17":"taxable","18":"shipping-taxable","19":"purchasable","20":"product-type-variable"},"yoast_head":"<!-- This site is optimized with the Yoast SEO plugin v27.5 - https:\/\/yoast.com\/product\/yoast-seo-wordpress\/ -->\n<title>CALCETINES CREDIT CARD OLIVE ARIES ARISE - ELEVEN<\/title>\n<meta name=\"description\" content=\"Los calcetines Credit Card de Aries Arise verde oliva para un vestuario sport. Cuenta con un gr\u00e1fico tarjeta de cr\u00e9dito Aries Arise.\" \/>\n<meta name=\"robots\" content=\"noindex, follow, max-snippet:-1, max-image-preview:large, max-video-preview:-1\" \/>\n<meta property=\"og:locale\" content=\"es_ES\" \/>\n<meta property=\"og:type\" content=\"article\" \/>\n<meta property=\"og:title\" content=\"CALCETINES CREDIT CARD OLIVE ARIES ARISE - ELEVEN\" \/>\n<meta property=\"og:description\" content=\"Los calcetines Credit Card de Aries Arise verde oliva para un vestuario sport. Cuenta con un gr\u00e1fico tarjeta de cr\u00e9dito Aries Arise.\" \/>\n<meta property=\"og:url\" content=\"https:\/\/www.marodadesign.es\/miralles\/producto\/calcetines-credit-card-olive-aries-arise\/\" \/>\n<meta property=\"og:site_name\" content=\"ELEVEN\" \/>\n<meta property=\"article:modified_time\" content=\"2023-10-20T15:33:45+00:00\" \/>\n<meta property=\"og:image\" content=\"https:\/\/www.marodadesign.es\/miralles\/wp-content\/uploads\/2023\/10\/Calcetines-Credit-Card-Olive-Aries-Arise.jpg\" \/>\n\t<meta property=\"og:image:width\" content=\"1300\" \/>\n\t<meta property=\"og:image:height\" content=\"1300\" \/>\n\t<meta property=\"og:image:type\" content=\"image\/jpeg\" \/>\n<meta name=\"twitter:card\" content=\"summary_large_image\" \/>\n<meta name=\"twitter:label1\" content=\"Tiempo de lectura\" \/>\n\t<meta name=\"twitter:data1\" content=\"1 minuto\" \/>\n<script type=\"application\/ld+json\" class=\"yoast-schema-graph\">{\"@context\":\"https:\\\/\\\/schema.org\",\"@graph\":[{\"@type\":\"WebPage\",\"@id\":\"https:\\\/\\\/www.marodadesign.es\\\/miralles\\\/producto\\\/calcetines-credit-card-olive-aries-arise\\\/\",\"url\":\"https:\\\/\\\/www.marodadesign.es\\\/miralles\\\/producto\\\/calcetines-credit-card-olive-aries-arise\\\/\",\"name\":\"CALCETINES CREDIT CARD OLIVE ARIES ARISE - ELEVEN\",\"isPartOf\":{\"@id\":\"https:\\\/\\\/www.marodadesign.es\\\/miralles\\\/#website\"},\"primaryImageOfPage\":{\"@id\":\"https:\\\/\\\/www.marodadesign.es\\\/miralles\\\/producto\\\/calcetines-credit-card-olive-aries-arise\\\/#primaryimage\"},\"image\":{\"@id\":\"https:\\\/\\\/www.marodadesign.es\\\/miralles\\\/producto\\\/calcetines-credit-card-olive-aries-arise\\\/#primaryimage\"},\"thumbnailUrl\":\"https:\\\/\\\/www.marodadesign.es\\\/miralles\\\/wp-content\\\/uploads\\\/2023\\\/10\\\/Calcetines-Credit-Card-Olive-Aries-Arise.jpg\",\"datePublished\":\"2023-10-20T14:57:30+00:00\",\"dateModified\":\"2023-10-20T15:33:45+00:00\",\"description\":\"Los calcetines Credit Card de Aries Arise verde oliva para un vestuario sport. Cuenta con un gr\u00e1fico tarjeta de cr\u00e9dito Aries Arise.\",\"breadcrumb\":{\"@id\":\"https:\\\/\\\/www.marodadesign.es\\\/miralles\\\/producto\\\/calcetines-credit-card-olive-aries-arise\\\/#breadcrumb\"},\"inLanguage\":\"es\",\"potentialAction\":[{\"@type\":\"ReadAction\",\"target\":[\"https:\\\/\\\/www.marodadesign.es\\\/miralles\\\/producto\\\/calcetines-credit-card-olive-aries-arise\\\/\"]}]},{\"@type\":\"ImageObject\",\"inLanguage\":\"es\",\"@id\":\"https:\\\/\\\/www.marodadesign.es\\\/miralles\\\/producto\\\/calcetines-credit-card-olive-aries-arise\\\/#primaryimage\",\"url\":\"https:\\\/\\\/www.marodadesign.es\\\/miralles\\\/wp-content\\\/uploads\\\/2023\\\/10\\\/Calcetines-Credit-Card-Olive-Aries-Arise.jpg\",\"contentUrl\":\"https:\\\/\\\/www.marodadesign.es\\\/miralles\\\/wp-content\\\/uploads\\\/2023\\\/10\\\/Calcetines-Credit-Card-Olive-Aries-Arise.jpg\",\"width\":1300,\"height\":1300,\"caption\":\"FUAR00044-OLV Calcetines Olive Credit Card Aries Arise\"},{\"@type\":\"BreadcrumbList\",\"@id\":\"https:\\\/\\\/www.marodadesign.es\\\/miralles\\\/producto\\\/calcetines-credit-card-olive-aries-arise\\\/#breadcrumb\",\"itemListElement\":[{\"@type\":\"ListItem\",\"position\":1,\"name\":\"Portada\",\"item\":\"https:\\\/\\\/www.marodadesign.es\\\/miralles\\\/\"},{\"@type\":\"ListItem\",\"position\":2,\"name\":\"Tienda\",\"item\":\"https:\\\/\\\/www.marodadesign.es\\\/miralles\\\/tienda\\\/\"},{\"@type\":\"ListItem\",\"position\":3,\"name\":\"CALCETINES CREDIT CARD OLIVE ARIES ARISE\"}]},{\"@type\":\"WebSite\",\"@id\":\"https:\\\/\\\/www.marodadesign.es\\\/miralles\\\/#website\",\"url\":\"https:\\\/\\\/www.marodadesign.es\\\/miralles\\\/\",\"name\":\"ELEVEN\",\"description\":\"Moda para hombre en Valencia\",\"publisher\":{\"@id\":\"https:\\\/\\\/www.marodadesign.es\\\/miralles\\\/#organization\"},\"potentialAction\":[{\"@type\":\"SearchAction\",\"target\":{\"@type\":\"EntryPoint\",\"urlTemplate\":\"https:\\\/\\\/www.marodadesign.es\\\/miralles\\\/?s={search_term_string}\"},\"query-input\":{\"@type\":\"PropertyValueSpecification\",\"valueRequired\":true,\"valueName\":\"search_term_string\"}}],\"inLanguage\":\"es\"},{\"@type\":\"Organization\",\"@id\":\"https:\\\/\\\/www.marodadesign.es\\\/miralles\\\/#organization\",\"name\":\"Eleven Valencia\",\"alternateName\":\"Eleven\",\"url\":\"https:\\\/\\\/www.marodadesign.es\\\/miralles\\\/\",\"logo\":{\"@type\":\"ImageObject\",\"inLanguage\":\"es\",\"@id\":\"https:\\\/\\\/www.marodadesign.es\\\/miralles\\\/#\\\/schema\\\/logo\\\/image\\\/\",\"url\":\"https:\\\/\\\/www.marodadesign.es\\\/miralles\\\/wp-content\\\/uploads\\\/2023\\\/05\\\/Simbolo-Eleven-Valencia.jpg\",\"contentUrl\":\"https:\\\/\\\/www.marodadesign.es\\\/miralles\\\/wp-content\\\/uploads\\\/2023\\\/05\\\/Simbolo-Eleven-Valencia.jpg\",\"width\":600,\"height\":600,\"caption\":\"Eleven Valencia\"},\"image\":{\"@id\":\"https:\\\/\\\/www.marodadesign.es\\\/miralles\\\/#\\\/schema\\\/logo\\\/image\\\/\"}}]}<\/script>\n<!-- \/ Yoast SEO plugin. -->","yoast_head_json":{"title":"CALCETINES CREDIT CARD OLIVE ARIES ARISE - ELEVEN","description":"Los calcetines Credit Card de Aries Arise verde oliva para un vestuario sport. Cuenta con un gr\u00e1fico tarjeta de cr\u00e9dito Aries Arise.","robots":{"index":"noindex","follow":"follow","max-snippet":"max-snippet:-1","max-image-preview":"max-image-preview:large","max-video-preview":"max-video-preview:-1"},"og_locale":"es_ES","og_type":"article","og_title":"CALCETINES CREDIT CARD OLIVE ARIES ARISE - ELEVEN","og_description":"Los calcetines Credit Card de Aries Arise verde oliva para un vestuario sport. Cuenta con un gr\u00e1fico tarjeta de cr\u00e9dito Aries Arise.","og_url":"https:\/\/www.marodadesign.es\/miralles\/producto\/calcetines-credit-card-olive-aries-arise\/","og_site_name":"ELEVEN","article_modified_time":"2023-10-20T15:33:45+00:00","og_image":[{"width":1300,"height":1300,"url":"https:\/\/www.marodadesign.es\/miralles\/wp-content\/uploads\/2023\/10\/Calcetines-Credit-Card-Olive-Aries-Arise.jpg","type":"image\/jpeg"}],"twitter_card":"summary_large_image","twitter_misc":{"Tiempo de lectura":"1 minuto"},"schema":{"@context":"https:\/\/schema.org","@graph":[{"@type":"WebPage","@id":"https:\/\/www.marodadesign.es\/miralles\/producto\/calcetines-credit-card-olive-aries-arise\/","url":"https:\/\/www.marodadesign.es\/miralles\/producto\/calcetines-credit-card-olive-aries-arise\/","name":"CALCETINES CREDIT CARD OLIVE ARIES ARISE - ELEVEN","isPartOf":{"@id":"https:\/\/www.marodadesign.es\/miralles\/#website"},"primaryImageOfPage":{"@id":"https:\/\/www.marodadesign.es\/miralles\/producto\/calcetines-credit-card-olive-aries-arise\/#primaryimage"},"image":{"@id":"https:\/\/www.marodadesign.es\/miralles\/producto\/calcetines-credit-card-olive-aries-arise\/#primaryimage"},"thumbnailUrl":"https:\/\/www.marodadesign.es\/miralles\/wp-content\/uploads\/2023\/10\/Calcetines-Credit-Card-Olive-Aries-Arise.jpg","datePublished":"2023-10-20T14:57:30+00:00","dateModified":"2023-10-20T15:33:45+00:00","description":"Los calcetines Credit Card de Aries Arise verde oliva para un vestuario sport. Cuenta con un gr\u00e1fico tarjeta de cr\u00e9dito Aries Arise.","breadcrumb":{"@id":"https:\/\/www.marodadesign.es\/miralles\/producto\/calcetines-credit-card-olive-aries-arise\/#breadcrumb"},"inLanguage":"es","potentialAction":[{"@type":"ReadAction","target":["https:\/\/www.marodadesign.es\/miralles\/producto\/calcetines-credit-card-olive-aries-arise\/"]}]},{"@type":"ImageObject","inLanguage":"es","@id":"https:\/\/www.marodadesign.es\/miralles\/producto\/calcetines-credit-card-olive-aries-arise\/#primaryimage","url":"https:\/\/www.marodadesign.es\/miralles\/wp-content\/uploads\/2023\/10\/Calcetines-Credit-Card-Olive-Aries-Arise.jpg","contentUrl":"https:\/\/www.marodadesign.es\/miralles\/wp-content\/uploads\/2023\/10\/Calcetines-Credit-Card-Olive-Aries-Arise.jpg","width":1300,"height":1300,"caption":"FUAR00044-OLV Calcetines Olive Credit Card Aries Arise"},{"@type":"BreadcrumbList","@id":"https:\/\/www.marodadesign.es\/miralles\/producto\/calcetines-credit-card-olive-aries-arise\/#breadcrumb","itemListElement":[{"@type":"ListItem","position":1,"name":"Portada","item":"https:\/\/www.marodadesign.es\/miralles\/"},{"@type":"ListItem","position":2,"name":"Tienda","item":"https:\/\/www.marodadesign.es\/miralles\/tienda\/"},{"@type":"ListItem","position":3,"name":"CALCETINES CREDIT CARD OLIVE ARIES ARISE"}]},{"@type":"WebSite","@id":"https:\/\/www.marodadesign.es\/miralles\/#website","url":"https:\/\/www.marodadesign.es\/miralles\/","name":"ELEVEN","description":"Moda para hombre en Valencia","publisher":{"@id":"https:\/\/www.marodadesign.es\/miralles\/#organization"},"potentialAction":[{"@type":"SearchAction","target":{"@type":"EntryPoint","urlTemplate":"https:\/\/www.marodadesign.es\/miralles\/?s={search_term_string}"},"query-input":{"@type":"PropertyValueSpecification","valueRequired":true,"valueName":"search_term_string"}}],"inLanguage":"es"},{"@type":"Organization","@id":"https:\/\/www.marodadesign.es\/miralles\/#organization","name":"Eleven Valencia","alternateName":"Eleven","url":"https:\/\/www.marodadesign.es\/miralles\/","logo":{"@type":"ImageObject","inLanguage":"es","@id":"https:\/\/www.marodadesign.es\/miralles\/#\/schema\/logo\/image\/","url":"https:\/\/www.marodadesign.es\/miralles\/wp-content\/uploads\/2023\/05\/Simbolo-Eleven-Valencia.jpg","contentUrl":"https:\/\/www.marodadesign.es\/miralles\/wp-content\/uploads\/2023\/05\/Simbolo-Eleven-Valencia.jpg","width":600,"height":600,"caption":"Eleven Valencia"},"image":{"@id":"https:\/\/www.marodadesign.es\/miralles\/#\/schema\/logo\/image\/"}}]}},"brands":[{"id":164,"name":"Aries Arise","slug":"aries-arise"}],"_links":{"self":[{"href":"https:\/\/www.marodadesign.es\/miralles\/wp-json\/wp\/v2\/product\/6301","targetHints":{"allow":["GET"]}}],"collection":[{"href":"https:\/\/www.marodadesign.es\/miralles\/wp-json\/wp\/v2\/product"}],"about":[{"href":"https:\/\/www.marodadesign.es\/miralles\/wp-json\/wp\/v2\/types\/product"}],"wp:featuredmedia":[{"embeddable":true,"href":"https:\/\/www.marodadesign.es\/miralles\/wp-json\/wp\/v2\/media\/6310"}],"wp:attachment":[{"href":"https:\/\/www.marodadesign.es\/miralles\/wp-json\/wp\/v2\/media?parent=6301"}],"wp:term":[{"taxonomy":"pwb-brand","embeddable":true,"href":"https:\/\/www.marodadesign.es\/miralles\/wp-json\/wp\/v2\/pwb-brand?post=6301"},{"taxonomy":"product_brand","embeddable":true,"href":"https:\/\/www.marodadesign.es\/miralles\/wp-json\/wp\/v2\/product_brand?post=6301"},{"taxonomy":"product_cat","embeddable":true,"href":"https:\/\/www.marodadesign.es\/miralles\/wp-json\/wp\/v2\/product_cat?post=6301"},{"taxonomy":"product_tag","embeddable":true,"href":"https:\/\/www.marodadesign.es\/miralles\/wp-json\/wp\/v2\/product_tag?post=6301"}],"curies":[{"name":"wp","href":"https:\/\/api.w.org\/{rel}","templated":true}]}}