{"id":6367,"date":"2023-10-22T21:23:14","date_gmt":"2023-10-22T19:23:14","guid":{"rendered":"https:\/\/www.marodadesign.es\/miralles\/?post_type=product&#038;p=6367"},"modified":"2023-11-14T14:51:14","modified_gmt":"2023-11-14T13:51:14","slug":"pantalon-colourspray-aries-arise","status":"publish","type":"product","link":"https:\/\/www.marodadesign.es\/miralles\/producto\/pantalon-colourspray-aries-arise\/","title":{"rendered":"PANTAL\u00d3N COLOURSPRAY ARIES ARISE"},"content":{"rendered":"<p><a href=\"https:\/\/www.marodadesign.es\/miralles\/categoria-producto\/ropa\/pantalones\/sport\/\">Pantal\u00f3n<\/a> Colourspray\u00a0de<a href=\"https:\/\/www.marodadesign.es\/miralles\/marca\/aries-arise\/\"> Aries Arise.<\/a> Este prenda sport est\u00e1 configurado en una combinaci\u00f3n crom\u00e1tica de manchas a color que simula efectos de acuarela. Estos <a href=\"https:\/\/www.marodadesign.es\/miralles\/categoria-producto\/ropa\/pantalones\/sport\/\">pantalones<\/a> de <a href=\"https:\/\/www.marodadesign.es\/miralles\/marca\/aries-arise\/\">Aries Arise<\/a> unisex est\u00e1n confeccionados en algod\u00f3n 100% con tejido polar cepillado en la parte posterior, mientras que la cintura ha sido configurada en canal\u00e9. Se ha llevado a cabo un proceso de lavado en parches, adem\u00e1s de unos acabados con efecto spray hechos a mano. En la parte delantera se deja ver un logo en patillas de strass. La ca\u00edda es amplia. Hecho en Italia.<\/p>\n","protected":false},"excerpt":{"rendered":"<p><a href=\"https:\/\/www.marodadesign.es\/miralles\/categoria-producto\/ropa\/pantalones\/sport\/\">Pantal\u00f3n<\/a> multicolor de <a href=\"https:\/\/eu.ariesarise.com\/\">Aries Arise<\/a> para la temporada<a href=\"https:\/\/www.marodadesign.es\/miralles\/etiqueta-producto\/otono-invierno-2023\/\"> Oto\u00f1o-Invierno 2023<\/a>. Confeccionados en algod\u00f3n 100% con tejido polar cepillado, porta un logo strass en la parte delantera, y tiene acabados multicolor en aerosol hechos a mano.<\/p>\n","protected":false},"featured_media":6376,"template":"","meta":[],"pwb-brand":[164],"product_brand":[],"product_cat":[226,168,227],"product_tag":[298,654,392],"class_list":{"0":"post-6367","1":"product","2":"type-product","3":"status-publish","4":"has-post-thumbnail","6":"pwb-brand-aries-arise","7":"product_cat-pantalones","8":"product_cat-ropa","9":"product_cat-sport","10":"product_tag-aries-arise","11":"product_tag-otono-invierno-2023","12":"product_tag-pantalon-sport","14":"first","15":"instock","16":"featured","17":"sold-individually","18":"taxable","19":"shipping-taxable","20":"purchasable","21":"product-type-variable"},"yoast_head":"<!-- This site is optimized with the Yoast SEO plugin v27.5 - https:\/\/yoast.com\/product\/yoast-seo-wordpress\/ -->\n<title>PANTAL\u00d3N COLOURSPRAY ARIES ARISE - ELEVEN<\/title>\n<meta name=\"description\" content=\"Pack de 3 calcetines No Problemo de Aries Arise en tres colores: Rosa, blanco y negro. Configurados con tejido de alto rendimiento y algod\u00f3n.\" \/>\n<meta name=\"robots\" content=\"noindex, follow, max-snippet:-1, max-image-preview:large, max-video-preview:-1\" \/>\n<meta property=\"og:locale\" content=\"es_ES\" \/>\n<meta property=\"og:type\" content=\"article\" \/>\n<meta property=\"og:title\" content=\"PANTAL\u00d3N COLOURSPRAY ARIES ARISE - ELEVEN\" \/>\n<meta property=\"og:description\" content=\"Pack de 3 calcetines No Problemo de Aries Arise en tres colores: Rosa, blanco y negro. Configurados con tejido de alto rendimiento y algod\u00f3n.\" \/>\n<meta property=\"og:url\" content=\"https:\/\/www.marodadesign.es\/miralles\/producto\/pantalon-colourspray-aries-arise\/\" \/>\n<meta property=\"og:site_name\" content=\"ELEVEN\" \/>\n<meta property=\"article:modified_time\" content=\"2023-11-14T13:51:14+00:00\" \/>\n<meta property=\"og:image\" content=\"https:\/\/www.marodadesign.es\/miralles\/wp-content\/uploads\/2023\/10\/pantalon-colourspray-aries-arise.jpg\" \/>\n\t<meta property=\"og:image:width\" content=\"1300\" \/>\n\t<meta property=\"og:image:height\" content=\"1300\" \/>\n\t<meta property=\"og:image:type\" content=\"image\/jpeg\" \/>\n<meta name=\"twitter:card\" content=\"summary_large_image\" \/>\n<meta name=\"twitter:label1\" content=\"Tiempo de lectura\" \/>\n\t<meta name=\"twitter:data1\" content=\"1 minuto\" \/>\n<script type=\"application\/ld+json\" class=\"yoast-schema-graph\">{\"@context\":\"https:\\\/\\\/schema.org\",\"@graph\":[{\"@type\":\"WebPage\",\"@id\":\"https:\\\/\\\/www.marodadesign.es\\\/miralles\\\/producto\\\/pantalon-colourspray-aries-arise\\\/\",\"url\":\"https:\\\/\\\/www.marodadesign.es\\\/miralles\\\/producto\\\/pantalon-colourspray-aries-arise\\\/\",\"name\":\"PANTAL\u00d3N COLOURSPRAY ARIES ARISE - ELEVEN\",\"isPartOf\":{\"@id\":\"https:\\\/\\\/www.marodadesign.es\\\/miralles\\\/#website\"},\"primaryImageOfPage\":{\"@id\":\"https:\\\/\\\/www.marodadesign.es\\\/miralles\\\/producto\\\/pantalon-colourspray-aries-arise\\\/#primaryimage\"},\"image\":{\"@id\":\"https:\\\/\\\/www.marodadesign.es\\\/miralles\\\/producto\\\/pantalon-colourspray-aries-arise\\\/#primaryimage\"},\"thumbnailUrl\":\"https:\\\/\\\/www.marodadesign.es\\\/miralles\\\/wp-content\\\/uploads\\\/2023\\\/10\\\/pantalon-colourspray-aries-arise.jpg\",\"datePublished\":\"2023-10-22T19:23:14+00:00\",\"dateModified\":\"2023-11-14T13:51:14+00:00\",\"description\":\"Pack de 3 calcetines No Problemo de Aries Arise en tres colores: Rosa, blanco y negro. Configurados con tejido de alto rendimiento y algod\u00f3n.\",\"breadcrumb\":{\"@id\":\"https:\\\/\\\/www.marodadesign.es\\\/miralles\\\/producto\\\/pantalon-colourspray-aries-arise\\\/#breadcrumb\"},\"inLanguage\":\"es\",\"potentialAction\":[{\"@type\":\"ReadAction\",\"target\":[\"https:\\\/\\\/www.marodadesign.es\\\/miralles\\\/producto\\\/pantalon-colourspray-aries-arise\\\/\"]}]},{\"@type\":\"ImageObject\",\"inLanguage\":\"es\",\"@id\":\"https:\\\/\\\/www.marodadesign.es\\\/miralles\\\/producto\\\/pantalon-colourspray-aries-arise\\\/#primaryimage\",\"url\":\"https:\\\/\\\/www.marodadesign.es\\\/miralles\\\/wp-content\\\/uploads\\\/2023\\\/10\\\/pantalon-colourspray-aries-arise.jpg\",\"contentUrl\":\"https:\\\/\\\/www.marodadesign.es\\\/miralles\\\/wp-content\\\/uploads\\\/2023\\\/10\\\/pantalon-colourspray-aries-arise.jpg\",\"width\":1300,\"height\":1300,\"caption\":\"FUAR30015-MLT PANTAL\u00d3N COLOURSPRAY ARIES ARISE\"},{\"@type\":\"BreadcrumbList\",\"@id\":\"https:\\\/\\\/www.marodadesign.es\\\/miralles\\\/producto\\\/pantalon-colourspray-aries-arise\\\/#breadcrumb\",\"itemListElement\":[{\"@type\":\"ListItem\",\"position\":1,\"name\":\"Portada\",\"item\":\"https:\\\/\\\/www.marodadesign.es\\\/miralles\\\/\"},{\"@type\":\"ListItem\",\"position\":2,\"name\":\"Tienda\",\"item\":\"https:\\\/\\\/www.marodadesign.es\\\/miralles\\\/tienda\\\/\"},{\"@type\":\"ListItem\",\"position\":3,\"name\":\"PANTAL\u00d3N COLOURSPRAY ARIES ARISE\"}]},{\"@type\":\"WebSite\",\"@id\":\"https:\\\/\\\/www.marodadesign.es\\\/miralles\\\/#website\",\"url\":\"https:\\\/\\\/www.marodadesign.es\\\/miralles\\\/\",\"name\":\"ELEVEN\",\"description\":\"Moda para hombre en Valencia\",\"publisher\":{\"@id\":\"https:\\\/\\\/www.marodadesign.es\\\/miralles\\\/#organization\"},\"potentialAction\":[{\"@type\":\"SearchAction\",\"target\":{\"@type\":\"EntryPoint\",\"urlTemplate\":\"https:\\\/\\\/www.marodadesign.es\\\/miralles\\\/?s={search_term_string}\"},\"query-input\":{\"@type\":\"PropertyValueSpecification\",\"valueRequired\":true,\"valueName\":\"search_term_string\"}}],\"inLanguage\":\"es\"},{\"@type\":\"Organization\",\"@id\":\"https:\\\/\\\/www.marodadesign.es\\\/miralles\\\/#organization\",\"name\":\"Eleven Valencia\",\"alternateName\":\"Eleven\",\"url\":\"https:\\\/\\\/www.marodadesign.es\\\/miralles\\\/\",\"logo\":{\"@type\":\"ImageObject\",\"inLanguage\":\"es\",\"@id\":\"https:\\\/\\\/www.marodadesign.es\\\/miralles\\\/#\\\/schema\\\/logo\\\/image\\\/\",\"url\":\"https:\\\/\\\/www.marodadesign.es\\\/miralles\\\/wp-content\\\/uploads\\\/2023\\\/05\\\/Simbolo-Eleven-Valencia.jpg\",\"contentUrl\":\"https:\\\/\\\/www.marodadesign.es\\\/miralles\\\/wp-content\\\/uploads\\\/2023\\\/05\\\/Simbolo-Eleven-Valencia.jpg\",\"width\":600,\"height\":600,\"caption\":\"Eleven Valencia\"},\"image\":{\"@id\":\"https:\\\/\\\/www.marodadesign.es\\\/miralles\\\/#\\\/schema\\\/logo\\\/image\\\/\"}}]}<\/script>\n<!-- \/ Yoast SEO plugin. -->","yoast_head_json":{"title":"PANTAL\u00d3N COLOURSPRAY ARIES ARISE - ELEVEN","description":"Pack de 3 calcetines No Problemo de Aries Arise en tres colores: Rosa, blanco y negro. Configurados con tejido de alto rendimiento y algod\u00f3n.","robots":{"index":"noindex","follow":"follow","max-snippet":"max-snippet:-1","max-image-preview":"max-image-preview:large","max-video-preview":"max-video-preview:-1"},"og_locale":"es_ES","og_type":"article","og_title":"PANTAL\u00d3N COLOURSPRAY ARIES ARISE - ELEVEN","og_description":"Pack de 3 calcetines No Problemo de Aries Arise en tres colores: Rosa, blanco y negro. Configurados con tejido de alto rendimiento y algod\u00f3n.","og_url":"https:\/\/www.marodadesign.es\/miralles\/producto\/pantalon-colourspray-aries-arise\/","og_site_name":"ELEVEN","article_modified_time":"2023-11-14T13:51:14+00:00","og_image":[{"width":1300,"height":1300,"url":"https:\/\/www.marodadesign.es\/miralles\/wp-content\/uploads\/2023\/10\/pantalon-colourspray-aries-arise.jpg","type":"image\/jpeg"}],"twitter_card":"summary_large_image","twitter_misc":{"Tiempo de lectura":"1 minuto"},"schema":{"@context":"https:\/\/schema.org","@graph":[{"@type":"WebPage","@id":"https:\/\/www.marodadesign.es\/miralles\/producto\/pantalon-colourspray-aries-arise\/","url":"https:\/\/www.marodadesign.es\/miralles\/producto\/pantalon-colourspray-aries-arise\/","name":"PANTAL\u00d3N COLOURSPRAY ARIES ARISE - ELEVEN","isPartOf":{"@id":"https:\/\/www.marodadesign.es\/miralles\/#website"},"primaryImageOfPage":{"@id":"https:\/\/www.marodadesign.es\/miralles\/producto\/pantalon-colourspray-aries-arise\/#primaryimage"},"image":{"@id":"https:\/\/www.marodadesign.es\/miralles\/producto\/pantalon-colourspray-aries-arise\/#primaryimage"},"thumbnailUrl":"https:\/\/www.marodadesign.es\/miralles\/wp-content\/uploads\/2023\/10\/pantalon-colourspray-aries-arise.jpg","datePublished":"2023-10-22T19:23:14+00:00","dateModified":"2023-11-14T13:51:14+00:00","description":"Pack de 3 calcetines No Problemo de Aries Arise en tres colores: Rosa, blanco y negro. Configurados con tejido de alto rendimiento y algod\u00f3n.","breadcrumb":{"@id":"https:\/\/www.marodadesign.es\/miralles\/producto\/pantalon-colourspray-aries-arise\/#breadcrumb"},"inLanguage":"es","potentialAction":[{"@type":"ReadAction","target":["https:\/\/www.marodadesign.es\/miralles\/producto\/pantalon-colourspray-aries-arise\/"]}]},{"@type":"ImageObject","inLanguage":"es","@id":"https:\/\/www.marodadesign.es\/miralles\/producto\/pantalon-colourspray-aries-arise\/#primaryimage","url":"https:\/\/www.marodadesign.es\/miralles\/wp-content\/uploads\/2023\/10\/pantalon-colourspray-aries-arise.jpg","contentUrl":"https:\/\/www.marodadesign.es\/miralles\/wp-content\/uploads\/2023\/10\/pantalon-colourspray-aries-arise.jpg","width":1300,"height":1300,"caption":"FUAR30015-MLT PANTAL\u00d3N COLOURSPRAY ARIES ARISE"},{"@type":"BreadcrumbList","@id":"https:\/\/www.marodadesign.es\/miralles\/producto\/pantalon-colourspray-aries-arise\/#breadcrumb","itemListElement":[{"@type":"ListItem","position":1,"name":"Portada","item":"https:\/\/www.marodadesign.es\/miralles\/"},{"@type":"ListItem","position":2,"name":"Tienda","item":"https:\/\/www.marodadesign.es\/miralles\/tienda\/"},{"@type":"ListItem","position":3,"name":"PANTAL\u00d3N COLOURSPRAY ARIES ARISE"}]},{"@type":"WebSite","@id":"https:\/\/www.marodadesign.es\/miralles\/#website","url":"https:\/\/www.marodadesign.es\/miralles\/","name":"ELEVEN","description":"Moda para hombre en Valencia","publisher":{"@id":"https:\/\/www.marodadesign.es\/miralles\/#organization"},"potentialAction":[{"@type":"SearchAction","target":{"@type":"EntryPoint","urlTemplate":"https:\/\/www.marodadesign.es\/miralles\/?s={search_term_string}"},"query-input":{"@type":"PropertyValueSpecification","valueRequired":true,"valueName":"search_term_string"}}],"inLanguage":"es"},{"@type":"Organization","@id":"https:\/\/www.marodadesign.es\/miralles\/#organization","name":"Eleven Valencia","alternateName":"Eleven","url":"https:\/\/www.marodadesign.es\/miralles\/","logo":{"@type":"ImageObject","inLanguage":"es","@id":"https:\/\/www.marodadesign.es\/miralles\/#\/schema\/logo\/image\/","url":"https:\/\/www.marodadesign.es\/miralles\/wp-content\/uploads\/2023\/05\/Simbolo-Eleven-Valencia.jpg","contentUrl":"https:\/\/www.marodadesign.es\/miralles\/wp-content\/uploads\/2023\/05\/Simbolo-Eleven-Valencia.jpg","width":600,"height":600,"caption":"Eleven Valencia"},"image":{"@id":"https:\/\/www.marodadesign.es\/miralles\/#\/schema\/logo\/image\/"}}]}},"brands":[{"id":164,"name":"Aries Arise","slug":"aries-arise"}],"_links":{"self":[{"href":"https:\/\/www.marodadesign.es\/miralles\/wp-json\/wp\/v2\/product\/6367","targetHints":{"allow":["GET"]}}],"collection":[{"href":"https:\/\/www.marodadesign.es\/miralles\/wp-json\/wp\/v2\/product"}],"about":[{"href":"https:\/\/www.marodadesign.es\/miralles\/wp-json\/wp\/v2\/types\/product"}],"wp:featuredmedia":[{"embeddable":true,"href":"https:\/\/www.marodadesign.es\/miralles\/wp-json\/wp\/v2\/media\/6376"}],"wp:attachment":[{"href":"https:\/\/www.marodadesign.es\/miralles\/wp-json\/wp\/v2\/media?parent=6367"}],"wp:term":[{"taxonomy":"pwb-brand","embeddable":true,"href":"https:\/\/www.marodadesign.es\/miralles\/wp-json\/wp\/v2\/pwb-brand?post=6367"},{"taxonomy":"product_brand","embeddable":true,"href":"https:\/\/www.marodadesign.es\/miralles\/wp-json\/wp\/v2\/product_brand?post=6367"},{"taxonomy":"product_cat","embeddable":true,"href":"https:\/\/www.marodadesign.es\/miralles\/wp-json\/wp\/v2\/product_cat?post=6367"},{"taxonomy":"product_tag","embeddable":true,"href":"https:\/\/www.marodadesign.es\/miralles\/wp-json\/wp\/v2\/product_tag?post=6367"}],"curies":[{"name":"wp","href":"https:\/\/api.w.org\/{rel}","templated":true}]}}