{"id":6415,"date":"2023-10-23T17:18:27","date_gmt":"2023-10-23T15:18:27","guid":{"rendered":"https:\/\/www.marodadesign.es\/miralles\/?post_type=product&#038;p=6415"},"modified":"2023-10-23T17:39:47","modified_gmt":"2023-10-23T15:39:47","slug":"sudadera-oversized-yeti-aries-arise","status":"publish","type":"product","link":"https:\/\/www.marodadesign.es\/miralles\/producto\/sudadera-oversized-yeti-aries-arise\/","title":{"rendered":"SUDADERA OVERSIZED YETI ARIES ARISE"},"content":{"rendered":"<p><a href=\"https:\/\/www.marodadesign.es\/miralles\/categoria-producto\/ropa\/sudaderas\/\">Sudadera<\/a> Oversized Yeti de<a href=\"https:\/\/www.marodadesign.es\/miralles\/marca\/aries-arise\/\"> Aries Arise<\/a>. Se trata de una prenda unisex con una capucha de gran tama\u00f1o que ha sido fabricada en material sint\u00e9tico de piel. La sudadera ha sido tratada mediante un proceso especial de te\u00f1ido. Tiene un parche del monte <a href=\"https:\/\/www.marodadesign.es\/miralles\/marca\/aries-arise\/\">Aries<\/a> bordado en una de las mangas y una cinturilla de nailon sujetada con cord\u00f3n el\u00e1stico. Confeccionada en Italia.<\/p>\n","protected":false},"excerpt":{"rendered":"<p><a href=\"https:\/\/www.marodadesign.es\/miralles\/categoria-producto\/ropa\/sudaderas\/\">Sudadera<\/a> Oversized Yeti de<a href=\"https:\/\/eu.ariesarise.com\/\"> Aries Arise<\/a>\u00a0para la temporada <a href=\"https:\/\/www.marodadesign.es\/miralles\/etiqueta-producto\/otono-invierno-2023\/\">Oto\u00f1o-Invierno 2023<\/a>. Esta prenda de piel sint\u00e9tica tiene una capucha de grandes dimensiones y ha sido tratada previamente mediante un proceso de te\u00f1ido especial. Tiene un parche corporativo de <a href=\"https:\/\/eu.ariesarise.com\/\">Aries Arise<\/a> bordado en una de las mangas.<\/p>\n","protected":false},"featured_media":6419,"template":"","meta":[],"pwb-brand":[164],"product_brand":[],"product_cat":[168,238],"product_tag":[654,239],"class_list":{"0":"post-6415","1":"product","2":"type-product","3":"status-publish","4":"has-post-thumbnail","6":"pwb-brand-aries-arise","7":"product_cat-ropa","8":"product_cat-sudaderas","9":"product_tag-otono-invierno-2023","10":"product_tag-sudadera","12":"first","13":"instock","14":"featured","15":"sold-individually","16":"taxable","17":"shipping-taxable","18":"purchasable","19":"product-type-variable"},"yoast_head":"<!-- This site is optimized with the Yoast SEO plugin v27.5 - https:\/\/yoast.com\/product\/yoast-seo-wordpress\/ -->\n<title>SUDADERA OVERSIZED YETI ARIES ARISE - ELEVEN<\/title>\n<meta name=\"description\" content=\"Sudadera Oversized Yeti de Aries Arise. Se trata de una prenda unisex con una capucha de gran tama\u00f1o que ha sido fabricada en material sint\u00e9tico de piel.\" \/>\n<meta name=\"robots\" content=\"noindex, follow, max-snippet:-1, max-image-preview:large, max-video-preview:-1\" \/>\n<meta property=\"og:locale\" content=\"es_ES\" \/>\n<meta property=\"og:type\" content=\"article\" \/>\n<meta property=\"og:title\" content=\"SUDADERA OVERSIZED YETI ARIES ARISE - ELEVEN\" \/>\n<meta property=\"og:description\" content=\"Sudadera Oversized Yeti de Aries Arise. Se trata de una prenda unisex con una capucha de gran tama\u00f1o que ha sido fabricada en material sint\u00e9tico de piel.\" \/>\n<meta property=\"og:url\" content=\"https:\/\/www.marodadesign.es\/miralles\/producto\/sudadera-oversized-yeti-aries-arise\/\" \/>\n<meta property=\"og:site_name\" content=\"ELEVEN\" \/>\n<meta property=\"article:modified_time\" content=\"2023-10-23T15:39:47+00:00\" \/>\n<meta property=\"og:image\" content=\"https:\/\/www.marodadesign.es\/miralles\/wp-content\/uploads\/2023\/10\/sudadera-oversized-yeti-aries-arise-4.jpg\" \/>\n\t<meta property=\"og:image:width\" content=\"1300\" \/>\n\t<meta property=\"og:image:height\" content=\"1300\" \/>\n\t<meta property=\"og:image:type\" content=\"image\/jpeg\" \/>\n<meta name=\"twitter:card\" content=\"summary_large_image\" \/>\n<meta name=\"twitter:label1\" content=\"Tiempo de lectura\" \/>\n\t<meta name=\"twitter:data1\" content=\"1 minuto\" \/>\n<script type=\"application\/ld+json\" class=\"yoast-schema-graph\">{\"@context\":\"https:\\\/\\\/schema.org\",\"@graph\":[{\"@type\":\"WebPage\",\"@id\":\"https:\\\/\\\/www.marodadesign.es\\\/miralles\\\/producto\\\/sudadera-oversized-yeti-aries-arise\\\/\",\"url\":\"https:\\\/\\\/www.marodadesign.es\\\/miralles\\\/producto\\\/sudadera-oversized-yeti-aries-arise\\\/\",\"name\":\"SUDADERA OVERSIZED YETI ARIES ARISE - ELEVEN\",\"isPartOf\":{\"@id\":\"https:\\\/\\\/www.marodadesign.es\\\/miralles\\\/#website\"},\"primaryImageOfPage\":{\"@id\":\"https:\\\/\\\/www.marodadesign.es\\\/miralles\\\/producto\\\/sudadera-oversized-yeti-aries-arise\\\/#primaryimage\"},\"image\":{\"@id\":\"https:\\\/\\\/www.marodadesign.es\\\/miralles\\\/producto\\\/sudadera-oversized-yeti-aries-arise\\\/#primaryimage\"},\"thumbnailUrl\":\"https:\\\/\\\/www.marodadesign.es\\\/miralles\\\/wp-content\\\/uploads\\\/2023\\\/10\\\/sudadera-oversized-yeti-aries-arise-4.jpg\",\"datePublished\":\"2023-10-23T15:18:27+00:00\",\"dateModified\":\"2023-10-23T15:39:47+00:00\",\"description\":\"Sudadera Oversized Yeti de Aries Arise. Se trata de una prenda unisex con una capucha de gran tama\u00f1o que ha sido fabricada en material sint\u00e9tico de piel.\",\"breadcrumb\":{\"@id\":\"https:\\\/\\\/www.marodadesign.es\\\/miralles\\\/producto\\\/sudadera-oversized-yeti-aries-arise\\\/#breadcrumb\"},\"inLanguage\":\"es\",\"potentialAction\":[{\"@type\":\"ReadAction\",\"target\":[\"https:\\\/\\\/www.marodadesign.es\\\/miralles\\\/producto\\\/sudadera-oversized-yeti-aries-arise\\\/\"]}]},{\"@type\":\"ImageObject\",\"inLanguage\":\"es\",\"@id\":\"https:\\\/\\\/www.marodadesign.es\\\/miralles\\\/producto\\\/sudadera-oversized-yeti-aries-arise\\\/#primaryimage\",\"url\":\"https:\\\/\\\/www.marodadesign.es\\\/miralles\\\/wp-content\\\/uploads\\\/2023\\\/10\\\/sudadera-oversized-yeti-aries-arise-4.jpg\",\"contentUrl\":\"https:\\\/\\\/www.marodadesign.es\\\/miralles\\\/wp-content\\\/uploads\\\/2023\\\/10\\\/sudadera-oversized-yeti-aries-arise-4.jpg\",\"width\":1300,\"height\":1300,\"caption\":\"FUAR70006-BRW Sudadera Oversized Yeti\"},{\"@type\":\"BreadcrumbList\",\"@id\":\"https:\\\/\\\/www.marodadesign.es\\\/miralles\\\/producto\\\/sudadera-oversized-yeti-aries-arise\\\/#breadcrumb\",\"itemListElement\":[{\"@type\":\"ListItem\",\"position\":1,\"name\":\"Portada\",\"item\":\"https:\\\/\\\/www.marodadesign.es\\\/miralles\\\/\"},{\"@type\":\"ListItem\",\"position\":2,\"name\":\"Tienda\",\"item\":\"https:\\\/\\\/www.marodadesign.es\\\/miralles\\\/tienda\\\/\"},{\"@type\":\"ListItem\",\"position\":3,\"name\":\"SUDADERA OVERSIZED YETI ARIES ARISE\"}]},{\"@type\":\"WebSite\",\"@id\":\"https:\\\/\\\/www.marodadesign.es\\\/miralles\\\/#website\",\"url\":\"https:\\\/\\\/www.marodadesign.es\\\/miralles\\\/\",\"name\":\"ELEVEN\",\"description\":\"Moda para hombre en Valencia\",\"publisher\":{\"@id\":\"https:\\\/\\\/www.marodadesign.es\\\/miralles\\\/#organization\"},\"potentialAction\":[{\"@type\":\"SearchAction\",\"target\":{\"@type\":\"EntryPoint\",\"urlTemplate\":\"https:\\\/\\\/www.marodadesign.es\\\/miralles\\\/?s={search_term_string}\"},\"query-input\":{\"@type\":\"PropertyValueSpecification\",\"valueRequired\":true,\"valueName\":\"search_term_string\"}}],\"inLanguage\":\"es\"},{\"@type\":\"Organization\",\"@id\":\"https:\\\/\\\/www.marodadesign.es\\\/miralles\\\/#organization\",\"name\":\"Eleven Valencia\",\"alternateName\":\"Eleven\",\"url\":\"https:\\\/\\\/www.marodadesign.es\\\/miralles\\\/\",\"logo\":{\"@type\":\"ImageObject\",\"inLanguage\":\"es\",\"@id\":\"https:\\\/\\\/www.marodadesign.es\\\/miralles\\\/#\\\/schema\\\/logo\\\/image\\\/\",\"url\":\"https:\\\/\\\/www.marodadesign.es\\\/miralles\\\/wp-content\\\/uploads\\\/2023\\\/05\\\/Simbolo-Eleven-Valencia.jpg\",\"contentUrl\":\"https:\\\/\\\/www.marodadesign.es\\\/miralles\\\/wp-content\\\/uploads\\\/2023\\\/05\\\/Simbolo-Eleven-Valencia.jpg\",\"width\":600,\"height\":600,\"caption\":\"Eleven Valencia\"},\"image\":{\"@id\":\"https:\\\/\\\/www.marodadesign.es\\\/miralles\\\/#\\\/schema\\\/logo\\\/image\\\/\"}}]}<\/script>\n<!-- \/ Yoast SEO plugin. -->","yoast_head_json":{"title":"SUDADERA OVERSIZED YETI ARIES ARISE - ELEVEN","description":"Sudadera Oversized Yeti de Aries Arise. Se trata de una prenda unisex con una capucha de gran tama\u00f1o que ha sido fabricada en material sint\u00e9tico de piel.","robots":{"index":"noindex","follow":"follow","max-snippet":"max-snippet:-1","max-image-preview":"max-image-preview:large","max-video-preview":"max-video-preview:-1"},"og_locale":"es_ES","og_type":"article","og_title":"SUDADERA OVERSIZED YETI ARIES ARISE - ELEVEN","og_description":"Sudadera Oversized Yeti de Aries Arise. Se trata de una prenda unisex con una capucha de gran tama\u00f1o que ha sido fabricada en material sint\u00e9tico de piel.","og_url":"https:\/\/www.marodadesign.es\/miralles\/producto\/sudadera-oversized-yeti-aries-arise\/","og_site_name":"ELEVEN","article_modified_time":"2023-10-23T15:39:47+00:00","og_image":[{"width":1300,"height":1300,"url":"https:\/\/www.marodadesign.es\/miralles\/wp-content\/uploads\/2023\/10\/sudadera-oversized-yeti-aries-arise-4.jpg","type":"image\/jpeg"}],"twitter_card":"summary_large_image","twitter_misc":{"Tiempo de lectura":"1 minuto"},"schema":{"@context":"https:\/\/schema.org","@graph":[{"@type":"WebPage","@id":"https:\/\/www.marodadesign.es\/miralles\/producto\/sudadera-oversized-yeti-aries-arise\/","url":"https:\/\/www.marodadesign.es\/miralles\/producto\/sudadera-oversized-yeti-aries-arise\/","name":"SUDADERA OVERSIZED YETI ARIES ARISE - ELEVEN","isPartOf":{"@id":"https:\/\/www.marodadesign.es\/miralles\/#website"},"primaryImageOfPage":{"@id":"https:\/\/www.marodadesign.es\/miralles\/producto\/sudadera-oversized-yeti-aries-arise\/#primaryimage"},"image":{"@id":"https:\/\/www.marodadesign.es\/miralles\/producto\/sudadera-oversized-yeti-aries-arise\/#primaryimage"},"thumbnailUrl":"https:\/\/www.marodadesign.es\/miralles\/wp-content\/uploads\/2023\/10\/sudadera-oversized-yeti-aries-arise-4.jpg","datePublished":"2023-10-23T15:18:27+00:00","dateModified":"2023-10-23T15:39:47+00:00","description":"Sudadera Oversized Yeti de Aries Arise. Se trata de una prenda unisex con una capucha de gran tama\u00f1o que ha sido fabricada en material sint\u00e9tico de piel.","breadcrumb":{"@id":"https:\/\/www.marodadesign.es\/miralles\/producto\/sudadera-oversized-yeti-aries-arise\/#breadcrumb"},"inLanguage":"es","potentialAction":[{"@type":"ReadAction","target":["https:\/\/www.marodadesign.es\/miralles\/producto\/sudadera-oversized-yeti-aries-arise\/"]}]},{"@type":"ImageObject","inLanguage":"es","@id":"https:\/\/www.marodadesign.es\/miralles\/producto\/sudadera-oversized-yeti-aries-arise\/#primaryimage","url":"https:\/\/www.marodadesign.es\/miralles\/wp-content\/uploads\/2023\/10\/sudadera-oversized-yeti-aries-arise-4.jpg","contentUrl":"https:\/\/www.marodadesign.es\/miralles\/wp-content\/uploads\/2023\/10\/sudadera-oversized-yeti-aries-arise-4.jpg","width":1300,"height":1300,"caption":"FUAR70006-BRW Sudadera Oversized Yeti"},{"@type":"BreadcrumbList","@id":"https:\/\/www.marodadesign.es\/miralles\/producto\/sudadera-oversized-yeti-aries-arise\/#breadcrumb","itemListElement":[{"@type":"ListItem","position":1,"name":"Portada","item":"https:\/\/www.marodadesign.es\/miralles\/"},{"@type":"ListItem","position":2,"name":"Tienda","item":"https:\/\/www.marodadesign.es\/miralles\/tienda\/"},{"@type":"ListItem","position":3,"name":"SUDADERA OVERSIZED YETI ARIES ARISE"}]},{"@type":"WebSite","@id":"https:\/\/www.marodadesign.es\/miralles\/#website","url":"https:\/\/www.marodadesign.es\/miralles\/","name":"ELEVEN","description":"Moda para hombre en Valencia","publisher":{"@id":"https:\/\/www.marodadesign.es\/miralles\/#organization"},"potentialAction":[{"@type":"SearchAction","target":{"@type":"EntryPoint","urlTemplate":"https:\/\/www.marodadesign.es\/miralles\/?s={search_term_string}"},"query-input":{"@type":"PropertyValueSpecification","valueRequired":true,"valueName":"search_term_string"}}],"inLanguage":"es"},{"@type":"Organization","@id":"https:\/\/www.marodadesign.es\/miralles\/#organization","name":"Eleven Valencia","alternateName":"Eleven","url":"https:\/\/www.marodadesign.es\/miralles\/","logo":{"@type":"ImageObject","inLanguage":"es","@id":"https:\/\/www.marodadesign.es\/miralles\/#\/schema\/logo\/image\/","url":"https:\/\/www.marodadesign.es\/miralles\/wp-content\/uploads\/2023\/05\/Simbolo-Eleven-Valencia.jpg","contentUrl":"https:\/\/www.marodadesign.es\/miralles\/wp-content\/uploads\/2023\/05\/Simbolo-Eleven-Valencia.jpg","width":600,"height":600,"caption":"Eleven Valencia"},"image":{"@id":"https:\/\/www.marodadesign.es\/miralles\/#\/schema\/logo\/image\/"}}]}},"brands":[{"id":164,"name":"Aries Arise","slug":"aries-arise"}],"_links":{"self":[{"href":"https:\/\/www.marodadesign.es\/miralles\/wp-json\/wp\/v2\/product\/6415","targetHints":{"allow":["GET"]}}],"collection":[{"href":"https:\/\/www.marodadesign.es\/miralles\/wp-json\/wp\/v2\/product"}],"about":[{"href":"https:\/\/www.marodadesign.es\/miralles\/wp-json\/wp\/v2\/types\/product"}],"wp:featuredmedia":[{"embeddable":true,"href":"https:\/\/www.marodadesign.es\/miralles\/wp-json\/wp\/v2\/media\/6419"}],"wp:attachment":[{"href":"https:\/\/www.marodadesign.es\/miralles\/wp-json\/wp\/v2\/media?parent=6415"}],"wp:term":[{"taxonomy":"pwb-brand","embeddable":true,"href":"https:\/\/www.marodadesign.es\/miralles\/wp-json\/wp\/v2\/pwb-brand?post=6415"},{"taxonomy":"product_brand","embeddable":true,"href":"https:\/\/www.marodadesign.es\/miralles\/wp-json\/wp\/v2\/product_brand?post=6415"},{"taxonomy":"product_cat","embeddable":true,"href":"https:\/\/www.marodadesign.es\/miralles\/wp-json\/wp\/v2\/product_cat?post=6415"},{"taxonomy":"product_tag","embeddable":true,"href":"https:\/\/www.marodadesign.es\/miralles\/wp-json\/wp\/v2\/product_tag?post=6415"}],"curies":[{"name":"wp","href":"https:\/\/api.w.org\/{rel}","templated":true}]}}