{"id":6521,"date":"2023-10-25T20:48:58","date_gmt":"2023-10-25T18:48:58","guid":{"rendered":"https:\/\/www.marodadesign.es\/miralles\/?post_type=product&#038;p=6521"},"modified":"2023-10-27T14:31:14","modified_gmt":"2023-10-27T12:31:14","slug":"botas-bower-ab-hi-fur-suicoke","status":"publish","type":"product","link":"https:\/\/www.marodadesign.es\/miralles\/producto\/botas-bower-ab-hi-fur-suicoke\/","title":{"rendered":"BOTAS BOWER-AB-HI-FUR SUICOKE"},"content":{"rendered":"<p>Las <a href=\"https:\/\/www.marodadesign.es\/miralles\/categoria-producto\/calzado\/botas\/\">botas<\/a> Bower-ab-Hi-FUR de la firma<a href=\"https:\/\/eu.suicoke.com\/products\/zavo-2eu\"> Suicoke <\/a>son unas modernas botas revestidas de piel sint\u00e9tica, con un aislamiento 3M Thinsulate e incluye las funcionales plantillas EVA antibacterianas patentadas por la firma Suicoke\u00a9. Tambi\u00e9n incluyen en su dise\u00f1o unas suelas Trek originales Suicoke\u00a9 para aumentar su capacidad de tracci\u00f3n al medio y drenaje al agua. El sistema de cordones es envolvente.<\/p>\n<p><strong>COMPOSICI\u00d3N:<\/strong><\/p>\n<p>Parte superior: Piel y Sint\u00e9tico.<br \/>\nSuela: Goma 100%<\/p>\n","protected":false},"excerpt":{"rendered":"<p><a href=\"https:\/\/www.marodadesign.es\/miralles\/categoria-producto\/calzado\/botas\/\">Botas<\/a> Bower-ab-Hi-FUR, una novedad exclusiva de la firma <a href=\"https:\/\/www.marodadesign.es\/miralles\/marca\/suicoke\/\">Suicoke<\/a> para la temporada <a href=\"https:\/\/www.marodadesign.es\/miralles\/etiqueta-producto\/otono-invierno-2023\/\">Oto\u00f1o-Invierno 2023<\/a>. Dise\u00f1adas en color negro y beige, son unas modernas botas revestidas de piel sint\u00e9tica, con un aislamiento 3M Thinsulate. Incluyen unas plantillas EVA para mejorar la tracci\u00f3n y el drenaje al agua. Son ideales para soportar la temporada invernal.<\/p>\n","protected":false},"featured_media":6530,"template":"","meta":[],"pwb-brand":[694],"product_brand":[],"product_cat":[537,420],"product_tag":[696,654],"class_list":{"0":"post-6521","1":"product","2":"type-product","3":"status-publish","4":"has-post-thumbnail","6":"pwb-brand-suicoke","7":"product_cat-botas","8":"product_cat-calzado","9":"product_tag-botas","10":"product_tag-otono-invierno-2023","12":"first","13":"instock","14":"sold-individually","15":"taxable","16":"shipping-taxable","17":"purchasable","18":"product-type-variable"},"yoast_head":"<!-- This site is optimized with the Yoast SEO plugin v27.5 - https:\/\/yoast.com\/product\/yoast-seo-wordpress\/ -->\n<title>BOTAS BOWER-AB-HI-FUR SUICOKE - ELEVEN<\/title>\n<meta name=\"description\" content=\"Las botas Bower-ab-Hi-FUR de la firma Suicoke son unas modernas botas revestidas de piel sint\u00e9tica, con un aislamiento 3M Thinsulate.\" \/>\n<meta name=\"robots\" content=\"noindex, follow, max-snippet:-1, max-image-preview:large, max-video-preview:-1\" \/>\n<meta property=\"og:locale\" content=\"es_ES\" \/>\n<meta property=\"og:type\" content=\"article\" \/>\n<meta property=\"og:title\" content=\"BOTAS BOWER-AB-HI-FUR SUICOKE - ELEVEN\" \/>\n<meta property=\"og:description\" content=\"Las botas Bower-ab-Hi-FUR de la firma Suicoke son unas modernas botas revestidas de piel sint\u00e9tica, con un aislamiento 3M Thinsulate.\" \/>\n<meta property=\"og:url\" content=\"https:\/\/www.marodadesign.es\/miralles\/producto\/botas-bower-ab-hi-fur-suicoke\/\" \/>\n<meta property=\"og:site_name\" content=\"ELEVEN\" \/>\n<meta property=\"article:modified_time\" content=\"2023-10-27T12:31:14+00:00\" \/>\n<meta property=\"og:image\" content=\"https:\/\/www.marodadesign.es\/miralles\/wp-content\/uploads\/2023\/10\/bower-ab-hi-fur-suicoke-botas-1.jpg\" \/>\n\t<meta property=\"og:image:width\" content=\"1300\" \/>\n\t<meta property=\"og:image:height\" content=\"1300\" \/>\n\t<meta property=\"og:image:type\" content=\"image\/jpeg\" \/>\n<meta name=\"twitter:card\" content=\"summary_large_image\" \/>\n<meta name=\"twitter:label1\" content=\"Tiempo de lectura\" \/>\n\t<meta name=\"twitter:data1\" content=\"1 minuto\" \/>\n<script type=\"application\/ld+json\" class=\"yoast-schema-graph\">{\"@context\":\"https:\\\/\\\/schema.org\",\"@graph\":[{\"@type\":\"WebPage\",\"@id\":\"https:\\\/\\\/www.marodadesign.es\\\/miralles\\\/producto\\\/botas-bower-ab-hi-fur-suicoke\\\/\",\"url\":\"https:\\\/\\\/www.marodadesign.es\\\/miralles\\\/producto\\\/botas-bower-ab-hi-fur-suicoke\\\/\",\"name\":\"BOTAS BOWER-AB-HI-FUR SUICOKE - ELEVEN\",\"isPartOf\":{\"@id\":\"https:\\\/\\\/www.marodadesign.es\\\/miralles\\\/#website\"},\"primaryImageOfPage\":{\"@id\":\"https:\\\/\\\/www.marodadesign.es\\\/miralles\\\/producto\\\/botas-bower-ab-hi-fur-suicoke\\\/#primaryimage\"},\"image\":{\"@id\":\"https:\\\/\\\/www.marodadesign.es\\\/miralles\\\/producto\\\/botas-bower-ab-hi-fur-suicoke\\\/#primaryimage\"},\"thumbnailUrl\":\"https:\\\/\\\/www.marodadesign.es\\\/miralles\\\/wp-content\\\/uploads\\\/2023\\\/10\\\/bower-ab-hi-fur-suicoke-botas-1.jpg\",\"datePublished\":\"2023-10-25T18:48:58+00:00\",\"dateModified\":\"2023-10-27T12:31:14+00:00\",\"description\":\"Las botas Bower-ab-Hi-FUR de la firma Suicoke son unas modernas botas revestidas de piel sint\u00e9tica, con un aislamiento 3M Thinsulate.\",\"breadcrumb\":{\"@id\":\"https:\\\/\\\/www.marodadesign.es\\\/miralles\\\/producto\\\/botas-bower-ab-hi-fur-suicoke\\\/#breadcrumb\"},\"inLanguage\":\"es\",\"potentialAction\":[{\"@type\":\"ReadAction\",\"target\":[\"https:\\\/\\\/www.marodadesign.es\\\/miralles\\\/producto\\\/botas-bower-ab-hi-fur-suicoke\\\/\"]}]},{\"@type\":\"ImageObject\",\"inLanguage\":\"es\",\"@id\":\"https:\\\/\\\/www.marodadesign.es\\\/miralles\\\/producto\\\/botas-bower-ab-hi-fur-suicoke\\\/#primaryimage\",\"url\":\"https:\\\/\\\/www.marodadesign.es\\\/miralles\\\/wp-content\\\/uploads\\\/2023\\\/10\\\/bower-ab-hi-fur-suicoke-botas-1.jpg\",\"contentUrl\":\"https:\\\/\\\/www.marodadesign.es\\\/miralles\\\/wp-content\\\/uploads\\\/2023\\\/10\\\/bower-ab-hi-fur-suicoke-botas-1.jpg\",\"width\":1300,\"height\":1300,\"caption\":\"OG340abHIFUR-BLB Bower ab Hifur Suicoke Botas\"},{\"@type\":\"BreadcrumbList\",\"@id\":\"https:\\\/\\\/www.marodadesign.es\\\/miralles\\\/producto\\\/botas-bower-ab-hi-fur-suicoke\\\/#breadcrumb\",\"itemListElement\":[{\"@type\":\"ListItem\",\"position\":1,\"name\":\"Portada\",\"item\":\"https:\\\/\\\/www.marodadesign.es\\\/miralles\\\/\"},{\"@type\":\"ListItem\",\"position\":2,\"name\":\"Tienda\",\"item\":\"https:\\\/\\\/www.marodadesign.es\\\/miralles\\\/tienda\\\/\"},{\"@type\":\"ListItem\",\"position\":3,\"name\":\"BOTAS BOWER-AB-HI-FUR SUICOKE\"}]},{\"@type\":\"WebSite\",\"@id\":\"https:\\\/\\\/www.marodadesign.es\\\/miralles\\\/#website\",\"url\":\"https:\\\/\\\/www.marodadesign.es\\\/miralles\\\/\",\"name\":\"ELEVEN\",\"description\":\"Moda para hombre en Valencia\",\"publisher\":{\"@id\":\"https:\\\/\\\/www.marodadesign.es\\\/miralles\\\/#organization\"},\"potentialAction\":[{\"@type\":\"SearchAction\",\"target\":{\"@type\":\"EntryPoint\",\"urlTemplate\":\"https:\\\/\\\/www.marodadesign.es\\\/miralles\\\/?s={search_term_string}\"},\"query-input\":{\"@type\":\"PropertyValueSpecification\",\"valueRequired\":true,\"valueName\":\"search_term_string\"}}],\"inLanguage\":\"es\"},{\"@type\":\"Organization\",\"@id\":\"https:\\\/\\\/www.marodadesign.es\\\/miralles\\\/#organization\",\"name\":\"Eleven Valencia\",\"alternateName\":\"Eleven\",\"url\":\"https:\\\/\\\/www.marodadesign.es\\\/miralles\\\/\",\"logo\":{\"@type\":\"ImageObject\",\"inLanguage\":\"es\",\"@id\":\"https:\\\/\\\/www.marodadesign.es\\\/miralles\\\/#\\\/schema\\\/logo\\\/image\\\/\",\"url\":\"https:\\\/\\\/www.marodadesign.es\\\/miralles\\\/wp-content\\\/uploads\\\/2023\\\/05\\\/Simbolo-Eleven-Valencia.jpg\",\"contentUrl\":\"https:\\\/\\\/www.marodadesign.es\\\/miralles\\\/wp-content\\\/uploads\\\/2023\\\/05\\\/Simbolo-Eleven-Valencia.jpg\",\"width\":600,\"height\":600,\"caption\":\"Eleven Valencia\"},\"image\":{\"@id\":\"https:\\\/\\\/www.marodadesign.es\\\/miralles\\\/#\\\/schema\\\/logo\\\/image\\\/\"}}]}<\/script>\n<!-- \/ Yoast SEO plugin. -->","yoast_head_json":{"title":"BOTAS BOWER-AB-HI-FUR SUICOKE - ELEVEN","description":"Las botas Bower-ab-Hi-FUR de la firma Suicoke son unas modernas botas revestidas de piel sint\u00e9tica, con un aislamiento 3M Thinsulate.","robots":{"index":"noindex","follow":"follow","max-snippet":"max-snippet:-1","max-image-preview":"max-image-preview:large","max-video-preview":"max-video-preview:-1"},"og_locale":"es_ES","og_type":"article","og_title":"BOTAS BOWER-AB-HI-FUR SUICOKE - ELEVEN","og_description":"Las botas Bower-ab-Hi-FUR de la firma Suicoke son unas modernas botas revestidas de piel sint\u00e9tica, con un aislamiento 3M Thinsulate.","og_url":"https:\/\/www.marodadesign.es\/miralles\/producto\/botas-bower-ab-hi-fur-suicoke\/","og_site_name":"ELEVEN","article_modified_time":"2023-10-27T12:31:14+00:00","og_image":[{"width":1300,"height":1300,"url":"https:\/\/www.marodadesign.es\/miralles\/wp-content\/uploads\/2023\/10\/bower-ab-hi-fur-suicoke-botas-1.jpg","type":"image\/jpeg"}],"twitter_card":"summary_large_image","twitter_misc":{"Tiempo de lectura":"1 minuto"},"schema":{"@context":"https:\/\/schema.org","@graph":[{"@type":"WebPage","@id":"https:\/\/www.marodadesign.es\/miralles\/producto\/botas-bower-ab-hi-fur-suicoke\/","url":"https:\/\/www.marodadesign.es\/miralles\/producto\/botas-bower-ab-hi-fur-suicoke\/","name":"BOTAS BOWER-AB-HI-FUR SUICOKE - ELEVEN","isPartOf":{"@id":"https:\/\/www.marodadesign.es\/miralles\/#website"},"primaryImageOfPage":{"@id":"https:\/\/www.marodadesign.es\/miralles\/producto\/botas-bower-ab-hi-fur-suicoke\/#primaryimage"},"image":{"@id":"https:\/\/www.marodadesign.es\/miralles\/producto\/botas-bower-ab-hi-fur-suicoke\/#primaryimage"},"thumbnailUrl":"https:\/\/www.marodadesign.es\/miralles\/wp-content\/uploads\/2023\/10\/bower-ab-hi-fur-suicoke-botas-1.jpg","datePublished":"2023-10-25T18:48:58+00:00","dateModified":"2023-10-27T12:31:14+00:00","description":"Las botas Bower-ab-Hi-FUR de la firma Suicoke son unas modernas botas revestidas de piel sint\u00e9tica, con un aislamiento 3M Thinsulate.","breadcrumb":{"@id":"https:\/\/www.marodadesign.es\/miralles\/producto\/botas-bower-ab-hi-fur-suicoke\/#breadcrumb"},"inLanguage":"es","potentialAction":[{"@type":"ReadAction","target":["https:\/\/www.marodadesign.es\/miralles\/producto\/botas-bower-ab-hi-fur-suicoke\/"]}]},{"@type":"ImageObject","inLanguage":"es","@id":"https:\/\/www.marodadesign.es\/miralles\/producto\/botas-bower-ab-hi-fur-suicoke\/#primaryimage","url":"https:\/\/www.marodadesign.es\/miralles\/wp-content\/uploads\/2023\/10\/bower-ab-hi-fur-suicoke-botas-1.jpg","contentUrl":"https:\/\/www.marodadesign.es\/miralles\/wp-content\/uploads\/2023\/10\/bower-ab-hi-fur-suicoke-botas-1.jpg","width":1300,"height":1300,"caption":"OG340abHIFUR-BLB Bower ab Hifur Suicoke Botas"},{"@type":"BreadcrumbList","@id":"https:\/\/www.marodadesign.es\/miralles\/producto\/botas-bower-ab-hi-fur-suicoke\/#breadcrumb","itemListElement":[{"@type":"ListItem","position":1,"name":"Portada","item":"https:\/\/www.marodadesign.es\/miralles\/"},{"@type":"ListItem","position":2,"name":"Tienda","item":"https:\/\/www.marodadesign.es\/miralles\/tienda\/"},{"@type":"ListItem","position":3,"name":"BOTAS BOWER-AB-HI-FUR SUICOKE"}]},{"@type":"WebSite","@id":"https:\/\/www.marodadesign.es\/miralles\/#website","url":"https:\/\/www.marodadesign.es\/miralles\/","name":"ELEVEN","description":"Moda para hombre en Valencia","publisher":{"@id":"https:\/\/www.marodadesign.es\/miralles\/#organization"},"potentialAction":[{"@type":"SearchAction","target":{"@type":"EntryPoint","urlTemplate":"https:\/\/www.marodadesign.es\/miralles\/?s={search_term_string}"},"query-input":{"@type":"PropertyValueSpecification","valueRequired":true,"valueName":"search_term_string"}}],"inLanguage":"es"},{"@type":"Organization","@id":"https:\/\/www.marodadesign.es\/miralles\/#organization","name":"Eleven Valencia","alternateName":"Eleven","url":"https:\/\/www.marodadesign.es\/miralles\/","logo":{"@type":"ImageObject","inLanguage":"es","@id":"https:\/\/www.marodadesign.es\/miralles\/#\/schema\/logo\/image\/","url":"https:\/\/www.marodadesign.es\/miralles\/wp-content\/uploads\/2023\/05\/Simbolo-Eleven-Valencia.jpg","contentUrl":"https:\/\/www.marodadesign.es\/miralles\/wp-content\/uploads\/2023\/05\/Simbolo-Eleven-Valencia.jpg","width":600,"height":600,"caption":"Eleven Valencia"},"image":{"@id":"https:\/\/www.marodadesign.es\/miralles\/#\/schema\/logo\/image\/"}}]}},"brands":[{"id":694,"name":"Suicoke","slug":"suicoke"}],"_links":{"self":[{"href":"https:\/\/www.marodadesign.es\/miralles\/wp-json\/wp\/v2\/product\/6521","targetHints":{"allow":["GET"]}}],"collection":[{"href":"https:\/\/www.marodadesign.es\/miralles\/wp-json\/wp\/v2\/product"}],"about":[{"href":"https:\/\/www.marodadesign.es\/miralles\/wp-json\/wp\/v2\/types\/product"}],"wp:featuredmedia":[{"embeddable":true,"href":"https:\/\/www.marodadesign.es\/miralles\/wp-json\/wp\/v2\/media\/6530"}],"wp:attachment":[{"href":"https:\/\/www.marodadesign.es\/miralles\/wp-json\/wp\/v2\/media?parent=6521"}],"wp:term":[{"taxonomy":"pwb-brand","embeddable":true,"href":"https:\/\/www.marodadesign.es\/miralles\/wp-json\/wp\/v2\/pwb-brand?post=6521"},{"taxonomy":"product_brand","embeddable":true,"href":"https:\/\/www.marodadesign.es\/miralles\/wp-json\/wp\/v2\/product_brand?post=6521"},{"taxonomy":"product_cat","embeddable":true,"href":"https:\/\/www.marodadesign.es\/miralles\/wp-json\/wp\/v2\/product_cat?post=6521"},{"taxonomy":"product_tag","embeddable":true,"href":"https:\/\/www.marodadesign.es\/miralles\/wp-json\/wp\/v2\/product_tag?post=6521"}],"curies":[{"name":"wp","href":"https:\/\/api.w.org\/{rel}","templated":true}]}}