{"id":6548,"date":"2023-10-26T12:41:14","date_gmt":"2023-10-26T10:41:14","guid":{"rendered":"https:\/\/www.marodadesign.es\/miralles\/?post_type=product&#038;p=6548"},"modified":"2023-11-13T17:06:49","modified_gmt":"2023-11-13T16:06:49","slug":"zapatillas-katharina-roa","status":"publish","type":"product","link":"https:\/\/www.marodadesign.es\/miralles\/producto\/zapatillas-katharina-roa\/","title":{"rendered":"ZAPATILLAS KATHARINA ROA"},"content":{"rendered":"<p>Las <a href=\"https:\/\/www.marodadesign.es\/miralles\/categoria-producto\/calzado\/zapatillas\/\">zapatillas<\/a> Katharina de la firma<strong><a href=\"https:\/\/www.marodadesign.es\/miralles\/marca\/roa\/\"> Roa<\/a> <\/strong>es un calzado moderno y funcional con una suela <a href=\"https:\/\/www.barrabes.com\/blog\/consejos\/2-10083\/vibram-megagrip-agarre-mojado-durabilidad\"><strong>Vibram\u00ae Megagrip<\/strong><\/a> incorporada y que incluye un dibujo dentado que a\u00f1ade mayor agarre en las superficies m\u00e1s rugosas. Tiene una puntera de goma para garantizar m\u00e1s protecci\u00f3n. Est\u00e1 revestida con un tejido de nailon t\u00e9cnico antiabrasi\u00f3n de gran resistencia. Tiene un cuello acolchado para garantizar una gran comodidad durante su uso y una leng\u00fceta en el tal\u00f3n. Cierre con cordones.<\/p>\n","protected":false},"excerpt":{"rendered":"<p><strong><a href=\"https:\/\/www.marodadesign.es\/miralles\/categoria-producto\/calzado\/zapatillas\/\">Zapatillas<\/a>\u00a0<\/strong> Katharina, una novedad exclusiva de la firma <strong><a href=\"https:\/\/www.marodadesign.es\/miralles\/marca\/roa\/\">Roa<\/a> <\/strong>para la temporada <strong><a href=\"https:\/\/www.marodadesign.es\/miralles\/etiqueta-producto\/otono-invierno-2023\/\">Oto\u00f1o-Invierno 2023<\/a><\/strong>.\u00c9ste calzado es un h\u00edbrido de un cl\u00e1sico zapato alpino italiano con los nuevos procesos en tecnolog\u00eda de calzado moderno. La parte superior est\u00e1 confeccionada en nailon t\u00e9cnico de gran resistencia al medio. Aguanta bien ante fen\u00f3menos como la abrasi\u00f3n para mayor durabilidad.<\/p>\n","protected":false},"featured_media":6559,"template":"","meta":[],"pwb-brand":[700],"product_brand":[],"product_cat":[420,423],"product_tag":[654,434],"class_list":{"0":"post-6548","1":"product","2":"type-product","3":"status-publish","4":"has-post-thumbnail","6":"pwb-brand-roa","7":"product_cat-calzado","8":"product_cat-zapatillas","9":"product_tag-otono-invierno-2023","10":"product_tag-zapatillas","12":"first","13":"instock","14":"sold-individually","15":"taxable","16":"shipping-taxable","17":"purchasable","18":"product-type-variable"},"yoast_head":"<!-- This site is optimized with the Yoast SEO plugin v27.5 - https:\/\/yoast.com\/product\/yoast-seo-wordpress\/ -->\n<title>ZAPATILLAS KATHARINA ROA - ELEVEN<\/title>\n<meta name=\"description\" content=\"Las zapatillas Katharina de la firma Roa es un calzado moderno y funcional con una suela Vibram\u00ae Megagrip incorporada para un mejor agarre y tracci\u00f3n.\" \/>\n<meta name=\"robots\" content=\"noindex, follow, max-snippet:-1, max-image-preview:large, max-video-preview:-1\" \/>\n<meta property=\"og:locale\" content=\"es_ES\" \/>\n<meta property=\"og:type\" content=\"article\" \/>\n<meta property=\"og:title\" content=\"ZAPATILLAS KATHARINA ROA - ELEVEN\" \/>\n<meta property=\"og:description\" content=\"Las zapatillas Katharina de la firma Roa es un calzado moderno y funcional con una suela Vibram\u00ae Megagrip incorporada para un mejor agarre y tracci\u00f3n.\" \/>\n<meta property=\"og:url\" content=\"https:\/\/www.marodadesign.es\/miralles\/producto\/zapatillas-katharina-roa\/\" \/>\n<meta property=\"og:site_name\" content=\"ELEVEN\" \/>\n<meta property=\"article:modified_time\" content=\"2023-11-13T16:06:49+00:00\" \/>\n<meta property=\"og:image\" content=\"https:\/\/www.marodadesign.es\/miralles\/wp-content\/uploads\/2023\/10\/zapatillas-katharina-roa-1.jpg\" \/>\n\t<meta property=\"og:image:width\" content=\"1300\" \/>\n\t<meta property=\"og:image:height\" content=\"1300\" \/>\n\t<meta property=\"og:image:type\" content=\"image\/jpeg\" \/>\n<meta name=\"twitter:card\" content=\"summary_large_image\" \/>\n<meta name=\"twitter:label1\" content=\"Tiempo de lectura\" \/>\n\t<meta name=\"twitter:data1\" content=\"1 minuto\" \/>\n<script type=\"application\/ld+json\" class=\"yoast-schema-graph\">{\"@context\":\"https:\\\/\\\/schema.org\",\"@graph\":[{\"@type\":\"WebPage\",\"@id\":\"https:\\\/\\\/www.marodadesign.es\\\/miralles\\\/producto\\\/zapatillas-katharina-roa\\\/\",\"url\":\"https:\\\/\\\/www.marodadesign.es\\\/miralles\\\/producto\\\/zapatillas-katharina-roa\\\/\",\"name\":\"ZAPATILLAS KATHARINA ROA - ELEVEN\",\"isPartOf\":{\"@id\":\"https:\\\/\\\/www.marodadesign.es\\\/miralles\\\/#website\"},\"primaryImageOfPage\":{\"@id\":\"https:\\\/\\\/www.marodadesign.es\\\/miralles\\\/producto\\\/zapatillas-katharina-roa\\\/#primaryimage\"},\"image\":{\"@id\":\"https:\\\/\\\/www.marodadesign.es\\\/miralles\\\/producto\\\/zapatillas-katharina-roa\\\/#primaryimage\"},\"thumbnailUrl\":\"https:\\\/\\\/www.marodadesign.es\\\/miralles\\\/wp-content\\\/uploads\\\/2023\\\/10\\\/zapatillas-katharina-roa-1.jpg\",\"datePublished\":\"2023-10-26T10:41:14+00:00\",\"dateModified\":\"2023-11-13T16:06:49+00:00\",\"description\":\"Las zapatillas Katharina de la firma Roa es un calzado moderno y funcional con una suela Vibram\u00ae Megagrip incorporada para un mejor agarre y tracci\u00f3n.\",\"breadcrumb\":{\"@id\":\"https:\\\/\\\/www.marodadesign.es\\\/miralles\\\/producto\\\/zapatillas-katharina-roa\\\/#breadcrumb\"},\"inLanguage\":\"es\",\"potentialAction\":[{\"@type\":\"ReadAction\",\"target\":[\"https:\\\/\\\/www.marodadesign.es\\\/miralles\\\/producto\\\/zapatillas-katharina-roa\\\/\"]}]},{\"@type\":\"ImageObject\",\"inLanguage\":\"es\",\"@id\":\"https:\\\/\\\/www.marodadesign.es\\\/miralles\\\/producto\\\/zapatillas-katharina-roa\\\/#primaryimage\",\"url\":\"https:\\\/\\\/www.marodadesign.es\\\/miralles\\\/wp-content\\\/uploads\\\/2023\\\/10\\\/zapatillas-katharina-roa-1.jpg\",\"contentUrl\":\"https:\\\/\\\/www.marodadesign.es\\\/miralles\\\/wp-content\\\/uploads\\\/2023\\\/10\\\/zapatillas-katharina-roa-1.jpg\",\"width\":1300,\"height\":1300,\"caption\":\"KFA10-001 Zapatillas Katharina Roa\"},{\"@type\":\"BreadcrumbList\",\"@id\":\"https:\\\/\\\/www.marodadesign.es\\\/miralles\\\/producto\\\/zapatillas-katharina-roa\\\/#breadcrumb\",\"itemListElement\":[{\"@type\":\"ListItem\",\"position\":1,\"name\":\"Portada\",\"item\":\"https:\\\/\\\/www.marodadesign.es\\\/miralles\\\/\"},{\"@type\":\"ListItem\",\"position\":2,\"name\":\"Tienda\",\"item\":\"https:\\\/\\\/www.marodadesign.es\\\/miralles\\\/tienda\\\/\"},{\"@type\":\"ListItem\",\"position\":3,\"name\":\"ZAPATILLAS KATHARINA ROA\"}]},{\"@type\":\"WebSite\",\"@id\":\"https:\\\/\\\/www.marodadesign.es\\\/miralles\\\/#website\",\"url\":\"https:\\\/\\\/www.marodadesign.es\\\/miralles\\\/\",\"name\":\"ELEVEN\",\"description\":\"Moda para hombre en Valencia\",\"publisher\":{\"@id\":\"https:\\\/\\\/www.marodadesign.es\\\/miralles\\\/#organization\"},\"potentialAction\":[{\"@type\":\"SearchAction\",\"target\":{\"@type\":\"EntryPoint\",\"urlTemplate\":\"https:\\\/\\\/www.marodadesign.es\\\/miralles\\\/?s={search_term_string}\"},\"query-input\":{\"@type\":\"PropertyValueSpecification\",\"valueRequired\":true,\"valueName\":\"search_term_string\"}}],\"inLanguage\":\"es\"},{\"@type\":\"Organization\",\"@id\":\"https:\\\/\\\/www.marodadesign.es\\\/miralles\\\/#organization\",\"name\":\"Eleven Valencia\",\"alternateName\":\"Eleven\",\"url\":\"https:\\\/\\\/www.marodadesign.es\\\/miralles\\\/\",\"logo\":{\"@type\":\"ImageObject\",\"inLanguage\":\"es\",\"@id\":\"https:\\\/\\\/www.marodadesign.es\\\/miralles\\\/#\\\/schema\\\/logo\\\/image\\\/\",\"url\":\"https:\\\/\\\/www.marodadesign.es\\\/miralles\\\/wp-content\\\/uploads\\\/2023\\\/05\\\/Simbolo-Eleven-Valencia.jpg\",\"contentUrl\":\"https:\\\/\\\/www.marodadesign.es\\\/miralles\\\/wp-content\\\/uploads\\\/2023\\\/05\\\/Simbolo-Eleven-Valencia.jpg\",\"width\":600,\"height\":600,\"caption\":\"Eleven Valencia\"},\"image\":{\"@id\":\"https:\\\/\\\/www.marodadesign.es\\\/miralles\\\/#\\\/schema\\\/logo\\\/image\\\/\"}}]}<\/script>\n<!-- \/ Yoast SEO plugin. -->","yoast_head_json":{"title":"ZAPATILLAS KATHARINA ROA - ELEVEN","description":"Las zapatillas Katharina de la firma Roa es un calzado moderno y funcional con una suela Vibram\u00ae Megagrip incorporada para un mejor agarre y tracci\u00f3n.","robots":{"index":"noindex","follow":"follow","max-snippet":"max-snippet:-1","max-image-preview":"max-image-preview:large","max-video-preview":"max-video-preview:-1"},"og_locale":"es_ES","og_type":"article","og_title":"ZAPATILLAS KATHARINA ROA - ELEVEN","og_description":"Las zapatillas Katharina de la firma Roa es un calzado moderno y funcional con una suela Vibram\u00ae Megagrip incorporada para un mejor agarre y tracci\u00f3n.","og_url":"https:\/\/www.marodadesign.es\/miralles\/producto\/zapatillas-katharina-roa\/","og_site_name":"ELEVEN","article_modified_time":"2023-11-13T16:06:49+00:00","og_image":[{"width":1300,"height":1300,"url":"https:\/\/www.marodadesign.es\/miralles\/wp-content\/uploads\/2023\/10\/zapatillas-katharina-roa-1.jpg","type":"image\/jpeg"}],"twitter_card":"summary_large_image","twitter_misc":{"Tiempo de lectura":"1 minuto"},"schema":{"@context":"https:\/\/schema.org","@graph":[{"@type":"WebPage","@id":"https:\/\/www.marodadesign.es\/miralles\/producto\/zapatillas-katharina-roa\/","url":"https:\/\/www.marodadesign.es\/miralles\/producto\/zapatillas-katharina-roa\/","name":"ZAPATILLAS KATHARINA ROA - ELEVEN","isPartOf":{"@id":"https:\/\/www.marodadesign.es\/miralles\/#website"},"primaryImageOfPage":{"@id":"https:\/\/www.marodadesign.es\/miralles\/producto\/zapatillas-katharina-roa\/#primaryimage"},"image":{"@id":"https:\/\/www.marodadesign.es\/miralles\/producto\/zapatillas-katharina-roa\/#primaryimage"},"thumbnailUrl":"https:\/\/www.marodadesign.es\/miralles\/wp-content\/uploads\/2023\/10\/zapatillas-katharina-roa-1.jpg","datePublished":"2023-10-26T10:41:14+00:00","dateModified":"2023-11-13T16:06:49+00:00","description":"Las zapatillas Katharina de la firma Roa es un calzado moderno y funcional con una suela Vibram\u00ae Megagrip incorporada para un mejor agarre y tracci\u00f3n.","breadcrumb":{"@id":"https:\/\/www.marodadesign.es\/miralles\/producto\/zapatillas-katharina-roa\/#breadcrumb"},"inLanguage":"es","potentialAction":[{"@type":"ReadAction","target":["https:\/\/www.marodadesign.es\/miralles\/producto\/zapatillas-katharina-roa\/"]}]},{"@type":"ImageObject","inLanguage":"es","@id":"https:\/\/www.marodadesign.es\/miralles\/producto\/zapatillas-katharina-roa\/#primaryimage","url":"https:\/\/www.marodadesign.es\/miralles\/wp-content\/uploads\/2023\/10\/zapatillas-katharina-roa-1.jpg","contentUrl":"https:\/\/www.marodadesign.es\/miralles\/wp-content\/uploads\/2023\/10\/zapatillas-katharina-roa-1.jpg","width":1300,"height":1300,"caption":"KFA10-001 Zapatillas Katharina Roa"},{"@type":"BreadcrumbList","@id":"https:\/\/www.marodadesign.es\/miralles\/producto\/zapatillas-katharina-roa\/#breadcrumb","itemListElement":[{"@type":"ListItem","position":1,"name":"Portada","item":"https:\/\/www.marodadesign.es\/miralles\/"},{"@type":"ListItem","position":2,"name":"Tienda","item":"https:\/\/www.marodadesign.es\/miralles\/tienda\/"},{"@type":"ListItem","position":3,"name":"ZAPATILLAS KATHARINA ROA"}]},{"@type":"WebSite","@id":"https:\/\/www.marodadesign.es\/miralles\/#website","url":"https:\/\/www.marodadesign.es\/miralles\/","name":"ELEVEN","description":"Moda para hombre en Valencia","publisher":{"@id":"https:\/\/www.marodadesign.es\/miralles\/#organization"},"potentialAction":[{"@type":"SearchAction","target":{"@type":"EntryPoint","urlTemplate":"https:\/\/www.marodadesign.es\/miralles\/?s={search_term_string}"},"query-input":{"@type":"PropertyValueSpecification","valueRequired":true,"valueName":"search_term_string"}}],"inLanguage":"es"},{"@type":"Organization","@id":"https:\/\/www.marodadesign.es\/miralles\/#organization","name":"Eleven Valencia","alternateName":"Eleven","url":"https:\/\/www.marodadesign.es\/miralles\/","logo":{"@type":"ImageObject","inLanguage":"es","@id":"https:\/\/www.marodadesign.es\/miralles\/#\/schema\/logo\/image\/","url":"https:\/\/www.marodadesign.es\/miralles\/wp-content\/uploads\/2023\/05\/Simbolo-Eleven-Valencia.jpg","contentUrl":"https:\/\/www.marodadesign.es\/miralles\/wp-content\/uploads\/2023\/05\/Simbolo-Eleven-Valencia.jpg","width":600,"height":600,"caption":"Eleven Valencia"},"image":{"@id":"https:\/\/www.marodadesign.es\/miralles\/#\/schema\/logo\/image\/"}}]}},"brands":[{"id":700,"name":"Roa","slug":"roa"}],"_links":{"self":[{"href":"https:\/\/www.marodadesign.es\/miralles\/wp-json\/wp\/v2\/product\/6548","targetHints":{"allow":["GET"]}}],"collection":[{"href":"https:\/\/www.marodadesign.es\/miralles\/wp-json\/wp\/v2\/product"}],"about":[{"href":"https:\/\/www.marodadesign.es\/miralles\/wp-json\/wp\/v2\/types\/product"}],"wp:featuredmedia":[{"embeddable":true,"href":"https:\/\/www.marodadesign.es\/miralles\/wp-json\/wp\/v2\/media\/6559"}],"wp:attachment":[{"href":"https:\/\/www.marodadesign.es\/miralles\/wp-json\/wp\/v2\/media?parent=6548"}],"wp:term":[{"taxonomy":"pwb-brand","embeddable":true,"href":"https:\/\/www.marodadesign.es\/miralles\/wp-json\/wp\/v2\/pwb-brand?post=6548"},{"taxonomy":"product_brand","embeddable":true,"href":"https:\/\/www.marodadesign.es\/miralles\/wp-json\/wp\/v2\/product_brand?post=6548"},{"taxonomy":"product_cat","embeddable":true,"href":"https:\/\/www.marodadesign.es\/miralles\/wp-json\/wp\/v2\/product_cat?post=6548"},{"taxonomy":"product_tag","embeddable":true,"href":"https:\/\/www.marodadesign.es\/miralles\/wp-json\/wp\/v2\/product_tag?post=6548"}],"curies":[{"name":"wp","href":"https:\/\/api.w.org\/{rel}","templated":true}]}}