{"id":6664,"date":"2024-03-11T13:34:36","date_gmt":"2024-03-11T12:34:36","guid":{"rendered":"https:\/\/www.marodadesign.es\/miralles\/?post_type=product&#038;p=6664"},"modified":"2024-03-11T13:34:36","modified_gmt":"2024-03-11T12:34:36","slug":"gorra-azul-ny-yankees-new-traditions-9fifty-new-era","status":"publish","type":"product","link":"https:\/\/www.marodadesign.es\/miralles\/producto\/gorra-azul-ny-yankees-new-traditions-9fifty-new-era\/","title":{"rendered":"GORRA AZUL NY YANKEES NEW TRADITIONS 9FIFTY NEW ERA"},"content":{"rendered":"<p><a href=\"https:\/\/www.marodadesign.es\/miralles\/categoria-producto\/accesorios\/gorras\/\">Gorra<\/a> azul NY Yankees New Traditions 9Fifty de <strong><a href=\"https:\/\/www.marodadesign.es\/miralles\/marca\/new-era\/\">New Era<\/a><\/strong>. Esta gorra azul marino est\u00e1 basada en las cl\u00e1sicas gorras de b\u00e9isbol, y ha sido confeccionada en algod\u00f3n suave 100%. Presenta el nombre del equipo en el arco trasero, mientras que porta un logotipo del club en la parte frontal. Incluye una corona estructurada y de gran rigidez. Tiene una tira ajustable con hebilla en la parte trasera y la visera es completamente plana. Lleva un logotipo <strong><a href=\"https:\/\/www.marodadesign.es\/miralles\/marca\/new-era\/\">New Era<\/a><\/strong> bordado en la zona lateral izquierda.<\/p>\n<p><strong>COMPOSICI\u00d3N:<\/strong><\/p>\n<p>100% algod\u00f3n<\/p>\n","protected":false},"excerpt":{"rendered":"<p><strong><a href=\"https:\/\/www.marodadesign.es\/miralles\/categoria-producto\/accesorios\/gorras\/\">Gorra<\/a> azul NY Yankees New Traditions 9Fifty de <a href=\"https:\/\/www.marodadesign.es\/miralles\/marca\/new-era\/\">New Era<\/a>\u00a0<\/strong>para la temporada <strong><a href=\"https:\/\/www.marodadesign.es\/miralles\/etiqueta-producto\/otono-invierno-2023\/\">Oto\u00f1o-Invierno 2023<\/a><\/strong>. Este accesorio ha sido confeccionado en algod\u00f3n 100% y est\u00e1 customizado con el logo del club en la parte frontal y el nombre del equipo en el arco trasero. Presenta una insignia <strong><a href=\"https:\/\/www.neweracap.eu\/es-es\/\">New Era<\/a><\/strong> en el lateral izquierdo. Tira ajustable en la parte trasera y corona estructurada de gran dureza.<\/p>\n","protected":false},"featured_media":6668,"template":"","meta":[],"pwb-brand":[701],"product_brand":[],"product_cat":[215,335],"product_tag":[339,702,654],"class_list":{"0":"post-6664","1":"product","2":"type-product","3":"status-publish","4":"has-post-thumbnail","6":"pwb-brand-new-era","7":"product_cat-accesorios","8":"product_cat-gorras","9":"product_tag-gorra","10":"product_tag-mujer","11":"product_tag-otono-invierno-2023","13":"first","14":"instock","15":"featured","16":"sold-individually","17":"taxable","18":"shipping-taxable","19":"purchasable","20":"product-type-variable"},"yoast_head":"<!-- This site is optimized with the Yoast SEO plugin v27.5 - https:\/\/yoast.com\/product\/yoast-seo-wordpress\/ -->\n<title>GORRA AZUL NY YANKEES NEW TRADITIONS 9FIFTY NEW ERA - ELEVEN<\/title>\n<meta name=\"description\" content=\"Gorra azul NY Yankees New Traditions 9Fifty de New Era. Esta gorra azul marino ha sido confeccionada en algod\u00f3n suave 100%.\" \/>\n<meta name=\"robots\" content=\"noindex, follow, max-snippet:-1, max-image-preview:large, max-video-preview:-1\" \/>\n<meta property=\"og:locale\" content=\"es_ES\" \/>\n<meta property=\"og:type\" content=\"article\" \/>\n<meta property=\"og:title\" content=\"GORRA AZUL NY YANKEES NEW TRADITIONS 9FIFTY NEW ERA - ELEVEN\" \/>\n<meta property=\"og:description\" content=\"Gorra azul NY Yankees New Traditions 9Fifty de New Era. Esta gorra azul marino ha sido confeccionada en algod\u00f3n suave 100%.\" \/>\n<meta property=\"og:url\" content=\"https:\/\/www.marodadesign.es\/miralles\/producto\/gorra-azul-ny-yankees-new-traditions-9fifty-new-era\/\" \/>\n<meta property=\"og:site_name\" content=\"ELEVEN\" \/>\n<meta property=\"og:image\" content=\"https:\/\/www.marodadesign.es\/miralles\/wp-content\/uploads\/2023\/10\/gorra-azul-new-york-yankees-new-traditions-9fifty-snapback-new-era-1.jpg\" \/>\n\t<meta property=\"og:image:width\" content=\"1300\" \/>\n\t<meta property=\"og:image:height\" content=\"1300\" \/>\n\t<meta property=\"og:image:type\" content=\"image\/jpeg\" \/>\n<meta name=\"twitter:card\" content=\"summary_large_image\" \/>\n<meta name=\"twitter:label1\" content=\"Tiempo de lectura\" \/>\n\t<meta name=\"twitter:data1\" content=\"1 minuto\" \/>\n<script type=\"application\/ld+json\" class=\"yoast-schema-graph\">{\"@context\":\"https:\\\/\\\/schema.org\",\"@graph\":[{\"@type\":\"WebPage\",\"@id\":\"https:\\\/\\\/www.marodadesign.es\\\/miralles\\\/producto\\\/gorra-azul-ny-yankees-new-traditions-9fifty-new-era\\\/\",\"url\":\"https:\\\/\\\/www.marodadesign.es\\\/miralles\\\/producto\\\/gorra-azul-ny-yankees-new-traditions-9fifty-new-era\\\/\",\"name\":\"GORRA AZUL NY YANKEES NEW TRADITIONS 9FIFTY NEW ERA - ELEVEN\",\"isPartOf\":{\"@id\":\"https:\\\/\\\/www.marodadesign.es\\\/miralles\\\/#website\"},\"primaryImageOfPage\":{\"@id\":\"https:\\\/\\\/www.marodadesign.es\\\/miralles\\\/producto\\\/gorra-azul-ny-yankees-new-traditions-9fifty-new-era\\\/#primaryimage\"},\"image\":{\"@id\":\"https:\\\/\\\/www.marodadesign.es\\\/miralles\\\/producto\\\/gorra-azul-ny-yankees-new-traditions-9fifty-new-era\\\/#primaryimage\"},\"thumbnailUrl\":\"https:\\\/\\\/www.marodadesign.es\\\/miralles\\\/wp-content\\\/uploads\\\/2023\\\/10\\\/gorra-azul-new-york-yankees-new-traditions-9fifty-snapback-new-era-1.jpg\",\"datePublished\":\"2024-03-11T12:34:36+00:00\",\"description\":\"Gorra azul NY Yankees New Traditions 9Fifty de New Era. Esta gorra azul marino ha sido confeccionada en algod\u00f3n suave 100%.\",\"breadcrumb\":{\"@id\":\"https:\\\/\\\/www.marodadesign.es\\\/miralles\\\/producto\\\/gorra-azul-ny-yankees-new-traditions-9fifty-new-era\\\/#breadcrumb\"},\"inLanguage\":\"es\",\"potentialAction\":[{\"@type\":\"ReadAction\",\"target\":[\"https:\\\/\\\/www.marodadesign.es\\\/miralles\\\/producto\\\/gorra-azul-ny-yankees-new-traditions-9fifty-new-era\\\/\"]}]},{\"@type\":\"ImageObject\",\"inLanguage\":\"es\",\"@id\":\"https:\\\/\\\/www.marodadesign.es\\\/miralles\\\/producto\\\/gorra-azul-ny-yankees-new-traditions-9fifty-new-era\\\/#primaryimage\",\"url\":\"https:\\\/\\\/www.marodadesign.es\\\/miralles\\\/wp-content\\\/uploads\\\/2023\\\/10\\\/gorra-azul-new-york-yankees-new-traditions-9fifty-snapback-new-era-1.jpg\",\"contentUrl\":\"https:\\\/\\\/www.marodadesign.es\\\/miralles\\\/wp-content\\\/uploads\\\/2023\\\/10\\\/gorra-azul-new-york-yankees-new-traditions-9fifty-snapback-new-era-1.jpg\",\"width\":1300,\"height\":1300,\"caption\":\"60424753-Gorra Azul New York Yankees New Traditions New Era\"},{\"@type\":\"BreadcrumbList\",\"@id\":\"https:\\\/\\\/www.marodadesign.es\\\/miralles\\\/producto\\\/gorra-azul-ny-yankees-new-traditions-9fifty-new-era\\\/#breadcrumb\",\"itemListElement\":[{\"@type\":\"ListItem\",\"position\":1,\"name\":\"Portada\",\"item\":\"https:\\\/\\\/www.marodadesign.es\\\/miralles\\\/\"},{\"@type\":\"ListItem\",\"position\":2,\"name\":\"Tienda\",\"item\":\"https:\\\/\\\/www.marodadesign.es\\\/miralles\\\/tienda\\\/\"},{\"@type\":\"ListItem\",\"position\":3,\"name\":\"GORRA AZUL NY YANKEES NEW TRADITIONS 9FIFTY NEW ERA\"}]},{\"@type\":\"WebSite\",\"@id\":\"https:\\\/\\\/www.marodadesign.es\\\/miralles\\\/#website\",\"url\":\"https:\\\/\\\/www.marodadesign.es\\\/miralles\\\/\",\"name\":\"ELEVEN\",\"description\":\"Moda para hombre en Valencia\",\"publisher\":{\"@id\":\"https:\\\/\\\/www.marodadesign.es\\\/miralles\\\/#organization\"},\"potentialAction\":[{\"@type\":\"SearchAction\",\"target\":{\"@type\":\"EntryPoint\",\"urlTemplate\":\"https:\\\/\\\/www.marodadesign.es\\\/miralles\\\/?s={search_term_string}\"},\"query-input\":{\"@type\":\"PropertyValueSpecification\",\"valueRequired\":true,\"valueName\":\"search_term_string\"}}],\"inLanguage\":\"es\"},{\"@type\":\"Organization\",\"@id\":\"https:\\\/\\\/www.marodadesign.es\\\/miralles\\\/#organization\",\"name\":\"Eleven Valencia\",\"alternateName\":\"Eleven\",\"url\":\"https:\\\/\\\/www.marodadesign.es\\\/miralles\\\/\",\"logo\":{\"@type\":\"ImageObject\",\"inLanguage\":\"es\",\"@id\":\"https:\\\/\\\/www.marodadesign.es\\\/miralles\\\/#\\\/schema\\\/logo\\\/image\\\/\",\"url\":\"https:\\\/\\\/www.marodadesign.es\\\/miralles\\\/wp-content\\\/uploads\\\/2023\\\/05\\\/Simbolo-Eleven-Valencia.jpg\",\"contentUrl\":\"https:\\\/\\\/www.marodadesign.es\\\/miralles\\\/wp-content\\\/uploads\\\/2023\\\/05\\\/Simbolo-Eleven-Valencia.jpg\",\"width\":600,\"height\":600,\"caption\":\"Eleven Valencia\"},\"image\":{\"@id\":\"https:\\\/\\\/www.marodadesign.es\\\/miralles\\\/#\\\/schema\\\/logo\\\/image\\\/\"}}]}<\/script>\n<!-- \/ Yoast SEO plugin. -->","yoast_head_json":{"title":"GORRA AZUL NY YANKEES NEW TRADITIONS 9FIFTY NEW ERA - ELEVEN","description":"Gorra azul NY Yankees New Traditions 9Fifty de New Era. Esta gorra azul marino ha sido confeccionada en algod\u00f3n suave 100%.","robots":{"index":"noindex","follow":"follow","max-snippet":"max-snippet:-1","max-image-preview":"max-image-preview:large","max-video-preview":"max-video-preview:-1"},"og_locale":"es_ES","og_type":"article","og_title":"GORRA AZUL NY YANKEES NEW TRADITIONS 9FIFTY NEW ERA - ELEVEN","og_description":"Gorra azul NY Yankees New Traditions 9Fifty de New Era. Esta gorra azul marino ha sido confeccionada en algod\u00f3n suave 100%.","og_url":"https:\/\/www.marodadesign.es\/miralles\/producto\/gorra-azul-ny-yankees-new-traditions-9fifty-new-era\/","og_site_name":"ELEVEN","og_image":[{"width":1300,"height":1300,"url":"https:\/\/www.marodadesign.es\/miralles\/wp-content\/uploads\/2023\/10\/gorra-azul-new-york-yankees-new-traditions-9fifty-snapback-new-era-1.jpg","type":"image\/jpeg"}],"twitter_card":"summary_large_image","twitter_misc":{"Tiempo de lectura":"1 minuto"},"schema":{"@context":"https:\/\/schema.org","@graph":[{"@type":"WebPage","@id":"https:\/\/www.marodadesign.es\/miralles\/producto\/gorra-azul-ny-yankees-new-traditions-9fifty-new-era\/","url":"https:\/\/www.marodadesign.es\/miralles\/producto\/gorra-azul-ny-yankees-new-traditions-9fifty-new-era\/","name":"GORRA AZUL NY YANKEES NEW TRADITIONS 9FIFTY NEW ERA - ELEVEN","isPartOf":{"@id":"https:\/\/www.marodadesign.es\/miralles\/#website"},"primaryImageOfPage":{"@id":"https:\/\/www.marodadesign.es\/miralles\/producto\/gorra-azul-ny-yankees-new-traditions-9fifty-new-era\/#primaryimage"},"image":{"@id":"https:\/\/www.marodadesign.es\/miralles\/producto\/gorra-azul-ny-yankees-new-traditions-9fifty-new-era\/#primaryimage"},"thumbnailUrl":"https:\/\/www.marodadesign.es\/miralles\/wp-content\/uploads\/2023\/10\/gorra-azul-new-york-yankees-new-traditions-9fifty-snapback-new-era-1.jpg","datePublished":"2024-03-11T12:34:36+00:00","description":"Gorra azul NY Yankees New Traditions 9Fifty de New Era. Esta gorra azul marino ha sido confeccionada en algod\u00f3n suave 100%.","breadcrumb":{"@id":"https:\/\/www.marodadesign.es\/miralles\/producto\/gorra-azul-ny-yankees-new-traditions-9fifty-new-era\/#breadcrumb"},"inLanguage":"es","potentialAction":[{"@type":"ReadAction","target":["https:\/\/www.marodadesign.es\/miralles\/producto\/gorra-azul-ny-yankees-new-traditions-9fifty-new-era\/"]}]},{"@type":"ImageObject","inLanguage":"es","@id":"https:\/\/www.marodadesign.es\/miralles\/producto\/gorra-azul-ny-yankees-new-traditions-9fifty-new-era\/#primaryimage","url":"https:\/\/www.marodadesign.es\/miralles\/wp-content\/uploads\/2023\/10\/gorra-azul-new-york-yankees-new-traditions-9fifty-snapback-new-era-1.jpg","contentUrl":"https:\/\/www.marodadesign.es\/miralles\/wp-content\/uploads\/2023\/10\/gorra-azul-new-york-yankees-new-traditions-9fifty-snapback-new-era-1.jpg","width":1300,"height":1300,"caption":"60424753-Gorra Azul New York Yankees New Traditions New Era"},{"@type":"BreadcrumbList","@id":"https:\/\/www.marodadesign.es\/miralles\/producto\/gorra-azul-ny-yankees-new-traditions-9fifty-new-era\/#breadcrumb","itemListElement":[{"@type":"ListItem","position":1,"name":"Portada","item":"https:\/\/www.marodadesign.es\/miralles\/"},{"@type":"ListItem","position":2,"name":"Tienda","item":"https:\/\/www.marodadesign.es\/miralles\/tienda\/"},{"@type":"ListItem","position":3,"name":"GORRA AZUL NY YANKEES NEW TRADITIONS 9FIFTY NEW ERA"}]},{"@type":"WebSite","@id":"https:\/\/www.marodadesign.es\/miralles\/#website","url":"https:\/\/www.marodadesign.es\/miralles\/","name":"ELEVEN","description":"Moda para hombre en Valencia","publisher":{"@id":"https:\/\/www.marodadesign.es\/miralles\/#organization"},"potentialAction":[{"@type":"SearchAction","target":{"@type":"EntryPoint","urlTemplate":"https:\/\/www.marodadesign.es\/miralles\/?s={search_term_string}"},"query-input":{"@type":"PropertyValueSpecification","valueRequired":true,"valueName":"search_term_string"}}],"inLanguage":"es"},{"@type":"Organization","@id":"https:\/\/www.marodadesign.es\/miralles\/#organization","name":"Eleven Valencia","alternateName":"Eleven","url":"https:\/\/www.marodadesign.es\/miralles\/","logo":{"@type":"ImageObject","inLanguage":"es","@id":"https:\/\/www.marodadesign.es\/miralles\/#\/schema\/logo\/image\/","url":"https:\/\/www.marodadesign.es\/miralles\/wp-content\/uploads\/2023\/05\/Simbolo-Eleven-Valencia.jpg","contentUrl":"https:\/\/www.marodadesign.es\/miralles\/wp-content\/uploads\/2023\/05\/Simbolo-Eleven-Valencia.jpg","width":600,"height":600,"caption":"Eleven Valencia"},"image":{"@id":"https:\/\/www.marodadesign.es\/miralles\/#\/schema\/logo\/image\/"}}]}},"brands":[{"id":701,"name":"New Era","slug":"new-era"}],"_links":{"self":[{"href":"https:\/\/www.marodadesign.es\/miralles\/wp-json\/wp\/v2\/product\/6664","targetHints":{"allow":["GET"]}}],"collection":[{"href":"https:\/\/www.marodadesign.es\/miralles\/wp-json\/wp\/v2\/product"}],"about":[{"href":"https:\/\/www.marodadesign.es\/miralles\/wp-json\/wp\/v2\/types\/product"}],"wp:featuredmedia":[{"embeddable":true,"href":"https:\/\/www.marodadesign.es\/miralles\/wp-json\/wp\/v2\/media\/6668"}],"wp:attachment":[{"href":"https:\/\/www.marodadesign.es\/miralles\/wp-json\/wp\/v2\/media?parent=6664"}],"wp:term":[{"taxonomy":"pwb-brand","embeddable":true,"href":"https:\/\/www.marodadesign.es\/miralles\/wp-json\/wp\/v2\/pwb-brand?post=6664"},{"taxonomy":"product_brand","embeddable":true,"href":"https:\/\/www.marodadesign.es\/miralles\/wp-json\/wp\/v2\/product_brand?post=6664"},{"taxonomy":"product_cat","embeddable":true,"href":"https:\/\/www.marodadesign.es\/miralles\/wp-json\/wp\/v2\/product_cat?post=6664"},{"taxonomy":"product_tag","embeddable":true,"href":"https:\/\/www.marodadesign.es\/miralles\/wp-json\/wp\/v2\/product_tag?post=6664"}],"curies":[{"name":"wp","href":"https:\/\/api.w.org\/{rel}","templated":true}]}}