{"id":7154,"date":"2024-03-11T13:34:29","date_gmt":"2024-03-11T12:34:29","guid":{"rendered":"https:\/\/www.marodadesign.es\/miralles\/?post_type=product&#038;p=7154"},"modified":"2024-03-11T13:34:29","modified_gmt":"2024-03-11T12:34:29","slug":"sudadera-con-capucha-graphic-french-terry-y-3","status":"publish","type":"product","link":"https:\/\/www.marodadesign.es\/miralles\/producto\/sudadera-con-capucha-graphic-french-terry-y-3\/","title":{"rendered":"SUDADERA CON CAPUCHA GRAPHIC FRENCH TERRY Y-3"},"content":{"rendered":"<p><strong><a href=\"https:\/\/www.marodadesign.es\/miralles\/categoria-producto\/ropa\/sudaderas\/\">La sudadera<\/a> con capucha Graphic French Terry de<\/strong> <a href=\"https:\/\/www.marodadesign.es\/miralles\/marca\/y-3\/\"><strong> Y-3 <\/strong><\/a> combina perfectamente el estilo de Yohji Yamamoto con el deporte. La ca\u00edda holgada de la prenda aporta un punto de vista informal. Destaca mucho la suavidad al tacto y la comodidad durante su uso, convirtiendo este art\u00edculo en un producto premium. La <strong><a href=\"https:\/\/www.marodadesign.es\/miralles\/categoria-producto\/ropa\/sudaderas\/\">sudadera<\/a><\/strong> tiene un parche gr\u00e1fico <a href=\"https:\/\/www.marodadesign.es\/miralles\/marca\/y-3\/\"><strong>Y-3<\/strong><\/a> incorporado e incluye capucha ajustable. Se han usado materiales naturales y renovables. El cierre frontal es con botones a presi\u00f3n, y el dobladillo y los pu\u00f1os son acanalados. Confeccionado con rizo de algod\u00f3n 100 % org\u00e1nico.<\/p>\n<p><strong>Instrucciones de lavado:<\/strong><br \/>\n-No usa blanqueador<br \/>\n-No secar en secadora<br \/>\n-No lavar en seco<br \/>\n-Retocar con plancha fr\u00eda<br \/>\n-Lavar a m\u00e1quina en ciclo delicado con agua fr\u00eda.<\/p>\n<p><strong>Informaci\u00f3n de cuidados:<\/strong><br \/>\n-No planchar la impresi\u00f3n<br \/>\n-Utilice un detergente suave<br \/>\n-Retire los accesorios desmontables antes de lavar<br \/>\n-Lavar del rev\u00e9s con colores similares.<\/p>\n","protected":false},"excerpt":{"rendered":"<p><strong><a href=\"https:\/\/www.marodadesign.es\/miralles\/categoria-producto\/ropa\/sudaderas\/\">Sudadera<\/a> con capucha Graphic French Terry de <a href=\"https:\/\/www.marodadesign.es\/miralles\/marca\/y-3\/\"> Y-3<\/a><\/strong>, para la temporada para \u00e9sta temporada <strong><a href=\"https:\/\/www.marodadesign.es\/miralles\/etiqueta-producto\/otono-invierno-2023\/\">Oto\u00f1o-Invierno 2023<\/a><\/strong>.\u00a0 Es una prenda que combina moda con deporte, con el estilo personal de Yohji Yamamoto. Incluye un parche grande en la parte izquierda de Y-3. Incluye un cierre abotonado, y una capucha ajustable.<\/p>\n","protected":false},"featured_media":7160,"template":"","meta":[],"pwb-brand":[163],"product_brand":[],"product_cat":[168,238],"product_tag":[654,239,452,705],"class_list":{"0":"post-7154","1":"product","2":"type-product","3":"status-publish","4":"has-post-thumbnail","6":"pwb-brand-y-3","7":"product_cat-ropa","8":"product_cat-sudaderas","9":"product_tag-otono-invierno-2023","10":"product_tag-sudadera","11":"product_tag-y-3","12":"product_tag-y-3-otono-invierno-23","14":"first","15":"instock","16":"featured","17":"sold-individually","18":"taxable","19":"shipping-taxable","20":"purchasable","21":"product-type-variable"},"yoast_head":"<!-- This site is optimized with the Yoast SEO plugin v27.5 - https:\/\/yoast.com\/product\/yoast-seo-wordpress\/ -->\n<title>SUDADERA CON CAPUCHA GRAPHIC FRENCH TERRY Y-3 - ELEVEN<\/title>\n<meta name=\"description\" content=\"La sudadera con capucha con cord\u00f3n Graphic French Terry de Y-3 combina perfectamente el estilo de Yohji Yamamoto con el deporte.\" \/>\n<meta name=\"robots\" content=\"noindex, follow, max-snippet:-1, max-image-preview:large, max-video-preview:-1\" \/>\n<meta property=\"og:locale\" content=\"es_ES\" \/>\n<meta property=\"og:type\" content=\"article\" \/>\n<meta property=\"og:title\" content=\"SUDADERA CON CAPUCHA GRAPHIC FRENCH TERRY Y-3 - ELEVEN\" \/>\n<meta property=\"og:description\" content=\"La sudadera con capucha con cord\u00f3n Graphic French Terry de Y-3 combina perfectamente el estilo de Yohji Yamamoto con el deporte.\" \/>\n<meta property=\"og:url\" content=\"https:\/\/www.marodadesign.es\/miralles\/producto\/sudadera-con-capucha-graphic-french-terry-y-3\/\" \/>\n<meta property=\"og:site_name\" content=\"ELEVEN\" \/>\n<meta property=\"og:image\" content=\"https:\/\/www.marodadesign.es\/miralles\/wp-content\/uploads\/2023\/11\/Sudadera-con-Capucha-Graphic-French-Terry-Y-3.jpg\" \/>\n\t<meta property=\"og:image:width\" content=\"1300\" \/>\n\t<meta property=\"og:image:height\" content=\"1300\" \/>\n\t<meta property=\"og:image:type\" content=\"image\/jpeg\" \/>\n<meta name=\"twitter:card\" content=\"summary_large_image\" \/>\n<meta name=\"twitter:label1\" content=\"Tiempo de lectura\" \/>\n\t<meta name=\"twitter:data1\" content=\"1 minuto\" \/>\n<script type=\"application\/ld+json\" class=\"yoast-schema-graph\">{\"@context\":\"https:\\\/\\\/schema.org\",\"@graph\":[{\"@type\":\"WebPage\",\"@id\":\"https:\\\/\\\/www.marodadesign.es\\\/miralles\\\/producto\\\/sudadera-con-capucha-graphic-french-terry-y-3\\\/\",\"url\":\"https:\\\/\\\/www.marodadesign.es\\\/miralles\\\/producto\\\/sudadera-con-capucha-graphic-french-terry-y-3\\\/\",\"name\":\"SUDADERA CON CAPUCHA GRAPHIC FRENCH TERRY Y-3 - ELEVEN\",\"isPartOf\":{\"@id\":\"https:\\\/\\\/www.marodadesign.es\\\/miralles\\\/#website\"},\"primaryImageOfPage\":{\"@id\":\"https:\\\/\\\/www.marodadesign.es\\\/miralles\\\/producto\\\/sudadera-con-capucha-graphic-french-terry-y-3\\\/#primaryimage\"},\"image\":{\"@id\":\"https:\\\/\\\/www.marodadesign.es\\\/miralles\\\/producto\\\/sudadera-con-capucha-graphic-french-terry-y-3\\\/#primaryimage\"},\"thumbnailUrl\":\"https:\\\/\\\/www.marodadesign.es\\\/miralles\\\/wp-content\\\/uploads\\\/2023\\\/11\\\/Sudadera-con-Capucha-Graphic-French-Terry-Y-3.jpg\",\"datePublished\":\"2024-03-11T12:34:29+00:00\",\"description\":\"La sudadera con capucha con cord\u00f3n Graphic French Terry de Y-3 combina perfectamente el estilo de Yohji Yamamoto con el deporte.\",\"breadcrumb\":{\"@id\":\"https:\\\/\\\/www.marodadesign.es\\\/miralles\\\/producto\\\/sudadera-con-capucha-graphic-french-terry-y-3\\\/#breadcrumb\"},\"inLanguage\":\"es\",\"potentialAction\":[{\"@type\":\"ReadAction\",\"target\":[\"https:\\\/\\\/www.marodadesign.es\\\/miralles\\\/producto\\\/sudadera-con-capucha-graphic-french-terry-y-3\\\/\"]}]},{\"@type\":\"ImageObject\",\"inLanguage\":\"es\",\"@id\":\"https:\\\/\\\/www.marodadesign.es\\\/miralles\\\/producto\\\/sudadera-con-capucha-graphic-french-terry-y-3\\\/#primaryimage\",\"url\":\"https:\\\/\\\/www.marodadesign.es\\\/miralles\\\/wp-content\\\/uploads\\\/2023\\\/11\\\/Sudadera-con-Capucha-Graphic-French-Terry-Y-3.jpg\",\"contentUrl\":\"https:\\\/\\\/www.marodadesign.es\\\/miralles\\\/wp-content\\\/uploads\\\/2023\\\/11\\\/Sudadera-con-Capucha-Graphic-French-Terry-Y-3.jpg\",\"width\":1300,\"height\":1300,\"caption\":\"IQ2135-Sudadera con capucha Graphic French Terry Y-3\"},{\"@type\":\"BreadcrumbList\",\"@id\":\"https:\\\/\\\/www.marodadesign.es\\\/miralles\\\/producto\\\/sudadera-con-capucha-graphic-french-terry-y-3\\\/#breadcrumb\",\"itemListElement\":[{\"@type\":\"ListItem\",\"position\":1,\"name\":\"Portada\",\"item\":\"https:\\\/\\\/www.marodadesign.es\\\/miralles\\\/\"},{\"@type\":\"ListItem\",\"position\":2,\"name\":\"Tienda\",\"item\":\"https:\\\/\\\/www.marodadesign.es\\\/miralles\\\/tienda\\\/\"},{\"@type\":\"ListItem\",\"position\":3,\"name\":\"SUDADERA CON CAPUCHA GRAPHIC FRENCH TERRY Y-3\"}]},{\"@type\":\"WebSite\",\"@id\":\"https:\\\/\\\/www.marodadesign.es\\\/miralles\\\/#website\",\"url\":\"https:\\\/\\\/www.marodadesign.es\\\/miralles\\\/\",\"name\":\"ELEVEN\",\"description\":\"Moda para hombre en Valencia\",\"publisher\":{\"@id\":\"https:\\\/\\\/www.marodadesign.es\\\/miralles\\\/#organization\"},\"potentialAction\":[{\"@type\":\"SearchAction\",\"target\":{\"@type\":\"EntryPoint\",\"urlTemplate\":\"https:\\\/\\\/www.marodadesign.es\\\/miralles\\\/?s={search_term_string}\"},\"query-input\":{\"@type\":\"PropertyValueSpecification\",\"valueRequired\":true,\"valueName\":\"search_term_string\"}}],\"inLanguage\":\"es\"},{\"@type\":\"Organization\",\"@id\":\"https:\\\/\\\/www.marodadesign.es\\\/miralles\\\/#organization\",\"name\":\"Eleven Valencia\",\"alternateName\":\"Eleven\",\"url\":\"https:\\\/\\\/www.marodadesign.es\\\/miralles\\\/\",\"logo\":{\"@type\":\"ImageObject\",\"inLanguage\":\"es\",\"@id\":\"https:\\\/\\\/www.marodadesign.es\\\/miralles\\\/#\\\/schema\\\/logo\\\/image\\\/\",\"url\":\"https:\\\/\\\/www.marodadesign.es\\\/miralles\\\/wp-content\\\/uploads\\\/2023\\\/05\\\/Simbolo-Eleven-Valencia.jpg\",\"contentUrl\":\"https:\\\/\\\/www.marodadesign.es\\\/miralles\\\/wp-content\\\/uploads\\\/2023\\\/05\\\/Simbolo-Eleven-Valencia.jpg\",\"width\":600,\"height\":600,\"caption\":\"Eleven Valencia\"},\"image\":{\"@id\":\"https:\\\/\\\/www.marodadesign.es\\\/miralles\\\/#\\\/schema\\\/logo\\\/image\\\/\"}}]}<\/script>\n<!-- \/ Yoast SEO plugin. -->","yoast_head_json":{"title":"SUDADERA CON CAPUCHA GRAPHIC FRENCH TERRY Y-3 - ELEVEN","description":"La sudadera con capucha con cord\u00f3n Graphic French Terry de Y-3 combina perfectamente el estilo de Yohji Yamamoto con el deporte.","robots":{"index":"noindex","follow":"follow","max-snippet":"max-snippet:-1","max-image-preview":"max-image-preview:large","max-video-preview":"max-video-preview:-1"},"og_locale":"es_ES","og_type":"article","og_title":"SUDADERA CON CAPUCHA GRAPHIC FRENCH TERRY Y-3 - ELEVEN","og_description":"La sudadera con capucha con cord\u00f3n Graphic French Terry de Y-3 combina perfectamente el estilo de Yohji Yamamoto con el deporte.","og_url":"https:\/\/www.marodadesign.es\/miralles\/producto\/sudadera-con-capucha-graphic-french-terry-y-3\/","og_site_name":"ELEVEN","og_image":[{"width":1300,"height":1300,"url":"https:\/\/www.marodadesign.es\/miralles\/wp-content\/uploads\/2023\/11\/Sudadera-con-Capucha-Graphic-French-Terry-Y-3.jpg","type":"image\/jpeg"}],"twitter_card":"summary_large_image","twitter_misc":{"Tiempo de lectura":"1 minuto"},"schema":{"@context":"https:\/\/schema.org","@graph":[{"@type":"WebPage","@id":"https:\/\/www.marodadesign.es\/miralles\/producto\/sudadera-con-capucha-graphic-french-terry-y-3\/","url":"https:\/\/www.marodadesign.es\/miralles\/producto\/sudadera-con-capucha-graphic-french-terry-y-3\/","name":"SUDADERA CON CAPUCHA GRAPHIC FRENCH TERRY Y-3 - ELEVEN","isPartOf":{"@id":"https:\/\/www.marodadesign.es\/miralles\/#website"},"primaryImageOfPage":{"@id":"https:\/\/www.marodadesign.es\/miralles\/producto\/sudadera-con-capucha-graphic-french-terry-y-3\/#primaryimage"},"image":{"@id":"https:\/\/www.marodadesign.es\/miralles\/producto\/sudadera-con-capucha-graphic-french-terry-y-3\/#primaryimage"},"thumbnailUrl":"https:\/\/www.marodadesign.es\/miralles\/wp-content\/uploads\/2023\/11\/Sudadera-con-Capucha-Graphic-French-Terry-Y-3.jpg","datePublished":"2024-03-11T12:34:29+00:00","description":"La sudadera con capucha con cord\u00f3n Graphic French Terry de Y-3 combina perfectamente el estilo de Yohji Yamamoto con el deporte.","breadcrumb":{"@id":"https:\/\/www.marodadesign.es\/miralles\/producto\/sudadera-con-capucha-graphic-french-terry-y-3\/#breadcrumb"},"inLanguage":"es","potentialAction":[{"@type":"ReadAction","target":["https:\/\/www.marodadesign.es\/miralles\/producto\/sudadera-con-capucha-graphic-french-terry-y-3\/"]}]},{"@type":"ImageObject","inLanguage":"es","@id":"https:\/\/www.marodadesign.es\/miralles\/producto\/sudadera-con-capucha-graphic-french-terry-y-3\/#primaryimage","url":"https:\/\/www.marodadesign.es\/miralles\/wp-content\/uploads\/2023\/11\/Sudadera-con-Capucha-Graphic-French-Terry-Y-3.jpg","contentUrl":"https:\/\/www.marodadesign.es\/miralles\/wp-content\/uploads\/2023\/11\/Sudadera-con-Capucha-Graphic-French-Terry-Y-3.jpg","width":1300,"height":1300,"caption":"IQ2135-Sudadera con capucha Graphic French Terry Y-3"},{"@type":"BreadcrumbList","@id":"https:\/\/www.marodadesign.es\/miralles\/producto\/sudadera-con-capucha-graphic-french-terry-y-3\/#breadcrumb","itemListElement":[{"@type":"ListItem","position":1,"name":"Portada","item":"https:\/\/www.marodadesign.es\/miralles\/"},{"@type":"ListItem","position":2,"name":"Tienda","item":"https:\/\/www.marodadesign.es\/miralles\/tienda\/"},{"@type":"ListItem","position":3,"name":"SUDADERA CON CAPUCHA GRAPHIC FRENCH TERRY Y-3"}]},{"@type":"WebSite","@id":"https:\/\/www.marodadesign.es\/miralles\/#website","url":"https:\/\/www.marodadesign.es\/miralles\/","name":"ELEVEN","description":"Moda para hombre en Valencia","publisher":{"@id":"https:\/\/www.marodadesign.es\/miralles\/#organization"},"potentialAction":[{"@type":"SearchAction","target":{"@type":"EntryPoint","urlTemplate":"https:\/\/www.marodadesign.es\/miralles\/?s={search_term_string}"},"query-input":{"@type":"PropertyValueSpecification","valueRequired":true,"valueName":"search_term_string"}}],"inLanguage":"es"},{"@type":"Organization","@id":"https:\/\/www.marodadesign.es\/miralles\/#organization","name":"Eleven Valencia","alternateName":"Eleven","url":"https:\/\/www.marodadesign.es\/miralles\/","logo":{"@type":"ImageObject","inLanguage":"es","@id":"https:\/\/www.marodadesign.es\/miralles\/#\/schema\/logo\/image\/","url":"https:\/\/www.marodadesign.es\/miralles\/wp-content\/uploads\/2023\/05\/Simbolo-Eleven-Valencia.jpg","contentUrl":"https:\/\/www.marodadesign.es\/miralles\/wp-content\/uploads\/2023\/05\/Simbolo-Eleven-Valencia.jpg","width":600,"height":600,"caption":"Eleven Valencia"},"image":{"@id":"https:\/\/www.marodadesign.es\/miralles\/#\/schema\/logo\/image\/"}}]}},"brands":[{"id":163,"name":"Y-3","slug":"y-3"}],"_links":{"self":[{"href":"https:\/\/www.marodadesign.es\/miralles\/wp-json\/wp\/v2\/product\/7154","targetHints":{"allow":["GET"]}}],"collection":[{"href":"https:\/\/www.marodadesign.es\/miralles\/wp-json\/wp\/v2\/product"}],"about":[{"href":"https:\/\/www.marodadesign.es\/miralles\/wp-json\/wp\/v2\/types\/product"}],"wp:featuredmedia":[{"embeddable":true,"href":"https:\/\/www.marodadesign.es\/miralles\/wp-json\/wp\/v2\/media\/7160"}],"wp:attachment":[{"href":"https:\/\/www.marodadesign.es\/miralles\/wp-json\/wp\/v2\/media?parent=7154"}],"wp:term":[{"taxonomy":"pwb-brand","embeddable":true,"href":"https:\/\/www.marodadesign.es\/miralles\/wp-json\/wp\/v2\/pwb-brand?post=7154"},{"taxonomy":"product_brand","embeddable":true,"href":"https:\/\/www.marodadesign.es\/miralles\/wp-json\/wp\/v2\/product_brand?post=7154"},{"taxonomy":"product_cat","embeddable":true,"href":"https:\/\/www.marodadesign.es\/miralles\/wp-json\/wp\/v2\/product_cat?post=7154"},{"taxonomy":"product_tag","embeddable":true,"href":"https:\/\/www.marodadesign.es\/miralles\/wp-json\/wp\/v2\/product_tag?post=7154"}],"curies":[{"name":"wp","href":"https:\/\/api.w.org\/{rel}","templated":true}]}}